{"id":735,"date":"2024-11-08T17:15:10","date_gmt":"2024-11-08T09:15:10","guid":{"rendered":"https:\/\/kdzgtruck.com\/?post_type=product&#038;p=735"},"modified":"2024-11-08T17:15:10","modified_gmt":"2024-11-08T09:15:10","slug":"low-bed-semi-trailer-truck-50ton-machine-transport-capacity","status":"publish","type":"product","link":"https:\/\/kdzgtruck.com\/ru\/product\/low-bed-semi-trailer-truck-50ton-machine-transport-capacity\/","title":{"rendered":"\u041d\u0438\u0437\u043a\u0430\u044f \u043a\u0440\u043e\u0432\u0430\u0442\u044c \u043f\u043e\u043b\u0443\u043f\u0440\u0438\u0446\u0435\u043f\u0430 \u0433\u0440\u0443\u0437\u043e\u0432\u0438\u043a 50 \u0442\u043e\u043d\u043d \u043c\u0430\u0448\u0438\u043d\u0430 \u0442\u0440\u0430\u043d\u0441\u043f\u043e\u0440\u0442\u043d\u0430\u044f \u0435\u043c\u043a\u043e\u0441\u0442\u044c"},"content":{"rendered":"<div class=\"J_module\">\n<div id=\"ali-anchor-AliMagic-5whgem\" class=\"magic-0\" data-section=\"AliMagic-5whgem\" data-section-title=\"Specification\">\u0422\u0435\u0445\u043d\u0438\u0447\u0435\u0441\u043a\u0438\u0435 \u0445\u0430\u0440\u0430\u043a\u0442\u0435\u0440\u0438\u0441\u0442\u0438\u043a\u0438<\/div>\n<\/div>\n<div class=\"J_module\">\n<div class=\"ife-detail-decorate-table\">\n<table class=\"has-title all magic-10\">\n<tbody>\n<tr>\n<td colspan=\"1\" rowspan=\"1\">\n<div class=\"magic-11\">\u041d\u0430\u0437\u0432\u0430\u043d\u0438\u0435 \u043f\u0440\u043e\u0434\u0443\u043a\u0442\u0430<\/div>\n<\/td>\n<td colspan=\"1\" rowspan=\"1\">\n<div class=\"magic-12\">\u041d\u0438\u0437\u043a\u043e\u0440\u0430\u043c\u043d\u044b\u0439 \u043f\u043e\u043b\u0443\u043f\u0440\u0438\u0446\u0435\u043f \u0434\u043b\u044f \u0433\u0440\u0443\u0437\u043e\u0432\u0438\u043a\u043e\u0432<\/div>\n<\/td>\n<\/tr>\n<tr>\n<td colspan=\"1\" rowspan=\"1\">\n<div class=\"magic-11\">\u0420\u0430\u0437\u043c\u0435\u0440<\/div>\n<\/td>\n<td colspan=\"1\" rowspan=\"1\">\n<div class=\"magic-12\">12500-16500mm*2500mm-3500mm*3300mm<\/div>\n<\/td>\n<\/tr>\n<tr>\n<td colspan=\"1\" rowspan=\"1\">\n<div class=\"magic-11\">\u0421\u043e\u0431\u0441\u0442\u0432\u0435\u043d\u043d\u044b\u0439 \u0432\u0435\u0441<\/div>\n<\/td>\n<td colspan=\"1\" rowspan=\"1\">\n<div class=\"magic-12\">\u041e\u043a\u043e\u043b\u043e 8,5T-13T<\/div>\n<\/td>\n<\/tr>\n<tr>\n<td colspan=\"1\" rowspan=\"1\">\n<div class=\"magic-11\">\u041f\u043e\u043b\u0435\u0437\u043d\u0430\u044f \u043d\u0430\u0433\u0440\u0443\u0437\u043a\u0430<\/div>\n<\/td>\n<td colspan=\"1\" rowspan=\"1\">\n<div class=\"magic-12\">40T-100T<\/div>\n<\/td>\n<\/tr>\n<tr>\n<td colspan=\"1\" rowspan=\"1\">\n<div class=\"magic-11\">\u041e\u0441\u044c<\/div>\n<\/td>\n<td colspan=\"1\" rowspan=\"1\">\n<div class=\"magic-12\">13T\/16T\/20T, \u0411\u0440\u0435\u043d\u0434 FUWA\/BPW\/YUETONG<\/div>\n<\/td>\n<\/tr>\n<tr>\n<td colspan=\"1\" rowspan=\"1\">\n<div class=\"magic-11\">\u0428\u0438\u043d\u0430<\/div>\n<\/td>\n<td colspan=\"1\" rowspan=\"1\">\n<div class=\"magic-12\">12.00R22.5\/315 80R22.5\/11.00R20\/12.00R20 \u041c\u0430\u0440\u043a\u0430 \u043c\u043e\u0436\u0435\u0442 \u0431\u044b\u0442\u044c \u0434\u043e\u043f\u043e\u043b\u043d\u0438\u0442\u0435\u043b\u044c\u043d\u043e\u0439<\/div>\n<\/td>\n<\/tr>\n<\/tbody>\n<\/table>\n<\/div>\n<\/div>\n<div class=\"J_module\">\n<div id=\"ali-anchor-AliMagic-tbksmn\" class=\"magic-0\" data-section=\"AliMagic-tbksmn\" data-section-title=\"Packing &amp; Delivery\">\u0423\u043f\u0430\u043a\u043e\u0432\u043a\u0430 \u0438 \u0434\u043e\u0441\u0442\u0430\u0432\u043a\u0430<\/div>\n<\/div>\n<div class=\"J_module\">\n<div class=\"icbu-pc-images magic-13\">\n<div>\n<div class=\"flex-layout-v\">\n<div class=\"flex-layout-h magic-13\">\n<div class=\"magic-14\"><img decoding=\"async\" class=\"magic-15\" src=\"https:\/\/sc04.alicdn.com\/kf\/HTB1NC0oOVXXXXXxaXXXq6xXFXXXE\/205957178\/HTB1NC0oOVXXXXXxaXXXq6xXFXXXE.jpg\" data-src=\"\/\/sc04.alicdn.com\/kf\/HTB1NC0oOVXXXXXxaXXXq6xXFXXXE\/205957178\/HTB1NC0oOVXXXXXxaXXXq6xXFXXXE.jpg\" \/><\/div>\n<div class=\"magic-16\"><img decoding=\"async\" class=\"magic-17\" src=\"https:\/\/sc04.alicdn.com\/kf\/HTB1JTTxNVXXXXbraXXXq6xXFXXXD\/205957178\/HTB1JTTxNVXXXXbraXXXq6xXFXXXD.jpg\" data-src=\"\/\/sc04.alicdn.com\/kf\/HTB1JTTxNVXXXXbraXXXq6xXFXXXD\/205957178\/HTB1JTTxNVXXXXbraXXXq6xXFXXXD.jpg\" \/><\/div>\n<\/div>\n<\/div>\n<\/div>\n<\/div>\n<\/div>\n<div class=\"J_module\">\n<div id=\"ali-anchor-AliMagic-7mks0b\" class=\"magic-0\" data-section=\"AliMagic-7mks0b\" data-section-title=\"Company Profile\">\u041f\u0440\u043e\u0444\u0438\u043b\u044c \u043a\u043e\u043c\u043f\u0430\u043d\u0438\u0438<\/div>\n<div data-section=\"AliMagic-7mks0b\" data-section-title=\"Company Profile\">\n<div class=\"J_module\">\n<div class=\"detail-decorate-json-renderer-container\">\n<div class=\"magic-19\">\n<div class=\"magic-20\">\n<div class=\"magic-21\">\n<div class=\"magic-22\" data-spm-anchor-id=\"a2700.details.0.i45.2a9278f4FhHjLC\"><span data-spm-anchor-id=\"a2700.details.0.i46.2a9278f4FhHjLC\">\u041a\u043e\u043c\u043f\u0430\u043d\u0438\u044f Jinan Kunda Automobile Sales Co., Ltd. \u0431\u044b\u043b\u0430 \u043e\u0441\u043d\u043e\u0432\u0430\u043d\u0430 \u0432 2010 \u0433\u043e\u0434\u0443 \u0438 \u0440\u0430\u0441\u043f\u043e\u043b\u043e\u0436\u0435\u043d\u0430 \u0432 \u041a\u0438\u0442\u0430\u0439\u0441\u043a\u043e\u0439 \u043d\u0430\u0446\u0438\u043e\u043d\u0430\u043b\u044c\u043d\u043e\u0439 \u0437\u043e\u043d\u0435 \u043e\u0442\u043f\u0440\u0430\u0432\u043b\u0435\u043d\u0438\u044f \u0442\u044f\u0436\u0435\u043b\u044b\u0445 \u0433\u0440\u0443\u0437\u043e\u0432\u0438\u043a\u043e\u0432, \u0440\u0430\u0439\u043e\u043d \u0428\u0438\u0447\u0436\u0443\u043d, \u0433\u043e\u0440\u043e\u0434 \u0426\u0437\u0438\u043d\u0430\u043d\u044c, \u043f\u0440\u043e\u0432\u0438\u043d\u0446\u0438\u044f \u0428\u0430\u043d\u044c\u0434\u0443\u043d, \u0441\u043f\u0435\u0446\u0438\u0430\u043b\u0438\u0437\u0438\u0440\u0443\u044f\u0441\u044c \u043d\u0430 \u043f\u0440\u043e\u0434\u0430\u0436\u0435 \u043b\u0435\u0433\u043a\u0438\u0445 \u0438 \u0442\u044f\u0436\u0435\u043b\u044b\u0445 \u0433\u0440\u0443\u0437\u043e\u0432\u0438\u043a\u043e\u0432 \u0438 \u0430\u043a\u0441\u0435\u0441\u0441\u0443\u0430\u0440\u043e\u0432. \u041e\u0441\u043d\u043e\u0432\u043d\u043e\u0439 \u043f\u0440\u043e\u0434\u0443\u043a\u0446\u0438\u0435\u0439 \u043a\u043e\u043c\u043f\u0430\u043d\u0438\u0438 \u044f\u0432\u043b\u044f\u044e\u0442\u0441\u044f \u043d\u043e\u0432\u044b\u0435 HOWO \u043f\u0440\u043e\u0438\u0437\u0432\u043e\u0434\u0441\u0442\u0432\u0430 Sinotruk \u0438 SHCMAN \u043c\u0430\u0440\u043a\u0438 6\u00d74, 4\u00d72 \u043a\u043e\u0440\u043e\u0442\u043a\u0438\u0435, \u0441\u0440\u0435\u0434\u043d\u0438\u0435 \u0438 \u0434\u0430\u043b\u044c\u043d\u0438\u0435 \u0442\u044f\u0433\u0430\u0447\u0438, 4\u00d72, 6\u00d74, 8\u00d74 \u0441\u0430\u043c\u043e\u0441\u0432\u0430\u043b\u044b, 4\u00d72, 6\u00d74, 8\u00d74, \u0433\u0440\u0443\u0437\u043e\u0432\u044b\u0435 \u0446\u0438\u0440\u043a\u0443\u043b\u044f\u0446\u0438\u043e\u043d\u043d\u044b\u0435 \u0442\u0440\u0430\u043d\u0441\u043f\u043e\u0440\u0442\u043d\u044b\u0435 \u0433\u0440\u0443\u0437\u043e\u0432\u0438\u043a\u0438, 10 \u043a\u0432\u0430\u0434\u0440\u0430\u0442\u043d\u044b\u0445, 20, 25 \u043a\u0432\u0430\u0434\u0440\u0430\u0442\u043d\u044b\u0445 \u043f\u043e\u043b\u0438\u0432\u043e\u0447\u043d\u044b\u0445 \u043c\u0430\u0448\u0438\u043d, \u0442\u043e\u043f\u043b\u0438\u0432\u043d\u044b\u0435 \u0433\u0440\u0443\u0437\u043e\u0432\u0438\u043a\u0438, 6\u00d74 8\u00d74 \u0431\u0435\u0442\u043e\u043d\u043e\u043c\u0435\u0448\u0430\u043b\u043a\u0438, \u0430 \u0442\u0430\u043a\u0436\u0435 \u043c\u043e\u0436\u0435\u0442 \u043f\u0440\u0435\u0434\u043e\u0441\u0442\u0430\u0432\u0438\u0442\u044c \u0432\u044b\u0441\u043e\u043a\u043e\u043a\u0430\u0447\u0435\u0441\u0442\u0432\u0435\u043d\u043d\u044b\u0435 \u0448\u0430\u0441\u0441\u0438 \u0434\u043b\u044f \u0431\u0443\u0440\u043e\u0432\u044b\u0445 \u043c\u0430\u0448\u0438\u043d, \u043f\u043e\u0436\u0430\u0440\u043d\u044b\u0445 \u043c\u0430\u0448\u0438\u043d \u0438 \u0434\u0440\u0443\u0433\u0438\u0445 \u0441\u043f\u0435\u0446\u0438\u0430\u043b\u044c\u043d\u044b\u0445 \u0442\u0440\u0430\u043d\u0441\u043f\u043e\u0440\u0442\u043d\u044b\u0445 \u0441\u0440\u0435\u0434\u0441\u0442\u0432. \u0415\u0441\u0442\u044c \u043c\u043d\u043e\u0433\u043e \u043a\u043b\u0438\u0435\u043d\u0442\u043e\u0432 \u0441\u043e\u0442\u0440\u0443\u0434\u043d\u0438\u0447\u0435\u0441\u0442\u0432\u0430 \u0432 \u0410\u0444\u0440\u0438\u043a\u0435, \u0426\u0435\u043d\u0442\u0440\u0430\u043b\u044c\u043d\u043e\u0439 \u0410\u0437\u0438\u0438, \u042e\u0433\u043e-\u0412\u043e\u0441\u0442\u043e\u0447\u043d\u043e\u0439 \u0410\u0437\u0438\u0438 \u0438 \u042e\u0436\u043d\u043e\u0439 \u0410\u043c\u0435\u0440\u0438\u043a\u0435. \u041f\u0440\u0438\u0433\u043b\u0430\u0448\u0430\u0435\u043c \u0434\u0440\u0443\u0437\u0435\u0439 \u0441\u0432\u044f\u0437\u0430\u0442\u044c\u0441\u044f \u0441 \u043d\u0430\u043c\u0438 \u0434\u043b\u044f \u0432\u0437\u0430\u0438\u043c\u043e\u0432\u044b\u0433\u043e\u0434\u043d\u043e\u0433\u043e \u0441\u043e\u0442\u0440\u0443\u0434\u043d\u0438\u0447\u0435\u0441\u0442\u0432\u0430.<\/span><\/div>\n<\/div>\n<\/div>\n<\/div>\n<\/div>\n<\/div>\n<div class=\"J_module\">\n<div id=\"ali-anchor-AliMagic-s9u1l6\" class=\"magic-0\" data-section=\"AliMagic-s9u1l6\" data-section-title=\"Customer Photos\">\u0424\u043e\u0442\u043e\u0433\u0440\u0430\u0444\u0438\u0438 \u043a\u043b\u0438\u0435\u043d\u0442\u043e\u0432<\/div>\n<\/div>\n<div class=\"J_module\">\n<div class=\"icbu-pc-images magic-13\">\n<div>\n<div class=\"flex-layout-v\">\n<div class=\"flex-layout-h magic-13\">\n<div class=\"magic-23\"><img decoding=\"async\" class=\"magic-24\" src=\"https:\/\/sc04.alicdn.com\/kf\/Hf8000e59b77b49bc994ea41e6b9405a4m\/205957178\/Hf8000e59b77b49bc994ea41e6b9405a4m.jpg\" data-src=\"\/\/sc04.alicdn.com\/kf\/Hf8000e59b77b49bc994ea41e6b9405a4m\/205957178\/Hf8000e59b77b49bc994ea41e6b9405a4m.jpg\" \/><\/div>\n<\/div>\n<\/div>\n<\/div>\n<\/div>\n<\/div>\n<div class=\"J_module\">\n<div id=\"ali-anchor-AliMagic-wwp9rc\" class=\"magic-0\" data-section=\"AliMagic-wwp9rc\" data-section-title=\"FAQ\">\u0427\u0410\u0421\u0422\u041e \u0417\u0410\u0414\u0410\u0412\u0410\u0415\u041c\u042b\u0415 \u0412\u041e\u041f\u0420\u041e\u0421\u042b<\/div>\n<\/div>\n<div class=\"J_module\">\n<div class=\"detail-decorate-json-renderer-container\">\n<div class=\"magic-19\">\n<div class=\"magic-20\">\n<div class=\"magic-21\">\n<div class=\"magic-22\">\u0412:\u041a\u0430\u043a\u043e\u0439 \u0432\u0438\u0434 \u0442\u0440\u0430\u043d\u0441\u043f\u043e\u0440\u0442\u0430?<\/p>\n<div>A\uff1aBulk.<\/p>\n<p>Q:Can it be shipped by container?<br \/>\nA: Sure.But we need to take apart the truck.You should reinstall it in your country.<\/p>\n<p>Q:How about your product quality?<br \/>\nA: All our spare parts are sourced from the original manufacturers with original part numbers and anti-fake labels. Our suppliers have passed the TS16949 qualification certification, ensuring 100% guaranteed quality.<\/p>\n<p>Q:What can you buy from us?<br \/>\nA:Truck, Howo Truck, Dump Truck, Tractor Truck, Concrete Mixer Truck, Cargo Truck, Semi Trailer, Flat Bed Trailer, Water Tank Truck,Oil Tank Truck, Crane Truck, Wheel loader, Truck, Howo Truck, Dump Truck, Cargo Truck, Semi Trailer, Flat Bed Trailer, Water Tank Truck, Oil Tank Truck, Crane Truck and ect.<\/p>\n<p>Q:Why should you buy from us not from other suppliers?<br \/>\nA:Jinan Kunda Heavy Truck Sales Co., Ltd. is located in Jinan and is specialized in manufacturing heavy trucks. With an<br \/>\nexperienced and professional team, we have exported our products to many countries and regions all over the world.<\/p>\n<p>Q:What services can we provide?<br \/>\nA:Accepted Delivery Terms: FOB,CFR,CIF,EXW,FAS,CIP,DDP,DAF;<br \/>\n\u041f\u0440\u0438\u043d\u0438\u043c\u0430\u0435\u043c\u0430\u044f \u0432\u0430\u043b\u044e\u0442\u0430 \u043e\u043f\u043b\u0430\u0442\u044b: USD, EUR, HKD, CNY;<br \/>\n\u041f\u0440\u0438\u043d\u044f\u0442\u044b\u0439 \u0442\u0438\u043f \u043e\u043f\u043b\u0430\u0442\u044b: T\/T, L\/C, D\/P D\/A, MoneyGram, \u043a\u0440\u0435\u0434\u0438\u0442\u043d\u0430\u044f \u043a\u0430\u0440\u0442\u0430, Western Union, \u043d\u0430\u043b\u0438\u0447\u043d\u044b\u0435;<br \/>\n\u042f\u0437\u044b\u043a \u043e\u0431\u0449\u0435\u043d\u0438\u044f: \u0430\u043d\u0433\u043b\u0438\u0439\u0441\u043a\u0438\u0439, \u043a\u0438\u0442\u0430\u0439\u0441\u043a\u0438\u0439, \u0438\u0441\u043f\u0430\u043d\u0441\u043a\u0438\u0439, \u043f\u043e\u0440\u0442\u0443\u0433\u0430\u043b\u044c\u0441\u043a\u0438\u0439, \u0430\u0440\u0430\u0431\u0441\u043a\u0438\u0439, \u0444\u0440\u0430\u043d\u0446\u0443\u0437\u0441\u043a\u0438\u0439, \u0440\u0443\u0441\u0441\u043a\u0438\u0439<\/p><\/div>\n<\/div>\n<\/div>\n<\/div>\n<\/div>\n<\/div>\n<\/div>\n<\/div>\n<\/div>","protected":false},"excerpt":{"rendered":"<p>\u0421\u043f\u0435\u0446\u0438\u0444\u0438\u043a\u0430\u0446\u0438\u044f \u041d\u0430\u0437\u0432\u0430\u043d\u0438\u0435 \u043f\u0440\u043e\u0434\u0443\u043a\u0442\u0430 \u041d\u0438\u0437\u043a\u043e\u0440\u0430\u043c\u043d\u044b\u0439 \u043f\u043e\u043b\u0443\u043f\u0440\u0438\u0446\u0435\u043f \u0420\u0430\u0437\u043c\u0435\u0440 12500-16500\u043c\u043c*2500\u043c\u043c-3500\u043c\u043c*3300\u043c\u043c \u0421\u043e\u0431\u0441\u0442\u0432\u0435\u043d\u043d\u044b\u0439 \u0432\u0435\u0441 \u041e\u043a\u043e\u043b\u043e 8.5T-13T \u0413\u0440\u0443\u0437\u043e\u043f\u043e\u0434\u044a\u0435\u043c\u043d\u043e\u0441\u0442\u044c 40T-100T \u041e\u0441\u0438 13T\/16T\/20T, FUWA\/BPW\/YUETONG \u041c\u0430\u0440\u043a\u0430 \u0428\u0438\u043d\u044b 12.00R22.5\/315 80R22.5\/11.00R20\/12.00R20 \u041c\u0430\u0440\u043a\u0430 \u043c\u043e\u0436\u0435\u0442 \u0431\u044b\u0442\u044c \u043e\u043f\u0446\u0438\u043e\u043d\u0430\u043b\u044c\u043d\u043e \u0423\u043f\u0430\u043a\u043e\u0432\u043a\u0430 \u0438 \u0434\u043e\u0441\u0442\u0430\u0432\u043a\u0430 \u041f\u0440\u043e\u0444\u0438\u043b\u044c \u043a\u043e\u043c\u043f\u0430\u043d\u0438\u0438 \u0426\u0437\u0438\u043d\u0430\u043d\u044c Kunda Automobile Sales Co, Ltd. \u0431\u044b\u043b\u0430 \u043e\u0441\u043d\u043e\u0432\u0430\u043d\u0430 \u0432 2010 \u0433\u043e\u0434\u0443 \u0438 \u0440\u0430\u0441\u043f\u043e\u043b\u043e\u0436\u0435\u043d\u0430 \u0432 \u041a\u0438\u0442\u0430\u0439\u0441\u043a\u043e\u0439 \u043d\u0430\u0446\u0438\u043e\u043d\u0430\u043b\u044c\u043d\u043e\u0439 \u0437\u043e\u043d\u0435 \u043e\u0442\u043f\u0440\u0430\u0432\u043b\u0435\u043d\u0438\u044f \u0442\u044f\u0436\u0435\u043b\u044b\u0445 \u0433\u0440\u0443\u0437\u043e\u0432\u0438\u043a\u043e\u0432, \u0440\u0430\u0439\u043e\u043d \u0428\u0438\u0447\u0436\u0443\u043d,...<\/p>","protected":false},"featured_media":736,"comment_status":"open","ping_status":"closed","template":"","meta":{"_seopress_robots_primary_cat":"","_seopress_titles_title":"","_seopress_titles_desc":"","_seopress_robots_index":"","_kad_post_transparent":"default","_kad_post_title":"","_kad_post_layout":"default","_kad_post_sidebar_id":"","_kad_post_content_style":"default","_kad_post_vertical_padding":"default","_kad_post_feature":"","_kad_post_feature_position":"","_kad_post_header":false,"_kad_post_footer":false,"_kad_post_classname":""},"product_brand":[],"product_cat":[32],"product_tag":[],"class_list":{"0":"post-735","1":"product","2":"type-product","3":"status-publish","4":"has-post-thumbnail","6":"product_cat-lowbed-trailer","8":"first","9":"instock","10":"shipping-taxable","11":"product-type-simple","12":"entry","13":"content-bg","14":"loop-entry"},"_links":{"self":[{"href":"https:\/\/kdzgtruck.com\/ru\/wp-json\/wp\/v2\/product\/735","targetHints":{"allow":["GET"]}}],"collection":[{"href":"https:\/\/kdzgtruck.com\/ru\/wp-json\/wp\/v2\/product"}],"about":[{"href":"https:\/\/kdzgtruck.com\/ru\/wp-json\/wp\/v2\/types\/product"}],"replies":[{"embeddable":true,"href":"https:\/\/kdzgtruck.com\/ru\/wp-json\/wp\/v2\/comments?post=735"}],"wp:featuredmedia":[{"embeddable":true,"href":"https:\/\/kdzgtruck.com\/ru\/wp-json\/wp\/v2\/media\/736"}],"wp:attachment":[{"href":"https:\/\/kdzgtruck.com\/ru\/wp-json\/wp\/v2\/media?parent=735"}],"wp:term":[{"taxonomy":"product_brand","embeddable":true,"href":"https:\/\/kdzgtruck.com\/ru\/wp-json\/wp\/v2\/product_brand?post=735"},{"taxonomy":"product_cat","embeddable":true,"href":"https:\/\/kdzgtruck.com\/ru\/wp-json\/wp\/v2\/product_cat?post=735"},{"taxonomy":"product_tag","embeddable":true,"href":"https:\/\/kdzgtruck.com\/ru\/wp-json\/wp\/v2\/product_tag?post=735"}],"curies":[{"name":"wp","href":"https:\/\/api.w.org\/{rel}","templated":true}]}}