{"id":951,"date":"2024-11-09T17:44:22","date_gmt":"2024-11-09T09:44:22","guid":{"rendered":"https:\/\/kdzgtruck.com\/?post_type=product&#038;p=951"},"modified":"2024-11-09T17:44:22","modified_gmt":"2024-11-09T09:44:22","slug":"371hp-20-ton-howo-cargo-truck-6x4-ethiopia-prices","status":"publish","type":"product","link":"https:\/\/kdzgtruck.com\/fr\/produit\/371hp-20-ton-howo-cargo-truck-6x4-ethiopia-prices\/","title":{"rendered":"371hp 20 tonnes Howo cargo truck 6\u00d74 Ethiopia prices"},"content":{"rendered":"<table class=\"has-title all magic-1\">\n<tbody>\n<tr>\n<td colspan=\"3\" rowspan=\"1\">\n<div class=\"magic-2\">\n<div class=\"magic-3\" data-spm-anchor-id=\"a2700.details.0.i72.3982655ajWlEYO\"><b data-spm-anchor-id=\"a2700.pc-decorate.0.i89.dd5c3333vBO9yM\">SPECIFICATIONS\u00a0 FOR 25 TON HOWO CARGO TRUCK<\/b><\/div>\n<\/div>\n<\/td>\n<\/tr>\n<tr>\n<td colspan=\"1\" rowspan=\"1\">\n<div class=\"magic-7\">Engine model<\/div>\n<\/td>\n<td colspan=\"1\" rowspan=\"1\">\n<div class=\"magic-5\">WD615.87\/69\/62\/47<\/div>\n<\/td>\n<td colspan=\"1\" rowspan=\"1\">\n<div class=\"magic-8\">266&#8211;371HP<\/div>\n<\/td>\n<\/tr>\n<tr>\n<td colspan=\"1\" rowspan=\"1\">\n<div class=\"magic-7\">Cabine<\/div>\n<\/td>\n<td colspan=\"1\" rowspan=\"1\">\n<div class=\"magic-5\">HW76\/79 NEW FACE<\/div>\n<\/td>\n<td colspan=\"1\" rowspan=\"1\">\n<div class=\"magic-8\"><\/div>\n<\/td>\n<\/tr>\n<tr>\n<td colspan=\"1\" rowspan=\"1\">\n<div class=\"magic-7\">Gear box<\/div>\n<\/td>\n<td colspan=\"1\" rowspan=\"1\">\n<div class=\"magic-5\">HW13710<\/div>\n<\/td>\n<td colspan=\"1\" rowspan=\"1\">\n<div class=\"magic-8\"><\/div>\n<\/td>\n<\/tr>\n<tr>\n<td colspan=\"1\" rowspan=\"1\">\n<div class=\"magic-7\">Essieu avant<\/div>\n<\/td>\n<td colspan=\"1\" rowspan=\"1\">\n<div class=\"magic-5\">HF7<\/div>\n<\/td>\n<td colspan=\"1\" rowspan=\"1\">\n<div class=\"magic-8\" data-spm-anchor-id=\"a2700.details.0.i73.3982655ajWlEYO\">7 tons<\/div>\n<\/td>\n<\/tr>\n<tr>\n<td colspan=\"1\" rowspan=\"1\">\n<div class=\"magic-7\">Essieu arri\u00e8re<\/div>\n<\/td>\n<td colspan=\"1\" rowspan=\"1\">\n<div class=\"magic-5\">ST16\/HC16<\/div>\n<\/td>\n<td colspan=\"1\" rowspan=\"1\">\n<div class=\"magic-8\">16 tons<\/div>\n<\/td>\n<\/tr>\n<tr>\n<td colspan=\"1\" rowspan=\"1\">\n<div class=\"magic-7\">Direction<\/div>\n<\/td>\n<td colspan=\"1\" rowspan=\"1\">\n<div class=\"magic-5\">ZF8118<\/div>\n<\/td>\n<td colspan=\"1\" rowspan=\"1\">\n<div class=\"magic-8\"><\/div>\n<\/td>\n<\/tr>\n<tr>\n<td colspan=\"1\" rowspan=\"1\">\n<div class=\"magic-7\">Cargo body<\/div>\n<\/td>\n<td colspan=\"1\" rowspan=\"1\">\n<div class=\"magic-5\">5800&#8211;9600mm<\/div>\n<\/td>\n<td colspan=\"1\" rowspan=\"1\">\n<div class=\"magic-8\"><\/div>\n<\/td>\n<\/tr>\n<tr>\n<td colspan=\"1\" rowspan=\"1\">\n<div class=\"magic-7\"><\/div>\n<\/td>\n<td colspan=\"1\" rowspan=\"1\">\n<div class=\"magic-5\"><\/div>\n<\/td>\n<td colspan=\"1\" rowspan=\"1\">\n<div class=\"magic-8\"><\/div>\n<\/td>\n<\/tr>\n<\/tbody>\n<\/table>\n<p><img alt=\"\" fetchpriority=\"high\" decoding=\"async\" class=\"alignnone size-full wp-image-952\" src=\"https:\/\/kdzgtruck.com\/wp-content\/uploads\/2024\/11\/11-22.jpg\" width=\"986\" height=\"753\" srcset=\"https:\/\/kdzgtruck.com\/wp-content\/uploads\/2024\/11\/11-22.jpg 986w, https:\/\/kdzgtruck.com\/wp-content\/uploads\/2024\/11\/11-22-300x229.jpg 300w, https:\/\/kdzgtruck.com\/wp-content\/uploads\/2024\/11\/11-22-768x587.jpg 768w, https:\/\/kdzgtruck.com\/wp-content\/uploads\/2024\/11\/11-22-16x12.jpg 16w, https:\/\/kdzgtruck.com\/wp-content\/uploads\/2024\/11\/11-22-800x611.jpg 800w\" sizes=\"(max-width: 986px) 100vw, 986px\" \/> <img alt=\"\" decoding=\"async\" class=\"alignnone size-full wp-image-953\" src=\"https:\/\/kdzgtruck.com\/wp-content\/uploads\/2024\/11\/12-17.jpg\" width=\"1378\" height=\"732\" srcset=\"https:\/\/kdzgtruck.com\/wp-content\/uploads\/2024\/11\/12-17.jpg 1378w, https:\/\/kdzgtruck.com\/wp-content\/uploads\/2024\/11\/12-17-300x159.jpg 300w, https:\/\/kdzgtruck.com\/wp-content\/uploads\/2024\/11\/12-17-1024x544.jpg 1024w, https:\/\/kdzgtruck.com\/wp-content\/uploads\/2024\/11\/12-17-768x408.jpg 768w, https:\/\/kdzgtruck.com\/wp-content\/uploads\/2024\/11\/12-17-18x10.jpg 18w, https:\/\/kdzgtruck.com\/wp-content\/uploads\/2024\/11\/12-17-800x425.jpg 800w\" sizes=\"(max-width: 1378px) 100vw, 1378px\" \/> <img alt=\"\" decoding=\"async\" class=\"alignnone size-full wp-image-954\" src=\"https:\/\/kdzgtruck.com\/wp-content\/uploads\/2024\/11\/13-12.jpg\" width=\"1204\" height=\"767\" srcset=\"https:\/\/kdzgtruck.com\/wp-content\/uploads\/2024\/11\/13-12.jpg 1204w, https:\/\/kdzgtruck.com\/wp-content\/uploads\/2024\/11\/13-12-300x191.jpg 300w, https:\/\/kdzgtruck.com\/wp-content\/uploads\/2024\/11\/13-12-1024x652.jpg 1024w, https:\/\/kdzgtruck.com\/wp-content\/uploads\/2024\/11\/13-12-768x489.jpg 768w, https:\/\/kdzgtruck.com\/wp-content\/uploads\/2024\/11\/13-12-18x12.jpg 18w, https:\/\/kdzgtruck.com\/wp-content\/uploads\/2024\/11\/13-12-800x510.jpg 800w\" sizes=\"(max-width: 1204px) 100vw, 1204px\" \/><\/p>\n<h3 class=\"magic-20\"><span style=\"color: #3f6fff;\">Main Features<\/span><\/h3>\n<div class=\"magic-21\">\n<div class=\"magic-22\">\n<div class=\"magic-23\" data-spm-anchor-id=\"a2700.details.0.i77.3982655ajWlEYO\"><span data-spm-anchor-id=\"a2700.details.0.i78.3982655ajWlEYO\">1. Beautiful appearance <\/span><\/div>\n<div class=\"magic-23\" data-spm-anchor-id=\"a2700.details.0.i77.3982655ajWlEYO\"><span data-spm-anchor-id=\"a2700.details.0.i78.3982655ajWlEYO\">2. Simple operation <\/span><\/div>\n<div class=\"magic-23\" data-spm-anchor-id=\"a2700.details.0.i77.3982655ajWlEYO\"><span data-spm-anchor-id=\"a2700.details.0.i78.3982655ajWlEYO\">3. Easy to buy parts and repair <\/span><\/div>\n<div class=\"magic-23\" data-spm-anchor-id=\"a2700.details.0.i77.3982655ajWlEYO\"><span data-spm-anchor-id=\"a2700.details.0.i78.3982655ajWlEYO\">4. Strong and durable <\/span><\/div>\n<div class=\"magic-23\" data-spm-anchor-id=\"a2700.details.0.i77.3982655ajWlEYO\"><span data-spm-anchor-id=\"a2700.details.0.i78.3982655ajWlEYO\">5. The price is cheap<\/span><\/div>\n<\/div>\n<\/div>","protected":false},"excerpt":{"rendered":"<p>SPECIFICATIONS DU CAMION CARGO HOWO DE 25 TONNES Mod\u00e8le de moteur WD615.87\/69\/62\/47 266-371HP Cabine HW76\/79 NEW FACE Bo\u00eete de vitesse HW13710 Essieu avant HF7 7 tonnes Essieu arri\u00e8re ST16\/HC16 16 tonnes Direction ZF8118 Caisse de chargement 5800-9600mm Principales caract\u00e9ristiques 1. Belle apparence 2. Fonctionnement simple 3. Facile \u00e0 acheter des pi\u00e8ces et \u00e0 r\u00e9parer 4. Solide et durable 5. Le prix...<\/p>","protected":false},"featured_media":955,"comment_status":"open","ping_status":"closed","template":"","meta":{"_seopress_robots_primary_cat":"","_seopress_titles_title":"","_seopress_titles_desc":"","_seopress_robots_index":"","_kad_post_transparent":"default","_kad_post_title":"","_kad_post_layout":"default","_kad_post_sidebar_id":"","_kad_post_content_style":"default","_kad_post_vertical_padding":"default","_kad_post_feature":"","_kad_post_feature_position":"","_kad_post_header":false,"_kad_post_footer":false,"_kad_post_classname":""},"product_brand":[],"product_cat":[36],"product_tag":[],"class_list":{"0":"post-951","1":"product","2":"type-product","3":"status-publish","4":"has-post-thumbnail","6":"product_cat-cargo-truck","8":"first","9":"instock","10":"shipping-taxable","11":"product-type-simple","12":"entry","13":"content-bg","14":"loop-entry"},"_links":{"self":[{"href":"https:\/\/kdzgtruck.com\/fr\/wp-json\/wp\/v2\/product\/951","targetHints":{"allow":["GET"]}}],"collection":[{"href":"https:\/\/kdzgtruck.com\/fr\/wp-json\/wp\/v2\/product"}],"about":[{"href":"https:\/\/kdzgtruck.com\/fr\/wp-json\/wp\/v2\/types\/product"}],"replies":[{"embeddable":true,"href":"https:\/\/kdzgtruck.com\/fr\/wp-json\/wp\/v2\/comments?post=951"}],"wp:featuredmedia":[{"embeddable":true,"href":"https:\/\/kdzgtruck.com\/fr\/wp-json\/wp\/v2\/media\/955"}],"wp:attachment":[{"href":"https:\/\/kdzgtruck.com\/fr\/wp-json\/wp\/v2\/media?parent=951"}],"wp:term":[{"taxonomy":"product_brand","embeddable":true,"href":"https:\/\/kdzgtruck.com\/fr\/wp-json\/wp\/v2\/product_brand?post=951"},{"taxonomy":"product_cat","embeddable":true,"href":"https:\/\/kdzgtruck.com\/fr\/wp-json\/wp\/v2\/product_cat?post=951"},{"taxonomy":"product_tag","embeddable":true,"href":"https:\/\/kdzgtruck.com\/fr\/wp-json\/wp\/v2\/product_tag?post=951"}],"curies":[{"name":"wp","href":"https:\/\/api.w.org\/{rel}","templated":true}]}}