{"id":876,"date":"2024-11-09T16:10:23","date_gmt":"2024-11-09T08:10:23","guid":{"rendered":"https:\/\/kdzgtruck.com\/?post_type=product&#038;p=876"},"modified":"2024-11-09T16:10:24","modified_gmt":"2024-11-09T08:10:24","slug":"sinotruk-howo-4x2-light-duty-cargo-truck-right-hand-drive","status":"publish","type":"product","link":"https:\/\/kdzgtruck.com\/fr\/produit\/sinotruk-howo-4x2-light-duty-cargo-truck-right-hand-drive\/","title":{"rendered":"SINOTRUK HOWO 4X2 LIGHT DUTY CARGO TRUCK RIGHT HAND DRIVE"},"content":{"rendered":"<p><img alt=\"\" fetchpriority=\"high\" decoding=\"async\" class=\"alignnone size-full wp-image-877\" src=\"https:\/\/kdzgtruck.com\/wp-content\/uploads\/2024\/11\/11-15.jpg\" width=\"1110\" height=\"725\" srcset=\"https:\/\/kdzgtruck.com\/wp-content\/uploads\/2024\/11\/11-15.jpg 1110w, https:\/\/kdzgtruck.com\/wp-content\/uploads\/2024\/11\/11-15-300x196.jpg 300w, https:\/\/kdzgtruck.com\/wp-content\/uploads\/2024\/11\/11-15-1024x669.jpg 1024w, https:\/\/kdzgtruck.com\/wp-content\/uploads\/2024\/11\/11-15-768x502.jpg 768w, https:\/\/kdzgtruck.com\/wp-content\/uploads\/2024\/11\/11-15-18x12.jpg 18w, https:\/\/kdzgtruck.com\/wp-content\/uploads\/2024\/11\/11-15-800x523.jpg 800w\" sizes=\"(max-width: 1110px) 100vw, 1110px\" \/> <img alt=\"\" decoding=\"async\" class=\"alignnone size-full wp-image-878\" src=\"https:\/\/kdzgtruck.com\/wp-content\/uploads\/2024\/11\/12-11.jpg\" width=\"1213\" height=\"724\" srcset=\"https:\/\/kdzgtruck.com\/wp-content\/uploads\/2024\/11\/12-11.jpg 1213w, https:\/\/kdzgtruck.com\/wp-content\/uploads\/2024\/11\/12-11-300x179.jpg 300w, https:\/\/kdzgtruck.com\/wp-content\/uploads\/2024\/11\/12-11-1024x611.jpg 1024w, https:\/\/kdzgtruck.com\/wp-content\/uploads\/2024\/11\/12-11-768x458.jpg 768w, https:\/\/kdzgtruck.com\/wp-content\/uploads\/2024\/11\/12-11-18x12.jpg 18w, https:\/\/kdzgtruck.com\/wp-content\/uploads\/2024\/11\/12-11-800x477.jpg 800w\" sizes=\"(max-width: 1213px) 100vw, 1213px\" \/><\/p>\n<table data-spm-anchor-id=\"a2700.details.0.i76.649b5a49E9erbL\">\n<tbody>\n<tr>\n<td height=\"19\">Mod\u00e8le<\/td>\n<td height=\"19\">ZZ5047XXYG3314C145<\/td>\n<td height=\"19\"><\/td>\n<td height=\"19\"><\/td>\n<\/tr>\n<tr>\n<td height=\"19\">Marque<\/td>\n<td height=\"19\">HOWO<\/td>\n<td height=\"19\">Nom<\/td>\n<td height=\"19\">VAN Cargo Truck<\/td>\n<\/tr>\n<tr>\n<td height=\"19\">Rated\u00a0quality<\/td>\n<td height=\"19\">1,560kg<\/td>\n<td height=\"19\">Total\u00a0mass<\/td>\n<td height=\"19\">5000kg<\/td>\n<\/tr>\n<tr>\n<td height=\"19\">Curb\u00a0weight<\/td>\n<td height=\"19\"><\/td>\n<td height=\"19\">Fuel<\/td>\n<td height=\"19\">diesel<\/td>\n<\/tr>\n<tr>\n<td height=\"34\">Emission\u00a0standard<\/td>\n<td height=\"34\">Euro 3<\/td>\n<td height=\"34\">Axis\u00a0number<\/td>\n<td height=\"34\">2<\/td>\n<\/tr>\n<tr>\n<td height=\"19\">Wheelbase<\/td>\n<td height=\"19\">3280<\/td>\n<td height=\"19\">Axle\u00a0load<\/td>\n<td height=\"19\">2.5\/7.5(2\u00a0axle)<\/td>\n<\/tr>\n<tr>\n<td height=\"34\">Number\u00a0of\u00a0tires<\/td>\n<td height=\"34\">6<\/td>\n<td height=\"34\">Tire\u00a0specification<\/td>\n<td height=\"34\" data-spm-anchor-id=\"a2700.details.0.i77.649b5a49E9erbL\">85.00R16LT<\/td>\n<\/tr>\n<tr>\n<td height=\"34\">Front\/Rear\u00a0hang<\/td>\n<td height=\"34\">1160\/1555<\/td>\n<td height=\"34\">Vehicle\u00a0length<\/td>\n<td height=\"34\">5995mm<\/td>\n<\/tr>\n<tr>\n<td height=\"19\">Vehicle\u00a0width<\/td>\n<td height=\"19\">2496mm<\/td>\n<td height=\"19\">Vehicle\u00a0hight<\/td>\n<td height=\"19\">3170mm<\/td>\n<\/tr>\n<tr>\n<td height=\"19\">Cargo\u00a0length<\/td>\n<td height=\"19\">3850mm<\/td>\n<td height=\"19\">Cargo\u00a0width<\/td>\n<td height=\"19\">2300mm<\/td>\n<\/tr>\n<tr>\n<td height=\"19\">Cargo\u00a0hight<\/td>\n<td height=\"19\">2050mm<\/td>\n<td height=\"19\"><\/td>\n<td height=\"19\"><\/td>\n<\/tr>\n<tr>\n<td height=\"34\">Max\u00a0speed<\/td>\n<td height=\"34\">95<\/td>\n<td height=\"34\">Rated\u00a0passenger<\/td>\n<td height=\"34\">2\/3<\/td>\n<\/tr>\n<\/tbody>\n<\/table>","protected":false},"excerpt":{"rendered":"<p>Mod\u00e8le ZZ5047XXYG3314C145 Marque HOWO Nom VAN Camion cargo Qualit\u00e9 nominale 1,560kg Masse totale 5000kg Poids \u00e0 vide Carburant diesel Norme d'\u00e9mission Euro 3 Nombre d'axes 2 Empattement 3280 Charge \u00e0 l'essieu 2.5\/7.5(2 essieux) Nombre de pneus 6 Sp\u00e9cification des pneus 85.00R16LT Suspension avant\/arri\u00e8re 1160\/1555 Longueur du v\u00e9hicule 5995mm Largeur du v\u00e9hicule 2496mm Hauteur du v\u00e9hicule 3170mm Longueur de la cargaison 3850mm Largeur de la cargaison 2300mm Hauteur de la cargaison 2050mm Vitesse max. 95 Passagers class\u00e9s 2\/3<\/p>","protected":false},"featured_media":879,"comment_status":"open","ping_status":"closed","template":"","meta":{"_seopress_robots_primary_cat":"","_seopress_titles_title":"","_seopress_titles_desc":"","_seopress_robots_index":"","_kad_post_transparent":"default","_kad_post_title":"","_kad_post_layout":"default","_kad_post_sidebar_id":"","_kad_post_content_style":"default","_kad_post_vertical_padding":"default","_kad_post_feature":"","_kad_post_feature_position":"","_kad_post_header":false,"_kad_post_footer":false,"_kad_post_classname":""},"product_brand":[],"product_cat":[37],"product_tag":[],"class_list":{"0":"post-876","1":"product","2":"type-product","3":"status-publish","4":"has-post-thumbnail","6":"product_cat-fuel-tank-truck","8":"first","9":"instock","10":"shipping-taxable","11":"product-type-simple","12":"entry","13":"content-bg","14":"loop-entry"},"_links":{"self":[{"href":"https:\/\/kdzgtruck.com\/fr\/wp-json\/wp\/v2\/product\/876","targetHints":{"allow":["GET"]}}],"collection":[{"href":"https:\/\/kdzgtruck.com\/fr\/wp-json\/wp\/v2\/product"}],"about":[{"href":"https:\/\/kdzgtruck.com\/fr\/wp-json\/wp\/v2\/types\/product"}],"replies":[{"embeddable":true,"href":"https:\/\/kdzgtruck.com\/fr\/wp-json\/wp\/v2\/comments?post=876"}],"wp:featuredmedia":[{"embeddable":true,"href":"https:\/\/kdzgtruck.com\/fr\/wp-json\/wp\/v2\/media\/879"}],"wp:attachment":[{"href":"https:\/\/kdzgtruck.com\/fr\/wp-json\/wp\/v2\/media?parent=876"}],"wp:term":[{"taxonomy":"product_brand","embeddable":true,"href":"https:\/\/kdzgtruck.com\/fr\/wp-json\/wp\/v2\/product_brand?post=876"},{"taxonomy":"product_cat","embeddable":true,"href":"https:\/\/kdzgtruck.com\/fr\/wp-json\/wp\/v2\/product_cat?post=876"},{"taxonomy":"product_tag","embeddable":true,"href":"https:\/\/kdzgtruck.com\/fr\/wp-json\/wp\/v2\/product_tag?post=876"}],"curies":[{"name":"wp","href":"https:\/\/api.w.org\/{rel}","templated":true}]}}