{"id":801,"date":"2024-11-09T12:24:22","date_gmt":"2024-11-09T04:24:22","guid":{"rendered":"https:\/\/kdzgtruck.com\/?post_type=product&#038;p=801"},"modified":"2024-11-09T12:24:22","modified_gmt":"2024-11-09T04:24:22","slug":"howo-sinotruk-low-price-truck-mounted-concrete-transit-mixer-10m3-mixing-camion","status":"publish","type":"product","link":"https:\/\/kdzgtruck.com\/fr\/produit\/howo-sinotruk-low-price-truck-mounted-concrete-transit-mixer-10m3-mixing-camion\/","title":{"rendered":"HOWO Sinotruk camion malaxeur de b\u00e9ton \u00e0 bas prix 10m3 camion m\u00e9langeur"},"content":{"rendered":"<p><span data-spm-anchor-id=\"a2700.details.0.i72.65cf4c78Qz0LDX\">camion malaxeur howo \u00e0 vendre\u00a0<\/span><\/p>\n<table class=\"aliDataTable\" border=\"1\" cellspacing=\"0\" cellpadding=\"0\">\n<tbody>\n<tr align=\"left\">\n<td colspan=\"2\" align=\"center\">\n<p align=\"center\"><span data-spm-anchor-id=\"a2700.details.0.i74.65cf4c78Qz0LDX\">camion malaxeur howo \u00e0 vendre<\/span><\/p>\n<\/td>\n<td>&nbsp;<\/td>\n<\/tr>\n<tr align=\"left\">\n<td colspan=\"2\">Mod\u00e8le de ch\u00e2ssis<\/td>\n<td align=\"center\"><strong>ZZ1257M3647C \/ T1BA<\/strong><\/td>\n<\/tr>\n<tr align=\"left\">\n<td colspan=\"2\">Vitesse de marche maximale (km\/h)<\/td>\n<td align=\"center\">90,102<\/td>\n<\/tr>\n<tr align=\"left\">\n<td colspan=\"2\">Syst\u00e8me d'entra\u00eenement<\/td>\n<td align=\"center\">6\u00d74<\/td>\n<\/tr>\n<tr align=\"left\">\n<td colspan=\"2\">Poids \u00e0 vide (kg)<\/td>\n<td align=\"center\">13060<\/td>\n<\/tr>\n<tr align=\"left\">\n<td colspan=\"2\">Masse totale (kg)<\/td>\n<td align=\"center\">25000<\/td>\n<\/tr>\n<tr align=\"left\">\n<td rowspan=\"4\">&nbsp;<\/p>\n<p>&nbsp;<\/p>\n<p>Dimensions totales (mm)<\/td>\n<td>Longueur<\/td>\n<td align=\"center\">8715<\/td>\n<\/tr>\n<tr align=\"left\">\n<td>Largeur<\/td>\n<td align=\"center\">2496<\/td>\n<\/tr>\n<tr align=\"left\">\n<td>Hauteur<\/td>\n<td align=\"center\">\u00a03850<\/td>\n<\/tr>\n<tr align=\"left\">\n<td>Capacit\u00e9 (CBM)<\/td>\n<td align=\"center\">9<\/td>\n<\/tr>\n<tr align=\"left\">\n<td colspan=\"2\">Empattement (mm)<\/td>\n<td align=\"center\">3625+1350,3600+1400<\/td>\n<\/tr>\n<tr align=\"left\">\n<td colspan=\"2\">Porte-\u00e0-faux (mm) (F\/R)<\/td>\n<td align=\"center\">1500\/2240,1500\/2215<\/td>\n<\/tr>\n<tr align=\"left\">\n<td colspan=\"2\">Largeur de la voie (mm) (F\/R)<\/td>\n<td align=\"center\"><span data-spm-anchor-id=\"a2700.details.0.i73.65cf4c78Qz0LDX\">\u00a01939 \/ 1830<\/span><\/td>\n<\/tr>\n<tr align=\"left\">\n<td colspan=\"2\">Moteur<\/td>\n<td align=\"center\"><strong>WD615\u00a0<\/strong><strong>Moteur diesel<\/strong>\u00a0Euro3<\/td>\n<\/tr>\n<tr align=\"left\">\n<td colspan=\"2\">Puissance nominale<\/td>\n<td align=\"center\">300 ch<\/td>\n<\/tr>\n<tr align=\"left\">\n<td colspan=\"2\">Bo\u00eete de vitesses<\/td>\n<td align=\"center\">HW15710<\/td>\n<\/tr>\n<tr align=\"left\">\n<td colspan=\"2\">Direction<\/td>\n<td align=\"center\">ZF 8089<\/td>\n<\/tr>\n<tr align=\"left\">\n<td colspan=\"2\">Cabine<\/td>\n<td align=\"center\">Cabine HOWO avec climatisation et couchette simple<\/td>\n<\/tr>\n<tr align=\"left\">\n<td colspan=\"2\">Essieu<\/td>\n<td align=\"center\">7000\/18000 (double essieu en co-charge)<\/td>\n<\/tr>\n<tr align=\"left\">\n<td colspan=\"2\">Pneu (PNEU RADIAL)<\/td>\n<td align=\"center\">11.00-20,11.00R20, 12.00-20,12.00R20<\/td>\n<\/tr>\n<\/tbody>\n<\/table>\n<figure id=\"attachment_812\" aria-describedby=\"caption-attachment-812\" style=\"width: 2560px\" class=\"wp-caption alignnone\"><img alt=\"\" fetchpriority=\"high\" decoding=\"async\" class=\"size-full wp-image-812\" src=\"https:\/\/kdzgtruck.com\/wp-content\/uploads\/2024\/11\/12-6-scaled.jpg\" width=\"2560\" height=\"1920\" srcset=\"https:\/\/kdzgtruck.com\/wp-content\/uploads\/2024\/11\/12-6-scaled.jpg 2560w, https:\/\/kdzgtruck.com\/wp-content\/uploads\/2024\/11\/12-6-300x225.jpg 300w, https:\/\/kdzgtruck.com\/wp-content\/uploads\/2024\/11\/12-6-1024x768.jpg 1024w, https:\/\/kdzgtruck.com\/wp-content\/uploads\/2024\/11\/12-6-768x576.jpg 768w, https:\/\/kdzgtruck.com\/wp-content\/uploads\/2024\/11\/12-6-1536x1152.jpg 1536w, https:\/\/kdzgtruck.com\/wp-content\/uploads\/2024\/11\/12-6-2048x1536.jpg 2048w, https:\/\/kdzgtruck.com\/wp-content\/uploads\/2024\/11\/12-6-16x12.jpg 16w, https:\/\/kdzgtruck.com\/wp-content\/uploads\/2024\/11\/12-6-800x600.jpg 800w\" sizes=\"(max-width: 2560px) 100vw, 2560px\" \/><figcaption id=\"caption-attachment-812\" class=\"wp-caption-text\">dav<\/figcaption><\/figure>\n<p>&nbsp;<\/p>","protected":false},"excerpt":{"rendered":"<p>camion malaxeur howo \u00e0 vendre camion malaxeur howo \u00e0 vendre Mod\u00e8le de ch\u00e2ssis ZZ1257M3647C \/ T1BA Vitesse de marche maximale (km\/h) 90,102 Syst\u00e8me d'entra\u00eenement 6\u00d74 Poids en ordre de marche (kg) 13060 Masse totale (kg) 25000 Dimensions hors tout (mm) Longueur 8715 Largeur 2496 Hauteur 3850 Capacit\u00e9 (CBM) 9 Empattement (mm) 3625+1350,3600+1400 Porte-\u00e0-faux (mm) (F\/R) 1500\/2240,1500\/2215 Largeur de voie (mm) (F\/R)....<\/p>","protected":false},"featured_media":802,"comment_status":"open","ping_status":"closed","template":"","meta":{"_seopress_robots_primary_cat":"","_seopress_titles_title":"","_seopress_titles_desc":"","_seopress_robots_index":"","_kad_post_transparent":"default","_kad_post_title":"","_kad_post_layout":"default","_kad_post_sidebar_id":"","_kad_post_content_style":"default","_kad_post_vertical_padding":"default","_kad_post_feature":"","_kad_post_feature_position":"","_kad_post_header":false,"_kad_post_footer":false,"_kad_post_classname":""},"product_brand":[],"product_cat":[39],"product_tag":[],"class_list":{"0":"post-801","1":"product","2":"type-product","3":"status-publish","4":"has-post-thumbnail","6":"product_cat-conerete-mixer-truck","8":"first","9":"instock","10":"shipping-taxable","11":"product-type-simple","12":"entry","13":"content-bg","14":"loop-entry"},"_links":{"self":[{"href":"https:\/\/kdzgtruck.com\/fr\/wp-json\/wp\/v2\/product\/801","targetHints":{"allow":["GET"]}}],"collection":[{"href":"https:\/\/kdzgtruck.com\/fr\/wp-json\/wp\/v2\/product"}],"about":[{"href":"https:\/\/kdzgtruck.com\/fr\/wp-json\/wp\/v2\/types\/product"}],"replies":[{"embeddable":true,"href":"https:\/\/kdzgtruck.com\/fr\/wp-json\/wp\/v2\/comments?post=801"}],"wp:featuredmedia":[{"embeddable":true,"href":"https:\/\/kdzgtruck.com\/fr\/wp-json\/wp\/v2\/media\/802"}],"wp:attachment":[{"href":"https:\/\/kdzgtruck.com\/fr\/wp-json\/wp\/v2\/media?parent=801"}],"wp:term":[{"taxonomy":"product_brand","embeddable":true,"href":"https:\/\/kdzgtruck.com\/fr\/wp-json\/wp\/v2\/product_brand?post=801"},{"taxonomy":"product_cat","embeddable":true,"href":"https:\/\/kdzgtruck.com\/fr\/wp-json\/wp\/v2\/product_cat?post=801"},{"taxonomy":"product_tag","embeddable":true,"href":"https:\/\/kdzgtruck.com\/fr\/wp-json\/wp\/v2\/product_tag?post=801"}],"curies":[{"name":"wp","href":"https:\/\/api.w.org\/{rel}","templated":true}]}}