{"id":785,"date":"2024-11-08T20:10:19","date_gmt":"2024-11-08T12:10:19","guid":{"rendered":"https:\/\/kdzgtruck.com\/?post_type=product&#038;p=785"},"modified":"2024-11-08T20:10:19","modified_gmt":"2024-11-08T12:10:19","slug":"sinotruk-400hp-430hp-howo-6x4-tractor-head-truck-for-sale","status":"publish","type":"product","link":"https:\/\/kdzgtruck.com\/fr\/produit\/sinotruk-400hp-430hp-howo-6x4-tractor-head-truck-for-sale\/","title":{"rendered":"Sinotruk 400hp\/430hp Howo 6\u00d74 tractor head truck \u00e0 vendre"},"content":{"rendered":"<div class=\"J_module\">\n<div class=\"ife-detail-decorate-table\">\n<table class=\"has-title all magic-6\">\n<tbody>\n<tr>\n<td colspan=\"1\" rowspan=\"1\">\n<div class=\"magic-7\">article<\/div>\n<\/td>\n<td colspan=\"1\" rowspan=\"1\">\n<div class=\"magic-8\">valeur<\/div>\n<\/td>\n<\/tr>\n<tr>\n<td colspan=\"1\" rowspan=\"1\">\n<div class=\"magic-7\">Condition<\/div>\n<\/td>\n<td colspan=\"1\" rowspan=\"1\">\n<div class=\"magic-8\">Nouveau<\/div>\n<\/td>\n<\/tr>\n<tr>\n<td colspan=\"1\" rowspan=\"1\">\n<div class=\"magic-7\">Direction<\/div>\n<\/td>\n<td colspan=\"1\" rowspan=\"1\">\n<div class=\"magic-8\">Gauche<\/div>\n<\/td>\n<\/tr>\n<tr>\n<td colspan=\"1\" rowspan=\"1\">\n<div class=\"magic-7\">Puissance<\/div>\n<\/td>\n<td colspan=\"1\" rowspan=\"1\">\n<div class=\"magic-8\">400-430hp<\/div>\n<\/td>\n<\/tr>\n<tr>\n<td colspan=\"1\" rowspan=\"1\">\n<div class=\"magic-7\">Norme d'\u00e9mission<\/div>\n<\/td>\n<td colspan=\"1\" rowspan=\"1\">\n<div class=\"magic-8\">EURO 2<\/div>\n<\/td>\n<\/tr>\n<tr>\n<td colspan=\"1\" rowspan=\"1\">\n<div class=\"magic-7\">Nom de la marque<\/div>\n<\/td>\n<td colspan=\"1\" rowspan=\"1\">\n<div class=\"magic-8\">SINOTRUCK<\/div>\n<\/td>\n<\/tr>\n<tr>\n<td colspan=\"1\" rowspan=\"1\">\n<div class=\"magic-7\">S\u00e9paration<\/div>\n<\/td>\n<td colspan=\"1\" rowspan=\"1\">\n<div class=\"magic-8\">Poids lourds<\/div>\n<\/td>\n<\/tr>\n<tr>\n<td colspan=\"1\" rowspan=\"1\">\n<div class=\"magic-7\">Segmentation du march\u00e9<\/div>\n<\/td>\n<td colspan=\"1\" rowspan=\"1\">\n<div class=\"magic-8\">Transport logistique<\/div>\n<\/td>\n<\/tr>\n<tr>\n<td colspan=\"1\" rowspan=\"1\">\n<div class=\"magic-7\">Marque du moteur<\/div>\n<\/td>\n<td colspan=\"1\" rowspan=\"1\">\n<div class=\"magic-8\">WEICHAI<\/div>\n<\/td>\n<\/tr>\n<tr>\n<td colspan=\"1\" rowspan=\"1\">\n<div class=\"magic-7\">Type de carburant<\/div>\n<\/td>\n<td colspan=\"1\" rowspan=\"1\">\n<div class=\"magic-8\">Diesel<\/div>\n<\/td>\n<\/tr>\n<tr>\n<td colspan=\"1\" rowspan=\"1\">\n<div class=\"magic-7\">Capacit\u00e9 du moteur<\/div>\n<\/td>\n<td colspan=\"1\" rowspan=\"1\">\n<div class=\"magic-8\">8L<\/div>\n<\/td>\n<\/tr>\n<tr>\n<td colspan=\"1\" rowspan=\"1\">\n<div class=\"magic-7\">Cylindres<\/div>\n<\/td>\n<td colspan=\"1\" rowspan=\"1\">\n<div class=\"magic-8\">6<\/div>\n<\/td>\n<\/tr>\n<tr>\n<td colspan=\"1\" rowspan=\"1\">\n<div class=\"magic-7\">Marque de la bo\u00eete de vitesses<\/div>\n<\/td>\n<td colspan=\"1\" rowspan=\"1\">\n<div class=\"magic-8\">SINOTRUCK<\/div>\n<\/td>\n<\/tr>\n<tr>\n<td colspan=\"1\" rowspan=\"1\">\n<div class=\"magic-7\">Type de transmission<\/div>\n<\/td>\n<td colspan=\"1\" rowspan=\"1\">\n<div class=\"magic-8\">Manuel<\/div>\n<\/td>\n<\/tr>\n<tr>\n<td colspan=\"1\" rowspan=\"1\">\n<div class=\"magic-7\">Num\u00e9ro de d\u00e9calage vers l'avant<\/div>\n<\/td>\n<td colspan=\"1\" rowspan=\"1\">\n<div class=\"magic-8\">10<\/div>\n<\/td>\n<\/tr>\n<tr>\n<td colspan=\"1\" rowspan=\"1\">\n<div class=\"magic-7\">Num\u00e9ro de passage en marche arri\u00e8re<\/div>\n<\/td>\n<td colspan=\"1\" rowspan=\"1\">\n<div class=\"magic-8\">2<\/div>\n<\/td>\n<\/tr>\n<tr>\n<td colspan=\"1\" rowspan=\"1\">\n<div class=\"magic-7\">Couple maximum (Nm)<\/div>\n<\/td>\n<td colspan=\"1\" rowspan=\"1\">\n<div class=\"magic-8\">1500-2000Nm<\/div>\n<\/td>\n<\/tr>\n<tr>\n<td colspan=\"1\" rowspan=\"1\">\n<div class=\"magic-7\"><\/div>\n<\/td>\n<td colspan=\"1\" rowspan=\"1\">\n<div class=\"magic-8\">6985x2496x3350<\/div>\n<\/td>\n<\/tr>\n<tr>\n<td colspan=\"1\" rowspan=\"1\">\n<div class=\"magic-7\">Poids brut du v\u00e9hicule<\/div>\n<\/td>\n<td colspan=\"1\" rowspan=\"1\">\n<div class=\"magic-8\">20001-25000 kg<\/div>\n<\/td>\n<\/tr>\n<tr>\n<td colspan=\"1\" rowspan=\"1\">\n<div class=\"magic-7\">Capacit\u00e9 (charge)<\/div>\n<\/td>\n<td colspan=\"1\" rowspan=\"1\">\n<div class=\"magic-8\">50-100T<\/div>\n<\/td>\n<\/tr>\n<tr>\n<td colspan=\"1\" rowspan=\"1\">\n<div class=\"magic-7\">Capacit\u00e9 du r\u00e9servoir de carburant<\/div>\n<\/td>\n<td colspan=\"1\" rowspan=\"1\">\n<div class=\"magic-8\">600L<\/div>\n<\/td>\n<\/tr>\n<tr>\n<td colspan=\"1\" rowspan=\"1\">\n<div class=\"magic-7\">Roue motrice<\/div>\n<\/td>\n<td colspan=\"1\" rowspan=\"1\">\n<div class=\"magic-8\">6&#215;4<\/div>\n<\/td>\n<\/tr>\n<tr>\n<td colspan=\"1\" rowspan=\"1\">\n<div class=\"magic-7\">Passagers<\/div>\n<\/td>\n<td colspan=\"1\" rowspan=\"1\">\n<div class=\"magic-8\">2<\/div>\n<\/td>\n<\/tr>\n<tr>\n<td colspan=\"1\" rowspan=\"1\">\n<div class=\"magic-7\">Si\u00e8ge du conducteur<\/div>\n<\/td>\n<td colspan=\"1\" rowspan=\"1\">\n<div class=\"magic-8\">Normal<\/div>\n<\/td>\n<\/tr>\n<tr>\n<td colspan=\"1\" rowspan=\"1\">\n<div class=\"magic-7\">Rang\u00e9es de si\u00e8ges<\/div>\n<\/td>\n<td colspan=\"1\" rowspan=\"1\">\n<div class=\"magic-8\">Une demi rang\u00e9e<\/div>\n<\/td>\n<\/tr>\n<tr>\n<td colspan=\"1\" rowspan=\"1\">\n<div class=\"magic-7\">Cam\u00e9ra arri\u00e8re<\/div>\n<\/td>\n<td colspan=\"1\" rowspan=\"1\">\n<div class=\"magic-8\">Aucun<\/div>\n<\/td>\n<\/tr>\n<tr>\n<td colspan=\"1\" rowspan=\"1\">\n<div class=\"magic-7\">R\u00e9gulateur de vitesse<\/div>\n<\/td>\n<td colspan=\"1\" rowspan=\"1\">\n<div class=\"magic-8\">Aucun<\/div>\n<\/td>\n<\/tr>\n<tr>\n<td colspan=\"1\" rowspan=\"1\">\n<div class=\"magic-7\">ABS (syst\u00e8me de freinage antiblocage)<\/div>\n<\/td>\n<td colspan=\"1\" rowspan=\"1\">\n<div class=\"magic-8\">Oui<\/div>\n<\/td>\n<\/tr>\n<tr>\n<td colspan=\"1\" rowspan=\"1\">\n<div class=\"magic-7\">ESC (syst\u00e8me \u00e9lectronique de contr\u00f4le de la stabilit\u00e9)<\/div>\n<\/td>\n<td colspan=\"1\" rowspan=\"1\">\n<div class=\"magic-8\">Oui<\/div>\n<\/td>\n<\/tr>\n<tr>\n<td colspan=\"1\" rowspan=\"1\">\n<div class=\"magic-7\">\u00c9cran tactile<\/div>\n<\/td>\n<td colspan=\"1\" rowspan=\"1\">\n<div class=\"magic-8\">Aucun<\/div>\n<\/td>\n<\/tr>\n<tr>\n<td colspan=\"1\" rowspan=\"1\">\n<div class=\"magic-7\">Syst\u00e8me multim\u00e9dia<\/div>\n<\/td>\n<td colspan=\"1\" rowspan=\"1\">\n<div class=\"magic-8\">Oui<\/div>\n<\/td>\n<\/tr>\n<tr>\n<td colspan=\"1\" rowspan=\"1\">\n<div class=\"magic-7\">Fen\u00eatre<\/div>\n<\/td>\n<td colspan=\"1\" rowspan=\"1\">\n<div class=\"magic-8\">Automatique<\/div>\n<\/td>\n<\/tr>\n<tr>\n<td colspan=\"1\" rowspan=\"1\">\n<div class=\"magic-7\">Climatiseur<\/div>\n<\/td>\n<td colspan=\"1\" rowspan=\"1\">\n<div class=\"magic-8\">Automatique<\/div>\n<\/td>\n<\/tr>\n<tr>\n<td colspan=\"1\" rowspan=\"1\">\n<div class=\"magic-7\">Num\u00e9ro du pneu<\/div>\n<\/td>\n<td colspan=\"1\" rowspan=\"1\">\n<div class=\"magic-8\">6<\/div>\n<\/td>\n<\/tr>\n<tr>\n<td colspan=\"1\" rowspan=\"1\">\n<div class=\"magic-7\">Service apr\u00e8s-vente<\/div>\n<\/td>\n<td colspan=\"1\" rowspan=\"1\">\n<div class=\"magic-8\">Video technical support, Online support, None<\/div>\n<\/td>\n<\/tr>\n<tr>\n<td colspan=\"1\" rowspan=\"1\">\n<div class=\"magic-7\">Type<\/div>\n<\/td>\n<td colspan=\"1\" rowspan=\"1\">\n<div class=\"magic-8\">Tractor Head<\/div>\n<\/td>\n<\/tr>\n<\/tbody>\n<\/table>\n<\/div>\n<\/div>\n<div class=\"J_module\">\n<div id=\"ali-anchor-AliMagic-s9zb7a\" class=\"magic-0\" data-section=\"AliMagic-s9zb7a\" data-section-title=\"Details Images\">Details Images<\/div>\n<\/div>\n<div class=\"J_module\">\n<div class=\"icbu-pc-images magic-9\">\n<div>\n<div class=\"flex-layout-v\">\n<div class=\"flex-layout-h magic-9\">\n<div class=\"magic-10\"><img decoding=\"async\" class=\"magic-11\" src=\"https:\/\/sc04.alicdn.com\/kf\/H636eb4bce4654452ac8e4b5c4123759fy\/205957178\/H636eb4bce4654452ac8e4b5c4123759fy.jpg\" data-src=\"\/\/sc04.alicdn.com\/kf\/H636eb4bce4654452ac8e4b5c4123759fy\/205957178\/H636eb4bce4654452ac8e4b5c4123759fy.jpg\" \/><\/div>\n<\/div>\n<\/div>\n<\/div>\n<\/div>\n<\/div>\n<div class=\"J_module\">\n<div id=\"ali-anchor-AliMagic-lhx9iq\" class=\"magic-0\" data-section=\"AliMagic-lhx9iq\" data-section-title=\"Specification\">Sp\u00e9cifications<\/div>\n<\/div>\n<div class=\"J_module\">\n<div class=\"icbu-pc-detailSellerRecommend magic-12 J_module\" data-magic=\" \" data-magic-status=\"done\">\n<div class=\"icbu-pc-detailSellerRecommend\" data-reactroot=\"\">\n<div class=\"header\">Recommended by seller<\/div>\n<div class=\"seller-recommend-content clear-left\">\n<div class=\"\"><\/div>\n<h3><\/h3>\n<\/div>\n<\/div>\n<\/div>\n<\/div>\n<div class=\"J_module\">\n<div id=\"ali-anchor-AliMagic-c8u98h\" class=\"magic-0\" data-section=\"AliMagic-c8u98h\" data-section-title=\"Company Profile\">Profil de l'entreprise<\/div>\n<\/div>\n<div class=\"J_module\">\n<div class=\"icbu-pc-detailVideoShow magic-12 J_module\" data-magic=\" \" data-magic-status=\"done\">\n<div class=\"icbu-pc-detailVideoShow\" data-reactroot=\"\">\n<div class=\"bc-react-video-player singleton undefined venus-component-video\" data-spm-anchor-id=\"a2700.details.0.i32.3249237a9Evfxb\">\n<div class=\"bc-video-player\"><\/div>\n<\/div>\n<\/div>\n<\/div>\n<\/div>\n<div class=\"J_module\">\n<div class=\"detail-decorate-json-renderer-container\">\n<div class=\"magic-13\">\n<div class=\"magic-14\">\n<div class=\"magic-15\">\n<div class=\"magic-16\"><span class=\"magic-17\"><span class=\"magic-18\">J<\/span>INAN KUNDA AUTOMOBILE SALES CO.,LTD. of China is a 4s shop which is authorized by China National Heavy Duty Truck Group Co., Ltd<\/span><span class=\"magic-17\">(CNHTC) in Shandong Province. It was founded in 2010, located in Jinan which is the famous production base of heavy duty truck in<\/span><span class=\"magic-17\">China. The 4 main functions of our company are truck&amp;bus&amp;trailer sale, spare part supply, information feedback, and after-sales<\/span><span class=\"magic-17\">service.<\/span><\/p>\n<div><span class=\"magic-17\">The team of our company could provide all kinds of trucks and buses meeting the requirement of customers with the best price. We have many years of experience in supplying trucks,buses,trailers, strict quality management, fast and convenient channel of goodsdelivery, strict examination in quality and quantity of products, professional box packing, professional and reliable loading goods in containers, on-time delivery and competitive price.Products of our company are sold all over China, and are exported to more than Eighty countries and regions such as Mongolia Mauritania,Ghana,Benin,Angola,Tanzania,Congo,South east Asia and Latin America. In a control of price and quality, our products are highly appreciated in these markets.<\/span><\/div>\n<div><span class=\"magic-17\">\u00a0<\/span><\/div>\n<\/div>\n<\/div>\n<\/div>\n<\/div>\n<\/div>\n<\/div>\n<div class=\"J_module\">\n<div class=\"icbu-pc-images magic-9\">\n<div>\n<div class=\"flex-layout-v\">\n<div class=\"flex-layout-h magic-9\">\n<div class=\"magic-19\"><img decoding=\"async\" class=\"magic-20\" src=\"https:\/\/sc04.alicdn.com\/kf\/H8d892f1b61fd477dacd7cdb76e0313c6Z\/205957178\/H8d892f1b61fd477dacd7cdb76e0313c6Z.jpg\" data-src=\"\/\/sc04.alicdn.com\/kf\/H8d892f1b61fd477dacd7cdb76e0313c6Z\/205957178\/H8d892f1b61fd477dacd7cdb76e0313c6Z.jpg\" \/><\/div>\n<\/div>\n<\/div>\n<\/div>\n<\/div>\n<\/div>\n<div class=\"J_module\">\n<div id=\"ali-anchor-AliMagic-fw1rtw\" class=\"magic-0\" data-section=\"AliMagic-fw1rtw\" data-section-title=\"Customer Photos\">Photos des clients<\/div>\n<\/div>\n<div class=\"J_module\">\n<div class=\"detail-decorate-json-renderer-container\">\n<div class=\"magic-13\">\n<h3 class=\"magic-21\"><\/h3>\n<div class=\"magic-14\">\n<div class=\"magic-15\">\n<div class=\"magic-16\"><span class=\"magic-22\">After more than ten years of operation ,we have many customers from Africa, the Middle East, South America, Southeast Asia,Central Asia, Mongolia and Russia. We have a long and pleasant cooperation. Welcome to be our partner<\/span><\/div>\n<\/div>\n<\/div>\n<\/div>\n<\/div>\n<\/div>\n<div class=\"J_module\">\n<div class=\"icbu-pc-images magic-9\">\n<div>\n<div class=\"flex-layout-v\">\n<div class=\"flex-layout-h magic-9\">\n<div class=\"magic-23\"><img decoding=\"async\" class=\"magic-24\" src=\"https:\/\/sc04.alicdn.com\/kf\/H695f70ede0304aa4b620892c156a80fcJ\/205957178\/H695f70ede0304aa4b620892c156a80fcJ.jpg\" data-src=\"\/\/sc04.alicdn.com\/kf\/H695f70ede0304aa4b620892c156a80fcJ\/205957178\/H695f70ede0304aa4b620892c156a80fcJ.jpg\" \/><\/div>\n<\/div>\n<\/div>\n<\/div>\n<\/div>\n<\/div>\n<div class=\"J_module\">\n<div id=\"ali-anchor-AliMagic-tk266m\" class=\"magic-0\" data-section=\"AliMagic-tk266m\" data-section-title=\"Product packaging\">Product packaging<\/div>\n<\/div>\n<div class=\"J_module\">\n<div class=\"detail-decorate-json-renderer-container\">\n<div class=\"magic-13\">\n<h3 class=\"magic-21\"><\/h3>\n<div class=\"magic-14\">\n<div class=\"magic-15\">\n<div class=\"magic-16\"><span class=\"magic-22\">Shipping is a very important link in international trade to ensure the safety of goods,We have a professional customs declaration and delivery team; It can undertake land transportation, container transportation, bulk cargo transportation, ro ro ship transportation and other freight transport modes. Provide professional, fast and high-quality shipping services and safe and fast insurance claim settlement services. Let you rest assured is our team&#8217;s highest pursuit.<\/span><\/div>\n<\/div>\n<\/div>\n<\/div>\n<\/div>\n<\/div>\n<div class=\"J_module\">\n<div class=\"icbu-pc-images magic-9\">\n<div>\n<div class=\"flex-layout-v\">\n<div class=\"flex-layout-h magic-9\">\n<div class=\"magic-25\"><img decoding=\"async\" class=\"magic-26\" src=\"https:\/\/sc04.alicdn.com\/kf\/H806daa517e0d4cef8129a6ece05234f8P\/205957178\/H806daa517e0d4cef8129a6ece05234f8P.jpg\" data-src=\"\/\/sc04.alicdn.com\/kf\/H806daa517e0d4cef8129a6ece05234f8P\/205957178\/H806daa517e0d4cef8129a6ece05234f8P.jpg\" \/><\/div>\n<\/div>\n<\/div>\n<\/div>\n<\/div>\n<\/div>\n<div class=\"J_module\">\n<div id=\"ali-anchor-AliMagic-yyucsd\" class=\"magic-0\" data-section=\"AliMagic-yyucsd\" data-section-title=\"Why Choose Us\">Pourquoi nous choisir ?<\/div>\n<\/div>\n<div class=\"J_module\">\n<div class=\"detail-decorate-json-renderer-container\">\n<div class=\"magic-13\">\n<div class=\"magic-14\">\n<div class=\"magic-15\">\n<div class=\"magic-16\"><b>1. qui sommes-nous ?<\/b><br \/>\nNous sommes bas\u00e9s \u00e0 Shandong, Chine, d\u00e9but 2010, vendre \u00e0 Afrique(35.00%),Afrique(35.00%),Asie du Sud-Est(15.00%),Am\u00e9rique du Sud(15.00%),Asie du Sud-Est(15.00%),Asie de l'Est(5.00%),Am\u00e9rique centrale(5.00%),Europe de l'Est(5.00%),March\u00e9 int\u00e9rieur(5.00%),Moyen-Orient(5.00%),Asie du Sud(5.00%),Oc\u00e9anie(5.00%),Asie de l'Est(5.00%),Am\u00e9rique centrale(5.00%),Europe de l'Est(5.00%),March\u00e9 int\u00e9rieur(5.00%),Moyen-Orient(5.00%). Notre bureau compte au total entre 11 et 50 personnes.<\/p>\n<p><b>2. Comment pouvons-nous garantir la qualit\u00e9 ?<\/b><br \/>\nIl y a toujours un \u00e9chantillon de pr\u00e9production avant la production en s\u00e9rie ;<br \/>\nL'inspection finale est toujours effectu\u00e9e avant l'exp\u00e9dition ;<\/p>\n<p><b>3.Que pouvez-vous acheter chez nous ?<\/b><br \/>\nCamion, camion Howo, camion-benne, camion-tracteur, camion-b\u00e9tonni\u00e8re, camion-citerne, semi-remorque, remorque \u00e0 plateau, camion-citerne \u00e0 eau, camion-citerne \u00e0 huile, camion-grue, chargeur de roues, camion, camion Howo, camion-benne, camion-citerne, semi-remorque, remorque \u00e0 plateau, camion-citerne \u00e0 eau, camion-citerne \u00e0 huile, camion-grue.<\/p>\n<p><b>4. Pourquoi devriez-vous acheter chez nous plut\u00f4t que chez d'autres fournisseurs ?<\/b><br \/>\nLa soci\u00e9t\u00e9 Jinan Kunda Heavy Truck Sales Co. est situ\u00e9e \u00e0 Jinan et est sp\u00e9cialis\u00e9e dans la fabrication de camions lourds. Avec une \u00e9quipe exp\u00e9riment\u00e9e et professionnelle, nous avons export\u00e9 nos produits vers de nombreux pays et r\u00e9gions du monde entier.<\/p>\n<p><b>5. quels services pouvons-nous fournir ?<\/b><br \/>\nConditions de livraison accept\u00e9es : FOB, CFR, CIF, EXW, FAS, CIP, DDP, DAF\uff1b<br \/>\nDevise de paiement accept\u00e9e : USD, EUR, HKD, CNY ;<br \/>\nType de paiement accept\u00e9 : T\/T, L\/C, D\/P D\/A, MoneyGram, carte de cr\u00e9dit, Western Union, esp\u00e8ces ;<br \/>\nLangues parl\u00e9es : anglais, chinois, espagnol, portugais, arabe, fran\u00e7ais, russe<\/div>\n<\/div>\n<\/div>\n<\/div>\n<\/div>\n<\/div>","protected":false},"excerpt":{"rendered":"<p>Valeur de l'article Etat neuf Direction \u00e0 gauche Puissance 400-430hp Norme d'\u00e9mission EURO 2 Marque SINOTRUCK Segment Poids lourd Segment de march\u00e9 Transport logistique Marque WEICHAI Type de carburant Diesel Capacit\u00e9 du moteur 8L Cylindres 6 Bo\u00eete de vitesse Marque SINOTRUCK Type de transmission Manuel Passage en marche avant Nombre 10 Passage en marche arri\u00e8re Nombre 2 Couple maximum (Nm) 1500-2000Nm 6985x2496x3350 Poids total en charge...<\/p>","protected":false},"featured_media":786,"comment_status":"open","ping_status":"closed","template":"","meta":{"_seopress_robots_primary_cat":"","_seopress_titles_title":"","_seopress_titles_desc":"","_seopress_robots_index":"","_kad_post_transparent":"default","_kad_post_title":"","_kad_post_layout":"default","_kad_post_sidebar_id":"","_kad_post_content_style":"default","_kad_post_vertical_padding":"default","_kad_post_feature":"","_kad_post_feature_position":"","_kad_post_header":false,"_kad_post_footer":false,"_kad_post_classname":""},"product_brand":[],"product_cat":[35],"product_tag":[],"class_list":{"0":"post-785","1":"product","2":"type-product","3":"status-publish","4":"has-post-thumbnail","6":"product_cat-tractor-truck","8":"first","9":"instock","10":"shipping-taxable","11":"product-type-simple","12":"entry","13":"content-bg","14":"loop-entry"},"_links":{"self":[{"href":"https:\/\/kdzgtruck.com\/fr\/wp-json\/wp\/v2\/product\/785","targetHints":{"allow":["GET"]}}],"collection":[{"href":"https:\/\/kdzgtruck.com\/fr\/wp-json\/wp\/v2\/product"}],"about":[{"href":"https:\/\/kdzgtruck.com\/fr\/wp-json\/wp\/v2\/types\/product"}],"replies":[{"embeddable":true,"href":"https:\/\/kdzgtruck.com\/fr\/wp-json\/wp\/v2\/comments?post=785"}],"wp:featuredmedia":[{"embeddable":true,"href":"https:\/\/kdzgtruck.com\/fr\/wp-json\/wp\/v2\/media\/786"}],"wp:attachment":[{"href":"https:\/\/kdzgtruck.com\/fr\/wp-json\/wp\/v2\/media?parent=785"}],"wp:term":[{"taxonomy":"product_brand","embeddable":true,"href":"https:\/\/kdzgtruck.com\/fr\/wp-json\/wp\/v2\/product_brand?post=785"},{"taxonomy":"product_cat","embeddable":true,"href":"https:\/\/kdzgtruck.com\/fr\/wp-json\/wp\/v2\/product_cat?post=785"},{"taxonomy":"product_tag","embeddable":true,"href":"https:\/\/kdzgtruck.com\/fr\/wp-json\/wp\/v2\/product_tag?post=785"}],"curies":[{"name":"wp","href":"https:\/\/api.w.org\/{rel}","templated":true}]}}