{"id":768,"date":"2024-11-08T19:47:38","date_gmt":"2024-11-08T11:47:38","guid":{"rendered":"https:\/\/kdzgtruck.com\/?post_type=product&#038;p=768"},"modified":"2024-11-08T19:47:38","modified_gmt":"2024-11-08T11:47:38","slug":"sinotruk-howo-tx-6x4-new-dump-truck-price","status":"publish","type":"product","link":"https:\/\/kdzgtruck.com\/fr\/produit\/sinotruk-howo-tx-6x4-new-dump-truck-price\/","title":{"rendered":"sinotruk howo TX 6&#215;4 new dump truck price"},"content":{"rendered":"<div id=\"ali-title-AliPostDhMb-t9r7e\"><span data-spm-anchor-id=\"a2700.details.0.i41.30973baf6vS8Bj\">Description du produit<\/span><\/div>\n<div>\n<p>&nbsp;<\/p>\n<table>\n<tbody>\n<tr>\n<td height=\"19\">Mod\u00e8le<\/td>\n<td height=\"19\">ZZ3257V384GB<\/td>\n<td height=\"19\"><\/td>\n<td height=\"19\"><\/td>\n<\/tr>\n<tr>\n<td height=\"19\">Marque<\/td>\n<td height=\"19\">HOWO TX<\/td>\n<td height=\"19\">Nom<\/td>\n<td height=\"19\">Dump\u00a0Truck<\/td>\n<\/tr>\n<tr>\n<td height=\"19\">Rated\u00a0quality<\/td>\n<td height=\"19\">1,260,012,410<\/td>\n<td height=\"19\">Total\u00a0mass<\/td>\n<td height=\"19\">25000kg<\/td>\n<\/tr>\n<tr>\n<td height=\"19\">Curb\u00a0weight<\/td>\n<td height=\"19\">1,227,012,460<\/td>\n<td height=\"19\">Fuel<\/td>\n<td height=\"19\">diesel<\/td>\n<\/tr>\n<tr>\n<td height=\"34\">Emission\u00a0standard<\/td>\n<td height=\"34\">Euro\u00a02<\/td>\n<td height=\"34\">Axis\u00a0number<\/td>\n<td height=\"34\">3<\/td>\n<\/tr>\n<tr>\n<td height=\"19\">Wheelbase<\/td>\n<td height=\"19\">3825+1350<\/td>\n<td height=\"19\">Axle\u00a0load<\/td>\n<td height=\"19\">7000\/18000(2\u00a0axle)<\/td>\n<\/tr>\n<tr>\n<td height=\"34\">Number\u00a0of\u00a0tires<\/td>\n<td height=\"34\">10<\/td>\n<td height=\"34\">Tire\u00a0specification<\/td>\n<td height=\"34\">12.00R20;\u00a012R22.5<\/td>\n<\/tr>\n<tr>\n<td height=\"34\">Front\/Rear\u00a0hang<\/td>\n<td height=\"34\">1500\/1870<\/td>\n<td height=\"34\">Vehicle\u00a0length<\/td>\n<td height=\"34\">8545mm<\/td>\n<\/tr>\n<tr>\n<td height=\"19\">Vehicle\u00a0width<\/td>\n<td height=\"19\">2496mm<\/td>\n<td height=\"19\">Vehicle\u00a0hight<\/td>\n<td height=\"19\">3170mm<\/td>\n<\/tr>\n<tr>\n<td height=\"19\">Cargo\u00a0length<\/td>\n<td height=\"19\">5800\/5600mm<\/td>\n<td height=\"19\">Cargo\u00a0width<\/td>\n<td height=\"19\">2300mm<\/td>\n<\/tr>\n<tr>\n<td height=\"19\">Cargo\u00a0hight<\/td>\n<td height=\"19\">1500mm<\/td>\n<td height=\"19\"><\/td>\n<td height=\"19\"><\/td>\n<\/tr>\n<tr>\n<td height=\"34\">Max\u00a0speed<\/td>\n<td height=\"34\">75<\/td>\n<td height=\"34\">Rated\u00a0passenger<\/td>\n<td height=\"34\">2<\/td>\n<\/tr>\n<\/tbody>\n<\/table>\n<p><img fetchpriority=\"high\" decoding=\"async\" src=\"https:\/\/sc04.alicdn.com\/kf\/Hdda87340e15a48b3a30f993352b6faac6\/205957178\/Hdda87340e15a48b3a30f993352b6faac6.jpg\" alt=\"sinotruk howo TX 6x4 new dump truck price\" width=\"749\" height=\"562\" data-src=\"\/\/sc04.alicdn.com\/kf\/Hdda87340e15a48b3a30f993352b6faac6\/205957178\/Hdda87340e15a48b3a30f993352b6faac6.jpg\" data-alt=\"sinotruk howo TX 6x4 new dump truck price\" data-width=\"749\" data-height=\"562\" data-spm-anchor-id=\"a2700.details.0.i42.30973baf6vS8Bj\" \/><\/div>\n<div>\n<div class=\"layout-body position\" data-spm-anchor-id=\"a2700.details.0.i44.30973baf6vS8Bj\">\n<div class=\"layout-left\">\n<div class=\"module_description\">\n<div id=\"description-layout\" class=\"description-layout\">\n<div id=\"layout-other-wrapper\">\n<div class=\"module_product_specification\">\n<div id=\"J-rich-text-description\" class=\"richtext richtext-detail rich-text-description\">\n<div id=\"ali-anchor-AliPostDhMb-t9r7e\" class=\"mceSectionContainer\" data-section=\"AliPostDhMb-t9r7e\" data-section-title=\"Product Description\">\n<div><img decoding=\"async\" src=\"https:\/\/sc04.alicdn.com\/kf\/Hb47f2e09c5ac4840a8a00a897f9951e4X\/205957178\/Hb47f2e09c5ac4840a8a00a897f9951e4X.jpg\" alt=\"sinotruk howo TX 6x4 new dump truck price\" width=\"750\" height=\"562\" data-src=\"\/\/sc04.alicdn.com\/kf\/Hb47f2e09c5ac4840a8a00a897f9951e4X\/205957178\/Hb47f2e09c5ac4840a8a00a897f9951e4X.jpg\" data-alt=\"sinotruk howo TX 6x4 new dump truck price\" data-width=\"750\" data-height=\"562\" data-spm-anchor-id=\"a2700.details.0.i43.30973baf6vS8Bj\" \/><img decoding=\"async\" src=\"https:\/\/sc04.alicdn.com\/kf\/Hdc19ca3ab89f489991467a8ac1c6339dz\/205957178\/Hdc19ca3ab89f489991467a8ac1c6339dz.jpg\" alt=\"sinotruk howo TX 6x4 new dump truck price\" width=\"748\" height=\"561\" data-src=\"\/\/sc04.alicdn.com\/kf\/Hdc19ca3ab89f489991467a8ac1c6339dz\/205957178\/Hdc19ca3ab89f489991467a8ac1c6339dz.jpg\" data-alt=\"sinotruk howo TX 6x4 new dump truck price\" data-width=\"748\" data-height=\"561\" \/><img loading=\"lazy\" decoding=\"async\" src=\"https:\/\/sc04.alicdn.com\/kf\/Ha15c172f045643319408accdf8323a51p\/205957178\/Ha15c172f045643319408accdf8323a51p.jpg\" alt=\"sinotruk howo TX 6x4 new dump truck price\" width=\"749\" height=\"561\" data-src=\"\/\/sc04.alicdn.com\/kf\/Ha15c172f045643319408accdf8323a51p\/205957178\/Ha15c172f045643319408accdf8323a51p.jpg\" data-alt=\"sinotruk howo TX 6x4 new dump truck price\" data-width=\"749\" data-height=\"561\" \/><img loading=\"lazy\" decoding=\"async\" src=\"https:\/\/sc04.alicdn.com\/kf\/H22602f8e578a4b4e8c3728dbc560277dM\/205957178\/H22602f8e578a4b4e8c3728dbc560277dM.jpg\" alt=\"sinotruk howo TX 6x4 new dump truck price\" width=\"749\" height=\"562\" data-src=\"\/\/sc04.alicdn.com\/kf\/H22602f8e578a4b4e8c3728dbc560277dM\/205957178\/H22602f8e578a4b4e8c3728dbc560277dM.jpg\" data-alt=\"sinotruk howo TX 6x4 new dump truck price\" data-width=\"749\" data-height=\"562\" \/><\/div>\n<\/div>\n<div id=\"ali-anchor-AliPostDhMb-u3cn1\" class=\"mceSectionContainer\" data-section=\"AliPostDhMb-u3cn1\" data-section-title=\"Company Information\">\n<div id=\"ali-title-AliPostDhMb-u3cn1\">Informations sur l'entreprise<\/div>\n<div>\n<p>\u00a0 \u00a0 \u00a0 \u00a0 \u00a0 \u00a0 \u00a0 \u00a0\u00a0\u00a0\u00a0Sinotruk Jinan Kunda Heavy Truck Sales Co., Ltd. is located in Jinan and is specialized in manufacturing heavy trucks. With an experienced and professional team, we have exported our products to many countries and regions all over the world. Our products enjoy a good reputation among our customers. We welcome customers, business associations and friends from all parts of the world to contact us and seek cooperation for mutual benefits.<img decoding=\"async\" src=\"https:\/\/sc04.alicdn.com\/kf\/Hdd74649d6e134befbaf704aa7311243d7\/205957178\/Hdd74649d6e134befbaf704aa7311243d7.jpg\" alt=\"sinotruk howo TX 6x4 new dump truck price\" width=\"750\" height=\"28.30188679245283\" data-src=\"\/\/sc04.alicdn.com\/kf\/Hdd74649d6e134befbaf704aa7311243d7\/205957178\/Hdd74649d6e134befbaf704aa7311243d7.jpg\" data-alt=\"sinotruk howo TX 6x4 new dump truck price\" data-width=\"769\" data-height=\"29\" \/><\/p>\n<p>Nous ne fournissons que des camions et des remorques neufs d'excellente qualit\u00e9 et ne vendons pas de camions d'occasion, de camions mis au rebut ou de camions ill\u00e9galement restructur\u00e9s. Des camions de haute qualit\u00e9, des prix abordables, des fonds s\u00fbrs et la bonne foi sont la base de notre activit\u00e9.<\/p>\n<p><img loading=\"lazy\" decoding=\"async\" src=\"https:\/\/sc04.alicdn.com\/kf\/Hc8e303d4d1154a86bfb5162a5219212aJ\/205957178\/Hc8e303d4d1154a86bfb5162a5219212aJ.jpg\" width=\"750\" height=\"1781\" data-src=\"\/\/sc04.alicdn.com\/kf\/Hc8e303d4d1154a86bfb5162a5219212aJ\/205957178\/Hc8e303d4d1154a86bfb5162a5219212aJ.jpg\" data-width=\"750\" data-height=\"1781\" \/><\/p>\n<p>&nbsp;<\/p>\n<p><img decoding=\"async\" src=\"https:\/\/sc04.alicdn.com\/kf\/He3857bc488c1453081fc88db6057c71dY\/205957178\/He3857bc488c1453081fc88db6057c71dY.jpg\" alt=\"sinotruk howo TX 6x4 new dump truck price\" width=\"750\" height=\"28.30188679245283\" data-src=\"\/\/sc04.alicdn.com\/kf\/He3857bc488c1453081fc88db6057c71dY\/205957178\/He3857bc488c1453081fc88db6057c71dY.jpg\" data-alt=\"sinotruk howo TX 6x4 new dump truck price\" data-width=\"769\" data-height=\"29\" \/>\u00a0 \u00a0 \u00a0 \u00a0 \u00a0 \u00a0 \u00a0 \u00a0 \u00a0Nous fournissons des accessoires de camion de qualit\u00e9 d'origine ; Le march\u00e9 des pi\u00e8ces d\u00e9tach\u00e9es a de nombreux prix et diff\u00e9rentes qualit\u00e9s de pi\u00e8ces ; Nous ne vendons que des accessoires de haute qualit\u00e9 et de qualit\u00e9 d'usine d'origine. Si vous voulez acheter des accessoires de haute qualit\u00e9, veuillez nous contacter. Si vous ne vous souciez pas de la qualit\u00e9 mais seulement du bas prix, d\u00e9sol\u00e9, ne nous contactez pas.<img decoding=\"async\" src=\"https:\/\/sc04.alicdn.com\/kf\/H7a2a042224484b1fb66e4717dc1d7eb4j\/205957178\/H7a2a042224484b1fb66e4717dc1d7eb4j.jpg\" alt=\"sinotruk howo TX 6x4 new dump truck price\" width=\"750\" height=\"1781.25\" data-src=\"\/\/sc04.alicdn.com\/kf\/H7a2a042224484b1fb66e4717dc1d7eb4j\/205957178\/H7a2a042224484b1fb66e4717dc1d7eb4j.jpg\" data-alt=\"sinotruk howo TX 6x4 new dump truck price\" data-width=\"751\" data-height=\"1784\" \/><\/p>\n<p>&nbsp;<\/p>\n<p><img decoding=\"async\" src=\"https:\/\/sc04.alicdn.com\/kf\/H7b357ab010154eabae823c396a6455d7j\/205957178\/H7b357ab010154eabae823c396a6455d7j.jpg\" alt=\"sinotruk howo TX 6x4 new dump truck price\" width=\"750\" height=\"28.30188679245283\" data-src=\"\/\/sc04.alicdn.com\/kf\/H7b357ab010154eabae823c396a6455d7j\/205957178\/H7b357ab010154eabae823c396a6455d7j.jpg\" data-alt=\"sinotruk howo TX 6x4 new dump truck price\" data-width=\"769\" data-height=\"29\" \/>\u00a0 \u00a0 \u00a0 \u00a0 \u00a0 \u00a0 \u00a0 \u00a0 \u00a0 \u00a0Nous avons de nombreux clients en Afrique, au Moyen-Orient, en Am\u00e9rique du Sud, en Asie du Sud-Est, en Asie centrale, en Mongolie et en Russie. Notre coop\u00e9ration est longue et agr\u00e9able. Nous vous invitons \u00e0 devenir notre partenaire.<img decoding=\"async\" src=\"https:\/\/sc04.alicdn.com\/kf\/H0b03d3192a1743c1be7e17d5d46ca483e\/205957178\/H0b03d3192a1743c1be7e17d5d46ca483e.jpg\" alt=\"sinotruk howo TX 6x4 new dump truck price\" width=\"750\" height=\"788.2075471698114\" data-src=\"\/\/sc04.alicdn.com\/kf\/H0b03d3192a1743c1be7e17d5d46ca483e\/205957178\/H0b03d3192a1743c1be7e17d5d46ca483e.jpg\" data-alt=\"sinotruk howo TX 6x4 new dump truck price\" data-width=\"753\" data-height=\"791\" \/><\/p>\n<p>&nbsp;<\/p>\n<p><img decoding=\"async\" src=\"https:\/\/sc04.alicdn.com\/kf\/H4da4e416278545998a8e246c6655262fV\/205957178\/H4da4e416278545998a8e246c6655262fV.jpg\" alt=\"sinotruk howo TX 6x4 new dump truck price\" width=\"750\" height=\"37.5\" data-src=\"\/\/sc04.alicdn.com\/kf\/H4da4e416278545998a8e246c6655262fV\/205957178\/H4da4e416278545998a8e246c6655262fV.jpg\" data-alt=\"sinotruk howo TX 6x4 new dump truck price\" \/><\/p>\n<p>Nous disposons d'une \u00e9quipe professionnelle de d\u00e9claration en douane et de livraison ; elle peut assurer le transport terrestre, le transport par conteneur, le transport de marchandises en vrac, le transport par navire roulier et d'autres modes de transport de marchandises. Nous fournissons des services d'exp\u00e9dition professionnels, rapides et de haute qualit\u00e9, ainsi que des services de r\u00e8glement des sinistres s\u00fbrs et rapides. Notre \u00e9quipe cherche avant tout \u00e0 vous rassurer.<\/p>\n<p><img loading=\"lazy\" decoding=\"async\" src=\"https:\/\/sc04.alicdn.com\/kf\/Hab533883782f44feb478e0825242386aJ\/205957178\/Hab533883782f44feb478e0825242386aJ.jpg\" alt=\"sinotruk howo TX 6x4 new dump truck price\" width=\"750\" height=\"938\" data-src=\"\/\/sc04.alicdn.com\/kf\/Hab533883782f44feb478e0825242386aJ\/205957178\/Hab533883782f44feb478e0825242386aJ.jpg\" data-alt=\"sinotruk howo TX 6x4 new dump truck price\" data-width=\"750\" data-height=\"938\" \/><\/p>\n<p>&nbsp;<\/p>\n<p><img decoding=\"async\" src=\"https:\/\/sc04.alicdn.com\/kf\/H005caf67e3e1410a820a9a656bd86682A\/205957178\/H005caf67e3e1410a820a9a656bd86682A.jpg\" alt=\"sinotruk howo TX 6x4 new dump truck price\" width=\"750\" height=\"37.5\" data-src=\"\/\/sc04.alicdn.com\/kf\/H005caf67e3e1410a820a9a656bd86682A\/205957178\/H005caf67e3e1410a820a9a656bd86682A.jpg\" data-alt=\"sinotruk howo TX 6x4 new dump truck price\" data-width=\"760\" data-height=\"38\" \/><\/p>\n<\/div>\n<\/div>\n<p><strong>1. qui sommes-nous ?<\/strong><\/p>\n<div>\n<div>\n<div>\n<div>\n<div>\n<div>We are based in Shandong, China, start from 2010,sell to Domestic Market(50.00%),Africa(20.00%),Eastern Asia(8.00%),Mid East(6.00%),South Asia(5.00%),Oceania(5.00%),Southeast Asia(4.00%),South America(1.00%),Central America(1.00%). There are total about 301-500 people in our office.<\/p>\n<p><strong>2. Comment pouvons-nous garantir la qualit\u00e9 ?<\/strong><br \/>\nIl y a toujours un \u00e9chantillon de pr\u00e9production avant la production en s\u00e9rie ;<br \/>\nL'inspection finale est toujours effectu\u00e9e avant l'exp\u00e9dition ;<\/p>\n<p><strong>3.Que pouvez-vous acheter chez nous ?<\/strong><br \/>\nDump truck,mixer truck,tractor truck,cargo truck,mini excavator<\/p>\n<p><strong>4. Pourquoi devriez-vous acheter chez nous plut\u00f4t que chez d'autres fournisseurs ?<\/strong><br \/>\nLa soci\u00e9t\u00e9 Jinan Kunda Heavy Truck Sales Co. est situ\u00e9e \u00e0 Jinan et est sp\u00e9cialis\u00e9e dans la fabrication de camions lourds. Avec une \u00e9quipe exp\u00e9riment\u00e9e et professionnelle, nous avons export\u00e9 nos produits vers de nombreux pays et r\u00e9gions du monde entier.<\/p>\n<p><strong>5. quels services pouvons-nous fournir ?<\/strong><br \/>\nAccepted Delivery Terms: FOB,CFR,CIF,EXW,FAS,CIP,DDP,DAF;<br \/>\nDevise de paiement accept\u00e9e : USD, EUR, HKD, CNY ;<br \/>\nType de paiement accept\u00e9 : T\/T, L\/C, D\/P D\/A, MoneyGram, carte de cr\u00e9dit, Western Union, esp\u00e8ces ;<br \/>\nLangues parl\u00e9es : anglais, chinois, espagnol, portugais, arabe, fran\u00e7ais, russe<\/div>\n<\/div>\n<\/div>\n<\/div>\n<\/div>\n<\/div>\n<div>\n<div>\n<table>\n<tbody>\n<tr>\n<td colspan=\"1\" rowspan=\"1\">\n<div><strong>Nom<\/strong><\/div>\n<\/td>\n<td colspan=\"1\" rowspan=\"1\">\n<div><strong>Oscar Zhang<\/strong><\/div>\n<\/td>\n<\/tr>\n<tr>\n<td colspan=\"1\" rowspan=\"1\">\n<div><strong>Mobile<\/strong><\/div>\n<\/td>\n<td colspan=\"1\" rowspan=\"1\">\n<div>+86 18953179828<\/div>\n<\/td>\n<\/tr>\n<tr>\n<td colspan=\"1\" rowspan=\"1\">\n<div><strong>wechat<\/strong><\/div>\n<\/td>\n<td colspan=\"1\" rowspan=\"1\">\n<div>+86 18953179828<\/div>\n<\/td>\n<\/tr>\n<tr>\n<td colspan=\"1\" rowspan=\"1\">\n<div><strong>whatsapp<\/strong><\/div>\n<\/td>\n<td colspan=\"1\" rowspan=\"1\">\n<div>+86 18953179828<\/div>\n<\/td>\n<\/tr>\n<tr>\n<td colspan=\"1\" rowspan=\"1\">\n<div><strong>Phone\/Fox<\/strong><\/div>\n<\/td>\n<td colspan=\"1\" rowspan=\"1\">\n<div>+86&#8211; 0531 &#8212; 62312688<\/div>\n<\/td>\n<\/tr>\n<tr>\n<td colspan=\"1\" rowspan=\"1\">\n<div><strong>Adresse<\/strong><\/div>\n<\/td>\n<td colspan=\"1\" rowspan=\"1\">\n<div>Sinotruk Industrial Park, Dougou street, Shizhong District, Jinan City, Shandong Province<\/div>\n<\/td>\n<\/tr>\n<\/tbody>\n<\/table>\n<\/div>\n<\/div>\n<\/div>\n<\/div>\n<\/div>\n<\/div>\n<\/div>\n<\/div>\n<div class=\"layout-right\">\n<div class=\"layout-stick sticky\">\n<div class=\"layout-overview\">\n<div class=\"module_atmosphere\"><\/div>\n<\/div>\n<\/div>\n<\/div>\n<\/div>\n<div class=\"layout-bottom\">\n<div class=\"module_together\">\n<div class=\"recommend-layout buy_together\">\n<div id=\"cdn-pc-recommend_detail__buy_together\" data-company-id=\"218361913\" data-product-id=\"1601126476588\" data-category-id=\"122301\" data-country=\"\" data-recommend-meta=\"undefined\">\n<div class=\"m3Avp ipH7B\" data-spm=\"buy_together\" data-spm-max-idx=\"35\">\n<div class=\"B02Iu ipH7B\"><\/div>\n<\/div>\n<\/div>\n<\/div>\n<\/div>\n<\/div>\n<\/div>","protected":false},"excerpt":{"rendered":"<p>Product Description &nbsp; Model ZZ3257V384GB Brand HOWO TX Name Dump\u00a0Truck Rated\u00a0quality 1,260,012,410 Total\u00a0mass 25000kg Curb\u00a0weight 1,227,012,460 Fuel diesel Emission\u00a0standard Euro\u00a02 Axis\u00a0number 3 Wheelbase 3825+1350 Axle\u00a0load 7000\/18000(2\u00a0axle) Number\u00a0of\u00a0tires 10 Tire\u00a0specification 12.00R20;\u00a012R22.5 Front\/Rear\u00a0hang 1500\/1870 Vehicle\u00a0length 8545mm Vehicle\u00a0width 2496mm Vehicle\u00a0hight 3170mm Cargo\u00a0length 5800\/5600mm Cargo\u00a0width 2300mm Cargo\u00a0hight 1500mm Max\u00a0speed 75 Rated\u00a0passenger 2 Company Information \u00a0 \u00a0 \u00a0 \u00a0 \u00a0&#8230;<\/p>","protected":false},"featured_media":769,"comment_status":"open","ping_status":"closed","template":"","meta":{"_seopress_robots_primary_cat":"","_seopress_titles_title":"","_seopress_titles_desc":"","_seopress_robots_index":"","_kad_post_transparent":"default","_kad_post_title":"","_kad_post_layout":"default","_kad_post_sidebar_id":"","_kad_post_content_style":"default","_kad_post_vertical_padding":"default","_kad_post_feature":"","_kad_post_feature_position":"","_kad_post_header":false,"_kad_post_footer":false,"_kad_post_classname":""},"product_brand":[],"product_cat":[34],"product_tag":[],"class_list":{"0":"post-768","1":"product","2":"type-product","3":"status-publish","4":"has-post-thumbnail","6":"product_cat-dump-truck","8":"first","9":"instock","10":"shipping-taxable","11":"product-type-simple","12":"entry","13":"content-bg","14":"loop-entry"},"_links":{"self":[{"href":"https:\/\/kdzgtruck.com\/fr\/wp-json\/wp\/v2\/product\/768","targetHints":{"allow":["GET"]}}],"collection":[{"href":"https:\/\/kdzgtruck.com\/fr\/wp-json\/wp\/v2\/product"}],"about":[{"href":"https:\/\/kdzgtruck.com\/fr\/wp-json\/wp\/v2\/types\/product"}],"replies":[{"embeddable":true,"href":"https:\/\/kdzgtruck.com\/fr\/wp-json\/wp\/v2\/comments?post=768"}],"wp:featuredmedia":[{"embeddable":true,"href":"https:\/\/kdzgtruck.com\/fr\/wp-json\/wp\/v2\/media\/769"}],"wp:attachment":[{"href":"https:\/\/kdzgtruck.com\/fr\/wp-json\/wp\/v2\/media?parent=768"}],"wp:term":[{"taxonomy":"product_brand","embeddable":true,"href":"https:\/\/kdzgtruck.com\/fr\/wp-json\/wp\/v2\/product_brand?post=768"},{"taxonomy":"product_cat","embeddable":true,"href":"https:\/\/kdzgtruck.com\/fr\/wp-json\/wp\/v2\/product_cat?post=768"},{"taxonomy":"product_tag","embeddable":true,"href":"https:\/\/kdzgtruck.com\/fr\/wp-json\/wp\/v2\/product_tag?post=768"}],"curies":[{"name":"wp","href":"https:\/\/api.w.org\/{rel}","templated":true}]}}