{"id":764,"date":"2024-11-08T19:43:07","date_gmt":"2024-11-08T11:43:07","guid":{"rendered":"https:\/\/kdzgtruck.com\/?post_type=product&#038;p=764"},"modified":"2024-11-08T19:43:07","modified_gmt":"2024-11-08T11:43:07","slug":"sino-truck-12-wheeler-howo-8x4-sinotruck-new-and-used-howo-dump-truck-tipper-truck","status":"publish","type":"product","link":"https:\/\/kdzgtruck.com\/fr\/produit\/sino-truck-12-wheeler-howo-8x4-sinotruck-new-and-used-howo-dump-truck-tipper-truck\/","title":{"rendered":"SINO TRUCK 12 roues HOWO 8\u00d74 Sinotruck NEUF ET USAGE HOWO Camion \u00e0 benne basculante"},"content":{"rendered":"<div class=\"module_product_packaging_and_quick_detail\">\n<div class=\"widget-detail-overview\">\n<div class=\"do-title\" data-spm-anchor-id=\"a2700.details.0.i44.16c373141pu0pz\">Vue d'ensemble<\/div>\n<div id=\"car-parts-model\"><\/div>\n<\/div>\n<\/div>\n<div class=\"module_detail_video\"><\/div>\n<div class=\"module_product_specification\">\n<div id=\"J-rich-text-description\" class=\"richtext richtext-detail rich-text-description\">\n<div id=\"ali-anchor-AliPostDhMb-x47d1\" class=\"mceSectionContainer\" data-section-title=\"Product Description\" data-section=\"AliPostDhMb-x47d1\">\n<div id=\"ali-title-AliPostDhMb-x47d1\">Description du produit<\/div>\n<div data-spm-anchor-id=\"a2700.details.0.i45.16c373141pu0pz\">\n<p>&nbsp;<\/p>\n<table width=\"365\">\n<tbody>\n<tr>\n<td colspan=\"2\">\u00a0Camion-benne HOWO 6\u00d74<\/td>\n<\/tr>\n<tr>\n<td>Type de conduite<\/td>\n<td>Conduite \u00e0 gauche<\/td>\n<\/tr>\n<tr>\n<td>Cabine<\/td>\n<td>HW76<\/td>\n<\/tr>\n<tr>\n<td>Moteur<\/td>\n<td>Marque : SINOTRUK wd615.47<\/td>\n<\/tr>\n<tr>\n<td>Transmission<\/td>\n<td>HW19712, 12F &amp; 2R, avec PTO<\/td>\n<\/tr>\n<tr>\n<td>Direction<\/td>\n<td>Direction assist\u00e9e ZF, mod\u00e8le ZF8118, direction hydraulique avec assistance \u00e9lectrique<\/td>\n<\/tr>\n<tr>\n<td>Essieu avant<\/td>\n<td>HF9 x2 Direction avec poutre \u00e0 double section crois\u00e9e en T<\/td>\n<\/tr>\n<tr>\n<td>Essieu arri\u00e8re<\/td>\n<td>HC16,\u00a02&#215;16000\u00a0KGSPressed\u00a0axle\u00a0housing,\u00a0central\u00a0single\u00a0reduction\u00a0with\u00a0hub<\/p>\n<p>reduction\u00a0and\u00a0with\u00a0differential\u00a0locks\u00a0between\u00a0wheels\u00a0and\u00a0axles.Ratio:5.73<\/td>\n<\/tr>\n<tr>\n<td>Arbre de l'h\u00e9lice<\/td>\n<td>Arbre d'h\u00e9lice \u00e0 double cardan avec bride d'accouplement en forme d'engrenage<\/td>\n<\/tr>\n<tr>\n<td>Ch\u00e2ssis<\/td>\n<td>Frame:\u00a0U-profile\u00a0parallel\u00a0ladder\u00a0frame\u00a0with\u00a0section\u00a0of\u00a0300x80x8mm,\u00a0and\u00a0reinforced<\/p>\n<p>sub-frame\u00a0all\u00a0cold\u00a0riveted\u00a0cross\u00a0members\u00a0 Front\u00a0suspension:10\u00a0semi-elliptic\u00a0leaf<\/p>\n<p>springs,\u00a0hydraulic\u00a0telescopic\u00a0double-action\u00a0shock\u00a0absorbers\u00a0and\u00a0stabilizer Rear<\/p>\n<p>suspension:12\u00a0leaf\u00a0semi-elliptic\u00a0springs,\u00a0bogie\u00a0spring\u00a0and\u00a0stabilizer<\/td>\n<\/tr>\n<tr>\n<td>Frein<\/td>\n<td>Service\u00a0brake:\u00a0dual\u00a0circuit\u00a0compressed\u00a0air\u00a0brakeParking\u00a0brake\u00a0(emergency\u00a0brake):<\/p>\n<p>spring\u00a0energy,\u00a0compressed\u00a0air\u00a0operating\u00a0on\u00a0front\u00a0shaft\u00a0and\u00a0rear\u00a0wheelsAuxiliary<\/p>\n<p>brake:\u00a0engine\u00a0exhaust\u00a0brake<\/td>\n<\/tr>\n<tr>\n<td>\u00c9lectricit\u00e9<\/td>\n<td>Tension de fonctionnement : 24 V, mise \u00e0 la terre n\u00e9gative D\u00e9marreur : 24 V,<\/p>\n<p data-spm-anchor-id=\"a2700.details.0.i46.16c373141pu0pz\">Alternateur 5,4 Kw : Triphas\u00e9, 28 V, 1500 W Batteries : 2 x 12 V, 165 Ah Allume-cigare, klaxon, phares, feux antibrouillard, feux de freinage, clignotants et feu de recul<\/p>\n<\/td>\n<\/tr>\n<tr>\n<td>Pneus<\/td>\n<td>12.00r20, pneus radiaux avec une roue de secours.<\/td>\n<\/tr>\n<tr>\n<td>R\u00e9servoir de carburant<\/td>\n<td>300 L<\/td>\n<\/tr>\n<tr>\n<td>Cargo Body<\/td>\n<td>7600*2300*1500 mm, plancher 8 mm et c\u00f4t\u00e9 6 mm,<\/td>\n<\/tr>\n<tr>\n<td>Dimension globale<\/td>\n<td>11200*2550*3500 mm<\/td>\n<\/tr>\n<\/tbody>\n<\/table>\n<\/div>\n<\/div>\n<div id=\"ali-anchor-AliPostDhMb-8acxo\" class=\"mceSectionContainer\" data-section-title=\"Our Services\" data-section=\"AliPostDhMb-8acxo\">\n<div id=\"ali-title-AliPostDhMb-8acxo\">Nos services<\/div>\n<div>\n<p>\u00a0<img fetchpriority=\"high\" decoding=\"async\" src=\"https:\/\/sc04.alicdn.com\/kf\/Hbc04fbc3fc994366af3e81ad9781113aQ\/205957178\/Hbc04fbc3fc994366af3e81ad9781113aQ.jpg\" alt=\"SINO TRUCK 12 Wheeler  HOWO  8x4  Sinotruck NEW AND USED HOWO Dump Truck Tipper Truck\" width=\"699\" height=\"786\" data-src=\"\/\/sc04.alicdn.com\/kf\/Hbc04fbc3fc994366af3e81ad9781113aQ\/205957178\/Hbc04fbc3fc994366af3e81ad9781113aQ.jpg\" data-alt=\"SINO TRUCK 12 Wheeler  HOWO  8x4  Sinotruck NEW AND USED HOWO Dump Truck Tipper Truck\" data-width=\"699\" data-height=\"786\" \/><img decoding=\"async\" src=\"https:\/\/sc04.alicdn.com\/kf\/Hd427248499e945e4a08640745c75aaf0b\/205957178\/Hd427248499e945e4a08640745c75aaf0b.jpg\" alt=\"SINO TRUCK 12 Wheeler  HOWO  8x4  Sinotruck NEW AND USED HOWO Dump Truck Tipper Truck\" width=\"698\" height=\"785\" data-src=\"\/\/sc04.alicdn.com\/kf\/Hd427248499e945e4a08640745c75aaf0b\/205957178\/Hd427248499e945e4a08640745c75aaf0b.jpg\" data-alt=\"SINO TRUCK 12 Wheeler  HOWO  8x4  Sinotruck NEW AND USED HOWO Dump Truck Tipper Truck\" data-width=\"698\" data-height=\"785\" \/><\/p>\n<\/div>\n<\/div>\n<div id=\"ali-anchor-AliPostDhMb-4pexm\" class=\"mceSectionContainer\" data-section-title=\"Packaging &amp; Shipping\" data-section=\"AliPostDhMb-4pexm\">\n<div id=\"ali-title-AliPostDhMb-4pexm\"><\/div>\n<\/div>\n<\/div>\n<\/div>","protected":false},"excerpt":{"rendered":"<p>Overview Product Description HOWO 6\u00d74 Dump Truck Driving Type Left Hand Driving Cabin HW76 Engine Make : SINOTRUK wd615.47 Transmission HW19712, 12F &amp; 2R, avec PTO Direction Direction assist\u00e9e ZF, mod\u00e8le ZF8118, direction hydraulique avec assistance Essieu avant HF9 x2 Direction avec poutre \u00e0 double section transversale Essieu arri\u00e8re HC16, 2\u00d716000 KGCarter d'essieu comprim\u00e9, r\u00e9duction centrale unique avec r\u00e9duction dans les moyeux et avec blocages diff\u00e9rentiels entre les roues et les essieux.Rapport:5.73 Arbre de transmission Arbre de transmission \u00e0 double joint universel avec bride d'accouplement en forme d'engrenage Ch\u00e2ssis Cadre : Ch\u00e2ssis en \u00e9chelle parall\u00e8le \u00e0 profil en U avec section de 300x80x8mm, et sous-ch\u00e2ssis renforc\u00e9, toutes les traverses \u00e9tant rivet\u00e9es \u00e0 froid Suspension avant : 10 ressorts \u00e0 lames semi-elliptiques, amortisseurs hydrauliques t\u00e9lescopiques \u00e0 double action et stabilisateur Suspension arri\u00e8re : 12 ressorts \u00e0 lames semi-elliptiques, ressort de bogie et stabilisateur Frein Frein de service : frein \u00e0 air comprim\u00e9 \u00e0 double circuitFrein de stationnement (frein d'urgence) : \u00e9nergie du ressort, air comprim\u00e9 fonctionnant sur l'arbre avant et les roues arri\u00e8reFrein auxiliaire : frein d'\u00e9chappement du moteur \u00c9lectricit\u00e9 Tension de service : 24 V, mise \u00e0 la terre n\u00e9gative D\u00e9marreur : 24 V, 5.4 Kw Alternateur : Triphas\u00e9, 28 V, 1500 W Batteries : 2 x 12 V, 165 Ah Allume-cigare, klaxon, phares, feux de brouillard, feux de freinage, clignotants et feu de recul Pneus 12.00r20, pneus radiaux avec une roue de secours....<\/p>","protected":false},"featured_media":765,"comment_status":"open","ping_status":"closed","template":"","meta":{"_seopress_robots_primary_cat":"","_seopress_titles_title":"","_seopress_titles_desc":"","_seopress_robots_index":"","_kad_post_transparent":"default","_kad_post_title":"","_kad_post_layout":"default","_kad_post_sidebar_id":"","_kad_post_content_style":"default","_kad_post_vertical_padding":"default","_kad_post_feature":"","_kad_post_feature_position":"","_kad_post_header":false,"_kad_post_footer":false,"_kad_post_classname":""},"product_brand":[],"product_cat":[34],"product_tag":[],"class_list":{"0":"post-764","1":"product","2":"type-product","3":"status-publish","4":"has-post-thumbnail","6":"product_cat-dump-truck","8":"first","9":"instock","10":"shipping-taxable","11":"product-type-simple","12":"entry","13":"content-bg","14":"loop-entry"},"_links":{"self":[{"href":"https:\/\/kdzgtruck.com\/fr\/wp-json\/wp\/v2\/product\/764","targetHints":{"allow":["GET"]}}],"collection":[{"href":"https:\/\/kdzgtruck.com\/fr\/wp-json\/wp\/v2\/product"}],"about":[{"href":"https:\/\/kdzgtruck.com\/fr\/wp-json\/wp\/v2\/types\/product"}],"replies":[{"embeddable":true,"href":"https:\/\/kdzgtruck.com\/fr\/wp-json\/wp\/v2\/comments?post=764"}],"wp:featuredmedia":[{"embeddable":true,"href":"https:\/\/kdzgtruck.com\/fr\/wp-json\/wp\/v2\/media\/765"}],"wp:attachment":[{"href":"https:\/\/kdzgtruck.com\/fr\/wp-json\/wp\/v2\/media?parent=764"}],"wp:term":[{"taxonomy":"product_brand","embeddable":true,"href":"https:\/\/kdzgtruck.com\/fr\/wp-json\/wp\/v2\/product_brand?post=764"},{"taxonomy":"product_cat","embeddable":true,"href":"https:\/\/kdzgtruck.com\/fr\/wp-json\/wp\/v2\/product_cat?post=764"},{"taxonomy":"product_tag","embeddable":true,"href":"https:\/\/kdzgtruck.com\/fr\/wp-json\/wp\/v2\/product_tag?post=764"}],"curies":[{"name":"wp","href":"https:\/\/api.w.org\/{rel}","templated":true}]}}