{"id":755,"date":"2024-11-08T19:31:41","date_gmt":"2024-11-08T11:31:41","guid":{"rendered":"https:\/\/kdzgtruck.com\/?post_type=product&#038;p=755"},"modified":"2024-11-08T19:31:41","modified_gmt":"2024-11-08T11:31:41","slug":"3-axles-40-cubic-meter-dump-trailer-tipper-semi-trailer-for-sale","status":"publish","type":"product","link":"https:\/\/kdzgtruck.com\/fr\/produit\/3-axles-40-cubic-meter-dump-trailer-tipper-semi-trailer-for-sale\/","title":{"rendered":"3 essieux 40 m\u00e8tres cubes remorque benne basculante Semi-remorque \u00e0 vendre"},"content":{"rendered":"<div class=\"module_product_packaging_and_quick_detail\">\n<div class=\"widget-detail-overview\">\n<div class=\"do-title\" data-spm-anchor-id=\"a2700.details.0.i43.6b42229bYL5gIM\">Vue d'ensemble<\/div>\n<div id=\"car-parts-model\"><\/div>\n<\/div>\n<\/div>\n<div class=\"module_detail_video\"><\/div>\n<div class=\"module_product_specification\">\n<div id=\"J-rich-text-description\" class=\"richtext richtext-detail rich-text-description\">\n<p>&nbsp;<\/p>\n<table class=\"aliDataTable\" border=\"1\" cellspacing=\"0\" cellpadding=\"0\">\n<tbody>\n<tr align=\"left\">\n<td valign=\"top\">Poids<\/td>\n<td valign=\"top\">&nbsp;<\/td>\n<\/tr>\n<tr align=\"left\">\n<td valign=\"top\">\u00a0\u00a0 Poids de tare<\/td>\n<td valign=\"top\">8,5T-10T<\/td>\n<\/tr>\n<tr align=\"left\">\n<td valign=\"top\">\u00a0\u00a0 Charge utile<\/td>\n<td valign=\"top\">60T(27m3)<\/td>\n<\/tr>\n<tr align=\"left\">\n<td valign=\"top\">\u00a0\u00a0 Poids de l'essieu<\/td>\n<td valign=\"top\">14T\/16T\/20T par essieu<\/td>\n<\/tr>\n<tr align=\"left\">\n<td valign=\"top\">Sp\u00e9cifications<\/td>\n<td valign=\"top\">&nbsp;<\/td>\n<\/tr>\n<tr align=\"left\">\n<td valign=\"top\">\u00a0\u00a0 Num\u00e9ro d'essieu<\/td>\n<td valign=\"top\">3<\/td>\n<\/tr>\n<tr align=\"left\">\n<td valign=\"top\">\u00a0\u00a0 Marque de l'essieu<\/td>\n<td valign=\"top\">Fuwa\/hj\/bpw<\/td>\n<\/tr>\n<tr align=\"left\">\n<td valign=\"top\">Suspension<\/td>\n<td valign=\"top\">Suspension m\u00e9canique<\/td>\n<\/tr>\n<tr align=\"left\">\n<td valign=\"top\">Kingpin<\/td>\n<td valign=\"top\">JOST50#\/90# goupille de traction<\/td>\n<\/tr>\n<tr align=\"left\">\n<td valign=\"top\">Dimensions (L*L*H)<\/td>\n<td valign=\"top\">9500x2500x3000(inner)<\/td>\n<\/tr>\n<tr align=\"left\">\n<td valign=\"top\">Jante<\/td>\n<td valign=\"top\">8,8 12 pi\u00e8ces<\/td>\n<\/tr>\n<tr align=\"left\">\n<td valign=\"top\">Syst\u00e8me de levage<\/td>\n<td valign=\"top\">marque internationale hyva<\/td>\n<\/tr>\n<tr align=\"left\">\n<td valign=\"top\">Ressort en acier<\/td>\n<td valign=\"top\">10 pi\u00e8ces<\/td>\n<\/tr>\n<tr align=\"left\">\n<td valign=\"top\">Pneu<\/td>\n<td valign=\"top\">&nbsp;<\/td>\n<\/tr>\n<tr align=\"left\">\n<td valign=\"top\">Caract\u00e9ristiques des pneus<\/td>\n<td valign=\"top\">12.00-20 marque triangle<\/td>\n<\/tr>\n<tr align=\"left\">\n<td valign=\"top\">Nombre de pneus<\/td>\n<td valign=\"top\">12 pi\u00e8ces<\/td>\n<\/tr>\n<tr align=\"left\">\n<td valign=\"top\">Porte-roues de secours<\/td>\n<td valign=\"top\">2 pi\u00e8ces<\/td>\n<\/tr>\n<tr align=\"left\">\n<td valign=\"top\">Cadre<\/td>\n<td valign=\"top\">&nbsp;<\/td>\n<\/tr>\n<tr align=\"left\">\n<td valign=\"top\">Poutre de cadre<\/td>\n<td valign=\"top\">Les plaques sup\u00e9rieure et inf\u00e9rieure sont de 20 mm, la plaque centrale est de 10 mm (double\/trois plaques) et la hauteur est de 500 mm.<\/td>\n<\/tr>\n<tr align=\"left\">\n<td valign=\"top\">Plancher du cadre<\/td>\n<td valign=\"top\">L'\u00e9paisseur est de 3 mm \u00e0 plat<\/td>\n<\/tr>\n<tr align=\"left\">\n<td valign=\"top\">Frein<\/td>\n<td valign=\"top\">&nbsp;<\/td>\n<\/tr>\n<tr align=\"left\">\n<td valign=\"top\">Marque de frein<\/td>\n<td valign=\"top\">Marque Kemi de Chine<\/td>\n<\/tr>\n<tr align=\"left\">\n<td valign=\"top\">Chambre de frein<\/td>\n<td valign=\"top\">Deux chambres doubles et deux chambres simples (marque TKL)<\/td>\n<\/tr>\n<tr align=\"left\">\n<td valign=\"top\">ABS<\/td>\n<td valign=\"top\">Kemi brand of china (4s\/2m)<\/td>\n<\/tr>\n<tr align=\"left\">\n<td valign=\"top\">Syst\u00e8me \u00e9lectrique<\/td>\n<td valign=\"top\">&nbsp;<\/td>\n<\/tr>\n<tr align=\"left\">\n<td valign=\"top\">Tension<\/td>\n<td valign=\"top\">24v<\/td>\n<\/tr>\n<tr align=\"left\">\n<td valign=\"top\">R\u00e9ceptacle<\/td>\n<td valign=\"top\">7ways(harnais \u00e0 7 fils)<\/td>\n<\/tr>\n<tr align=\"left\">\n<td valign=\"top\">Couleur claire<\/td>\n<td valign=\"top\">&nbsp;<\/td>\n<\/tr>\n<tr align=\"left\">\n<td valign=\"top\">Feu de position lat\u00e9ral<\/td>\n<td valign=\"top\">orange<\/td>\n<\/tr>\n<tr align=\"left\">\n<td valign=\"top\">Feu arri\u00e8re<\/td>\n<td valign=\"top\">rouge<\/td>\n<\/tr>\n<tr align=\"left\">\n<td valign=\"top\">Feu clignotant<\/td>\n<td valign=\"top\">orange<\/td>\n<\/tr>\n<tr align=\"left\">\n<td valign=\"top\">Patte d'appui<\/td>\n<td valign=\"top\">JOST D200T<\/td>\n<\/tr>\n<\/tbody>\n<\/table>\n<p>&nbsp;<\/p>\n<p>nos produits :<\/p>\n<p>&nbsp;<\/p>\n<p><strong>semi-remorque \u00e0 caisse<\/strong>:semi-remorque \u00e0 parois lat\u00e9rales, semi-remorque \u00e0 ridelles, semi-remorque \u00e0 cl\u00f4ture, semi-remorque fourgon, semi-remorque cargo<\/p>\n<p>&nbsp;<\/p>\n<p><strong>semi-remorque \u00e0 plateau<\/strong>Semi-remorque surbaiss\u00e9e, semi-remorque surbaiss\u00e9e avec support d'\u00e9chelle, semi-remorque surbaiss\u00e9e pour conteneur<\/p>\n<p>&nbsp;<\/p>\n<p>&nbsp;<\/p>\n<p><strong>camion-citerne semi-remorque<\/strong>semi-remorque \u00e0 carburant, semi-remorque \u00e0 ciment, semi-remorque \u00e0 ciment en vrac<\/p>\n<p><strong>semi-remorque \u00e0 benne basculante<\/strong>: remorque \u00e0 benne basculante, remorque \u00e0 benne basculante lat\u00e9rale, remorque \u00e0 benne basculante plate, remorque \u00e0 benne basculante semi-fourgonnette<\/p>\n<p>&nbsp;<\/p>\n<div id=\"ali-anchor-AliPostDhMb-svise\" class=\"mceSectionContainer\" data-section=\"AliPostDhMb-svise\" data-section-title=\"Packaging &amp; Shipping\">\n<div id=\"ali-title-AliPostDhMb-svise\">Emballage et exp\u00e9dition<\/div>\n<div>\n<p>\u00a0<img decoding=\"async\" src=\"https:\/\/sc04.alicdn.com\/kf\/Hab533883782f44feb478e0825242386aJ\/205957178\/Hab533883782f44feb478e0825242386aJ.jpg\" alt=\"3 Axles 40 cubic meter Dump Trailer Tipper Semi-Trailer For Sale\" width=\"750\" height=\"937.5\" data-src=\"\/\/sc04.alicdn.com\/kf\/Hab533883782f44feb478e0825242386aJ\/205957178\/Hab533883782f44feb478e0825242386aJ.jpg\" data-alt=\"3 Axles 40 cubic meter Dump Trailer Tipper Semi-Trailer For Sale\" \/><\/p>\n<\/div>\n<\/div>\n<p>&nbsp;<\/p>\n<p>&nbsp;<\/p>\n<div id=\"ali-anchor-AliPostDhMb-iasd6\" class=\"mceSectionContainer\" data-section=\"AliPostDhMb-iasd6\" data-section-title=\"Company Information\">\n<div id=\"ali-title-AliPostDhMb-iasd6\">Informations sur l'entreprise<\/div>\n<div>\n<p>&nbsp;<\/p>\n<\/div>\n<\/div>\n<p>&nbsp;<\/p>\n<p>&nbsp;<\/p>\n<p><img decoding=\"async\" src=\"https:\/\/sc04.alicdn.com\/kf\/H8d892f1b61fd477dacd7cdb76e0313c6Z\/205957178\/H8d892f1b61fd477dacd7cdb76e0313c6Z.jpg\" alt=\"3 Axles 40 cubic meter Dump Trailer Tipper Semi-Trailer For Sale\" width=\"750\" height=\"1415.0943396226414\" data-src=\"\/\/sc04.alicdn.com\/kf\/H8d892f1b61fd477dacd7cdb76e0313c6Z\/205957178\/H8d892f1b61fd477dacd7cdb76e0313c6Z.jpg\" data-alt=\"3 Axles 40 cubic meter Dump Trailer Tipper Semi-Trailer For Sale\" \/><\/p>\n<div id=\"ali-anchor-AliPostDhMb-enbcr\" class=\"mceSectionContainer\" data-section=\"AliPostDhMb-enbcr\" data-section-title=\"Our Services\">\n<div id=\"ali-title-AliPostDhMb-enbcr\">Nos services<\/div>\n<div>\n<p>&nbsp;<\/p>\n<\/div>\n<\/div>\n<p><img fetchpriority=\"high\" decoding=\"async\" src=\"https:\/\/sc04.alicdn.com\/kf\/H695f70ede0304aa4b620892c156a80fcJ\/205957178\/H695f70ede0304aa4b620892c156a80fcJ.jpg\" alt=\"3 Axles 40 cubic meter Dump Trailer Tipper Semi-Trailer For Sale\" width=\"750\" height=\"1250\" data-src=\"\/\/sc04.alicdn.com\/kf\/H695f70ede0304aa4b620892c156a80fcJ\/205957178\/H695f70ede0304aa4b620892c156a80fcJ.jpg\" data-alt=\"3 Axles 40 cubic meter Dump Trailer Tipper Semi-Trailer For Sale\" \/><\/p>\n<\/div>\n<\/div>","protected":false},"excerpt":{"rendered":"<p>Vue d'ensemble Poids Poids \u00e0 vide 8.5T-10T Charge utile 60T(27m3) Poids \u00e0 l'essieu 14T\/16T\/20T par essieu Sp\u00e9cification Nombre d'essieux 3 Marque de l'essieu Fuwa\/hj\/bpw Suspension Suspension m\u00e9canique Axe de traction JOST50#\/90# Dimensions(L*L*H) 9500x2500x3000(int\u00e9rieur) Jante 8.8 12 pi\u00e8ces Syst\u00e8me de levage hyva marque internationale Ressort en acier 10 pi\u00e8ces Pneumatique Sp\u00e9cifications des pneus 12.00-20 marque triangle Nombre de...<\/p>","protected":false},"featured_media":756,"comment_status":"open","ping_status":"closed","template":"","meta":{"_seopress_robots_primary_cat":"","_seopress_titles_title":"","_seopress_titles_desc":"","_seopress_robots_index":"","_kad_post_transparent":"default","_kad_post_title":"","_kad_post_layout":"default","_kad_post_sidebar_id":"","_kad_post_content_style":"default","_kad_post_vertical_padding":"default","_kad_post_feature":"","_kad_post_feature_position":"","_kad_post_header":false,"_kad_post_footer":false,"_kad_post_classname":""},"product_brand":[],"product_cat":[33],"product_tag":[],"class_list":{"0":"post-755","1":"product","2":"type-product","3":"status-publish","4":"has-post-thumbnail","6":"product_cat-dump-trailer","8":"first","9":"instock","10":"shipping-taxable","11":"product-type-simple","12":"entry","13":"content-bg","14":"loop-entry"},"_links":{"self":[{"href":"https:\/\/kdzgtruck.com\/fr\/wp-json\/wp\/v2\/product\/755","targetHints":{"allow":["GET"]}}],"collection":[{"href":"https:\/\/kdzgtruck.com\/fr\/wp-json\/wp\/v2\/product"}],"about":[{"href":"https:\/\/kdzgtruck.com\/fr\/wp-json\/wp\/v2\/types\/product"}],"replies":[{"embeddable":true,"href":"https:\/\/kdzgtruck.com\/fr\/wp-json\/wp\/v2\/comments?post=755"}],"wp:featuredmedia":[{"embeddable":true,"href":"https:\/\/kdzgtruck.com\/fr\/wp-json\/wp\/v2\/media\/756"}],"wp:attachment":[{"href":"https:\/\/kdzgtruck.com\/fr\/wp-json\/wp\/v2\/media?parent=755"}],"wp:term":[{"taxonomy":"product_brand","embeddable":true,"href":"https:\/\/kdzgtruck.com\/fr\/wp-json\/wp\/v2\/product_brand?post=755"},{"taxonomy":"product_cat","embeddable":true,"href":"https:\/\/kdzgtruck.com\/fr\/wp-json\/wp\/v2\/product_cat?post=755"},{"taxonomy":"product_tag","embeddable":true,"href":"https:\/\/kdzgtruck.com\/fr\/wp-json\/wp\/v2\/product_tag?post=755"}],"curies":[{"name":"wp","href":"https:\/\/api.w.org\/{rel}","templated":true}]}}