{"id":733,"date":"2024-11-08T17:13:41","date_gmt":"2024-11-08T09:13:41","guid":{"rendered":"https:\/\/kdzgtruck.com\/?post_type=product&#038;p=733"},"modified":"2024-11-08T17:13:41","modified_gmt":"2024-11-08T09:13:41","slug":"on-sale-hydraulic-heavy-duty-extendable-detachable-gooseneck-40-feet-lowbody-lowbed-low-bed-trailer","status":"publish","type":"product","link":"https:\/\/kdzgtruck.com\/fr\/produit\/on-sale-hydraulic-heavy-duty-extendable-detachable-gooseneck-40-feet-lowbody-lowbed-low-bed-trailer\/","title":{"rendered":"En vente Hydraulic Heavy Duty Extendable Detachable Gooseneck 40 Feet Lowbody Low Bed Trailer"},"content":{"rendered":"<div class=\"J_module\">\n<div class=\"detail-decorate-json-renderer-container\">\n<div class=\"magic-0\">\n<div class=\"magic-1\">\n<div class=\"magic-2\">\n<div class=\"magic-3\"><b class=\"magic-10\"><span class=\"magic-4\" data-spm-anchor-id=\"a2700.details.0.i41.52ad3accmEU8wj\">Sp\u00e9cifications<\/span><\/b><\/div>\n<\/div>\n<\/div>\n<\/div>\n<\/div>\n<\/div>\n<div class=\"J_module\">\n<div class=\"ife-detail-decorate-table\">\n<table class=\"all magic-17\">\n<tbody>\n<tr>\n<td colspan=\"1\" rowspan=\"1\">\n<div class=\"magic-18\"><\/div>\n<\/td>\n<td colspan=\"1\" rowspan=\"1\">\n<div class=\"magic-19\">3 Axle<\/div>\n<\/td>\n<td colspan=\"1\" rowspan=\"1\">\n<div class=\"magic-20\">4 Axle<\/div>\n<\/td>\n<\/tr>\n<tr>\n<td colspan=\"1\" rowspan=\"1\">\n<div class=\"magic-18\">Application<\/div>\n<\/td>\n<td colspan=\"1\" rowspan=\"1\">\n<div class=\"magic-19\">Heavy Duty Loading<\/div>\n<\/td>\n<td colspan=\"1\" rowspan=\"1\">\n<div class=\"magic-20\">Heavy Duty Loading<\/div>\n<\/td>\n<\/tr>\n<tr>\n<td colspan=\"1\" rowspan=\"1\">\n<div class=\"magic-18\">Loading Capacity<\/div>\n<\/td>\n<td colspan=\"1\" rowspan=\"1\">\n<div class=\"magic-19\">30 &#8211; 120 Tons<\/div>\n<\/td>\n<td colspan=\"1\" rowspan=\"1\">\n<div class=\"magic-20\">30 &#8211; 160Tons<\/div>\n<\/td>\n<\/tr>\n<tr>\n<td colspan=\"1\" rowspan=\"1\">\n<div class=\"magic-18\">L*W*H<\/div>\n<\/td>\n<td colspan=\"1\" rowspan=\"1\">\n<div class=\"magic-19\">13000*3000*1760mm<\/div>\n<\/td>\n<td colspan=\"1\" rowspan=\"1\">\n<div class=\"magic-20\">13000*3000*1760mm<\/div>\n<\/td>\n<\/tr>\n<tr>\n<td colspan=\"1\" rowspan=\"1\">\n<div class=\"magic-18\">Ladder<\/div>\n<\/td>\n<td colspan=\"1\" rowspan=\"1\">\n<div class=\"magic-19\">Mechanical Spring\/Hydraulic<\/div>\n<\/td>\n<td colspan=\"1\" rowspan=\"1\">\n<div class=\"magic-20\">Mechanical Spring\/Hydraulic<\/div>\n<\/td>\n<\/tr>\n<tr>\n<td colspan=\"1\" rowspan=\"1\">\n<div class=\"magic-18\">Goose Neck Detachable<\/div>\n<\/td>\n<td colspan=\"1\" rowspan=\"1\">\n<div class=\"magic-19\">Available<\/div>\n<\/td>\n<td colspan=\"1\" rowspan=\"1\">\n<div class=\"magic-20\">Available<\/div>\n<\/td>\n<\/tr>\n<tr>\n<td colspan=\"1\" rowspan=\"1\">\n<div class=\"magic-18\">Multi-Axles<\/div>\n<\/td>\n<td colspan=\"1\" rowspan=\"1\">\n<div class=\"magic-19\">Available<\/div>\n<\/td>\n<td colspan=\"1\" rowspan=\"1\">\n<div class=\"magic-20\">Available<\/div>\n<\/td>\n<\/tr>\n<tr>\n<td colspan=\"1\" rowspan=\"1\">\n<div class=\"magic-18\">Steering Axles<\/div>\n<\/td>\n<td colspan=\"1\" rowspan=\"1\">\n<div class=\"magic-19\">Available<\/div>\n<\/td>\n<td colspan=\"1\" rowspan=\"1\">\n<div class=\"magic-20\">Available<\/div>\n<\/td>\n<\/tr>\n<tr>\n<td colspan=\"1\" rowspan=\"1\">\n<div class=\"magic-18\">Tire Style<\/div>\n<\/td>\n<td colspan=\"1\" rowspan=\"1\">\n<div class=\"magic-19\">Covered or Uncovered<\/div>\n<\/td>\n<td colspan=\"1\" rowspan=\"1\">\n<div class=\"magic-20\">Covered or Uncovered<\/div>\n<\/td>\n<\/tr>\n<tr>\n<td colspan=\"1\" rowspan=\"5\">\n<div class=\"magic-18\">Poutre principale<\/div>\n<\/td>\n<td colspan=\"2\" rowspan=\"1\">\n<div class=\"magic-21\">Material: Q345\/T700<\/div>\n<\/td>\n<\/tr>\n<tr>\n<td colspan=\"2\" rowspan=\"1\">\n<div class=\"magic-21\">Height: 500mm<\/div>\n<\/td>\n<\/tr>\n<tr>\n<td colspan=\"2\" rowspan=\"1\">\n<div class=\"magic-21\">Upper Plate: 24mm<\/div>\n<\/td>\n<\/tr>\n<tr>\n<td colspan=\"2\" rowspan=\"1\">\n<div class=\"magic-21\">Middle Plate: 14mm<\/div>\n<\/td>\n<\/tr>\n<tr>\n<td colspan=\"2\" rowspan=\"1\">\n<div class=\"magic-21\">Lower Plate: 26mm<\/div>\n<\/td>\n<\/tr>\n<tr>\n<td colspan=\"1\" rowspan=\"1\">\n<div class=\"magic-18\">Platform Thickness<\/div>\n<\/td>\n<td colspan=\"2\" rowspan=\"1\">\n<div class=\"magic-21\">4mm<\/div>\n<\/td>\n<\/tr>\n<tr>\n<td colspan=\"1\" rowspan=\"1\">\n<div class=\"magic-18\">Essieu<\/div>\n<\/td>\n<td colspan=\"2\" rowspan=\"1\">\n<div class=\"magic-21\">3\/4 Axles *13\/16 Ton<br \/>\nFUWA\/BPW\/Other<\/div>\n<\/td>\n<\/tr>\n<tr>\n<td colspan=\"1\" rowspan=\"1\">\n<div class=\"magic-18\">Pneu<\/div>\n<\/td>\n<td colspan=\"2\" rowspan=\"1\">\n<div class=\"magic-21\">12R22.5\/8.25r20 (12\/16 Pieces)<br \/>\nLinglong\/Triangle\/Double-Coin\/Bridgestone\/Other<\/div>\n<\/td>\n<\/tr>\n<tr>\n<td colspan=\"1\" rowspan=\"1\">\n<div class=\"magic-18\">Jante<\/div>\n<\/td>\n<td colspan=\"2\" rowspan=\"1\">\n<div class=\"magic-21\">9.00*22.5\/6.5-20 (12\/16 Pieces)<br \/>\nSteel\/Aluminum<\/div>\n<\/td>\n<\/tr>\n<tr>\n<td colspan=\"1\" rowspan=\"1\">\n<div class=\"magic-18\">Leaf Spring<\/div>\n<\/td>\n<td colspan=\"2\" rowspan=\"1\">\n<div class=\"magic-21\">90mm*13mm*10\/90mm*16mm*10Pcs<\/div>\n<\/td>\n<\/tr>\n<tr>\n<td colspan=\"1\" rowspan=\"1\">\n<div class=\"magic-18\">Syst\u00e8me de suspension<\/div>\n<\/td>\n<td colspan=\"2\" rowspan=\"1\">\n<div class=\"magic-21\">Mechanical\/Air Suspension<\/div>\n<\/td>\n<\/tr>\n<tr>\n<td colspan=\"1\" rowspan=\"1\">\n<div class=\"magic-18\">Ladder<\/div>\n<\/td>\n<td colspan=\"2\" rowspan=\"1\">\n<div class=\"magic-21\">Mechanical Spring\/Hydraulic<\/div>\n<\/td>\n<\/tr>\n<tr>\n<td colspan=\"1\" rowspan=\"1\">\n<div class=\"magic-18\">King Pin<\/div>\n<\/td>\n<td colspan=\"2\" rowspan=\"1\">\n<div class=\"magic-21\">#50(2&#8243;)\/#90(3.5&#8243;)<br \/>\nJOST\/Other Brand,Changeable<\/div>\n<\/td>\n<\/tr>\n<tr>\n<td colspan=\"1\" rowspan=\"1\">\n<div class=\"magic-18\">Train d'atterrissage<\/div>\n<\/td>\n<td colspan=\"2\" rowspan=\"1\">\n<div class=\"magic-21\">28 Tons Two Speed<br \/>\nJOST\/Other Brand<\/div>\n<\/td>\n<\/tr>\n<tr>\n<td colspan=\"1\" rowspan=\"1\">\n<div class=\"magic-18\">Bo\u00eete \u00e0 outils<\/div>\n<\/td>\n<td colspan=\"2\" rowspan=\"1\">\n<div class=\"magic-21\">Steel\/Aluminum<\/div>\n<\/td>\n<\/tr>\n<tr>\n<td colspan=\"1\" rowspan=\"1\">\n<div class=\"magic-18\">Widened Parts<\/div>\n<\/td>\n<td colspan=\"2\" rowspan=\"1\">\n<div class=\"magic-21\">Available<\/div>\n<\/td>\n<\/tr>\n<tr>\n<td colspan=\"1\" rowspan=\"1\">\n<div class=\"magic-18\">Peinture<\/div>\n<\/td>\n<td colspan=\"2\" rowspan=\"1\">\n<div class=\"magic-21\">Polyurethane combination painting<\/div>\n<\/td>\n<\/tr>\n<\/tbody>\n<\/table>\n<\/div>\n<\/div>\n<div class=\"J_module\">\n<div class=\"detail-decorate-json-renderer-container\">\n<div class=\"magic-0\">\n<div class=\"magic-1\">\n<div class=\"magic-2\">\n<div class=\"magic-3\"><b class=\"magic-10\"><span class=\"magic-4\" data-spm-anchor-id=\"a2700.details.0.i42.52ad3accmEU8wj\">Mainly Operating Products<\/span><\/b><\/p>\n<div><span class=\"magic-25\">*Dump truck:<br \/>\nHOWO 4&#215;2 dump truck HOWO 6&#215;4 dump truck, HOWO 8&#215;4 dump truck;<br \/>\nHOWO A7 6&#215;4 dump truck, HOWO A7 8&#215;4 dump truck;<br \/>\nSWZ(Golden prince) 4&#215;2 dump truck, SWZ 6&#215;4 dump truck, SWZ 8&#215;4 dump truck<br \/>\nHOHAN dump truck Series.<br \/>\n*Tractor truck:<br \/>\nHOWO 4&#215;2 tractor truck, HOWO 6&#215;2 tractor truck, HOWO 6&#215;4 tractor truck;<br \/>\nHOWO A7 4&#215;2 tractor truck, HOWO A7 6&#215;2 tractor truck, HOWO A7 6&#215;4 tractor truck;<br \/>\nSWZ(Golden prince) 4&#215;2 tractor truck, SWZ 6&#215;2 tractor truck, SWZ 6&#215;4 tractor truck<br \/>\nHOHAN tractor truck Series<br \/>\n*Mixer truck<br \/>\nHOWO 6&#215;4 mixer truck HOWO 8&#215;4 mixer truck ;HOWO A7 mixer truck series SWZ(Golden prince)mixer truck series,HOHAN mixer truck<br \/>\nseries.<br \/>\n*Other truck:<br \/>\nFuel\/oil tanker truck, Water tanker truck,truck Crane, Garbage truck, Sewage suction truck, wood transport truck, terminal tractor<br \/>\ntruck, light truck, refrigerated truck, and so on.<br \/>\n*Truck trailers:<br \/>\nflatbed semi trailer, low bed semi trailer, fuel tanker trailer, LNG tanker trailer, bulk cement trailer, tipping trailer, cargo<br \/>\ntrailer, car carrier trailer, wood transport trailer and so on.<br \/>\n*Shacman truck series.<\/span><\/div>\n<\/div>\n<\/div>\n<\/div>\n<\/div>\n<\/div>\n<\/div>\n<div class=\"J_module\">\n<div class=\"icbu-pc-images magic-5\">\n<div>\n<div class=\"flex-layout-v\">\n<div class=\"flex-layout-h magic-5\">\n<div class=\"magic-28\"><img decoding=\"async\" class=\"magic-29\" src=\"https:\/\/sc04.alicdn.com\/kf\/Hff58eae870364a9e89a1a585143b6e897\/205957178\/Hff58eae870364a9e89a1a585143b6e897.jpg\" data-src=\"\/\/sc04.alicdn.com\/kf\/Hff58eae870364a9e89a1a585143b6e897\/205957178\/Hff58eae870364a9e89a1a585143b6e897.jpg\" \/><\/div>\n<\/div>\n<\/div>\n<\/div>\n<\/div>\n<\/div>\n<div class=\"J_module\">\n<div class=\"detail-decorate-json-renderer-container\">\n<div class=\"magic-0\">\n<div class=\"magic-1\">\n<div class=\"magic-2\">\n<div class=\"magic-3\"><span class=\"magic-4\"><b class=\"magic-10\">CUSTOMER VISIT<\/b><\/span><\/p>\n<div><span class=\"magic-25\">After more than ten years of operation ,we have many customers from Africa, the Middle East, South America,Southeast Asia,Central Asia, Mongolia and Russia. We have a long and pleasant cooperation. Welcome to be our partner.<\/span><\/div>\n<\/div>\n<\/div>\n<\/div>\n<\/div>\n<\/div>\n<\/div>\n<div class=\"J_module\">\n<div class=\"icbu-pc-images magic-5\">\n<div>\n<div class=\"flex-layout-v\">\n<div class=\"flex-layout-h magic-5\">\n<div class=\"magic-30\"><img decoding=\"async\" class=\"magic-31\" src=\"https:\/\/sc04.alicdn.com\/kf\/Hf079779ccc6646ada0c298d6ac38a46bf\/205957178\/Hf079779ccc6646ada0c298d6ac38a46bf.jpg\" data-src=\"\/\/sc04.alicdn.com\/kf\/Hf079779ccc6646ada0c298d6ac38a46bf\/205957178\/Hf079779ccc6646ada0c298d6ac38a46bf.jpg\" \/><\/div>\n<\/div>\n<\/div>\n<\/div>\n<\/div>\n<\/div>\n<div class=\"J_module\">\n<div class=\"detail-decorate-json-renderer-container\">\n<div class=\"magic-0\">\n<div class=\"magic-1\">\n<div class=\"magic-2\">\n<div class=\"magic-3\"><b class=\"magic-10\"><span class=\"magic-4\">Product packaging<\/span><\/b><\/p>\n<div><span class=\"magic-25\">Shipping is a very important link in international trade to ensure the safety of goods,We have a professional customs declarationand delivery team; It can undertake land transportation, container transportation, bulk cargo transportation,ship transportation and other freight transport modes. Provide professional, fast and high-quality shipping services and safe and fast insurance claim settlement services. Let you rest assured is our team&#8217;s highest pursuit.<\/span><\/div>\n<\/div>\n<\/div>\n<\/div>\n<\/div>\n<\/div>\n<\/div>\n<div class=\"J_module\">\n<div class=\"icbu-pc-images magic-5\">\n<div>\n<div class=\"flex-layout-v\">\n<div class=\"flex-layout-h magic-5\">\n<div class=\"magic-32\"><img decoding=\"async\" class=\"magic-33\" src=\"https:\/\/sc04.alicdn.com\/kf\/Hb863f10bba574c169d4d2d7d9ce03c64P\/205957178\/Hb863f10bba574c169d4d2d7d9ce03c64P.jpg\" data-src=\"\/\/sc04.alicdn.com\/kf\/Hb863f10bba574c169d4d2d7d9ce03c64P\/205957178\/Hb863f10bba574c169d4d2d7d9ce03c64P.jpg\" \/><\/div>\n<\/div>\n<\/div>\n<\/div>\n<\/div>\n<\/div>\n<div class=\"J_module\">\n<div class=\"detail-decorate-json-renderer-container\">\n<div class=\"magic-0\">\n<div class=\"magic-1\">\n<div class=\"magic-2\">\n<div class=\"magic-3\"><span class=\"magic-4\"><b class=\"magic-10\">Pourquoi nous choisir ?<\/b><\/span><\/p>\n<div><span class=\"magic-25\">1. qui sommes-nous ?<br \/>\nWe are based in Shandong, China, start from 2010,sell to Africa(35.00%),Africa(35.00%),Southeast<br \/>\nAsia(15.00%),SouthAmerica(15.00%),Southeast Asia(15.00%),Eastern Asia(5.00%),Central America(5.00%),Eastern Europe(5.00%),Domestic<br \/>\nMarket(5.00%),Mid East(5.00%),South Asia(5.00%),Oceania(5.00%),Eastern Asia(5.00%),Central America(5.00%),Eastern<br \/>\nEurope(5.00%),Domestic<br \/>\nMarket(5.00%),Mid East(5.00%). There are total about 11-50 people in our office.<\/p>\n<p>2. Comment pouvons-nous garantir la qualit\u00e9 ?<br \/>\nIl y a toujours un \u00e9chantillon de pr\u00e9production avant la production en s\u00e9rie ;<br \/>\nL'inspection finale est toujours effectu\u00e9e avant l'exp\u00e9dition ;<\/p>\n<p>3.Que pouvez-vous acheter chez nous ?<br \/>\nTruck, Howo Truck, Dump Truck, Tractor Truck, Concrete Mixer Truck, Cargo Truck, Semi Trailer, Flat Bed Trailer, Water Tank<br \/>\nTruck,Oil Tank Truck, Crane Truck, Wheel loader, Truck, Howo Truck, Dump Truck, Cargo Truck, Semi Trailer, Flat Bed Trailer, Water<br \/>\nTankTruck, Oil Tank Truck, Crane Truck<\/p>\n<p>4. Pourquoi devriez-vous acheter chez nous plut\u00f4t que chez d'autres fournisseurs ?<br \/>\nJinan Kunda Heavy Truck Sales Co., Ltd. is located in Jinan and is specialized in manufacturing heavy trucks. With an experienced<br \/>\nand professional team, we have exported our products to many countries and regions all over the world.<\/p>\n<p>5. quels services pouvons-nous fournir ?<br \/>\nConditions de livraison accept\u00e9es : FOB, CFR, CIF, EXW, FAS, CIP, DDP, DAF\uff1b<br \/>\nDevise de paiement accept\u00e9e : USD, EUR, HKD, CNY ;<br \/>\nType de paiement accept\u00e9 : T\/T, L\/C, D\/P D\/A, MoneyGram, carte de cr\u00e9dit, Western Union, esp\u00e8ces ;<br \/>\nLangues parl\u00e9es : anglais, chinois, espagnol, portugais, arabe, fran\u00e7ais, russe<\/p>\n<p>6:How can contact us directly?<br \/>\nA:Name: LISA<br \/>\nMobile phone: +86 189 5317 3306<br \/>\nWechat\/Whatsapp: + 86 1895317 3306<br \/>\nEmail: sinotrukhowo@howozhongka.com<br \/>\nFax:+86 0531 62312699<\/span><\/div>\n<\/div>\n<\/div>\n<\/div>\n<\/div>\n<\/div>\n<\/div>","protected":false},"excerpt":{"rendered":"<p>Sp\u00e9cification 3 essieux 4 essieux Application Chargement lourd Chargement lourd Capacit\u00e9 de chargement 30 - 120 tonnes 30 - 160 tonnes L*L*H 13000*3000*1760mm 13000*3000*1760mm \u00c9chelle Ressort m\u00e9canique\/hydraulique Ressort m\u00e9canique\/hydraulique Col de cygne d\u00e9tachable Disponible Disponible Multi-essieux Disponible Disponible Essieux directeurs disponibles Disponible Style de pneu Couvert ou non Couvert Couvert ou non Couvert Mat\u00e9riau de la poutre principale : Q345\/T700 Hauteur : 500mm...<\/p>","protected":false},"featured_media":734,"comment_status":"open","ping_status":"closed","template":"","meta":{"_seopress_robots_primary_cat":"","_seopress_titles_title":"","_seopress_titles_desc":"","_seopress_robots_index":"","_kad_post_transparent":"default","_kad_post_title":"","_kad_post_layout":"default","_kad_post_sidebar_id":"","_kad_post_content_style":"default","_kad_post_vertical_padding":"default","_kad_post_feature":"","_kad_post_feature_position":"","_kad_post_header":false,"_kad_post_footer":false,"_kad_post_classname":""},"product_brand":[],"product_cat":[32],"product_tag":[],"class_list":{"0":"post-733","1":"product","2":"type-product","3":"status-publish","4":"has-post-thumbnail","6":"product_cat-lowbed-trailer","8":"first","9":"instock","10":"shipping-taxable","11":"product-type-simple","12":"entry","13":"content-bg","14":"loop-entry"},"_links":{"self":[{"href":"https:\/\/kdzgtruck.com\/fr\/wp-json\/wp\/v2\/product\/733","targetHints":{"allow":["GET"]}}],"collection":[{"href":"https:\/\/kdzgtruck.com\/fr\/wp-json\/wp\/v2\/product"}],"about":[{"href":"https:\/\/kdzgtruck.com\/fr\/wp-json\/wp\/v2\/types\/product"}],"replies":[{"embeddable":true,"href":"https:\/\/kdzgtruck.com\/fr\/wp-json\/wp\/v2\/comments?post=733"}],"wp:featuredmedia":[{"embeddable":true,"href":"https:\/\/kdzgtruck.com\/fr\/wp-json\/wp\/v2\/media\/734"}],"wp:attachment":[{"href":"https:\/\/kdzgtruck.com\/fr\/wp-json\/wp\/v2\/media?parent=733"}],"wp:term":[{"taxonomy":"product_brand","embeddable":true,"href":"https:\/\/kdzgtruck.com\/fr\/wp-json\/wp\/v2\/product_brand?post=733"},{"taxonomy":"product_cat","embeddable":true,"href":"https:\/\/kdzgtruck.com\/fr\/wp-json\/wp\/v2\/product_cat?post=733"},{"taxonomy":"product_tag","embeddable":true,"href":"https:\/\/kdzgtruck.com\/fr\/wp-json\/wp\/v2\/product_tag?post=733"}],"curies":[{"name":"wp","href":"https:\/\/api.w.org\/{rel}","templated":true}]}}