{"id":731,"date":"2024-11-08T17:11:28","date_gmt":"2024-11-08T09:11:28","guid":{"rendered":"https:\/\/kdzgtruck.com\/?post_type=product&#038;p=731"},"modified":"2024-11-08T17:11:29","modified_gmt":"2024-11-08T09:11:29","slug":"heavy-duty-3-axles-60-80-tons-low-bed-semi-trailer-for-sale-in-dubai","status":"publish","type":"product","link":"https:\/\/kdzgtruck.com\/fr\/produit\/heavy-duty-3-axles-60-80-tons-low-bed-semi-trailer-for-sale-in-dubai\/","title":{"rendered":"Semi-remorque surbaiss\u00e9e \u00e0 3 essieux 60-80 tonnes \u00e0 vendre \u00e0 Duba\u00ef"},"content":{"rendered":"<div id=\"ali-anchor-AliPostDhMb-jdedr\" class=\"mceSectionContainer\" data-section=\"AliPostDhMb-jdedr\" data-section-title=\"Product Description\">\n<div id=\"ali-title-AliPostDhMb-jdedr\"><span data-spm-anchor-id=\"a2700.details.0.i43.171633a0hnZBYL\">Description du produit<\/span><\/div>\n<div>\n<p>&nbsp;<\/p>\n<\/div>\n<\/div>\n<p>&nbsp;<\/p>\n<table class=\"aliDataTable\">\n<tbody>\n<tr align=\"left\">\n<td valign=\"middle\">Mod\u00e8le de remorque<\/td>\n<td valign=\"middle\">Semi-remorque surbaiss\u00e9e \u00e0 4 essieux<\/td>\n<\/tr>\n<tr align=\"left\">\n<td valign=\"middle\">Dimensions globales (Lx L x H) (mm)<\/td>\n<td valign=\"middle\">16000*3000*1700<\/p>\n<p>(\u00a0the height from ground to platform\u00a0is1200mm\u00a0)<\/td>\n<\/tr>\n<tr align=\"left\">\n<td valign=\"middle\">Poids de chargement( KG)<\/td>\n<td valign=\"middle\">80000-150000kg<\/td>\n<\/tr>\n<tr align=\"left\">\n<td valign=\"middle\">Poids total (KG)<\/td>\n<td valign=\"middle\">10500<\/td>\n<\/tr>\n<tr align=\"left\">\n<td valign=\"middle\">Marque de l'essieu<\/td>\n<td valign=\"middle\">4x16TON, marque FUWA<\/td>\n<\/tr>\n<tr align=\"left\">\n<td valign=\"middle\">Num\u00e9ro d'essieu<\/td>\n<td valign=\"middle\">Quatre<\/td>\n<\/tr>\n<tr align=\"left\">\n<td valign=\"middle\">Syst\u00e8me de suspension<\/td>\n<td valign=\"middle\">Suspension m\u00e9canique commune<\/td>\n<\/tr>\n<tr align=\"left\">\n<td valign=\"middle\">Ressort en acier<\/td>\n<td valign=\"middle\">-10\/10\/10\/10 Suspension \u00e0 ressort \u00e0 lames<\/td>\n<\/tr>\n<tr align=\"left\">\n<td valign=\"middle\">Le mat\u00e9riau de la poutre principale<\/td>\n<td valign=\"middle\">La hauteur de la poutre est de 500 mm, la plaque sup\u00e9rieure est de 25 mm, la plaque inf\u00e9rieure est de 25 mm, la plaque centrale est de 16 mm.<\/td>\n<\/tr>\n<tr align=\"left\">\n<td valign=\"middle\">Plaque de plate-forme<\/td>\n<td valign=\"middle\">Plaque diamant\u00e9e de 4 mm<\/td>\n<\/tr>\n<tr align=\"left\">\n<td valign=\"middle\">Type et quantit\u00e9 de pneus<\/td>\n<td valign=\"middle\">1100R20 Pneus apparaissent type 16unit\u00e9s<\/td>\n<\/tr>\n<tr align=\"left\">\n<td valign=\"middle\">Goupille de traction<\/td>\n<td valign=\"middle\">Marque JOST, 90mm ou 50mm<\/td>\n<\/tr>\n<tr align=\"left\">\n<td valign=\"middle\">Support de roue de secours<\/td>\n<td valign=\"middle\">2 pi\u00e8ces<\/td>\n<\/tr>\n<tr align=\"left\">\n<td valign=\"middle\">Bo\u00eete \u00e0 outils<\/td>\n<td valign=\"middle\">1 Standard<\/td>\n<\/tr>\n<tr align=\"left\">\n<td valign=\"middle\">Train d'atterrissage<\/td>\n<td valign=\"middle\">Standard 28Ton<\/td>\n<\/tr>\n<tr align=\"left\">\n<td valign=\"middle\">Syst\u00e8me de freinage<\/td>\n<td valign=\"middle\">Dual\u00a0Line braking system ,<\/p>\n<p>WABCO\u00a0emergency\u00a0relay\u00a0valve<\/td>\n<\/tr>\n<tr align=\"left\">\n<td valign=\"middle\">Chambre \u00e0 air des freins<\/td>\n<td valign=\"middle\">Deux chambres doubles et deux chambres simples<\/td>\n<\/tr>\n<tr align=\"left\">\n<td valign=\"middle\">Syst\u00e8me \u00e9lectrique<\/td>\n<td valign=\"middle\">1. tension : 24v 2. R\u00e9ceptacle : 7 voies (faisceau de 7 fils)<\/td>\n<\/tr>\n<tr align=\"left\">\n<td valign=\"middle\"><\/td>\n<td valign=\"middle\">Feu arri\u00e8re avec clignotant, feu stop et r\u00e9flecteur, feu lat\u00e9ral, etc.<\/td>\n<\/tr>\n<tr align=\"left\">\n<td valign=\"middle\"><\/td>\n<td valign=\"middle\">Un jeu de c\u00e2bles standard \u00e0 6 fils.<\/td>\n<\/tr>\n<tr align=\"left\">\n<td valign=\"middle\">Protection lat\u00e9rale<\/td>\n<td valign=\"middle\">Selon les exigences du client<\/td>\n<\/tr>\n<tr align=\"left\">\n<td valign=\"middle\">Peinture<\/td>\n<td valign=\"middle\">facultatif<\/td>\n<\/tr>\n<tr align=\"left\">\n<td valign=\"middle\">Emballage<\/td>\n<td valign=\"middle\">Polir avec de la cire avant l'exp\u00e9dition<\/td>\n<\/tr>\n<\/tbody>\n<\/table>\n<p>&nbsp;<\/p>\n<p><img fetchpriority=\"high\" decoding=\"async\" src=\"https:\/\/sc01.alicdn.com\/kf\/HTB1id3YFVXXXXcqXVXXq6xXFXXXz\/205957178\/HTB1id3YFVXXXXcqXVXXq6xXFXXXz.jpg\" alt=\"Heavy Duty 3 Axles 60-80 Tons low bed semi trailer for sale in dubai\" width=\"647\" height=\"502\" data-src=\"\/\/sc01.alicdn.com\/kf\/HTB1id3YFVXXXXcqXVXXq6xXFXXXz\/205957178\/HTB1id3YFVXXXXcqXVXXq6xXFXXXz.jpg\" data-alt=\"Heavy Duty 3 Axles 60-80 Tons low bed semi trailer for sale in dubai\" \/><img decoding=\"async\" src=\"https:\/\/sc01.alicdn.com\/kf\/HTB1LdFXGXXXXXcEXXXXq6xXFXXXV\/205957178\/HTB1LdFXGXXXXXcEXXXXq6xXFXXXV.jpg\" alt=\"Heavy Duty 3 Axles 60-80 Tons low bed semi trailer for sale in dubai\" width=\"650\" height=\"422\" data-src=\"\/\/sc01.alicdn.com\/kf\/HTB1LdFXGXXXXXcEXXXXq6xXFXXXV\/205957178\/HTB1LdFXGXXXXXcEXXXXq6xXFXXXV.jpg\" data-alt=\"Heavy Duty 3 Axles 60-80 Tons low bed semi trailer for sale in dubai\" \/><img decoding=\"async\" src=\"https:\/\/sc01.alicdn.com\/kf\/HTB1dIZ8FVXXXXbDXXXXq6xXFXXX8\/205957178\/HTB1dIZ8FVXXXXbDXXXXq6xXFXXX8.jpg\" alt=\"Heavy Duty 3 Axles 60-80 Tons low bed semi trailer for sale in dubai\" width=\"648\" height=\"467\" data-src=\"\/\/sc01.alicdn.com\/kf\/HTB1dIZ8FVXXXXbDXXXXq6xXFXXX8\/205957178\/HTB1dIZ8FVXXXXbDXXXXq6xXFXXX8.jpg\" data-alt=\"Heavy Duty 3 Axles 60-80 Tons low bed semi trailer for sale in dubai\" \/><\/p>\n<p>&nbsp;<\/p>\n<div id=\"ali-anchor-AliPostDhMb-07cla\" class=\"mceSectionContainer\" data-section=\"AliPostDhMb-07cla\" data-section-title=\"Company Information\">\n<div id=\"ali-title-AliPostDhMb-07cla\">Informations sur l'entreprise<\/div>\n<div>\n<p><strong>Profil de notre entreprise :<\/strong><\/p>\n<p>JINAN KUNDA AUTOMOBILE SALES CO.,LTD.\u00a0of China is\u00a0a\u00a04s shop which is authorized by China National Heavy Duty Truck Group Co., Ltd (CNHTC) in Shandong Province. It was founded in 2006, located in Jinan which is the famous production base of heavy duty truck in\u00a0China. The 4 main functions of our company are truck&amp;bus&amp;trailer sale, spare part supply, information feedback, and after-sales service.<\/p>\n<p>&nbsp;<\/p>\n<p>The team of our company could\u00a0provide all kinds of trucks and buses\u00a0meeting the requirement of customers with\u00a0the best price. We have many years of experience in supplying trucks,buses,trailers, strict quality management, fast and convenient channel of goods delivery, strict examination in quality and quantity of products, professional box packing, professional and reliable loading goods in containers, on-time delivery and competitive price.<\/p>\n<p>&nbsp;<\/p>\n<p>Products of our company are sold all over China, and are exported to more than\u00a0Twenty\u00a0countries and regions, such as Russia, Ukraine, Kazakhstan, Algeria, Nigeria, Ethiopia, Mauritania,Ghana,Benin,Angola,Tanzania,Congo,South east Asia\u00a0and Latin America. In a control of price and quality, our products are highly appreciated in these markets.<\/p>\n<\/div>\n<\/div>\n<div id=\"ali-anchor-AliPostDhMb-d1n5o\" class=\"mceSectionContainer\" data-section=\"AliPostDhMb-d1n5o\" data-section-title=\"Packaging &amp; Shipping\">\n<div id=\"ali-title-AliPostDhMb-d1n5o\">Emballage et exp\u00e9dition<\/div>\n<div>\n<p><img decoding=\"async\" src=\"https:\/\/sc02.alicdn.com\/kf\/HTB1qaA_GVXXXXc8XXXXq6xXFXXX3\/205957178\/HTB1qaA_GVXXXXc8XXXXq6xXFXXX3.jpg\" alt=\"Heavy Duty 3 Axles 60-80 Tons low bed semi trailer for sale in dubai\" width=\"650\" height=\"365.3\" data-src=\"\/\/sc02.alicdn.com\/kf\/HTB1qaA_GVXXXXc8XXXXq6xXFXXX3\/205957178\/HTB1qaA_GVXXXXc8XXXXq6xXFXXX3.jpg\" data-alt=\"Heavy Duty 3 Axles 60-80 Tons low bed semi trailer for sale in dubai\" data-width=\"650\" \/><img decoding=\"async\" src=\"https:\/\/sc02.alicdn.com\/kf\/HTB1YylJHXXXXXbJXFXXq6xXFXXXu\/205957178\/HTB1YylJHXXXXXbJXFXXq6xXFXXXu.jpg\" alt=\"Heavy Duty 3 Axles 60-80 Tons low bed semi trailer for sale in dubai\" width=\"650\" height=\"252.72727272727272\" data-src=\"\/\/sc02.alicdn.com\/kf\/HTB1YylJHXXXXXbJXFXXq6xXFXXXu\/205957178\/HTB1YylJHXXXXXbJXFXXq6xXFXXXu.jpg\" data-alt=\"Heavy Duty 3 Axles 60-80 Tons low bed semi trailer for sale in dubai\" data-width=\"650\" \/><img decoding=\"async\" src=\"https:\/\/sc02.alicdn.com\/kf\/HTB1EPRJHXXXXXbiXFXXq6xXFXXXA\/205957178\/HTB1EPRJHXXXXXbiXFXXq6xXFXXXA.jpg\" alt=\"Heavy Duty 3 Axles 60-80 Tons low bed semi trailer for sale in dubai\" width=\"650\" height=\"338.0372492836676\" data-src=\"\/\/sc02.alicdn.com\/kf\/HTB1EPRJHXXXXXbiXFXXq6xXFXXXA\/205957178\/HTB1EPRJHXXXXXbiXFXXq6xXFXXXA.jpg\" data-alt=\"Heavy Duty 3 Axles 60-80 Tons low bed semi trailer for sale in dubai\" data-width=\"650\" \/><\/p>\n<p><img loading=\"lazy\" decoding=\"async\" src=\"https:\/\/sc02.alicdn.com\/kf\/HTB14klcHFXXXXbTXXXXq6xXFXXXf\/205957178\/HTB14klcHFXXXXbTXXXXq6xXFXXXf.jpg\" alt=\"Heavy Duty 3 Axles 60-80 Tons low bed semi trailer for sale in dubai\" width=\"640\" height=\"480\" data-src=\"\/\/sc02.alicdn.com\/kf\/HTB14klcHFXXXXbTXXXXq6xXFXXXf\/205957178\/HTB14klcHFXXXXbTXXXXq6xXFXXXf.jpg\" data-alt=\"Heavy Duty 3 Axles 60-80 Tons low bed semi trailer for sale in dubai\" \/><\/p>\n<\/div>\n<\/div>\n<div id=\"ali-anchor-AliPostDhMb-i5uj0\" class=\"mceSectionContainer\" data-section=\"AliPostDhMb-i5uj0\" data-section-title=\"Our Services\">\n<div id=\"ali-title-AliPostDhMb-i5uj0\">Nos services<\/div>\n<div>\n<p>\u00a0a.The satisfied product with high level standard;<\/p>\n<p>b.The full aspect service from order to shipping;<\/p>\n<p>c.Give customer most suitable advice when customer has special needs for your transportation \u00a0 \u00a0 \u00a0 \u00a0 \u00a0or construction<\/p>\n<p>d.Help customer to get the related spare parts of trailer or tractors if customer needs. We are \u00a0 \u00a0 \u00a0 \u00a0 \u00a0 \u00a0waiting for you to get this ideal products and best service!<\/p>\n<p>&nbsp;<\/p>\n<p><strong>LES AVANTAGES POUR L'ENTREPRISE :<\/strong><\/p>\n<p>&nbsp;<\/p>\n<table>\n<tbody>\n<tr>\n<td valign=\"top\" width=\"21\"><strong>1<\/strong><\/td>\n<td valign=\"top\" width=\"540\"><strong>Riche exp\u00e9rience dans la vente d'\u00e9quipements lourds et de camions Sinotruk.<\/strong><\/td>\n<\/tr>\n<tr>\n<td valign=\"top\" width=\"21\"><strong>2<\/strong><\/td>\n<td valign=\"top\" width=\"540\"><strong>Expert en types de camions lourds et en pi\u00e8ces d\u00e9tach\u00e9es.<\/strong><\/td>\n<\/tr>\n<tr>\n<td valign=\"top\" width=\"21\"><strong>3<\/strong><\/td>\n<td valign=\"top\" width=\"540\"><strong>Personnalisation pour r\u00e9pondre \u00e0 vos exigences de travail.<\/strong><\/td>\n<\/tr>\n<tr>\n<td valign=\"top\" width=\"21\"><strong>4<\/strong><\/td>\n<td valign=\"top\" width=\"540\"><strong>Haute qualit\u00e9 des pi\u00e8ces d'origine et des services OEM.<\/strong><\/td>\n<\/tr>\n<tr>\n<td valign=\"top\" width=\"21\"><strong>5<\/strong><\/td>\n<td valign=\"top\" width=\"540\"><strong>Ing\u00e9nieurs et experts disponibles pour une assistance avant\/apr\u00e8s vente.<\/strong><\/td>\n<\/tr>\n<tr>\n<td valign=\"top\" width=\"21\"><strong>6<\/strong><\/td>\n<td valign=\"top\" width=\"540\"><strong>Un service unique avec des camions lourds, des pi\u00e8ces d\u00e9tach\u00e9es ainsi que des conseils et une assistance en cas de besoin.<\/strong><\/td>\n<\/tr>\n<\/tbody>\n<\/table>\n<\/div>\n<\/div>\n<div id=\"ali-anchor-AliPostDhMb-m2mti\" class=\"mceSectionContainer\" data-section=\"AliPostDhMb-m2mti\" data-section-title=\"FAQ\">\n<div id=\"ali-title-AliPostDhMb-m2mti\">FAQ<\/div>\n<div>\n<p><strong>Q:COMMENT POUVEZ-VOUS ASSURER LA S\u00c9CURIT\u00c9 DE MON ARGENT ?<\/strong><\/p>\n<p>R:Tout d'abord, vous pouvez envoyer l'argent via les assurances commerciales d'Alibaba. Ensuite, nous travaillons dans le domaine de la vente de camions depuis de nombreuses ann\u00e9es, et nous avons servi des centaines d'acheteurs dans le monde entier, nous prenons la r\u00e9putation comme notre vie.<\/p>\n<p><strong>Q:QUEL EST VOTRE PRIX ET VOTRE D\u00c9LAI DE LIVRAISON ?<\/strong><\/p>\n<p>R : En g\u00e9n\u00e9ral, notre MOQ est de 1 jeu, et notre d\u00e9lai de livraison est de 30 jours pour les nouvelles commandes, et de 5 jours ouvrables pour les camions en stock.<\/p>\n<p><strong>Q:PUIS-JE CHOISIR MOI-M\u00caME LE MODE DE TRANSPORT ?<\/strong><\/p>\n<p>R:Oui, bien s\u00fbr, mais si CIF, vous choisissez un navire diff\u00e9rent, cela signifie que le prix sera diff\u00e9rent, (par exemple : le prix d'un navire de marchandises en vrac est diff\u00e9rent de celui d'un navire RO-RO), le prix sera donc modifi\u00e9, veuillez en tenir compte.<\/p>\n<p><strong>Q:FOURNISSEZ-VOUS DES PI\u00c8CES DE RECHANGE ?<\/strong><\/p>\n<p>R:Oui, nous pouvons fournir toutes les pi\u00e8ces du camion, comme les pi\u00e8ces de moteur, les pi\u00e8ces \u00e9lectriques, les pi\u00e8ces de carrosserie et les pi\u00e8ces de cabine.<\/p>\n<p><strong>Q:COMMENT POUVONS-NOUS OBTENIR UN SERVICE APR\u00c8S-VENTE ?<\/strong><\/p>\n<p>R:Le groupe SINOTRUK dispose de nombreux centres de service apr\u00e8s-vente \u00e0 l'\u00e9tranger, vous pouvez obtenir des services dans ces centres, nous pouvons \u00e9galement vous fournir une assistance technique et des pi\u00e8ces d\u00e9tach\u00e9es, vous ne regretterez jamais d'avoir fait affaire avec nous.<\/p>\n<p>&nbsp;<\/p>\n<p><strong>COMMENT VOUS CONTACTER DIRECTEMENT ?<\/strong><\/p>\n<p>&nbsp;<\/p>\n<p><strong>NOM :<\/strong>JOANNA WANG<\/p>\n<p><strong>POSITION :\u00a0<\/strong>GESTIONNAIRE D.P.A. COMMERCE INTERNATIONAL<\/p>\n<p><strong>CELLPHONE NO.. :<\/strong>+8618954176889<\/p>\n<p><strong>EMAIL :<\/strong>nick(at)haowoqiche.com<\/p>\n<p><strong>Whatsapp&amp;wechat&amp;viber&amp;imo&amp;tango&amp;line<\/strong><strong>\u00a0<\/strong><strong>Le compte est le m\u00eame que le num\u00e9ro de t\u00e9l\u00e9phone portable.<\/strong><strong>Vous pouvez ajouter mon num\u00e9ro dans votre liste de num\u00e9ros de t\u00e9l\u00e9phone portable, puis me parler directement via ces outils de conversation.<\/strong><\/p>\n<\/div>\n<\/div>","protected":false},"excerpt":{"rendered":"<p>Description du produit Mod\u00e8le de remorque Semi-remorque surbaiss\u00e9e \u00e0 4 essieux Dimension totale (Lx L x H) (mm) 16000*3000*1700 (la hauteur du sol \u00e0 la plate-forme est de 1200mm) Poids de chargement( KG) 80000-150000kg Poids total(KG) 10500 Marque de l'essieu 4x16TON, marque FUWA Nombre d'essieux Syst\u00e8me de suspension commun Suspension m\u00e9canique Ressort en acier -10\/10\/10\/10\/10 Suspension \u00e0 ressorts \u00e0 lames Mat\u00e9riau de la poutre principale La hauteur de la poutre est de 500mm, la plaque sup\u00e9rieure est...<\/p>","protected":false},"featured_media":732,"comment_status":"open","ping_status":"closed","template":"","meta":{"_seopress_robots_primary_cat":"","_seopress_titles_title":"","_seopress_titles_desc":"","_seopress_robots_index":"","_kad_post_transparent":"default","_kad_post_title":"","_kad_post_layout":"default","_kad_post_sidebar_id":"","_kad_post_content_style":"default","_kad_post_vertical_padding":"default","_kad_post_feature":"","_kad_post_feature_position":"","_kad_post_header":false,"_kad_post_footer":false,"_kad_post_classname":""},"product_brand":[],"product_cat":[32],"product_tag":[],"class_list":{"0":"post-731","1":"product","2":"type-product","3":"status-publish","4":"has-post-thumbnail","6":"product_cat-lowbed-trailer","8":"first","9":"instock","10":"shipping-taxable","11":"product-type-simple","12":"entry","13":"content-bg","14":"loop-entry"},"_links":{"self":[{"href":"https:\/\/kdzgtruck.com\/fr\/wp-json\/wp\/v2\/product\/731","targetHints":{"allow":["GET"]}}],"collection":[{"href":"https:\/\/kdzgtruck.com\/fr\/wp-json\/wp\/v2\/product"}],"about":[{"href":"https:\/\/kdzgtruck.com\/fr\/wp-json\/wp\/v2\/types\/product"}],"replies":[{"embeddable":true,"href":"https:\/\/kdzgtruck.com\/fr\/wp-json\/wp\/v2\/comments?post=731"}],"wp:featuredmedia":[{"embeddable":true,"href":"https:\/\/kdzgtruck.com\/fr\/wp-json\/wp\/v2\/media\/732"}],"wp:attachment":[{"href":"https:\/\/kdzgtruck.com\/fr\/wp-json\/wp\/v2\/media?parent=731"}],"wp:term":[{"taxonomy":"product_brand","embeddable":true,"href":"https:\/\/kdzgtruck.com\/fr\/wp-json\/wp\/v2\/product_brand?post=731"},{"taxonomy":"product_cat","embeddable":true,"href":"https:\/\/kdzgtruck.com\/fr\/wp-json\/wp\/v2\/product_cat?post=731"},{"taxonomy":"product_tag","embeddable":true,"href":"https:\/\/kdzgtruck.com\/fr\/wp-json\/wp\/v2\/product_tag?post=731"}],"curies":[{"name":"wp","href":"https:\/\/api.w.org\/{rel}","templated":true}]}}