{"id":726,"date":"2024-11-08T17:06:38","date_gmt":"2024-11-08T09:06:38","guid":{"rendered":"https:\/\/kdzgtruck.com\/?post_type=product&#038;p=726"},"modified":"2024-11-08T17:06:39","modified_gmt":"2024-11-08T09:06:39","slug":"3-4axle-40-50-ton-fence-side-wall-cargo-truck-semi-trailer-fence-traile-truck-price","status":"publish","type":"product","link":"https:\/\/kdzgtruck.com\/fr\/produit\/3-4axle-40-50-ton-fence-side-wall-cargo-truck-semi-trailer-fence-traile-truck-price\/","title":{"rendered":"3 \/4axle 40\/50 Ton Fence Side Wall Cargo Truck Semi Trailer Fence Traile Truck Price"},"content":{"rendered":"<div class=\"J_module\">\n<div id=\"ali-anchor-AliMagic-zyqd70\" class=\"magic-0\" data-section=\"AliMagic-zyqd70\" data-section-title=\"Specification\">Sp\u00e9cifications<\/div>\n<\/div>\n<div class=\"J_module\">\n<div class=\"ife-detail-decorate-table\">\n<table class=\"has-title all magic-14\">\n<tbody>\n<tr>\n<td colspan=\"1\" rowspan=\"1\">\n<div class=\"magic-15\">article<\/div>\n<\/td>\n<td colspan=\"1\" rowspan=\"1\">\n<div class=\"magic-16\">valeur<\/div>\n<\/td>\n<\/tr>\n<tr>\n<td colspan=\"1\" rowspan=\"1\">\n<div class=\"magic-15\">Utilisation<\/div>\n<\/td>\n<td colspan=\"1\" rowspan=\"1\">\n<div class=\"magic-16\">Remorque de camion<\/div>\n<\/td>\n<\/tr>\n<tr>\n<td colspan=\"1\" rowspan=\"1\">\n<div class=\"magic-15\">Type<\/div>\n<\/td>\n<td colspan=\"1\" rowspan=\"1\">\n<div class=\"magic-16\">Semi-remorque<\/div>\n<\/td>\n<\/tr>\n<tr>\n<td colspan=\"1\" rowspan=\"1\">\n<div class=\"magic-15\">Mat\u00e9riau<\/div>\n<\/td>\n<td colspan=\"1\" rowspan=\"1\">\n<div class=\"magic-16\">Acier<\/div>\n<\/td>\n<\/tr>\n<tr>\n<td colspan=\"1\" rowspan=\"1\">\n<div class=\"magic-15\">Charge utile maximale<\/div>\n<\/td>\n<td colspan=\"1\" rowspan=\"1\">\n<div class=\"magic-16\">50 tonnes<\/div>\n<\/td>\n<\/tr>\n<tr>\n<td colspan=\"1\" rowspan=\"1\">\n<div class=\"magic-15\">Lieu d'origine<\/div>\n<\/td>\n<td colspan=\"1\" rowspan=\"1\">\n<div class=\"magic-16\">shandong<\/div>\n<\/td>\n<\/tr>\n<tr>\n<td colspan=\"1\" rowspan=\"1\">\n<div class=\"magic-15\">Nom de la marque<\/div>\n<\/td>\n<td colspan=\"1\" rowspan=\"1\">\n<div class=\"magic-16\">kunda<\/div>\n<\/td>\n<\/tr>\n<tr>\n<td colspan=\"1\" rowspan=\"1\">\n<div class=\"magic-15\">Nom du produit<\/div>\n<\/td>\n<td colspan=\"1\" rowspan=\"1\">\n<div class=\"magic-16\">Semi-remorque de cl\u00f4ture<\/div>\n<\/td>\n<\/tr>\n<tr>\n<td colspan=\"1\" rowspan=\"1\">\n<div class=\"magic-15\">Essieu<\/div>\n<\/td>\n<td colspan=\"1\" rowspan=\"1\">\n<div class=\"magic-16\">13 Ton Fuwa Brand<\/div>\n<\/td>\n<\/tr>\n<tr>\n<td colspan=\"1\" rowspan=\"1\">\n<div class=\"magic-15\">Pneu<\/div>\n<\/td>\n<td colspan=\"1\" rowspan=\"1\">\n<div class=\"magic-16\">12R22.5<\/div>\n<\/td>\n<\/tr>\n<tr>\n<td colspan=\"1\" rowspan=\"1\">\n<div class=\"magic-15\">Dimension<\/div>\n<\/td>\n<td colspan=\"1\" rowspan=\"1\">\n<div class=\"magic-16\">14000*2500*3700<\/div>\n<\/td>\n<\/tr>\n<tr>\n<td colspan=\"1\" rowspan=\"1\">\n<div class=\"magic-15\">plancher<\/div>\n<\/td>\n<td colspan=\"1\" rowspan=\"1\">\n<div class=\"magic-16\">4mm<\/div>\n<\/td>\n<\/tr>\n<tr>\n<td colspan=\"1\" rowspan=\"1\">\n<div class=\"magic-15\">Poutre principale<\/div>\n<\/td>\n<td colspan=\"1\" rowspan=\"1\">\n<div class=\"magic-16\">500mm<\/div>\n<\/td>\n<\/tr>\n<tr>\n<td colspan=\"1\" rowspan=\"1\">\n<div class=\"magic-15\">Syst\u00e8me de suspension<\/div>\n<\/td>\n<td colspan=\"1\" rowspan=\"1\">\n<div class=\"magic-16\">4 essieux dans une lame de ressort<\/div>\n<\/td>\n<\/tr>\n<tr>\n<td colspan=\"1\" rowspan=\"1\">\n<div class=\"magic-15\">Capacit\u00e9 de chargement<\/div>\n<\/td>\n<td colspan=\"1\" rowspan=\"1\">\n<div class=\"magic-16\">30T ~ 100T<\/div>\n<\/td>\n<\/tr>\n<tr>\n<td colspan=\"1\" rowspan=\"1\">\n<div class=\"magic-15\">c\u00f4t\u00e9 chargement<\/div>\n<\/td>\n<td colspan=\"1\" rowspan=\"1\">\n<div class=\"magic-16\">900mm+cl\u00f4ture 800mm<\/div>\n<\/td>\n<\/tr>\n<tr>\n<td colspan=\"1\" rowspan=\"1\">\n<div class=\"magic-15\">Goupille de traction<\/div>\n<\/td>\n<td colspan=\"1\" rowspan=\"1\">\n<div class=\"magic-16\">90#<\/div>\n<\/td>\n<\/tr>\n<\/tbody>\n<\/table>\n<\/div>\n<\/div>\n<div class=\"J_module\">\n<div id=\"ali-anchor-AliMagic-q9c8dy\" class=\"magic-0\" data-section=\"AliMagic-q9c8dy\" data-section-title=\"Packing &amp; Delivery\" data-spm-anchor-id=\"a2700.details.0.i44.302e1594kbCbfg\">Emballage et livraison<\/div>\n<\/div>\n<div class=\"J_module\">\n<div class=\"icbu-pc-images magic-18\">\n<div>\n<div class=\"flex-layout-v\">\n<div class=\"flex-layout-h magic-18\">\n<div class=\"magic-30\"><img decoding=\"async\" class=\"magic-31\" src=\"https:\/\/sc04.alicdn.com\/kf\/H910cc55cac7445cda4a55cef4d4324580\/205957178\/H910cc55cac7445cda4a55cef4d4324580.jpg\" data-src=\"\/\/sc04.alicdn.com\/kf\/H910cc55cac7445cda4a55cef4d4324580\/205957178\/H910cc55cac7445cda4a55cef4d4324580.jpg\" \/><\/div>\n<div class=\"magic-32\"><img decoding=\"async\" class=\"magic-31\" src=\"https:\/\/sc04.alicdn.com\/kf\/H806daa517e0d4cef8129a6ece05234f8P\/205957178\/H806daa517e0d4cef8129a6ece05234f8P.jpg\" data-src=\"\/\/sc04.alicdn.com\/kf\/H806daa517e0d4cef8129a6ece05234f8P\/205957178\/H806daa517e0d4cef8129a6ece05234f8P.jpg\" \/><\/div>\n<\/div>\n<\/div>\n<\/div>\n<\/div>\n<\/div>\n<div class=\"J_module\">\n<div class=\"detail-decorate-json-renderer-container\">\n<div class=\"magic-25\">\n<div class=\"magic-26\">\n<div class=\"magic-27\">\n<div class=\"magic-28\"><span class=\"magic-29\">We have a professional customs declaration and delivery team; It can undertake land transportation, container transportation, bulk<br \/>\ncargo transportation, ro ro ship transportation and other freight transport modes. Provide professional, fast and high-quality<br \/>\nshipping services and safe and fast insurance claim settlement services. Let you rest assured is our team&#8217;s highest pursuit.<\/span><\/div>\n<\/div>\n<\/div>\n<\/div>\n<\/div>\n<\/div>\n<div class=\"J_module\">\n<div id=\"ali-anchor-AliMagic-dteqer\" class=\"magic-0\" data-section=\"AliMagic-dteqer\" data-section-title=\"Customer Photos\">Photos des clients<\/div>\n<\/div>\n<div class=\"J_module\">\n<div class=\"icbu-pc-images magic-18\">\n<div>\n<div class=\"flex-layout-v\">\n<div class=\"flex-layout-h magic-18\">\n<div class=\"magic-33\"><img decoding=\"async\" class=\"magic-34\" src=\"https:\/\/sc04.alicdn.com\/kf\/H695f70ede0304aa4b620892c156a80fcJ\/205957178\/H695f70ede0304aa4b620892c156a80fcJ.jpg\" data-src=\"\/\/sc04.alicdn.com\/kf\/H695f70ede0304aa4b620892c156a80fcJ\/205957178\/H695f70ede0304aa4b620892c156a80fcJ.jpg\" \/><\/div>\n<\/div>\n<\/div>\n<\/div>\n<\/div>\n<\/div>\n<div class=\"J_module\">\n<div class=\"detail-decorate-json-renderer-container\">\n<div class=\"magic-25\">\n<h3 class=\"magic-35\"><\/h3>\n<div class=\"magic-26\">\n<div class=\"magic-27\">\n<div class=\"magic-28\"><span class=\"magic-29\">Nous avons de nombreux clients en Afrique, au Moyen-Orient, en Am\u00e9rique du Sud, en Asie du Sud-Est, en Asie centrale, en Mongolie et en Russie. Notre coop\u00e9ration est longue et agr\u00e9able. Nous vous invitons \u00e0 devenir notre partenaire.<\/span><\/div>\n<\/div>\n<\/div>\n<\/div>\n<\/div>\n<\/div>\n<div class=\"J_module\">\n<div id=\"ali-anchor-AliMagic-0o4dxh\" class=\"magic-0\" data-section=\"AliMagic-0o4dxh\" data-section-title=\"FAQ\">FAQ<\/div>\n<\/div>\n<div class=\"J_module\">\n<div class=\"detail-decorate-json-renderer-container\">\n<div class=\"magic-25\">\n<div class=\"magic-26\">\n<div class=\"magic-27\">\n<div class=\"magic-28\"><span class=\"magic-29\"><b>1. qui sommes-nous ?<\/b><br \/>\nNous sommes bas\u00e9s \u00e0 Shandong, Chine, nous avons commenc\u00e9 en 2010, nous vendons en Afrique (35.00%), en Am\u00e9rique du Sud (15.00%), en Asie du Sud-Est (15.00%), en Asie du Sud (5.00%), en Oc\u00e9anie (5.00%), en Asie de l'Est (5.00%), en Am\u00e9rique centrale (5.00%), en Europe de l'Est (5.00%), sur le march\u00e9 int\u00e9rieur (5.00%), au Moyen Orient (5.00%). Notre bureau compte au total entre 11 et 50 personnes.<\/p>\n<p><b>2. Comment pouvons-nous garantir la qualit\u00e9 ?<\/b><br \/>\nIl y a toujours un \u00e9chantillon de pr\u00e9production avant la production en s\u00e9rie ;<br \/>\nL'inspection finale est toujours effectu\u00e9e avant l'exp\u00e9dition ;<\/p>\n<p><b>3.Que pouvez-vous acheter chez nous ?<\/b><br \/>\nCamion, Camion Howo, Camion benne, Camion tracteur, Camion malaxeur de b\u00e9ton, Camion cargo, Semi-remorque, Remorque \u00e0 plateau, Camion-citerne \u00e0 eau, Camion-citerne \u00e0 huile, Camion-grue, Chargeur sur roues<\/p>\n<p><b>4. Pourquoi devriez-vous acheter chez nous plut\u00f4t que chez d'autres fournisseurs ?<\/b><br \/>\nLa soci\u00e9t\u00e9 Jinan Kunda Heavy Truck Sales Co. est situ\u00e9e \u00e0 Jinan et est sp\u00e9cialis\u00e9e dans la fabrication de camions lourds. Avec une \u00e9quipe exp\u00e9riment\u00e9e et professionnelle, nous avons export\u00e9 nos produits vers de nombreux pays et r\u00e9gions du monde entier.<\/p>\n<p><b>5. quels services pouvons-nous fournir ?<\/b><br \/>\nConditions de livraison accept\u00e9es : FOB, CFR, CIF, EXW, FAS, CIP, DDP, DAF\uff1b<br \/>\nDevise de paiement accept\u00e9e : USD, EUR, HKD, CNY ;<br \/>\nType de paiement accept\u00e9 : T\/T, L\/C, D\/P D\/A, MoneyGram, carte de cr\u00e9dit, Western Union, esp\u00e8ces ;<br \/>\nLangues parl\u00e9es : anglais, chinois, espagnol, portugais, arabe, fran\u00e7ais, russe<\/span><\/div>\n<\/div>\n<\/div>\n<\/div>\n<\/div>\n<\/div>","protected":false},"excerpt":{"rendered":"<p>Specification valeur de l'article Utilisation Camion Remorque Type Semi-remorque Mat\u00e9riau Acier Charge utile max 50ton Lieu d'origine shandong Marque kunda Nom du produit Semi-remorque Cl\u00f4ture Essieu 13 Ton Marque Fuwa Pneu 12R22.5 Dimension 14000*2500*3700 plancher 4mm Poutre principale 500mm Syst\u00e8me de suspension 4 essieux en lame de ressort Capacit\u00e9 de chargement 30T ~ 100T c\u00f4t\u00e9 cargo 900mm+cl\u00f4ture 800mm....<\/p>","protected":false},"featured_media":727,"comment_status":"open","ping_status":"closed","template":"","meta":{"_seopress_robots_primary_cat":"","_seopress_titles_title":"","_seopress_titles_desc":"","_seopress_robots_index":"","_kad_post_transparent":"default","_kad_post_title":"","_kad_post_layout":"default","_kad_post_sidebar_id":"","_kad_post_content_style":"default","_kad_post_vertical_padding":"default","_kad_post_feature":"","_kad_post_feature_position":"","_kad_post_header":false,"_kad_post_footer":false,"_kad_post_classname":""},"product_brand":[],"product_cat":[31],"product_tag":[],"class_list":{"0":"post-726","1":"product","2":"type-product","3":"status-publish","4":"has-post-thumbnail","6":"product_cat-fence-trailer","8":"first","9":"instock","10":"shipping-taxable","11":"product-type-simple","12":"entry","13":"content-bg","14":"loop-entry"},"_links":{"self":[{"href":"https:\/\/kdzgtruck.com\/fr\/wp-json\/wp\/v2\/product\/726","targetHints":{"allow":["GET"]}}],"collection":[{"href":"https:\/\/kdzgtruck.com\/fr\/wp-json\/wp\/v2\/product"}],"about":[{"href":"https:\/\/kdzgtruck.com\/fr\/wp-json\/wp\/v2\/types\/product"}],"replies":[{"embeddable":true,"href":"https:\/\/kdzgtruck.com\/fr\/wp-json\/wp\/v2\/comments?post=726"}],"wp:featuredmedia":[{"embeddable":true,"href":"https:\/\/kdzgtruck.com\/fr\/wp-json\/wp\/v2\/media\/727"}],"wp:attachment":[{"href":"https:\/\/kdzgtruck.com\/fr\/wp-json\/wp\/v2\/media?parent=726"}],"wp:term":[{"taxonomy":"product_brand","embeddable":true,"href":"https:\/\/kdzgtruck.com\/fr\/wp-json\/wp\/v2\/product_brand?post=726"},{"taxonomy":"product_cat","embeddable":true,"href":"https:\/\/kdzgtruck.com\/fr\/wp-json\/wp\/v2\/product_cat?post=726"},{"taxonomy":"product_tag","embeddable":true,"href":"https:\/\/kdzgtruck.com\/fr\/wp-json\/wp\/v2\/product_tag?post=726"}],"curies":[{"name":"wp","href":"https:\/\/api.w.org\/{rel}","templated":true}]}}