{"id":711,"date":"2024-11-08T16:38:00","date_gmt":"2024-11-08T08:38:00","guid":{"rendered":"https:\/\/kdzgtruck.com\/?post_type=product&#038;p=711"},"modified":"2024-11-08T16:38:00","modified_gmt":"2024-11-08T08:38:00","slug":"3-axle-flat-bed-trailer-low-bed-trailer-container-semi-trailer-for-sale","status":"publish","type":"product","link":"https:\/\/kdzgtruck.com\/fr\/produit\/3-axle-flat-bed-trailer-low-bed-trailer-container-semi-trailer-for-sale\/","title":{"rendered":"Remorque surbaiss\u00e9e \u00e0 3 essieux Semi-remorque conteneur \u00e0 vendre"},"content":{"rendered":"<div class=\"J_module\">\n<div id=\"ali-anchor-AliMagic-oqj0qu\" class=\"magic-0\" data-section=\"AliMagic-oqj0qu\" data-section-title=\"Specification\">Sp\u00e9cifications<\/div>\n<\/div>\n<div class=\"J_module\">\n<div class=\"ife-detail-decorate-table\">\n<table class=\"has-title all magic-10\">\n<tbody>\n<tr>\n<td colspan=\"1\" rowspan=\"1\">\n<div class=\"magic-11\">article<\/div>\n<\/td>\n<td colspan=\"1\" rowspan=\"1\">\n<div class=\"magic-12\">valeur<\/div>\n<\/td>\n<\/tr>\n<tr>\n<td colspan=\"1\" rowspan=\"1\">\n<div class=\"magic-11\">Charge utile maximale<\/div>\n<\/td>\n<td colspan=\"1\" rowspan=\"1\">\n<div class=\"magic-12\">15001-20000 kg<\/div>\n<\/td>\n<\/tr>\n<tr>\n<td colspan=\"1\" rowspan=\"1\">\n<div class=\"magic-11\">Lieu d'origine<\/div>\n<\/td>\n<td colspan=\"1\" rowspan=\"1\">\n<div class=\"magic-12\">shandong<\/div>\n<\/td>\n<\/tr>\n<tr>\n<td colspan=\"1\" rowspan=\"1\">\n<div class=\"magic-11\">Type<\/div>\n<\/td>\n<td colspan=\"1\" rowspan=\"1\">\n<div class=\"magic-12\">Semi-remorque<\/div>\n<\/td>\n<\/tr>\n<tr>\n<td colspan=\"1\" rowspan=\"1\">\n<div class=\"magic-11\">Nom de la marque<\/div>\n<\/td>\n<td colspan=\"1\" rowspan=\"1\">\n<div class=\"magic-12\">kdzg<\/div>\n<\/td>\n<\/tr>\n<tr>\n<td colspan=\"1\" rowspan=\"1\">\n<div class=\"magic-11\">Utilisation<\/div>\n<\/td>\n<td colspan=\"1\" rowspan=\"1\">\n<div class=\"magic-12\">Remorque de camion<\/div>\n<\/td>\n<\/tr>\n<tr>\n<td colspan=\"1\" rowspan=\"1\">\n<div class=\"magic-11\">Mat\u00e9riau<\/div>\n<\/td>\n<td colspan=\"1\" rowspan=\"1\">\n<div class=\"magic-12\">Acier<\/div>\n<\/td>\n<\/tr>\n<tr>\n<td colspan=\"1\" rowspan=\"1\">\n<div class=\"magic-11\">Taille<\/div>\n<\/td>\n<td colspan=\"1\" rowspan=\"1\">\n<div class=\"magic-12\">12500*2500*1600mm<\/div>\n<\/td>\n<\/tr>\n<tr>\n<td colspan=\"1\" rowspan=\"1\">\n<div class=\"magic-11\">Hauteur de la poutre<\/div>\n<\/td>\n<td colspan=\"1\" rowspan=\"1\">\n<div class=\"magic-12\">500mm<\/div>\n<\/td>\n<\/tr>\n<tr>\n<td colspan=\"1\" rowspan=\"1\">\n<div class=\"magic-11\">Plaques sup\u00e9rieures inf\u00e9rieures\/plaques verticales<\/div>\n<\/td>\n<td colspan=\"1\" rowspan=\"1\">\n<div class=\"magic-12\">sup\u00e9rieur 14 mm, moyen 8 mm et inf\u00e9rieur 16 mm<\/div>\n<\/td>\n<\/tr>\n<tr>\n<td colspan=\"1\" rowspan=\"1\">\n<div class=\"magic-11\">Faisceau lat\u00e9ral\/crois\u00e9<\/div>\n<\/td>\n<td colspan=\"1\" rowspan=\"1\">\n<div class=\"magic-12\">16\/10<\/div>\n<\/td>\n<\/tr>\n<tr>\n<td colspan=\"1\" rowspan=\"1\">\n<div class=\"magic-11\">Plaque de base<\/div>\n<\/td>\n<td colspan=\"1\" rowspan=\"1\">\n<div class=\"magic-12\">3mm<\/div>\n<\/td>\n<\/tr>\n<tr>\n<td colspan=\"1\" rowspan=\"1\">\n<div class=\"magic-11\">Ressort \u00e0 lames :<\/div>\n<\/td>\n<td colspan=\"1\" rowspan=\"1\">\n<div class=\"magic-12\">90*130*10<\/div>\n<\/td>\n<\/tr>\n<tr>\n<td colspan=\"1\" rowspan=\"1\">\n<div class=\"magic-11\">axe<\/div>\n<\/td>\n<td colspan=\"1\" rowspan=\"1\">\n<div class=\"magic-12\">13t*3<\/div>\n<\/td>\n<\/tr>\n<tr>\n<td colspan=\"1\" rowspan=\"1\">\n<div class=\"magic-11\">Chambre de frein<\/div>\n<\/td>\n<td colspan=\"1\" rowspan=\"1\">\n<div class=\"magic-12\">4 paires 2 simples<\/div>\n<\/td>\n<\/tr>\n<tr>\n<td colspan=\"1\" rowspan=\"1\">\n<div class=\"magic-11\">pneu<\/div>\n<\/td>\n<td colspan=\"1\" rowspan=\"1\">\n<div class=\"magic-12\">12.00R20 \/12R22.5<\/div>\n<\/td>\n<\/tr>\n<tr>\n<td colspan=\"1\" rowspan=\"1\">\n<div class=\"magic-11\">Type de jambe<\/div>\n<\/td>\n<td colspan=\"1\" rowspan=\"1\">\n<div class=\"magic-12\">28t<\/div>\n<\/td>\n<\/tr>\n<tr>\n<td colspan=\"1\" rowspan=\"1\">\n<div class=\"magic-11\">Conteneur<\/div>\n<\/td>\n<td colspan=\"1\" rowspan=\"1\">\n<div class=\"magic-12\">40ft ou 20ft*2<\/div>\n<\/td>\n<\/tr>\n<\/tbody>\n<\/table>\n<\/div>\n<\/div>\n<div class=\"J_module\">\n<div id=\"ali-anchor-AliMagic-4kk17d\" class=\"magic-0\" data-section=\"AliMagic-4kk17d\" data-section-title=\"Packing &amp; Delivery\">Emballage et livraison<\/div>\n<\/div>\n<div class=\"J_module\">\n<div class=\"icbu-pc-images magic-13\">\n<div>\n<div class=\"flex-layout-v\">\n<div class=\"flex-layout-h magic-13\">\n<div class=\"magic-14\"><img decoding=\"async\" class=\"magic-15\" src=\"https:\/\/sc04.alicdn.com\/kf\/H32dbf240c948430d8e888e7d3e436a807\/205957178\/H32dbf240c948430d8e888e7d3e436a807.jpg\" data-src=\"\/\/sc04.alicdn.com\/kf\/H32dbf240c948430d8e888e7d3e436a807\/205957178\/H32dbf240c948430d8e888e7d3e436a807.jpg\" \/><\/div>\n<div class=\"magic-16\"><img decoding=\"async\" class=\"magic-17\" src=\"https:\/\/sc04.alicdn.com\/kf\/H910cc55cac7445cda4a55cef4d4324580\/205957178\/H910cc55cac7445cda4a55cef4d4324580.jpg\" data-src=\"\/\/sc04.alicdn.com\/kf\/H910cc55cac7445cda4a55cef4d4324580\/205957178\/H910cc55cac7445cda4a55cef4d4324580.jpg\" \/><\/div>\n<\/div>\n<\/div>\n<\/div>\n<\/div>\n<\/div>\n<div class=\"J_module\">\n<div class=\"detail-decorate-json-renderer-container\">\n<div class=\"magic-18\">\n<div class=\"magic-19\">\n<div class=\"magic-20\">\n<div class=\"magic-21\"><span class=\"magic-22\">Pour mieux garantir la s\u00e9curit\u00e9 de vos marchandises, des services d'emballage professionnels, respectueux de l'environnement, pratiques et efficaces vous seront propos\u00e9s.<\/span><\/div>\n<\/div>\n<\/div>\n<div>\n<div class=\"J_module\">\n<div class=\"detail-decorate-json-renderer-container\">\n<div class=\"magic-18\">\n<div class=\"magic-19\" data-spm-anchor-id=\"a2700.details.0.i39.74ea67b2ri7d4A\">\n<div class=\"magic-20\">\n<div class=\"magic-21\">La soci\u00e9t\u00e9 Jinan Kunda Heavy Truck Sales Co. est situ\u00e9e \u00e0 Jinan et est sp\u00e9cialis\u00e9e dans la fabrication de camions lourds. Avec une \u00e9quipe exp\u00e9riment\u00e9e et professionnelle, nous avons export\u00e9 nos produits vers de nombreux pays et r\u00e9gions du monde entier. Nos produits jouissent d'une bonne r\u00e9putation aupr\u00e8s de nos clients. Nous invitons les clients, les associations commerciales et les amis de toutes les parties du monde \u00e0 nous contacter et \u00e0 rechercher une coop\u00e9ration pour des avantages mutuels.<\/div>\n<\/div>\n<\/div>\n<\/div>\n<\/div>\n<\/div>\n<div class=\"J_module\">\n<div id=\"ali-anchor-AliMagic-aa5z75\" class=\"magic-0\" data-section=\"AliMagic-aa5z75\" data-section-title=\"FAQ\">FAQ<\/div>\n<\/div>\n<div class=\"J_module\">\n<div class=\"detail-decorate-json-renderer-container\">\n<div class=\"magic-18\">\n<div class=\"magic-19\">\n<div class=\"magic-20\">\n<div class=\"magic-21\"><b>1. qui sommes-nous ?<\/b><br \/>\nNous sommes bas\u00e9s \u00e0 Shandong, Chine, depuis 2010, nous vendons en Asie du Sud-Est (35.00%), en Am\u00e9rique du Nord (15.00%), en Europe de l'Est (15.00%), en Am\u00e9rique du Sud (5.00%), en Am\u00e9rique centrale (5.00%),Asie du Sud(4.00%),Asie de l'Est(4.00%),Moyen-Orient(4.00%),Europe de l'Ouest(3.00%),Europe du Sud(3.00%),Afrique(3.00%),Oc\u00e9anie(2.00%),Europe du Nord(2.00%). Notre bureau compte au total entre 11 et 50 personnes.<\/p>\n<p><b>2. Comment pouvons-nous garantir la qualit\u00e9 ?<\/b><br \/>\nIl y a toujours un \u00e9chantillon de pr\u00e9production avant la production en s\u00e9rie ;<br \/>\nL'inspection finale est toujours effectu\u00e9e avant l'exp\u00e9dition ;<\/p>\n<p><b>3.Que pouvez-vous acheter chez nous ?<\/b><br \/>\nCamion, Camion Howo, Camion benne, Camion tracteur, Camion malaxeur de b\u00e9ton, Camion cargo, Semi-remorque, Remorque \u00e0 plateau, Camion-citerne \u00e0 eau, Camion-citerne \u00e0 huile, Camion-grue, Chargeuse sur pneus<\/p>\n<p><b>4. Pourquoi devriez-vous acheter chez nous plut\u00f4t que chez d'autres fournisseurs ?<\/b><br \/>\nLa soci\u00e9t\u00e9 Jinan Kunda Heavy Truck Sales Co. est situ\u00e9e \u00e0 Jinan et est sp\u00e9cialis\u00e9e dans la fabrication de camions lourds. Avec une \u00e9quipe exp\u00e9riment\u00e9e et professionnelle, nous avons export\u00e9 nos produits vers de nombreux pays et r\u00e9gions du monde entier.<\/p>\n<p><b>5. quels services pouvons-nous fournir ?<\/b><br \/>\nConditions de livraison accept\u00e9es : FOB, CFR, CIF, EXW, FAS, CIP, DDP, DAF\uff1b<br \/>\nDevise de paiement accept\u00e9e : USD, EUR, HKD, CNY ;<br \/>\nType de paiement accept\u00e9 : T\/T, L\/C, D\/P D\/A, MoneyGram, carte de cr\u00e9dit, Western Union, esp\u00e8ces ;<br \/>\nLangues parl\u00e9es : anglais, chinois, espagnol, portugais, arabe, fran\u00e7ais, russe<\/div>\n<\/div>\n<\/div>\n<\/div>\n<\/div>\n<\/div>\n<\/div>\n<\/div>\n<\/div>\n<\/div>","protected":false},"excerpt":{"rendered":"<p>Sp\u00e9cification valeur de l'article Charge utile max. 15001-20000 kg Lieu d'origine shandong Type Semi-remorque Marque kdzg Utilisation Camion Remorque Mat\u00e9riau acier Taille 12500*2500*1600mm Hauteur de poutre 500mm Plaques inf\u00e9rieures sup\u00e9rieures\/plaques verticales sup\u00e9rieures 14mm, moyennes 8mm et inf\u00e9rieures 16mm Poutre lat\u00e9rale\/poutre transversale 16\/10 Plaque de base 3mm Ressort \u00e0 lames : 90*130*10 essieu 13t*3 Chambre de frein 4 paires 2 simples...<\/p>","protected":false},"featured_media":712,"comment_status":"open","ping_status":"closed","template":"","meta":{"_seopress_robots_primary_cat":"","_seopress_titles_title":"","_seopress_titles_desc":"","_seopress_robots_index":"","_kad_post_transparent":"default","_kad_post_title":"","_kad_post_layout":"default","_kad_post_sidebar_id":"","_kad_post_content_style":"default","_kad_post_vertical_padding":"default","_kad_post_feature":"","_kad_post_feature_position":"","_kad_post_header":false,"_kad_post_footer":false,"_kad_post_classname":""},"product_brand":[],"product_cat":[30],"product_tag":[],"class_list":{"0":"post-711","1":"product","2":"type-product","3":"status-publish","4":"has-post-thumbnail","6":"product_cat-flat-bed-trailer","8":"first","9":"instock","10":"shipping-taxable","11":"product-type-simple","12":"entry","13":"content-bg","14":"loop-entry"},"_links":{"self":[{"href":"https:\/\/kdzgtruck.com\/fr\/wp-json\/wp\/v2\/product\/711","targetHints":{"allow":["GET"]}}],"collection":[{"href":"https:\/\/kdzgtruck.com\/fr\/wp-json\/wp\/v2\/product"}],"about":[{"href":"https:\/\/kdzgtruck.com\/fr\/wp-json\/wp\/v2\/types\/product"}],"replies":[{"embeddable":true,"href":"https:\/\/kdzgtruck.com\/fr\/wp-json\/wp\/v2\/comments?post=711"}],"wp:featuredmedia":[{"embeddable":true,"href":"https:\/\/kdzgtruck.com\/fr\/wp-json\/wp\/v2\/media\/712"}],"wp:attachment":[{"href":"https:\/\/kdzgtruck.com\/fr\/wp-json\/wp\/v2\/media?parent=711"}],"wp:term":[{"taxonomy":"product_brand","embeddable":true,"href":"https:\/\/kdzgtruck.com\/fr\/wp-json\/wp\/v2\/product_brand?post=711"},{"taxonomy":"product_cat","embeddable":true,"href":"https:\/\/kdzgtruck.com\/fr\/wp-json\/wp\/v2\/product_cat?post=711"},{"taxonomy":"product_tag","embeddable":true,"href":"https:\/\/kdzgtruck.com\/fr\/wp-json\/wp\/v2\/product_tag?post=711"}],"curies":[{"name":"wp","href":"https:\/\/api.w.org\/{rel}","templated":true}]}}