{"id":648,"date":"2024-11-08T16:15:17","date_gmt":"2024-11-08T08:15:17","guid":{"rendered":"https:\/\/kdzgtruck.com\/?post_type=product&#038;p=648"},"modified":"2024-11-08T16:19:53","modified_gmt":"2024-11-08T08:19:53","slug":"2023-new-howo-light-5-tons-8-tons-10-tons-cargo-truck-dump-truck-for-sale-price-2","status":"publish","type":"product","link":"https:\/\/kdzgtruck.com\/fr\/produit\/2023-new-howo-light-5-tons-8-tons-10-tons-cargo-truck-dump-truck-for-sale-price-2\/","title":{"rendered":"2023 New Howo light 5 tonnes 8 tonnes 10 tonnes cargo dump truck for sale price"},"content":{"rendered":"<p><img alt=\"\" fetchpriority=\"high\" decoding=\"async\" class=\"alignnone size-full wp-image-657\" src=\"https:\/\/kdzgtruck.com\/wp-content\/uploads\/2024\/11\/11-2.jpg\" width=\"656\" height=\"656\" srcset=\"https:\/\/kdzgtruck.com\/wp-content\/uploads\/2024\/11\/11-2.jpg 656w, https:\/\/kdzgtruck.com\/wp-content\/uploads\/2024\/11\/11-2-300x300.jpg 300w, https:\/\/kdzgtruck.com\/wp-content\/uploads\/2024\/11\/11-2-150x150.jpg 150w, https:\/\/kdzgtruck.com\/wp-content\/uploads\/2024\/11\/11-2-12x12.jpg 12w, https:\/\/kdzgtruck.com\/wp-content\/uploads\/2024\/11\/11-2-100x100.jpg 100w\" sizes=\"(max-width: 656px) 100vw, 656px\" \/> <img alt=\"\" decoding=\"async\" class=\"alignnone size-full wp-image-658\" src=\"https:\/\/kdzgtruck.com\/wp-content\/uploads\/2024\/11\/12-2.jpg\" width=\"599\" height=\"599\" srcset=\"https:\/\/kdzgtruck.com\/wp-content\/uploads\/2024\/11\/12-2.jpg 599w, https:\/\/kdzgtruck.com\/wp-content\/uploads\/2024\/11\/12-2-300x300.jpg 300w, https:\/\/kdzgtruck.com\/wp-content\/uploads\/2024\/11\/12-2-150x150.jpg 150w, https:\/\/kdzgtruck.com\/wp-content\/uploads\/2024\/11\/12-2-12x12.jpg 12w, https:\/\/kdzgtruck.com\/wp-content\/uploads\/2024\/11\/12-2-100x100.jpg 100w\" sizes=\"(max-width: 599px) 100vw, 599px\" \/> <img alt=\"\" decoding=\"async\" class=\"alignnone size-full wp-image-659\" src=\"https:\/\/kdzgtruck.com\/wp-content\/uploads\/2024\/11\/13-1.jpg\" width=\"599\" height=\"599\" srcset=\"https:\/\/kdzgtruck.com\/wp-content\/uploads\/2024\/11\/13-1.jpg 599w, https:\/\/kdzgtruck.com\/wp-content\/uploads\/2024\/11\/13-1-300x300.jpg 300w, https:\/\/kdzgtruck.com\/wp-content\/uploads\/2024\/11\/13-1-150x150.jpg 150w, https:\/\/kdzgtruck.com\/wp-content\/uploads\/2024\/11\/13-1-12x12.jpg 12w, https:\/\/kdzgtruck.com\/wp-content\/uploads\/2024\/11\/13-1-100x100.jpg 100w\" sizes=\"(max-width: 599px) 100vw, 599px\" \/> <img alt=\"\" loading=\"lazy\" decoding=\"async\" class=\"alignnone size-full wp-image-660\" src=\"https:\/\/kdzgtruck.com\/wp-content\/uploads\/2024\/11\/14-1.jpg\" width=\"964\" height=\"659\" srcset=\"https:\/\/kdzgtruck.com\/wp-content\/uploads\/2024\/11\/14-1.jpg 964w, https:\/\/kdzgtruck.com\/wp-content\/uploads\/2024\/11\/14-1-300x205.jpg 300w, https:\/\/kdzgtruck.com\/wp-content\/uploads\/2024\/11\/14-1-768x525.jpg 768w, https:\/\/kdzgtruck.com\/wp-content\/uploads\/2024\/11\/14-1-18x12.jpg 18w, https:\/\/kdzgtruck.com\/wp-content\/uploads\/2024\/11\/14-1-800x547.jpg 800w\" sizes=\"(max-width: 964px) 100vw, 964px\" \/> <img alt=\"\" loading=\"lazy\" decoding=\"async\" class=\"alignnone size-full wp-image-661\" src=\"https:\/\/kdzgtruck.com\/wp-content\/uploads\/2024\/11\/15-1.jpg\" width=\"1049\" height=\"686\" srcset=\"https:\/\/kdzgtruck.com\/wp-content\/uploads\/2024\/11\/15-1.jpg 1049w, https:\/\/kdzgtruck.com\/wp-content\/uploads\/2024\/11\/15-1-300x196.jpg 300w, https:\/\/kdzgtruck.com\/wp-content\/uploads\/2024\/11\/15-1-1024x670.jpg 1024w, https:\/\/kdzgtruck.com\/wp-content\/uploads\/2024\/11\/15-1-768x502.jpg 768w, https:\/\/kdzgtruck.com\/wp-content\/uploads\/2024\/11\/15-1-18x12.jpg 18w, https:\/\/kdzgtruck.com\/wp-content\/uploads\/2024\/11\/15-1-800x523.jpg 800w\" sizes=\"(max-width: 1049px) 100vw, 1049px\" \/> <img alt=\"\" loading=\"lazy\" decoding=\"async\" class=\"alignnone size-full wp-image-662\" src=\"https:\/\/kdzgtruck.com\/wp-content\/uploads\/2024\/11\/16-1.jpg\" width=\"656\" height=\"656\" srcset=\"https:\/\/kdzgtruck.com\/wp-content\/uploads\/2024\/11\/16-1.jpg 656w, https:\/\/kdzgtruck.com\/wp-content\/uploads\/2024\/11\/16-1-300x300.jpg 300w, https:\/\/kdzgtruck.com\/wp-content\/uploads\/2024\/11\/16-1-150x150.jpg 150w, https:\/\/kdzgtruck.com\/wp-content\/uploads\/2024\/11\/16-1-12x12.jpg 12w, https:\/\/kdzgtruck.com\/wp-content\/uploads\/2024\/11\/16-1-100x100.jpg 100w\" sizes=\"(max-width: 656px) 100vw, 656px\" \/><\/p>\n<table class=\"has-title all magic-10\">\n<tbody>\n<tr>\n<td colspan=\"1\" rowspan=\"1\">\n<div class=\"magic-11\" data-spm-anchor-id=\"a2700.details.0.i86.25487e2bOMRQ2O\">article<\/div>\n<\/td>\n<td colspan=\"1\" rowspan=\"1\">\n<div class=\"magic-12\">valeur<\/div>\n<\/td>\n<\/tr>\n<tr>\n<td colspan=\"1\" rowspan=\"1\">\n<div class=\"magic-11\">Condition<\/div>\n<\/td>\n<td colspan=\"1\" rowspan=\"1\">\n<div class=\"magic-12\">Nouveau<\/div>\n<\/td>\n<\/tr>\n<tr>\n<td colspan=\"1\" rowspan=\"1\">\n<div class=\"magic-11\">Direction<\/div>\n<\/td>\n<td colspan=\"1\" rowspan=\"1\">\n<div class=\"magic-12\">Gauche<\/div>\n<\/td>\n<\/tr>\n<tr>\n<td colspan=\"1\" rowspan=\"1\">\n<div class=\"magic-11\">Norme d'\u00e9mission<\/div>\n<\/td>\n<td colspan=\"1\" rowspan=\"1\">\n<div class=\"magic-12\">Euro 2<\/div>\n<\/td>\n<\/tr>\n<tr>\n<td colspan=\"1\" rowspan=\"1\">\n<div class=\"magic-11\">Nom de la marque<\/div>\n<\/td>\n<td colspan=\"1\" rowspan=\"1\">\n<div class=\"magic-12\">Sinotruk<\/div>\n<\/td>\n<\/tr>\n<tr>\n<td colspan=\"1\" rowspan=\"1\">\n<div class=\"magic-11\">Lieu d'origine<\/div>\n<\/td>\n<td colspan=\"1\" rowspan=\"1\">\n<div class=\"magic-12\">Chine<\/div>\n<\/td>\n<\/tr>\n<tr>\n<td colspan=\"1\" rowspan=\"1\">\n<div class=\"magic-11\">S\u00e9paration<\/div>\n<\/td>\n<td colspan=\"1\" rowspan=\"1\">\n<div class=\"magic-12\">Camion l\u00e9ger<\/div>\n<\/td>\n<\/tr>\n<tr>\n<td colspan=\"1\" rowspan=\"1\">\n<div class=\"magic-11\">Segmentation du march\u00e9<\/div>\n<\/td>\n<td colspan=\"1\" rowspan=\"1\">\n<div class=\"magic-12\">Transport logistique<\/div>\n<\/td>\n<\/tr>\n<tr>\n<td colspan=\"1\" rowspan=\"1\">\n<div class=\"magic-11\">Marque du moteur<\/div>\n<\/td>\n<td colspan=\"1\" rowspan=\"1\">\n<div class=\"magic-12\">YUCHAI<\/div>\n<\/td>\n<\/tr>\n<tr>\n<td colspan=\"1\" rowspan=\"1\">\n<div class=\"magic-11\">Type de carburant<\/div>\n<\/td>\n<td colspan=\"1\" rowspan=\"1\">\n<div class=\"magic-12\">Diesel<\/div>\n<\/td>\n<\/tr>\n<tr>\n<td colspan=\"1\" rowspan=\"1\">\n<div class=\"magic-11\">Capacit\u00e9 du moteur<\/div>\n<\/td>\n<td colspan=\"1\" rowspan=\"1\">\n<div class=\"magic-12\">4 &#8211; 6L<\/div>\n<\/td>\n<\/tr>\n<tr>\n<td colspan=\"1\" rowspan=\"1\">\n<div class=\"magic-11\">Cylindres<\/div>\n<\/td>\n<td colspan=\"1\" rowspan=\"1\">\n<div class=\"magic-12\">4<\/div>\n<\/td>\n<\/tr>\n<tr>\n<td colspan=\"1\" rowspan=\"1\">\n<div class=\"magic-11\">Puissance<\/div>\n<\/td>\n<td colspan=\"1\" rowspan=\"1\">\n<div class=\"magic-12\">&lt; 150hp<\/div>\n<\/td>\n<\/tr>\n<tr>\n<td colspan=\"1\" rowspan=\"1\">\n<div class=\"magic-11\">Marque de la bo\u00eete de vitesses<\/div>\n<\/td>\n<td colspan=\"1\" rowspan=\"1\">\n<div class=\"magic-12\">yuchai<\/div>\n<\/td>\n<\/tr>\n<tr>\n<td colspan=\"1\" rowspan=\"1\">\n<div class=\"magic-11\">Type de transmission<\/div>\n<\/td>\n<td colspan=\"1\" rowspan=\"1\">\n<div class=\"magic-12\">Manuel<\/div>\n<\/td>\n<\/tr>\n<tr>\n<td colspan=\"1\" rowspan=\"1\">\n<div class=\"magic-11\">Num\u00e9ro de d\u00e9calage vers l'avant<\/div>\n<\/td>\n<td colspan=\"1\" rowspan=\"1\">\n<div class=\"magic-12\">6<\/div>\n<\/td>\n<\/tr>\n<tr>\n<td colspan=\"1\" rowspan=\"1\">\n<div class=\"magic-11\">Num\u00e9ro de passage en marche arri\u00e8re<\/div>\n<\/td>\n<td colspan=\"1\" rowspan=\"1\">\n<div class=\"magic-12\">1<\/div>\n<\/td>\n<\/tr>\n<tr>\n<td colspan=\"1\" rowspan=\"1\">\n<div class=\"magic-11\">Couple maximum (Nm)<\/div>\n<\/td>\n<td colspan=\"1\" rowspan=\"1\">\n<div class=\"magic-12\">500-1000Nm<\/div>\n<\/td>\n<\/tr>\n<tr>\n<td colspan=\"1\" rowspan=\"1\">\n<div class=\"magic-11\">Taille<\/div>\n<\/td>\n<td colspan=\"1\" rowspan=\"1\">\n<div class=\"magic-12\">5995X2170X2170mm<\/div>\n<\/td>\n<\/tr>\n<tr>\n<td colspan=\"1\" rowspan=\"1\">\n<div class=\"magic-11\">Dimension du r\u00e9servoir \u00e0 cargaison<\/div>\n<\/td>\n<td colspan=\"1\" rowspan=\"1\">\n<div class=\"magic-12\">4200x2050x500mm<\/div>\n<\/td>\n<\/tr>\n<tr>\n<td colspan=\"1\" rowspan=\"1\">\n<div class=\"magic-11\">Longueur du r\u00e9servoir Cargo<\/div>\n<\/td>\n<td colspan=\"1\" rowspan=\"1\">\n<div class=\"magic-12\">\u22644.2m<\/div>\n<\/td>\n<\/tr>\n<tr>\n<td colspan=\"1\" rowspan=\"1\">\n<div class=\"magic-11\">Type de r\u00e9servoir de cargaison<\/div>\n<\/td>\n<td colspan=\"1\" rowspan=\"1\">\n<div class=\"magic-12\">Plaque de colonne<\/div>\n<\/td>\n<\/tr>\n<tr>\n<td colspan=\"1\" rowspan=\"1\">\n<div class=\"magic-11\">Poids brut du v\u00e9hicule<\/div>\n<\/td>\n<td colspan=\"1\" rowspan=\"1\">\n<div class=\"magic-12\">&lt;=5000 kg<\/div>\n<\/td>\n<\/tr>\n<tr>\n<td colspan=\"1\" rowspan=\"1\">\n<div class=\"magic-11\">Capacit\u00e9 (charge)<\/div>\n<\/td>\n<td colspan=\"1\" rowspan=\"1\">\n<div class=\"magic-12\">1 - 10t<\/div>\n<\/td>\n<\/tr>\n<tr>\n<td colspan=\"1\" rowspan=\"1\">\n<div class=\"magic-11\">Capacit\u00e9 du r\u00e9servoir de carburant<\/div>\n<\/td>\n<td colspan=\"1\" rowspan=\"1\">\n<div class=\"magic-12\">100-200L<\/div>\n<\/td>\n<\/tr>\n<tr>\n<td colspan=\"1\" rowspan=\"1\">\n<div class=\"magic-11\">Roue motrice<\/div>\n<\/td>\n<td colspan=\"1\" rowspan=\"1\">\n<div class=\"magic-12\">4X2<\/div>\n<\/td>\n<\/tr>\n<tr>\n<td colspan=\"1\" rowspan=\"1\">\n<div class=\"magic-11\">Passagers<\/div>\n<\/td>\n<td colspan=\"1\" rowspan=\"1\">\n<div class=\"magic-12\">2<\/div>\n<\/td>\n<\/tr>\n<tr>\n<td colspan=\"1\" rowspan=\"1\">\n<div class=\"magic-11\">Si\u00e8ge du conducteur<\/div>\n<\/td>\n<td colspan=\"1\" rowspan=\"1\">\n<div class=\"magic-12\">Normal<\/div>\n<\/td>\n<\/tr>\n<tr>\n<td colspan=\"1\" rowspan=\"1\">\n<div class=\"magic-11\">Rang\u00e9es de si\u00e8ges<\/div>\n<\/td>\n<td colspan=\"1\" rowspan=\"1\">\n<div class=\"magic-12\">Une seule rang\u00e9e<\/div>\n<\/td>\n<\/tr>\n<tr>\n<td colspan=\"1\" rowspan=\"1\">\n<div class=\"magic-11\">Cam\u00e9ra arri\u00e8re<\/div>\n<\/td>\n<td colspan=\"1\" rowspan=\"1\">\n<div class=\"magic-12\">Aucun<\/div>\n<\/td>\n<\/tr>\n<tr>\n<td colspan=\"1\" rowspan=\"1\">\n<div class=\"magic-11\">R\u00e9gulateur de vitesse<\/div>\n<\/td>\n<td colspan=\"1\" rowspan=\"1\">\n<div class=\"magic-12\">Aucun<\/div>\n<\/td>\n<\/tr>\n<tr>\n<td colspan=\"1\" rowspan=\"1\">\n<div class=\"magic-11\">ABS (syst\u00e8me de freinage antiblocage)<\/div>\n<\/td>\n<td colspan=\"1\" rowspan=\"1\">\n<div class=\"magic-12\">Aucun<\/div>\n<\/td>\n<\/tr>\n<tr>\n<td colspan=\"1\" rowspan=\"1\">\n<div class=\"magic-11\">ESC (syst\u00e8me \u00e9lectronique de contr\u00f4le de la stabilit\u00e9)<\/div>\n<\/td>\n<td colspan=\"1\" rowspan=\"1\">\n<div class=\"magic-12\">Aucun<\/div>\n<\/td>\n<\/tr>\n<tr>\n<td colspan=\"1\" rowspan=\"1\">\n<div class=\"magic-11\">\u00c9cran tactile<\/div>\n<\/td>\n<td colspan=\"1\" rowspan=\"1\">\n<div class=\"magic-12\">Aucun<\/div>\n<\/td>\n<\/tr>\n<tr>\n<td colspan=\"1\" rowspan=\"1\">\n<div class=\"magic-11\">Syst\u00e8me multim\u00e9dia<\/div>\n<\/td>\n<td colspan=\"1\" rowspan=\"1\">\n<div class=\"magic-12\">Aucun<\/div>\n<\/td>\n<\/tr>\n<tr>\n<td colspan=\"1\" rowspan=\"1\">\n<div class=\"magic-11\">Climatiseur<\/div>\n<\/td>\n<td colspan=\"1\" rowspan=\"1\">\n<div class=\"magic-12\">Automatique<\/div>\n<\/td>\n<\/tr>\n<tr>\n<td colspan=\"1\" rowspan=\"1\">\n<div class=\"magic-11\">Num\u00e9ro du pneu<\/div>\n<\/td>\n<td colspan=\"1\" rowspan=\"1\">\n<div class=\"magic-12\">6<\/div>\n<\/td>\n<\/tr>\n<tr>\n<td colspan=\"1\" rowspan=\"1\">\n<div class=\"magic-11\">Service apr\u00e8s-vente<\/div>\n<\/td>\n<td colspan=\"1\" rowspan=\"1\">\n<div class=\"magic-12\">Installation sur site, pas de service apr\u00e8s-vente<\/div>\n<\/td>\n<\/tr>\n<tr>\n<td colspan=\"1\" rowspan=\"1\">\n<div class=\"magic-11\">Engine model<\/div>\n<\/td>\n<td colspan=\"1\" rowspan=\"1\">\n<div class=\"magic-12\">YN4100QBZL<\/div>\n<\/td>\n<\/tr>\n<tr>\n<td colspan=\"1\" rowspan=\"1\">\n<div class=\"magic-11\">\u00c9missions<\/div>\n<\/td>\n<td colspan=\"1\" rowspan=\"1\">\n<div class=\"magic-12\">WLY6TS40<\/div>\n<\/td>\n<\/tr>\n<tr>\n<td colspan=\"1\" rowspan=\"1\">\n<div class=\"magic-11\">Capacit\u00e9 de chargement<\/div>\n<\/td>\n<td colspan=\"1\" rowspan=\"1\">\n<div class=\"magic-12\">3940KG<\/div>\n<\/td>\n<\/tr>\n<tr>\n<td colspan=\"1\" rowspan=\"1\">\n<div class=\"magic-11\">Cabine<\/div>\n<\/td>\n<td colspan=\"1\" rowspan=\"1\">\n<div class=\"magic-12\">2080<\/div>\n<\/td>\n<\/tr>\n<tr>\n<td colspan=\"1\" rowspan=\"1\">\n<div class=\"magic-11\">Wheelbase<\/div>\n<\/td>\n<td colspan=\"1\" rowspan=\"1\">\n<div class=\"magic-12\">3400mm<\/div>\n<\/td>\n<\/tr>\n<tr>\n<td colspan=\"1\" rowspan=\"1\">\n<div class=\"magic-11\">Pneu<\/div>\n<\/td>\n<td colspan=\"1\" rowspan=\"1\">\n<div class=\"magic-12\">8.25R20<\/div>\n<\/td>\n<\/tr>\n<tr>\n<td colspan=\"1\" rowspan=\"1\">\n<div class=\"magic-11\">Essieu arri\u00e8re<\/div>\n<\/td>\n<td colspan=\"1\" rowspan=\"1\">\n<div class=\"magic-12\">7.2 ton<\/div>\n<\/td>\n<\/tr>\n<tr>\n<td colspan=\"1\" rowspan=\"1\">\n<div class=\"magic-11\">Essieu avant<\/div>\n<\/td>\n<td colspan=\"1\" rowspan=\"1\">\n<div class=\"magic-12\" data-spm-anchor-id=\"a2700.details.0.i87.25487e2bOMRQ2O\">2.7 ton<\/div>\n<\/td>\n<\/tr>\n<tr>\n<td colspan=\"1\" rowspan=\"1\">\n<div class=\"magic-11\">Puissance en chevaux<\/div>\n<\/td>\n<td colspan=\"1\" rowspan=\"1\">\n<div class=\"magic-12\">115-160hp<\/div>\n<\/td>\n<\/tr>\n<tr>\n<td colspan=\"1\" rowspan=\"1\">\n<div class=\"magic-11\">G.V.W<\/div>\n<\/td>\n<td colspan=\"1\" rowspan=\"1\">\n<div class=\"magic-12\">2250KG<\/div>\n<\/td>\n<\/tr>\n<\/tbody>\n<\/table>","protected":false},"excerpt":{"rendered":"<p>Valeur de l'article Condition Nouvelle Direction Gauche Emission Standard Euro 2 Marque Sinotruk Lieu d'origine Chine Segment Camion l\u00e9ger Segment de march\u00e9 Transport logistique Moteur Marque YUCHAI Type de carburant Diesel Capacit\u00e9 du moteur 4 - 6L Cylindres 4 Puissance &lt; 150hp Bo\u00eete de vitesse Marque yuchai Type de transmission Manuel Nombre de passage en marche avant 6 Nombre de passage en marche arri\u00e8re 1....<\/p>","protected":false},"featured_media":652,"comment_status":"open","ping_status":"closed","template":"","meta":{"_seopress_robots_primary_cat":"","_seopress_titles_title":"","_seopress_titles_desc":"","_seopress_robots_index":"","_seopress_analysis_target_kw":"","_kad_post_transparent":"default","_kad_post_title":"","_kad_post_layout":"default","_kad_post_sidebar_id":"","_kad_post_content_style":"default","_kad_post_vertical_padding":"default","_kad_post_feature":"","_kad_post_feature_position":"","_kad_post_header":false,"_kad_post_footer":false,"_kad_post_classname":""},"product_brand":[],"product_cat":[40],"product_tag":[],"class_list":{"0":"post-648","1":"product","2":"type-product","3":"status-publish","4":"has-post-thumbnail","6":"product_cat-light-truck","8":"first","9":"instock","10":"shipping-taxable","11":"product-type-simple","12":"entry","13":"content-bg","14":"loop-entry"},"_links":{"self":[{"href":"https:\/\/kdzgtruck.com\/fr\/wp-json\/wp\/v2\/product\/648","targetHints":{"allow":["GET"]}}],"collection":[{"href":"https:\/\/kdzgtruck.com\/fr\/wp-json\/wp\/v2\/product"}],"about":[{"href":"https:\/\/kdzgtruck.com\/fr\/wp-json\/wp\/v2\/types\/product"}],"replies":[{"embeddable":true,"href":"https:\/\/kdzgtruck.com\/fr\/wp-json\/wp\/v2\/comments?post=648"}],"wp:featuredmedia":[{"embeddable":true,"href":"https:\/\/kdzgtruck.com\/fr\/wp-json\/wp\/v2\/media\/652"}],"wp:attachment":[{"href":"https:\/\/kdzgtruck.com\/fr\/wp-json\/wp\/v2\/media?parent=648"}],"wp:term":[{"taxonomy":"product_brand","embeddable":true,"href":"https:\/\/kdzgtruck.com\/fr\/wp-json\/wp\/v2\/product_brand?post=648"},{"taxonomy":"product_cat","embeddable":true,"href":"https:\/\/kdzgtruck.com\/fr\/wp-json\/wp\/v2\/product_cat?post=648"},{"taxonomy":"product_tag","embeddable":true,"href":"https:\/\/kdzgtruck.com\/fr\/wp-json\/wp\/v2\/product_tag?post=648"}],"curies":[{"name":"wp","href":"https:\/\/api.w.org\/{rel}","templated":true}]}}