{"id":626,"date":"2024-11-08T15:59:29","date_gmt":"2024-11-08T07:59:29","guid":{"rendered":"https:\/\/kdzgtruck.com\/?post_type=product&#038;p=626"},"modified":"2024-11-08T15:59:29","modified_gmt":"2024-11-08T07:59:29","slug":"sell-transport-truck-semi-trailer-axle-5000l-fuel-tank-oil-tank-trailer","status":"publish","type":"product","link":"https:\/\/kdzgtruck.com\/fr\/produit\/sell-transport-truck-semi-trailer-axle-5000l-fuel-tank-oil-tank-trailer\/","title":{"rendered":"Sell Transport Truck Semi Trailer Axle 5000L Fuel Tank Oil Tank Trailer"},"content":{"rendered":"<div class=\"J_module\">\n<div id=\"ali-anchor-AliMagic-h32ouv\" class=\"magic-0\" data-section=\"AliMagic-h32ouv\" data-section-title=\"Specification\">Sp\u00e9cifications<\/div>\n<\/div>\n<div class=\"J_module\">\n<div class=\"icbu-pc-images magic-1\">\n<div>\n<div class=\"flex-layout-v\">\n<div class=\"flex-layout-h magic-1\">\n<div class=\"magic-5\"><img decoding=\"async\" class=\"magic-6\" src=\"https:\/\/sc04.alicdn.com\/kf\/H1498b81f416d4f8ba16b9890c7202b6bW\/205957178\/H1498b81f416d4f8ba16b9890c7202b6bW.png\" data-src=\"\/\/sc04.alicdn.com\/kf\/H1498b81f416d4f8ba16b9890c7202b6bW\/205957178\/H1498b81f416d4f8ba16b9890c7202b6bW.png\" \/><\/div>\n<div>Nous disposons d'une \u00e9quipe professionnelle de d\u00e9claration en douane et de livraison ; elle peut assurer le transport terrestre, le transport par conteneur, le transport de marchandises en vrac, le transport par navire roulier et d'autres modes de transport de marchandises. Nous fournissons des services d'exp\u00e9dition professionnels, rapides et de haute qualit\u00e9, ainsi que des services de r\u00e8glement des sinistres s\u00fbrs et rapides. Notre \u00e9quipe cherche avant tout \u00e0 vous rassurer.<\/div>\n<div>\n<div class=\"J_module\">\n<div id=\"ali-anchor-AliMagic-z16f4n\" class=\"magic-0\" data-section=\"AliMagic-z16f4n\" data-section-title=\"FAQ\" data-spm-anchor-id=\"a2700.details.0.i47.5b0f202de2zUhM\">FAQ<\/div>\n<\/div>\n<div class=\"J_module\">\n<div class=\"detail-decorate-json-renderer-container\">\n<div class=\"magic-8\">\n<div class=\"magic-9\">\n<div class=\"magic-10\">\n<div class=\"magic-11\"><b>1. qui sommes-nous ?<\/b><br \/>\nNous sommes bas\u00e9s \u00e0 Shandong, Chine, nous avons commenc\u00e9 en 2010, nous vendons en Afrique (35.00%), en Am\u00e9rique du Sud (15.00%), en Asie du Sud-Est (15.00%), en Asie du Sud (5.00%), en Oc\u00e9anie (5.00%), en Asie de l'Est (5.00%), en Am\u00e9rique centrale (5.00%), en Europe de l'Est (5.00%), sur le march\u00e9 int\u00e9rieur (5.00%), au Moyen Orient (5.00%). Notre bureau compte au total entre 11 et 50 personnes.<\/p>\n<p><b>2. Comment pouvons-nous garantir la qualit\u00e9 ?<\/b><br \/>\nIl y a toujours un \u00e9chantillon de pr\u00e9production avant la production en s\u00e9rie ;<br \/>\nL'inspection finale est toujours effectu\u00e9e avant l'exp\u00e9dition ;<\/p>\n<p><b>3.Que pouvez-vous acheter chez nous ?<\/b><br \/>\nCamion, Camion Howo, Camion benne, Camion tracteur, Camion malaxeur de b\u00e9ton, Camion cargo, Semi-remorque, Remorque \u00e0 plateau, Camion-citerne \u00e0 eau, Camion-citerne \u00e0 huile, Camion-grue, Chargeur sur roues<\/p>\n<p><b>4. Pourquoi devriez-vous acheter chez nous plut\u00f4t que chez d'autres fournisseurs ?<\/b><br \/>\nLa soci\u00e9t\u00e9 Jinan Kunda Heavy Truck Sales Co. est situ\u00e9e \u00e0 Jinan et est sp\u00e9cialis\u00e9e dans la fabrication de camions lourds. Avec une \u00e9quipe exp\u00e9riment\u00e9e et professionnelle, nous avons export\u00e9 nos produits vers de nombreux pays et r\u00e9gions du monde entier.<\/p>\n<p><b>5. quels services pouvons-nous fournir ?<\/b><br \/>\nConditions de livraison accept\u00e9es : FOB, CFR, CIF, EXW, FAS, CIP, DDP, DAF\uff1b<br \/>\nDevise de paiement accept\u00e9e : USD, EUR, HKD, CNY ;<br \/>\nType de paiement accept\u00e9 : T\/T, L\/C, D\/P D\/A, MoneyGram, carte de cr\u00e9dit, Western Union, esp\u00e8ces ;<br \/>\nLangues parl\u00e9es : anglais, chinois, espagnol, portugais, arabe, fran\u00e7ais, russe<\/div>\n<\/div>\n<\/div>\n<\/div>\n<\/div>\n<\/div>\n<\/div>\n<\/div>\n<\/div>\n<\/div>\n<\/div>\n<\/div>","protected":false},"excerpt":{"rendered":"<p>Sp\u00e9cification Nous disposons d'une \u00e9quipe professionnelle de d\u00e9claration en douane et de livraison ; elle peut assurer le transport terrestre, le transport par conteneur, le transport de marchandises en vrac, le transport par navire roulier et d'autres modes de transport de marchandises. Nous fournissons des services d'exp\u00e9dition professionnels, rapides et de haute qualit\u00e9, ainsi que des services de r\u00e8glement des sinistres s\u00fbrs et rapides. Notre \u00e9quipe cherche avant tout \u00e0 vous rassurer. FAQ 1....<\/p>","protected":false},"featured_media":628,"comment_status":"open","ping_status":"closed","template":"","meta":{"_seopress_robots_primary_cat":"","_seopress_titles_title":"","_seopress_titles_desc":"","_seopress_robots_index":"","_kad_post_transparent":"default","_kad_post_title":"","_kad_post_layout":"default","_kad_post_sidebar_id":"","_kad_post_content_style":"default","_kad_post_vertical_padding":"default","_kad_post_feature":"","_kad_post_feature_position":"","_kad_post_header":false,"_kad_post_footer":false,"_kad_post_classname":""},"product_brand":[],"product_cat":[29,23,26],"product_tag":[],"class_list":{"0":"post-626","1":"product","2":"type-product","3":"status-publish","4":"has-post-thumbnail","6":"product_cat-fuel-tank-trailer-semi-trailer","7":"product_cat-products","8":"product_cat-semi-trailer","10":"first","11":"instock","12":"shipping-taxable","13":"product-type-simple","14":"entry","15":"content-bg","16":"loop-entry"},"_links":{"self":[{"href":"https:\/\/kdzgtruck.com\/fr\/wp-json\/wp\/v2\/product\/626","targetHints":{"allow":["GET"]}}],"collection":[{"href":"https:\/\/kdzgtruck.com\/fr\/wp-json\/wp\/v2\/product"}],"about":[{"href":"https:\/\/kdzgtruck.com\/fr\/wp-json\/wp\/v2\/types\/product"}],"replies":[{"embeddable":true,"href":"https:\/\/kdzgtruck.com\/fr\/wp-json\/wp\/v2\/comments?post=626"}],"wp:featuredmedia":[{"embeddable":true,"href":"https:\/\/kdzgtruck.com\/fr\/wp-json\/wp\/v2\/media\/628"}],"wp:attachment":[{"href":"https:\/\/kdzgtruck.com\/fr\/wp-json\/wp\/v2\/media?parent=626"}],"wp:term":[{"taxonomy":"product_brand","embeddable":true,"href":"https:\/\/kdzgtruck.com\/fr\/wp-json\/wp\/v2\/product_brand?post=626"},{"taxonomy":"product_cat","embeddable":true,"href":"https:\/\/kdzgtruck.com\/fr\/wp-json\/wp\/v2\/product_cat?post=626"},{"taxonomy":"product_tag","embeddable":true,"href":"https:\/\/kdzgtruck.com\/fr\/wp-json\/wp\/v2\/product_tag?post=626"}],"curies":[{"name":"wp","href":"https:\/\/api.w.org\/{rel}","templated":true}]}}