{"id":619,"date":"2024-11-08T15:51:03","date_gmt":"2024-11-08T07:51:03","guid":{"rendered":"https:\/\/kdzgtruck.com\/?post_type=product&#038;p=619"},"modified":"2024-11-08T15:54:48","modified_gmt":"2024-11-08T07:54:48","slug":"china-manufacturing-4-axle-80000-liters-water-tank-trailer-fuel-tanker-trailer-for-sale","status":"publish","type":"product","link":"https:\/\/kdzgtruck.com\/fr\/produit\/china-manufacturing-4-axle-80000-liters-water-tank-trailer-fuel-tanker-trailer-for-sale\/","title":{"rendered":"Fabrication chinoise 4 essieux 80000 litres remorque citerne \u00e0 eau remorque citerne \u00e0 carburant pour la vente"},"content":{"rendered":"<div class=\"J_module\">\n<div class=\"ife-detail-decorate-table\">\n<table class=\"has-title all magic-12\">\n<tbody>\n<tr>\n<td colspan=\"1\" rowspan=\"1\" data-spm-anchor-id=\"a2700.details.0.i42.4c2e407bTecxlw\">\n<div class=\"magic-13\">article<\/div>\n<\/td>\n<td colspan=\"1\" rowspan=\"1\">\n<div class=\"magic-14\">valeur<\/div>\n<\/td>\n<\/tr>\n<tr>\n<td colspan=\"1\" rowspan=\"1\">\n<div class=\"magic-13\">Utilisation<\/div>\n<\/td>\n<td colspan=\"1\" rowspan=\"1\">\n<div class=\"magic-14\">Remorque de camion<\/div>\n<\/td>\n<\/tr>\n<tr>\n<td colspan=\"1\" rowspan=\"1\">\n<div class=\"magic-13\">Type<\/div>\n<\/td>\n<td colspan=\"1\" rowspan=\"1\">\n<div class=\"magic-14\">Semi-remorque<\/div>\n<\/td>\n<\/tr>\n<tr>\n<td colspan=\"1\" rowspan=\"1\">\n<div class=\"magic-13\">Mat\u00e9riau<\/div>\n<\/td>\n<td colspan=\"1\" rowspan=\"1\">\n<div class=\"magic-14\">alliage d'aluminium Acier<\/div>\n<\/td>\n<\/tr>\n<tr>\n<td colspan=\"1\" rowspan=\"1\">\n<div class=\"magic-13\">Taille<\/div>\n<\/td>\n<td colspan=\"1\" rowspan=\"1\">\n<div class=\"magic-14\">14900*2550*3850mm<\/div>\n<\/td>\n<\/tr>\n<tr>\n<td colspan=\"1\" rowspan=\"1\">\n<div class=\"magic-13\">Charge utile maximale<\/div>\n<\/td>\n<td colspan=\"1\" rowspan=\"1\">\n<div class=\"magic-14\">80T<\/div>\n<\/td>\n<\/tr>\n<tr>\n<td colspan=\"1\" rowspan=\"1\">\n<div class=\"magic-15\">80Capacit\u00e9<\/div>\n<\/td>\n<td colspan=\"1\" rowspan=\"1\">\n<div class=\"magic-16\">80000L<\/div>\n<\/td>\n<\/tr>\n<tr>\n<td colspan=\"1\" rowspan=\"1\">\n<div class=\"magic-15\">compartiments<\/div>\n<\/td>\n<td colspan=\"1\" rowspan=\"1\">\n<div class=\"magic-16\">5<\/div>\n<\/td>\n<\/tr>\n<tr>\n<td colspan=\"1\" rowspan=\"1\">\n<div class=\"magic-13\">Lieu d'origine<\/div>\n<\/td>\n<td colspan=\"1\" rowspan=\"1\">\n<div class=\"magic-14\">Chine<\/div>\n<\/td>\n<\/tr>\n<tr>\n<td colspan=\"1\" rowspan=\"1\">\n<div class=\"magic-13\"><\/div>\n<\/td>\n<td colspan=\"1\" rowspan=\"1\">\n<div class=\"magic-14\">Shandong<\/div>\n<\/td>\n<\/tr>\n<tr>\n<td colspan=\"1\" rowspan=\"1\">\n<div class=\"magic-13\">Nom de la marque<\/div>\n<\/td>\n<td colspan=\"1\" rowspan=\"1\">\n<div class=\"magic-14\">kunda<\/div>\n<\/td>\n<\/tr>\n<tr>\n<td colspan=\"1\" rowspan=\"1\">\n<div class=\"magic-13\"><\/div>\n<\/td>\n<td colspan=\"1\" rowspan=\"1\">\n<div class=\"magic-14\"><\/div>\n<\/td>\n<\/tr>\n<\/tbody>\n<\/table>\n<\/div>\n<\/div>\n<div class=\"J_module\">\n<div id=\"ali-anchor-AliMagic-usm8no\" class=\"magic-0\" data-section=\"AliMagic-usm8no\" data-section-title=\"Company Profile\">Profil de l'entreprise<\/div>\n<div data-section=\"AliMagic-usm8no\" data-section-title=\"Company Profile\">\n<div class=\"J_module\">\n<div class=\"detail-decorate-json-renderer-container\">\n<div class=\"magic-18\">\n<div class=\"magic-19\">\n<div class=\"magic-20\">\n<div class=\"magic-21\" data-spm-anchor-id=\"a2700.details.0.i43.4c2e407bTecxlw\"><span data-spm-anchor-id=\"a2700.details.0.i44.4c2e407bTecxlw\">Jinan Kunda Automobile Sales Co., Ltd. was established in 2010 and is located in Sinotruk Departure Area,Shizhong District, Jinan City, Shandong Province, specializing in the sales of light and heavy trucks and accessories. The main products are the brand new HOWO produced by Sinotruk and SHCMAN brand 6&#215;4,4&#215;2 short, medium and long-distance tractors, 4&#215;2, 6&#215;4, 8&#215;4 dump trucks, 4&#215;2, 6&#215;4, 8&#215;4, cargo circulation transport trucks, 10 Square, 20, 25 square sprinkler trucks, fuel trucks, 6&#215;4 8&#215;4 concrete cement mixer trucks,and can also provide high-quality chassis for drilling machines, fire trucks and other special vehicles. There are many cooperative customers in Africa, Central Asia, Southeast Asia and South America. Welcome friends to contact us for win-win cooperation<\/span><\/div>\n<\/div>\n<\/div>\n<\/div>\n<\/div>\n<\/div>\n<div class=\"J_module\">\n<div class=\"icbu-pc-images magic-22\">\n<div>\n<div class=\"flex-layout-v\">\n<div class=\"flex-layout-h magic-22\">\n<div class=\"magic-23\"><img decoding=\"async\" class=\"magic-24\" src=\"https:\/\/sc04.alicdn.com\/kf\/Hdd74649d6e134befbaf704aa7311243d7\/205957178\/Hdd74649d6e134befbaf704aa7311243d7.jpg\" data-src=\"\/\/sc04.alicdn.com\/kf\/Hdd74649d6e134befbaf704aa7311243d7\/205957178\/Hdd74649d6e134befbaf704aa7311243d7.jpg\" \/><\/div>\n<\/div>\n<\/div>\n<\/div>\n<\/div>\n<\/div>\n<div class=\"J_module\">\n<div class=\"detail-decorate-json-renderer-container\">\n<div class=\"magic-18\">\n<div class=\"magic-19\">\n<div class=\"magic-20\">\n<div class=\"magic-21\">Nous fournissons des camions et des remorques neufs d'excellente qualit\u00e9, ainsi que des camions d'occasion de moins de 5 ans, des camions mis au rebut ou des camions ill\u00e9galement restructur\u00e9s. Des camions de haute qualit\u00e9, des prix abordables, des fonds s\u00fbrs et la bonne foi sont la base de notre activit\u00e9.<\/div>\n<\/div>\n<\/div>\n<\/div>\n<\/div>\n<\/div>\n<div class=\"J_module\">\n<div class=\"icbu-pc-images magic-22\">\n<div>\n<div class=\"flex-layout-v\">\n<div class=\"flex-layout-h magic-22\">\n<div class=\"magic-25\"><img decoding=\"async\" class=\"magic-26\" src=\"https:\/\/sc04.alicdn.com\/kf\/Hc8e303d4d1154a86bfb5162a5219212aJ\/205957178\/Hc8e303d4d1154a86bfb5162a5219212aJ.jpg\" data-src=\"\/\/sc04.alicdn.com\/kf\/Hc8e303d4d1154a86bfb5162a5219212aJ\/205957178\/Hc8e303d4d1154a86bfb5162a5219212aJ.jpg\" \/><\/div>\n<\/div>\n<\/div>\n<\/div>\n<\/div>\n<\/div>\n<div class=\"J_module\">\n<div class=\"icbu-pc-images magic-22\">\n<div>\n<div class=\"flex-layout-v\">\n<div class=\"flex-layout-h magic-22\">\n<div class=\"magic-23\"><img decoding=\"async\" class=\"magic-24\" src=\"https:\/\/sc04.alicdn.com\/kf\/He3857bc488c1453081fc88db6057c71dY\/205957178\/He3857bc488c1453081fc88db6057c71dY.jpg\" data-src=\"\/\/sc04.alicdn.com\/kf\/He3857bc488c1453081fc88db6057c71dY\/205957178\/He3857bc488c1453081fc88db6057c71dY.jpg\" \/><\/div>\n<\/div>\n<\/div>\n<\/div>\n<\/div>\n<\/div>\n<div class=\"J_module\">\n<div class=\"detail-decorate-json-renderer-container\">\n<div class=\"magic-18\">\n<div class=\"magic-19\">\n<div class=\"magic-20\">\n<div class=\"magic-21\">Nous fournissons des accessoires de camion de qualit\u00e9 d'origine ; Le march\u00e9 des pi\u00e8ces d\u00e9tach\u00e9es a de nombreux prix et diff\u00e9rentes qualit\u00e9s de pi\u00e8ces ; Nous ne vendons que des accessoires de haute qualit\u00e9 et de qualit\u00e9 d'usine d'origine. Si vous voulez acheter des accessoires de haute qualit\u00e9, veuillez nous contacter. Si vous ne vous souciez pas de la qualit\u00e9 mais seulement du bas prix, d\u00e9sol\u00e9, ne nous contactez pas.<\/div>\n<\/div>\n<\/div>\n<\/div>\n<\/div>\n<\/div>\n<div class=\"J_module\">\n<div class=\"icbu-pc-images magic-22\">\n<div>\n<div class=\"flex-layout-v\">\n<div class=\"flex-layout-h magic-22\">\n<div class=\"magic-25\"><img decoding=\"async\" class=\"magic-26\" src=\"https:\/\/sc04.alicdn.com\/kf\/H7a2a042224484b1fb66e4717dc1d7eb4j\/205957178\/H7a2a042224484b1fb66e4717dc1d7eb4j.jpg\" data-src=\"\/\/sc04.alicdn.com\/kf\/H7a2a042224484b1fb66e4717dc1d7eb4j\/205957178\/H7a2a042224484b1fb66e4717dc1d7eb4j.jpg\" \/><\/div>\n<\/div>\n<\/div>\n<\/div>\n<\/div>\n<\/div>\n<div class=\"J_module\">\n<div class=\"icbu-pc-images magic-22\">\n<div>\n<div class=\"flex-layout-v\">\n<div class=\"flex-layout-h magic-22\">\n<div class=\"magic-23\"><img decoding=\"async\" class=\"magic-24\" src=\"https:\/\/sc04.alicdn.com\/kf\/H7b357ab010154eabae823c396a6455d7j\/205957178\/H7b357ab010154eabae823c396a6455d7j.jpg\" data-src=\"\/\/sc04.alicdn.com\/kf\/H7b357ab010154eabae823c396a6455d7j\/205957178\/H7b357ab010154eabae823c396a6455d7j.jpg\" \/><\/div>\n<\/div>\n<\/div>\n<\/div>\n<\/div>\n<\/div>\n<div class=\"J_module\">\n<div class=\"detail-decorate-json-renderer-container\">\n<div class=\"magic-18\">\n<div class=\"magic-19\">\n<div class=\"magic-20\">\n<div class=\"magic-21\">Apr\u00e8s plus de dix ans d'activit\u00e9, nous avons de nombreux clients en Afrique, au Moyen-Orient, en Am\u00e9rique du Sud, en Asie du Sud-Est, en Asie centrale, en Mongolie et en Russie. Notre coop\u00e9ration est longue et agr\u00e9able. Nous vous invitons \u00e0 devenir notre partenaire.<\/div>\n<\/div>\n<\/div>\n<\/div>\n<\/div>\n<\/div>\n<div class=\"J_module\">\n<div class=\"icbu-pc-images magic-22\">\n<div>\n<div class=\"flex-layout-v\">\n<div class=\"flex-layout-h magic-22\">\n<div class=\"magic-27\"><img decoding=\"async\" class=\"magic-28\" src=\"https:\/\/sc04.alicdn.com\/kf\/H321a726284fd4f1788bce53029743237a\/205957178\/H321a726284fd4f1788bce53029743237a.jpg\" data-src=\"\/\/sc04.alicdn.com\/kf\/H321a726284fd4f1788bce53029743237a\/205957178\/H321a726284fd4f1788bce53029743237a.jpg\" \/><\/div>\n<\/div>\n<\/div>\n<\/div>\n<\/div>\n<\/div>\n<div class=\"J_module\">\n<div class=\"icbu-pc-images magic-22\">\n<div>\n<div class=\"flex-layout-v\">\n<div class=\"flex-layout-h magic-22\">\n<div class=\"magic-29\"><img decoding=\"async\" class=\"magic-30\" src=\"https:\/\/sc04.alicdn.com\/kf\/H4da4e416278545998a8e246c6655262fV\/205957178\/H4da4e416278545998a8e246c6655262fV.jpg\" data-src=\"\/\/sc04.alicdn.com\/kf\/H4da4e416278545998a8e246c6655262fV\/205957178\/H4da4e416278545998a8e246c6655262fV.jpg\" \/><\/div>\n<\/div>\n<\/div>\n<\/div>\n<\/div>\n<\/div>\n<div class=\"J_module\">\n<div class=\"detail-decorate-json-renderer-container\">\n<div class=\"magic-18\">\n<div class=\"magic-19\">\n<div class=\"magic-20\">\n<div class=\"magic-21\">Shipping is a very important link in international trade to ensure the safety of goods,We have a professional customs declaration and delivery team; It can undertake land transportation, container transportation, bulk cargo transportation, ro ro ship transportation and other freight transport modes. Provide professional, fast and high-quality shipping services and safe and fast insurance claim settlement services. Let you rest assured is our team&#8217;s highest pursuit<\/div>\n<\/div>\n<\/div>\n<\/div>\n<\/div>\n<\/div>\n<div class=\"J_module\">\n<div class=\"icbu-pc-images magic-22\">\n<div>\n<div class=\"flex-layout-v\">\n<div class=\"flex-layout-h magic-22\">\n<div class=\"magic-31\"><img decoding=\"async\" class=\"magic-32\" src=\"https:\/\/sc04.alicdn.com\/kf\/Hab533883782f44feb478e0825242386aJ\/205957178\/Hab533883782f44feb478e0825242386aJ.jpg\" data-src=\"\/\/sc04.alicdn.com\/kf\/Hab533883782f44feb478e0825242386aJ\/205957178\/Hab533883782f44feb478e0825242386aJ.jpg\" \/><\/div>\n<\/div>\n<\/div>\n<\/div>\n<\/div>\n<\/div>\n<div class=\"J_module\">\n<div id=\"ali-anchor-AliMagic-keyxa0\" class=\"magic-0\" data-section=\"AliMagic-keyxa0\" data-section-title=\"FAQ\">FAQ<\/div>\n<\/div>\n<div class=\"J_module\">\n<div class=\"detail-decorate-json-renderer-container\">\n<div class=\"magic-18\">\n<div class=\"magic-19\">\n<div class=\"magic-20\">\n<div class=\"magic-21\"><b>1. qui sommes-nous ?<\/b><br \/>\nNous sommes bas\u00e9s \u00e0 Shandong, Chine, d\u00e9but 2010, vendre \u00e0 Afrique(35.00%),Afrique(35.00%),Asie du Sud-Est(15.00%),Am\u00e9rique du Sud(15.00%),Asie du Sud-Est(15.00%),Asie de l'Est(5.00%),Am\u00e9rique centrale(5.00%),Europe de l'Est(5.00%),March\u00e9 int\u00e9rieur(5.00%),Moyen-Orient(5.00%),Asie du Sud(5.00%),Oc\u00e9anie(5.00%),Asie de l'Est(5.00%),Am\u00e9rique centrale(5.00%),Europe de l'Est(5.00%),March\u00e9 int\u00e9rieur(5.00%),Moyen-Orient(5.00%). Notre bureau compte au total entre 11 et 50 personnes.<b>2. Comment pouvons-nous garantir la qualit\u00e9 ?<\/b><br \/>\nIl y a toujours un \u00e9chantillon de pr\u00e9production avant la production en s\u00e9rie ;<br \/>\nL'inspection finale est toujours effectu\u00e9e avant l'exp\u00e9dition ;<b>3.Que pouvez-vous acheter chez nous ?<\/b><br \/>\nCamion, camion Howo, camion-benne, camion-tracteur, camion-b\u00e9tonni\u00e8re, camion-citerne, semi-remorque, remorque \u00e0 plateau, camion-citerne \u00e0 eau, camion-citerne \u00e0 huile, camion-grue, chargeur de roues, camion, camion Howo, camion-benne, camion-citerne, semi-remorque, remorque \u00e0 plateau, camion-citerne \u00e0 eau, camion-citerne \u00e0 huile, camion-grue.<\/p>\n<p><b>4. Pourquoi devriez-vous acheter chez nous plut\u00f4t que chez d'autres fournisseurs ?<\/b><br \/>\nLa soci\u00e9t\u00e9 Jinan Kunda Heavy Truck Sales Co. est situ\u00e9e \u00e0 Jinan et est sp\u00e9cialis\u00e9e dans la fabrication de camions lourds. Avec une \u00e9quipe exp\u00e9riment\u00e9e et professionnelle, nous avons export\u00e9 nos produits vers de nombreux pays et r\u00e9gions du monde entier.<\/p>\n<p><b>5. quels services pouvons-nous fournir ?<\/b><br \/>\nConditions de livraison accept\u00e9es : FOB, CFR, CIF, EXW, FAS, CIP, DDP, DAF\uff1b<br \/>\nDevise de paiement accept\u00e9e : USD, EUR, HKD, CNY ;<br \/>\nType de paiement accept\u00e9 : T\/T, L\/C, D\/P D\/A, MoneyGram, carte de cr\u00e9dit, Western Union, esp\u00e8ces ;<br \/>\nLangues parl\u00e9es : anglais, chinois, espagnol, portugais, arabe, fran\u00e7ais, russe<\/p>\n<div><sup class=\"magic-33\"><b><span class=\"magic-34\">6\u3001Comment vous contacter directement ?<\/span><\/b><\/sup><\/div>\n<div><sup><b><span class=\"magic-34\"> Nom : Oscar<\/span><\/b><\/sup><\/div>\n<div><sup><b><span class=\"magic-34\"> T\u00e9l\u00e9phone:+86 18953179828<\/span><\/b><\/sup><\/div>\n<div><sup><b><span class=\"magic-34\"> whatsapp:+86 18953179828<\/span><\/b><\/sup><\/div>\n<div><sup><b><span class=\"magic-34\"> wechat:+8618953179828<\/span><\/b><\/sup><\/div>\n<div><sup class=\"magic-33\"><b><span class=\"magic-34\"> Courriel : kunda@haowozhongka.com<\/span><\/b><\/sup><\/div>\n<\/div>\n<\/div>\n<\/div>\n<\/div>\n<\/div>\n<\/div>\n<\/div>\n<\/div>","protected":false},"excerpt":{"rendered":"<p>valeur de l'article Utilisation Camion Remorque Type Semi-remorque Mat\u00e9riau alliage d'aluminium Acier Taille 14900*2550*3850mm Charge utile maximale 80T 80Capacit\u00e9 80000L compartiments 5 Lieu d'origine Chine Shandong Nom de marque kunda Profil de la soci\u00e9t\u00e9 Jinan Kunda Automobile Sales Co., Ltd. a \u00e9t\u00e9 cr\u00e9\u00e9e en 2010 et est situ\u00e9e dans la zone de d\u00e9part de Sinotruk, district de Shizhong, ville de Jinan, province de Shandong, sp\u00e9cialis\u00e9e dans la...<\/p>","protected":false},"featured_media":622,"comment_status":"open","ping_status":"closed","template":"","meta":{"_seopress_robots_primary_cat":"","_seopress_titles_title":"","_seopress_titles_desc":"","_seopress_robots_index":"","_kad_post_transparent":"default","_kad_post_title":"","_kad_post_layout":"default","_kad_post_sidebar_id":"","_kad_post_content_style":"default","_kad_post_vertical_padding":"default","_kad_post_feature":"","_kad_post_feature_position":"","_kad_post_header":false,"_kad_post_footer":false,"_kad_post_classname":""},"product_brand":[],"product_cat":[29],"product_tag":[],"class_list":{"0":"post-619","1":"product","2":"type-product","3":"status-publish","4":"has-post-thumbnail","6":"product_cat-fuel-tank-trailer-semi-trailer","8":"first","9":"instock","10":"shipping-taxable","11":"product-type-simple","12":"entry","13":"content-bg","14":"loop-entry"},"_links":{"self":[{"href":"https:\/\/kdzgtruck.com\/fr\/wp-json\/wp\/v2\/product\/619","targetHints":{"allow":["GET"]}}],"collection":[{"href":"https:\/\/kdzgtruck.com\/fr\/wp-json\/wp\/v2\/product"}],"about":[{"href":"https:\/\/kdzgtruck.com\/fr\/wp-json\/wp\/v2\/types\/product"}],"replies":[{"embeddable":true,"href":"https:\/\/kdzgtruck.com\/fr\/wp-json\/wp\/v2\/comments?post=619"}],"wp:featuredmedia":[{"embeddable":true,"href":"https:\/\/kdzgtruck.com\/fr\/wp-json\/wp\/v2\/media\/622"}],"wp:attachment":[{"href":"https:\/\/kdzgtruck.com\/fr\/wp-json\/wp\/v2\/media?parent=619"}],"wp:term":[{"taxonomy":"product_brand","embeddable":true,"href":"https:\/\/kdzgtruck.com\/fr\/wp-json\/wp\/v2\/product_brand?post=619"},{"taxonomy":"product_cat","embeddable":true,"href":"https:\/\/kdzgtruck.com\/fr\/wp-json\/wp\/v2\/product_cat?post=619"},{"taxonomy":"product_tag","embeddable":true,"href":"https:\/\/kdzgtruck.com\/fr\/wp-json\/wp\/v2\/product_tag?post=619"}],"curies":[{"name":"wp","href":"https:\/\/api.w.org\/{rel}","templated":true}]}}