{"id":560,"date":"2024-11-06T14:40:57","date_gmt":"2024-11-06T06:40:57","guid":{"rendered":"https:\/\/kdzgtruck.com\/?post_type=product&#038;p=560"},"modified":"2024-11-14T15:42:26","modified_gmt":"2024-11-14T07:42:26","slug":"cargo-truck-2","status":"publish","type":"product","link":"https:\/\/kdzgtruck.com\/fr\/produit\/cargo-truck-2\/","title":{"rendered":"Camion de transport"},"content":{"rendered":"<table class=\"has-title all magic-0\">\n<tbody>\n<tr>\n<td colspan=\"1\" rowspan=\"1\">\n<div class=\"magic-1\" data-spm-anchor-id=\"a2700.details.0.i68.666059d8DwailK\">article<\/div>\n<\/td>\n<td colspan=\"1\" rowspan=\"1\">\n<div class=\"magic-2\">valeur<\/div>\n<\/td>\n<\/tr>\n<tr>\n<td colspan=\"1\" rowspan=\"1\">\n<div class=\"magic-1\">Condition<\/div>\n<\/td>\n<td colspan=\"1\" rowspan=\"1\">\n<div class=\"magic-2\">Nouveau<\/div>\n<\/td>\n<\/tr>\n<tr>\n<td colspan=\"1\" rowspan=\"1\">\n<div class=\"magic-1\">Direction<\/div>\n<\/td>\n<td colspan=\"1\" rowspan=\"1\">\n<div class=\"magic-2\">Gauche<\/div>\n<\/td>\n<\/tr>\n<tr>\n<td colspan=\"1\" rowspan=\"1\">\n<div class=\"magic-1\">Norme d'\u00e9mission<\/div>\n<\/td>\n<td colspan=\"1\" rowspan=\"1\">\n<div class=\"magic-2\">Euro 3<\/div>\n<\/td>\n<\/tr>\n<tr>\n<td colspan=\"1\" rowspan=\"1\">\n<div class=\"magic-1\">Nom de la marque<\/div>\n<\/td>\n<td colspan=\"1\" rowspan=\"1\">\n<div class=\"magic-2\">SINOTRUK<\/div>\n<\/td>\n<\/tr>\n<tr>\n<td colspan=\"1\" rowspan=\"1\">\n<div class=\"magic-1\">Lieu d'origine<\/div>\n<\/td>\n<td colspan=\"1\" rowspan=\"1\">\n<div class=\"magic-2\">Chine<\/div>\n<\/td>\n<\/tr>\n<tr>\n<td colspan=\"1\" rowspan=\"1\">\n<div class=\"magic-1\"><\/div>\n<\/td>\n<td colspan=\"1\" rowspan=\"1\">\n<div class=\"magic-2\">Shandong<\/div>\n<\/td>\n<\/tr>\n<tr>\n<td colspan=\"1\" rowspan=\"1\">\n<div class=\"magic-1\">S\u00e9paration<\/div>\n<\/td>\n<td colspan=\"1\" rowspan=\"1\">\n<div class=\"magic-2\">Poids lourds<\/div>\n<\/td>\n<\/tr>\n<tr>\n<td colspan=\"1\" rowspan=\"1\">\n<div class=\"magic-1\">Segmentation du march\u00e9<\/div>\n<\/td>\n<td colspan=\"1\" rowspan=\"1\">\n<div class=\"magic-2\">Transport logistique<\/div>\n<\/td>\n<\/tr>\n<tr>\n<td colspan=\"1\" rowspan=\"1\">\n<div class=\"magic-1\">Marque du moteur<\/div>\n<\/td>\n<td colspan=\"1\" rowspan=\"1\">\n<div class=\"magic-2\">SINOTRUK<\/div>\n<\/td>\n<\/tr>\n<tr>\n<td colspan=\"1\" rowspan=\"1\">\n<div class=\"magic-1\">Type de carburant<\/div>\n<\/td>\n<td colspan=\"1\" rowspan=\"1\">\n<div class=\"magic-2\">Diesel<\/div>\n<\/td>\n<\/tr>\n<tr>\n<td colspan=\"1\" rowspan=\"1\">\n<div class=\"magic-1\">Capacit\u00e9 du moteur<\/div>\n<\/td>\n<td colspan=\"1\" rowspan=\"1\">\n<div class=\"magic-2\">&gt; 8L<\/div>\n<\/td>\n<\/tr>\n<tr>\n<td colspan=\"1\" rowspan=\"1\">\n<div class=\"magic-1\">Puissance<\/div>\n<\/td>\n<td colspan=\"1\" rowspan=\"1\">\n<div class=\"magic-2\">251 - 350 ch<\/div>\n<\/td>\n<\/tr>\n<tr>\n<td colspan=\"1\" rowspan=\"1\">\n<div class=\"magic-1\">Marque de la bo\u00eete de vitesses<\/div>\n<\/td>\n<td colspan=\"1\" rowspan=\"1\">\n<div class=\"magic-2\">SINOTRUK<\/div>\n<\/td>\n<\/tr>\n<tr>\n<td colspan=\"1\" rowspan=\"1\">\n<div class=\"magic-1\">Type de transmission<\/div>\n<\/td>\n<td colspan=\"1\" rowspan=\"1\">\n<div class=\"magic-2\">Manuel<\/div>\n<\/td>\n<\/tr>\n<tr>\n<td colspan=\"1\" rowspan=\"1\">\n<div class=\"magic-1\">Num\u00e9ro de d\u00e9calage vers l'avant<\/div>\n<\/td>\n<td colspan=\"1\" rowspan=\"1\">\n<div class=\"magic-2\">10<\/div>\n<\/td>\n<\/tr>\n<tr>\n<td colspan=\"1\" rowspan=\"1\">\n<div class=\"magic-1\">Num\u00e9ro de passage en marche arri\u00e8re<\/div>\n<\/td>\n<td colspan=\"1\" rowspan=\"1\">\n<div class=\"magic-2\">2<\/div>\n<\/td>\n<\/tr>\n<tr>\n<td colspan=\"1\" rowspan=\"1\">\n<div class=\"magic-1\">Couple maximum (Nm)<\/div>\n<\/td>\n<td colspan=\"1\" rowspan=\"1\">\n<div class=\"magic-2\">1500-2000Nm<\/div>\n<\/td>\n<\/tr>\n<tr>\n<td colspan=\"1\" rowspan=\"1\">\n<div class=\"magic-1\"><\/div>\n<\/td>\n<td colspan=\"1\" rowspan=\"1\">\n<div class=\"magic-2\">8600*2600*3455 mm<\/div>\n<\/td>\n<\/tr>\n<tr>\n<td colspan=\"1\" rowspan=\"1\">\n<div class=\"magic-1\"><\/div>\n<\/td>\n<td colspan=\"1\" rowspan=\"1\">\n<div class=\"magic-2\">7600*2300*800MM<\/div>\n<\/td>\n<\/tr>\n<tr>\n<td colspan=\"1\" rowspan=\"1\">\n<div class=\"magic-1\">Longueur du r\u00e9servoir Cargo<\/div>\n<\/td>\n<td colspan=\"1\" rowspan=\"1\">\n<div class=\"magic-2\">6.2-8m<\/div>\n<\/td>\n<\/tr>\n<tr>\n<td colspan=\"1\" rowspan=\"1\">\n<div class=\"magic-1\">Type de r\u00e9servoir de cargaison<\/div>\n<\/td>\n<td colspan=\"1\" rowspan=\"1\">\n<div class=\"magic-2\">Cl\u00f4ture<\/div>\n<\/td>\n<\/tr>\n<tr>\n<td colspan=\"1\" rowspan=\"1\">\n<div class=\"magic-1\">Poids brut du v\u00e9hicule<\/div>\n<\/td>\n<td colspan=\"1\" rowspan=\"1\">\n<div class=\"magic-2\">25001-30000 kg<\/div>\n<\/td>\n<\/tr>\n<tr>\n<td colspan=\"1\" rowspan=\"1\">\n<div class=\"magic-1\">Capacit\u00e9 (charge)<\/div>\n<\/td>\n<td colspan=\"1\" rowspan=\"1\">\n<div class=\"magic-2\">1 - 10t<\/div>\n<\/td>\n<\/tr>\n<tr>\n<td colspan=\"1\" rowspan=\"1\">\n<div class=\"magic-1\">Capacit\u00e9 du r\u00e9servoir de carburant<\/div>\n<\/td>\n<td colspan=\"1\" rowspan=\"1\">\n<div class=\"magic-2\">400-500L<\/div>\n<\/td>\n<\/tr>\n<tr>\n<td colspan=\"1\" rowspan=\"1\">\n<div class=\"magic-1\">Roue motrice<\/div>\n<\/td>\n<td colspan=\"1\" rowspan=\"1\">\n<div class=\"magic-2\">6\u00d74<\/div>\n<\/td>\n<\/tr>\n<tr>\n<td colspan=\"1\" rowspan=\"1\">\n<div class=\"magic-1\">Passagers<\/div>\n<\/td>\n<td colspan=\"1\" rowspan=\"1\">\n<div class=\"magic-2\">2<\/div>\n<\/td>\n<\/tr>\n<tr>\n<td colspan=\"1\" rowspan=\"1\">\n<div class=\"magic-1\">Si\u00e8ge du conducteur<\/div>\n<\/td>\n<td colspan=\"1\" rowspan=\"1\">\n<div class=\"magic-2\">Normal<\/div>\n<\/td>\n<\/tr>\n<tr>\n<td colspan=\"1\" rowspan=\"1\">\n<div class=\"magic-1\">Rang\u00e9es de si\u00e8ges<\/div>\n<\/td>\n<td colspan=\"1\" rowspan=\"1\">\n<div class=\"magic-2\">Une demi rang\u00e9e<\/div>\n<\/td>\n<\/tr>\n<tr>\n<td colspan=\"1\" rowspan=\"1\">\n<div class=\"magic-1\">Cam\u00e9ra arri\u00e8re<\/div>\n<\/td>\n<td colspan=\"1\" rowspan=\"1\">\n<div class=\"magic-2\">Appareil photo<\/div>\n<\/td>\n<\/tr>\n<tr>\n<td colspan=\"1\" rowspan=\"1\">\n<div class=\"magic-1\">R\u00e9gulateur de vitesse<\/div>\n<\/td>\n<td colspan=\"1\" rowspan=\"1\">\n<div class=\"magic-2\">Aucun<\/div>\n<\/td>\n<\/tr>\n<tr>\n<td colspan=\"1\" rowspan=\"1\">\n<div class=\"magic-1\">ABS (syst\u00e8me de freinage antiblocage)<\/div>\n<\/td>\n<td colspan=\"1\" rowspan=\"1\">\n<div class=\"magic-2\">Aucun<\/div>\n<\/td>\n<\/tr>\n<tr>\n<td colspan=\"1\" rowspan=\"1\">\n<div class=\"magic-1\">ESC (syst\u00e8me \u00e9lectronique de contr\u00f4le de la stabilit\u00e9)<\/div>\n<\/td>\n<td colspan=\"1\" rowspan=\"1\">\n<div class=\"magic-2\">Aucun<\/div>\n<\/td>\n<\/tr>\n<tr>\n<td colspan=\"1\" rowspan=\"1\">\n<div class=\"magic-1\">\u00c9cran tactile<\/div>\n<\/td>\n<td colspan=\"1\" rowspan=\"1\">\n<div class=\"magic-2\">Aucun<\/div>\n<\/td>\n<\/tr>\n<tr>\n<td colspan=\"1\" rowspan=\"1\">\n<div class=\"magic-1\">Syst\u00e8me multim\u00e9dia<\/div>\n<\/td>\n<td colspan=\"1\" rowspan=\"1\">\n<div class=\"magic-2\">Oui<\/div>\n<\/td>\n<\/tr>\n<tr>\n<td colspan=\"1\" rowspan=\"1\">\n<div class=\"magic-1\">Fen\u00eatre<\/div>\n<\/td>\n<td colspan=\"1\" rowspan=\"1\">\n<div class=\"magic-2\">Automatique<\/div>\n<\/td>\n<\/tr>\n<tr>\n<td colspan=\"1\" rowspan=\"1\">\n<div class=\"magic-1\">Climatiseur<\/div>\n<\/td>\n<td colspan=\"1\" rowspan=\"1\">\n<div class=\"magic-2\">Manuel<\/div>\n<\/td>\n<\/tr>\n<tr>\n<td colspan=\"1\" rowspan=\"1\">\n<div class=\"magic-1\">Num\u00e9ro du pneu<\/div>\n<\/td>\n<td colspan=\"1\" rowspan=\"1\">\n<div class=\"magic-2\">10<\/div>\n<\/td>\n<\/tr>\n<tr>\n<td colspan=\"1\" rowspan=\"1\">\n<div class=\"magic-1\">Service apr\u00e8s-vente<\/div>\n<\/td>\n<td colspan=\"1\" rowspan=\"1\">\n<div class=\"magic-2\">Soutien en ligne<\/div>\n<\/td>\n<\/tr>\n<tr>\n<td colspan=\"1\" rowspan=\"1\">\n<div class=\"magic-1\">Nom du produit<\/div>\n<\/td>\n<td colspan=\"1\" rowspan=\"1\">\n<div class=\"magic-2\" data-spm-anchor-id=\"a2700.details.0.i69.666059d8DwailK\">Prix d'usine et bonne qualit\u00e9 des camions \u00e0 benne basculante howo<\/div>\n<\/td>\n<\/tr>\n<tr>\n<td colspan=\"1\" rowspan=\"1\">\n<div class=\"magic-1\">Couleur<\/div>\n<\/td>\n<td colspan=\"1\" rowspan=\"1\">\n<div class=\"magic-2\">Rouge Blanc Jaune Orange Bule<\/div>\n<\/td>\n<\/tr>\n<tr>\n<td colspan=\"1\" rowspan=\"1\">\n<div class=\"magic-1\">Moteur<\/div>\n<\/td>\n<td colspan=\"1\" rowspan=\"1\">\n<div class=\"magic-2\">WP10.340E22<\/div>\n<\/td>\n<\/tr>\n<tr>\n<td colspan=\"1\" rowspan=\"1\">\n<div class=\"magic-1\">Transmission<\/div>\n<\/td>\n<td colspan=\"1\" rowspan=\"1\">\n<div class=\"magic-2\">HW19710<\/div>\n<\/td>\n<\/tr>\n<\/tbody>\n<\/table>\n<p><img alt=\"\" fetchpriority=\"high\" decoding=\"async\" class=\"alignnone size-full wp-image-930\" src=\"https:\/\/kdzgtruck.com\/wp-content\/uploads\/2024\/11\/11-20.jpg\" width=\"2400\" height=\"1106\" srcset=\"https:\/\/kdzgtruck.com\/wp-content\/uploads\/2024\/11\/11-20.jpg 2400w, https:\/\/kdzgtruck.com\/wp-content\/uploads\/2024\/11\/11-20-300x138.jpg 300w, https:\/\/kdzgtruck.com\/wp-content\/uploads\/2024\/11\/11-20-1024x472.jpg 1024w, https:\/\/kdzgtruck.com\/wp-content\/uploads\/2024\/11\/11-20-768x354.jpg 768w, https:\/\/kdzgtruck.com\/wp-content\/uploads\/2024\/11\/11-20-1536x708.jpg 1536w, https:\/\/kdzgtruck.com\/wp-content\/uploads\/2024\/11\/11-20-2048x944.jpg 2048w, https:\/\/kdzgtruck.com\/wp-content\/uploads\/2024\/11\/11-20-18x8.jpg 18w, https:\/\/kdzgtruck.com\/wp-content\/uploads\/2024\/11\/11-20-800x369.jpg 800w\" sizes=\"(max-width: 2400px) 100vw, 2400px\" \/><img alt=\"\" decoding=\"async\" class=\"alignnone size-full wp-image-931\" src=\"https:\/\/kdzgtruck.com\/wp-content\/uploads\/2024\/11\/12-15.jpg\" width=\"2400\" height=\"1108\" srcset=\"https:\/\/kdzgtruck.com\/wp-content\/uploads\/2024\/11\/12-15.jpg 2400w, https:\/\/kdzgtruck.com\/wp-content\/uploads\/2024\/11\/12-15-300x139.jpg 300w, https:\/\/kdzgtruck.com\/wp-content\/uploads\/2024\/11\/12-15-1024x473.jpg 1024w, https:\/\/kdzgtruck.com\/wp-content\/uploads\/2024\/11\/12-15-768x355.jpg 768w, https:\/\/kdzgtruck.com\/wp-content\/uploads\/2024\/11\/12-15-1536x709.jpg 1536w, https:\/\/kdzgtruck.com\/wp-content\/uploads\/2024\/11\/12-15-2048x945.jpg 2048w, https:\/\/kdzgtruck.com\/wp-content\/uploads\/2024\/11\/12-15-18x8.jpg 18w, https:\/\/kdzgtruck.com\/wp-content\/uploads\/2024\/11\/12-15-800x369.jpg 800w\" sizes=\"(max-width: 2400px) 100vw, 2400px\" \/><img alt=\"\" decoding=\"async\" class=\"alignnone size-full wp-image-932\" src=\"https:\/\/kdzgtruck.com\/wp-content\/uploads\/2024\/11\/13-10.jpg\" width=\"1060\" height=\"1367\" srcset=\"https:\/\/kdzgtruck.com\/wp-content\/uploads\/2024\/11\/13-10.jpg 1060w, https:\/\/kdzgtruck.com\/wp-content\/uploads\/2024\/11\/13-10-233x300.jpg 233w, https:\/\/kdzgtruck.com\/wp-content\/uploads\/2024\/11\/13-10-794x1024.jpg 794w, https:\/\/kdzgtruck.com\/wp-content\/uploads\/2024\/11\/13-10-768x990.jpg 768w, https:\/\/kdzgtruck.com\/wp-content\/uploads\/2024\/11\/13-10-9x12.jpg 9w, https:\/\/kdzgtruck.com\/wp-content\/uploads\/2024\/11\/13-10-800x1032.jpg 800w\" sizes=\"(max-width: 1060px) 100vw, 1060px\" \/><img alt=\"\" loading=\"lazy\" decoding=\"async\" class=\"alignnone size-full wp-image-933\" src=\"https:\/\/kdzgtruck.com\/wp-content\/uploads\/2024\/11\/14-10.jpg\" width=\"1060\" height=\"1650\" srcset=\"https:\/\/kdzgtruck.com\/wp-content\/uploads\/2024\/11\/14-10.jpg 1060w, https:\/\/kdzgtruck.com\/wp-content\/uploads\/2024\/11\/14-10-193x300.jpg 193w, https:\/\/kdzgtruck.com\/wp-content\/uploads\/2024\/11\/14-10-658x1024.jpg 658w, https:\/\/kdzgtruck.com\/wp-content\/uploads\/2024\/11\/14-10-768x1195.jpg 768w, https:\/\/kdzgtruck.com\/wp-content\/uploads\/2024\/11\/14-10-987x1536.jpg 987w, https:\/\/kdzgtruck.com\/wp-content\/uploads\/2024\/11\/14-10-8x12.jpg 8w, https:\/\/kdzgtruck.com\/wp-content\/uploads\/2024\/11\/14-10-800x1245.jpg 800w\" sizes=\"(max-width: 1060px) 100vw, 1060px\" \/><\/p>","protected":false},"excerpt":{"rendered":"<p>item value Condition New Steering Left Emission Standard Euro 3 Brand Name SINOTRUK Place of Origin China Shandong Segement Heavy truck Market Segement Logistics transportation Engine Brand SINOTRUK Fuel Type Diesel Engine Capacity &gt; 8L Horsepower 251 \u2013 350hp Gear Box Brand SINOTRUK Transmission Type Manual Forward Shift Number 10 Reverse Shift Number 2 Maximum&#8230;<\/p>","protected":false},"featured_media":561,"comment_status":"open","ping_status":"closed","template":"","meta":{"_seopress_robots_primary_cat":"none","_seopress_titles_title":"","_seopress_titles_desc":"","_seopress_robots_index":"","_kad_post_transparent":"default","_kad_post_title":"","_kad_post_layout":"default","_kad_post_sidebar_id":"","_kad_post_content_style":"default","_kad_post_vertical_padding":"default","_kad_post_feature":"","_kad_post_feature_position":"","_kad_post_header":false,"_kad_post_footer":false,"_kad_post_classname":""},"product_brand":[],"product_cat":[27],"product_tag":[],"class_list":{"0":"post-560","1":"product","2":"type-product","3":"status-publish","4":"has-post-thumbnail","6":"product_cat-truck","8":"first","9":"instock","10":"shipping-taxable","11":"product-type-simple","12":"entry","13":"content-bg","14":"loop-entry"},"_links":{"self":[{"href":"https:\/\/kdzgtruck.com\/fr\/wp-json\/wp\/v2\/product\/560","targetHints":{"allow":["GET"]}}],"collection":[{"href":"https:\/\/kdzgtruck.com\/fr\/wp-json\/wp\/v2\/product"}],"about":[{"href":"https:\/\/kdzgtruck.com\/fr\/wp-json\/wp\/v2\/types\/product"}],"replies":[{"embeddable":true,"href":"https:\/\/kdzgtruck.com\/fr\/wp-json\/wp\/v2\/comments?post=560"}],"wp:featuredmedia":[{"embeddable":true,"href":"https:\/\/kdzgtruck.com\/fr\/wp-json\/wp\/v2\/media\/561"}],"wp:attachment":[{"href":"https:\/\/kdzgtruck.com\/fr\/wp-json\/wp\/v2\/media?parent=560"}],"wp:term":[{"taxonomy":"product_brand","embeddable":true,"href":"https:\/\/kdzgtruck.com\/fr\/wp-json\/wp\/v2\/product_brand?post=560"},{"taxonomy":"product_cat","embeddable":true,"href":"https:\/\/kdzgtruck.com\/fr\/wp-json\/wp\/v2\/product_cat?post=560"},{"taxonomy":"product_tag","embeddable":true,"href":"https:\/\/kdzgtruck.com\/fr\/wp-json\/wp\/v2\/product_tag?post=560"}],"curies":[{"name":"wp","href":"https:\/\/api.w.org\/{rel}","templated":true}]}}