{"id":236,"date":"2024-10-23T21:18:29","date_gmt":"2024-10-23T13:18:29","guid":{"rendered":"http:\/\/kdzgtruck.com\/?post_type=product&#038;p=236"},"modified":"2024-11-14T15:38:07","modified_gmt":"2024-11-14T07:38:07","slug":"fuel-tank-truck","status":"publish","type":"product","link":"https:\/\/kdzgtruck.com\/fr\/produit\/fuel-tank-truck\/","title":{"rendered":"Camion-citerne"},"content":{"rendered":"<p data-spm-anchor-id=\"a2700.details.0.i76.35813e67fHGPZj\">20m3 Camion-citerne \u00e0 eau de marque chinoise Sinotruk howo 6\u00d74 pour la vente<\/p>\n<p>\u00a0Param\u00e8tre principal.<\/p>\n<table border=\"1\" cellspacing=\"0\" cellpadding=\"0\">\n<tbody>\n<tr align=\"left\">\n<td>Poids<\/td>\n<td><\/td>\n<\/tr>\n<tr align=\"left\">\n<td>Capacit\u00e9 de charge admissible (kg)<\/td>\n<td align=\"center\">32000<\/td>\n<\/tr>\n<tr align=\"left\">\n<td>Poids mort du ch\u00e2ssis (kg)<\/td>\n<td align=\"center\">13400<\/td>\n<\/tr>\n<tr align=\"left\">\n<td>Poids de chargement de l'essieu avant (kg)<\/td>\n<td align=\"center\">7000<\/td>\n<\/tr>\n<tr align=\"left\">\n<td>Poids de chargement de l'essieu arri\u00e8re (kg)<\/td>\n<td align=\"center\">13000\u00d73<\/td>\n<\/tr>\n<tr align=\"left\">\n<td>Dimension<\/td>\n<td align=\"center\">12290x2516x3410<\/td>\n<\/tr>\n<tr align=\"left\">\n<td colspan=\"2\">Performance du ch\u00e2ssis<\/td>\n<\/tr>\n<tr align=\"left\">\n<td>Mod\u00e8le<\/td>\n<td align=\"center\">ZZ1317N4667W<\/td>\n<\/tr>\n<tr align=\"left\">\n<td>Direction<\/td>\n<td align=\"center\">Conduite \u00e0 gauche<\/td>\n<\/tr>\n<tr align=\"left\">\n<td>Cabine<\/td>\n<td align=\"center\">HW76, avec une couchette et climatisation<\/td>\n<\/tr>\n<tr align=\"left\">\n<td>Direction<\/td>\n<td align=\"center\">ZF8098, direction hydraulique avec assistance \u00e9lectrique Rapport : 26,2<\/td>\n<\/tr>\n<tr align=\"left\">\n<td>Pneumatique<\/td>\n<td align=\"center\">295\/80R22.5, 13 (avec une roue de secours)<\/td>\n<\/tr>\n<tr align=\"left\">\n<td>Bo\u00eete de vitesses<\/td>\n<td align=\"center\">Manuel ,HW19710<\/td>\n<\/tr>\n<tr align=\"left\">\n<td>Essieu avant<\/td>\n<td align=\"center\">HF7, charge 7 tonnes,<\/td>\n<\/tr>\n<tr align=\"left\">\n<td>Essieu moteur<\/td>\n<td align=\"center\">\u00a0HC16, double r\u00e9duction<\/td>\n<\/tr>\n<tr align=\"left\">\n<td>\u00c9lectricit\u00e9<\/td>\n<td align=\"center\">24V, mise \u00e0 la terre n\u00e9gative ; batteries 2x12V, 165Ah<\/td>\n<\/tr>\n<tr align=\"left\">\n<td>Frein<\/td>\n<td align=\"center\">Frein \u00e0 air comprim\u00e9 \u00e0 double circuit<\/td>\n<\/tr>\n<tr align=\"left\">\n<td>Frein auxiliaire<\/td>\n<td align=\"center\" valign=\"top\">Frein d'\u00e9chappement du moteur<\/td>\n<\/tr>\n<tr align=\"left\">\n<td>Empattement (mm)<\/td>\n<td align=\"center\">1800+4575+1400<\/td>\n<\/tr>\n<tr align=\"left\">\n<td>Moteur<\/td>\n<td><\/td>\n<\/tr>\n<tr align=\"left\">\n<td>Mod\u00e8le<\/td>\n<td align=\"center\">WD615.69, 336hp 247Kw\/2200rpm<\/td>\n<\/tr>\n<tr align=\"left\">\n<td>Sp\u00e9cifications<\/td>\n<td align=\"center\">\n<p data-spm-anchor-id=\"a2700.details.0.i77.35813e67fHGPZj\">6 cylindres en ligne refroidis par eau, turbocompresseur et refroidissement interm\u00e9diaire<\/p>\n<\/td>\n<\/tr>\n<tr align=\"left\">\n<td>\u00c9missions<\/td>\n<td align=\"center\">EUOR II<\/td>\n<\/tr>\n<tr align=\"left\">\n<td>Nombre de cylindres<\/td>\n<td align=\"center\">6<\/td>\n<\/tr>\n<tr align=\"left\">\n<td>D\u00e9placement (L)<\/td>\n<td align=\"center\">9.726<\/td>\n<\/tr>\n<tr align=\"left\">\n<td>Plan d'eau<\/td>\n<td valign=\"top\"><\/td>\n<\/tr>\n<tr align=\"left\">\n<td>Capacit\u00e9 du r\u00e9servoir d'eau (M3)<\/td>\n<td align=\"center\">20-24<\/td>\n<\/tr>\n<tr align=\"left\">\n<td>Vitesse de travail (Km\/h)<\/td>\n<td align=\"center\">5-10<\/td>\n<\/tr>\n<tr align=\"left\">\n<td valign=\"top\">D\u00e9bit de la pompe \u00e0 eau (M3\/h)<\/td>\n<td align=\"center\">60<\/td>\n<\/tr>\n<tr align=\"left\">\n<td valign=\"top\">Largeur d'arrosage (m)<\/td>\n<td align=\"center\">\u226514-18<\/td>\n<\/tr>\n<tr align=\"left\">\n<td valign=\"top\">Distance verticale (m)<\/td>\n<td align=\"center\">\u226526<\/td>\n<\/tr>\n<tr align=\"left\">\n<td>Sp\u00e9cifications<\/td>\n<td align=\"center\">Arrosage avant et arri\u00e8re, pistolet \u00e0 eau, citerne d'eau anticorrosive<\/td>\n<\/tr>\n<\/tbody>\n<\/table>\n<p><img alt=\"\" fetchpriority=\"high\" decoding=\"async\" class=\"alignnone size-full wp-image-865\" src=\"https:\/\/kdzgtruck.com\/wp-content\/uploads\/2024\/11\/11-14.jpg\" width=\"1060\" height=\"1000\" srcset=\"https:\/\/kdzgtruck.com\/wp-content\/uploads\/2024\/11\/11-14.jpg 1060w, https:\/\/kdzgtruck.com\/wp-content\/uploads\/2024\/11\/11-14-300x283.jpg 300w, https:\/\/kdzgtruck.com\/wp-content\/uploads\/2024\/11\/11-14-1024x966.jpg 1024w, https:\/\/kdzgtruck.com\/wp-content\/uploads\/2024\/11\/11-14-768x725.jpg 768w, https:\/\/kdzgtruck.com\/wp-content\/uploads\/2024\/11\/11-14-13x12.jpg 13w, https:\/\/kdzgtruck.com\/wp-content\/uploads\/2024\/11\/11-14-800x755.jpg 800w\" sizes=\"(max-width: 1060px) 100vw, 1060px\" \/><img alt=\"\" decoding=\"async\" class=\"alignnone size-full wp-image-866\" src=\"https:\/\/kdzgtruck.com\/wp-content\/uploads\/2024\/11\/12-10.jpg\" width=\"829\" height=\"803\" srcset=\"https:\/\/kdzgtruck.com\/wp-content\/uploads\/2024\/11\/12-10.jpg 829w, https:\/\/kdzgtruck.com\/wp-content\/uploads\/2024\/11\/12-10-300x291.jpg 300w, https:\/\/kdzgtruck.com\/wp-content\/uploads\/2024\/11\/12-10-768x744.jpg 768w, https:\/\/kdzgtruck.com\/wp-content\/uploads\/2024\/11\/12-10-12x12.jpg 12w, https:\/\/kdzgtruck.com\/wp-content\/uploads\/2024\/11\/12-10-800x775.jpg 800w\" sizes=\"(max-width: 829px) 100vw, 829px\" \/><img alt=\"\" decoding=\"async\" class=\"alignnone size-full wp-image-867\" src=\"https:\/\/kdzgtruck.com\/wp-content\/uploads\/2024\/11\/13-7.jpg\" width=\"812\" height=\"803\" srcset=\"https:\/\/kdzgtruck.com\/wp-content\/uploads\/2024\/11\/13-7.jpg 812w, https:\/\/kdzgtruck.com\/wp-content\/uploads\/2024\/11\/13-7-300x297.jpg 300w, https:\/\/kdzgtruck.com\/wp-content\/uploads\/2024\/11\/13-7-768x759.jpg 768w, https:\/\/kdzgtruck.com\/wp-content\/uploads\/2024\/11\/13-7-12x12.jpg 12w, https:\/\/kdzgtruck.com\/wp-content\/uploads\/2024\/11\/13-7-800x791.jpg 800w, https:\/\/kdzgtruck.com\/wp-content\/uploads\/2024\/11\/13-7-100x100.jpg 100w\" sizes=\"(max-width: 812px) 100vw, 812px\" \/><img alt=\"\" loading=\"lazy\" decoding=\"async\" class=\"alignnone size-full wp-image-868\" src=\"https:\/\/kdzgtruck.com\/wp-content\/uploads\/2024\/11\/14-7.jpg\" width=\"537\" height=\"701\" srcset=\"https:\/\/kdzgtruck.com\/wp-content\/uploads\/2024\/11\/14-7.jpg 537w, https:\/\/kdzgtruck.com\/wp-content\/uploads\/2024\/11\/14-7-230x300.jpg 230w, https:\/\/kdzgtruck.com\/wp-content\/uploads\/2024\/11\/14-7-9x12.jpg 9w\" sizes=\"(max-width: 537px) 100vw, 537px\" \/><img alt=\"\" loading=\"lazy\" decoding=\"async\" class=\"alignnone size-full wp-image-869\" src=\"https:\/\/kdzgtruck.com\/wp-content\/uploads\/2024\/11\/15-5.jpg\" width=\"799\" height=\"777\" srcset=\"https:\/\/kdzgtruck.com\/wp-content\/uploads\/2024\/11\/15-5.jpg 799w, https:\/\/kdzgtruck.com\/wp-content\/uploads\/2024\/11\/15-5-300x292.jpg 300w, https:\/\/kdzgtruck.com\/wp-content\/uploads\/2024\/11\/15-5-768x747.jpg 768w, https:\/\/kdzgtruck.com\/wp-content\/uploads\/2024\/11\/15-5-12x12.jpg 12w\" sizes=\"(max-width: 799px) 100vw, 799px\" \/><\/p>","protected":false},"excerpt":{"rendered":"<p>20m3 China famous brand Sinotruk howo 6\u00d74 water tanker truck for sale \u00a0Main parameter. Weight Permissible loading capacity(kg) 32000 Chassis dead weight(kg) 13400 Front axle loading weight(kg) 7000 Rear axle loading weight(kg) 13000\u00d73 Dimension 12290x2516x3410 Chassis Performance Model ZZ1317N4667W Steering Left hand drive Cab HW76, with one sleeper and A\/C Steering ZF8098, hydraulic steering with&#8230;<\/p>","protected":false},"featured_media":570,"comment_status":"open","ping_status":"closed","template":"","meta":{"_seopress_robots_primary_cat":"none","_seopress_titles_title":"","_seopress_titles_desc":"","_seopress_robots_index":"","_kad_post_transparent":"default","_kad_post_title":"","_kad_post_layout":"default","_kad_post_sidebar_id":"","_kad_post_content_style":"default","_kad_post_vertical_padding":"default","_kad_post_feature":"","_kad_post_feature_position":"","_kad_post_header":false,"_kad_post_footer":false,"_kad_post_classname":""},"product_brand":[],"product_cat":[23,27],"product_tag":[],"class_list":{"0":"post-236","1":"product","2":"type-product","3":"status-publish","4":"has-post-thumbnail","6":"product_cat-products","7":"product_cat-truck","9":"first","10":"instock","11":"shipping-taxable","12":"product-type-simple","13":"entry","14":"content-bg","15":"loop-entry"},"_links":{"self":[{"href":"https:\/\/kdzgtruck.com\/fr\/wp-json\/wp\/v2\/product\/236","targetHints":{"allow":["GET"]}}],"collection":[{"href":"https:\/\/kdzgtruck.com\/fr\/wp-json\/wp\/v2\/product"}],"about":[{"href":"https:\/\/kdzgtruck.com\/fr\/wp-json\/wp\/v2\/types\/product"}],"replies":[{"embeddable":true,"href":"https:\/\/kdzgtruck.com\/fr\/wp-json\/wp\/v2\/comments?post=236"}],"wp:featuredmedia":[{"embeddable":true,"href":"https:\/\/kdzgtruck.com\/fr\/wp-json\/wp\/v2\/media\/570"}],"wp:attachment":[{"href":"https:\/\/kdzgtruck.com\/fr\/wp-json\/wp\/v2\/media?parent=236"}],"wp:term":[{"taxonomy":"product_brand","embeddable":true,"href":"https:\/\/kdzgtruck.com\/fr\/wp-json\/wp\/v2\/product_brand?post=236"},{"taxonomy":"product_cat","embeddable":true,"href":"https:\/\/kdzgtruck.com\/fr\/wp-json\/wp\/v2\/product_cat?post=236"},{"taxonomy":"product_tag","embeddable":true,"href":"https:\/\/kdzgtruck.com\/fr\/wp-json\/wp\/v2\/product_tag?post=236"}],"curies":[{"name":"wp","href":"https:\/\/api.w.org\/{rel}","templated":true}]}}