{"id":226,"date":"2024-10-23T21:13:41","date_gmt":"2024-10-23T13:13:41","guid":{"rendered":"http:\/\/kdzgtruck.com\/?post_type=product&#038;p=226"},"modified":"2024-11-14T15:22:14","modified_gmt":"2024-11-14T07:22:14","slug":"container-trailer","status":"publish","type":"product","link":"https:\/\/kdzgtruck.com\/fr\/produit\/container-trailer\/","title":{"rendered":"Remorque surbaiss\u00e9e"},"content":{"rendered":"<div id=\"ali-anchor-AliPostDhMb-jdedr\" class=\"mceSectionContainer\" data-section=\"AliPostDhMb-jdedr\" data-section-title=\"Product Description\">\n<div id=\"ali-title-AliPostDhMb-jdedr\"><span data-spm-anchor-id=\"a2700.details.0.i43.171633a0hnZBYL\">Description du produit<\/span><\/div>\n<div><\/div>\n<\/div>\n<p>&nbsp;<\/p>\n<table class=\"aliDataTable\">\n<tbody>\n<tr align=\"left\">\n<td valign=\"middle\">Mod\u00e8le de remorque<\/td>\n<td valign=\"middle\">Semi-remorque surbaiss\u00e9e \u00e0 4 essieux<\/td>\n<\/tr>\n<tr align=\"left\">\n<td valign=\"middle\">Dimensions globales (Lx L x H) (mm)<\/td>\n<td valign=\"middle\">16000*3000*1700 ( la hauteur du sol \u00e0 la plate-forme est de 1200mm )<\/td>\n<\/tr>\n<tr align=\"left\">\n<td valign=\"middle\">Poids de chargement( KG)<\/td>\n<td valign=\"middle\">80000-150000kg<\/td>\n<\/tr>\n<tr align=\"left\">\n<td valign=\"middle\">Poids total (KG)<\/td>\n<td valign=\"middle\">10500<\/td>\n<\/tr>\n<tr align=\"left\">\n<td valign=\"middle\">Marque de l'essieu<\/td>\n<td valign=\"middle\">4x16TON, marque FUWA<\/td>\n<\/tr>\n<tr align=\"left\">\n<td valign=\"middle\">Num\u00e9ro d'essieu<\/td>\n<td valign=\"middle\">Quatre<\/td>\n<\/tr>\n<tr align=\"left\">\n<td valign=\"middle\">Syst\u00e8me de suspension<\/td>\n<td valign=\"middle\">Suspension m\u00e9canique commune<\/td>\n<\/tr>\n<tr align=\"left\">\n<td valign=\"middle\">Ressort en acier<\/td>\n<td valign=\"middle\">-10\/10\/10\/10 Suspension \u00e0 ressort \u00e0 lames<\/td>\n<\/tr>\n<tr align=\"left\">\n<td valign=\"middle\">Le mat\u00e9riau de la poutre principale<\/td>\n<td valign=\"middle\">La hauteur de la poutre est de 500 mm, la plaque sup\u00e9rieure est de 25 mm, la plaque inf\u00e9rieure est de 25 mm, la plaque centrale est de 16 mm.<\/td>\n<\/tr>\n<tr align=\"left\">\n<td valign=\"middle\">Plaque de plate-forme<\/td>\n<td valign=\"middle\">Plaque diamant\u00e9e de 4 mm<\/td>\n<\/tr>\n<tr align=\"left\">\n<td valign=\"middle\">Type et quantit\u00e9 de pneus<\/td>\n<td valign=\"middle\">1100R20 Pneus apparaissent type 16unit\u00e9s<\/td>\n<\/tr>\n<tr align=\"left\">\n<td valign=\"middle\">Goupille de traction<\/td>\n<td valign=\"middle\">Marque JOST, 90mm ou 50mm<\/td>\n<\/tr>\n<tr align=\"left\">\n<td valign=\"middle\">Support de roue de secours<\/td>\n<td valign=\"middle\">2 pi\u00e8ces<\/td>\n<\/tr>\n<tr align=\"left\">\n<td valign=\"middle\">Bo\u00eete \u00e0 outils<\/td>\n<td valign=\"middle\">1 Standard<\/td>\n<\/tr>\n<tr align=\"left\">\n<td valign=\"middle\">Train d'atterrissage<\/td>\n<td valign=\"middle\">Standard 28Ton<\/td>\n<\/tr>\n<tr align=\"left\">\n<td valign=\"middle\">Syst\u00e8me de freinage<\/td>\n<td valign=\"middle\">Syst\u00e8me de freinage Dual Line, valve relais d'urgence WABCO<\/td>\n<\/tr>\n<tr align=\"left\">\n<td valign=\"middle\">Chambre \u00e0 air des freins<\/td>\n<td valign=\"middle\">Deux chambres doubles et deux chambres simples<\/td>\n<\/tr>\n<tr align=\"left\">\n<td valign=\"middle\">Syst\u00e8me \u00e9lectrique<\/td>\n<td valign=\"middle\">1. tension : 24v 2. R\u00e9ceptacle : 7 voies (faisceau de 7 fils)<\/td>\n<\/tr>\n<tr align=\"left\">\n<td valign=\"middle\"><\/td>\n<td valign=\"middle\">Feu arri\u00e8re avec clignotant, feu stop et r\u00e9flecteur, feu lat\u00e9ral, etc.<\/td>\n<\/tr>\n<tr align=\"left\">\n<td valign=\"middle\"><\/td>\n<td valign=\"middle\">Un jeu de c\u00e2bles standard \u00e0 6 fils.<\/td>\n<\/tr>\n<tr align=\"left\">\n<td valign=\"middle\">Protection lat\u00e9rale<\/td>\n<td valign=\"middle\">Selon les exigences du client<\/td>\n<\/tr>\n<tr align=\"left\">\n<td valign=\"middle\">Peinture<\/td>\n<td valign=\"middle\">facultatif<\/td>\n<\/tr>\n<tr align=\"left\">\n<td valign=\"middle\">Emballage<\/td>\n<td valign=\"middle\">Polir avec de la cire avant l'exp\u00e9dition<\/td>\n<\/tr>\n<\/tbody>\n<\/table>\n<p><img fetchpriority=\"high\" decoding=\"async\" src=\"https:\/\/sc01.alicdn.com\/kf\/HTB1id3YFVXXXXcqXVXXq6xXFXXXz\/205957178\/HTB1id3YFVXXXXcqXVXXq6xXFXXXz.jpg\" alt=\"Heavy Duty 3 Axles 60-80 Tons low bed semi trailer for sale in dubai\" width=\"647\" height=\"502\" data-src=\"\/\/sc01.alicdn.com\/kf\/HTB1id3YFVXXXXcqXVXXq6xXFXXXz\/205957178\/HTB1id3YFVXXXXcqXVXXq6xXFXXXz.jpg\" data-alt=\"Heavy Duty 3 Axles 60-80 Tons low bed semi trailer for sale in dubai\" \/><img decoding=\"async\" src=\"https:\/\/sc01.alicdn.com\/kf\/HTB1LdFXGXXXXXcEXXXXq6xXFXXXV\/205957178\/HTB1LdFXGXXXXXcEXXXXq6xXFXXXV.jpg\" alt=\"Heavy Duty 3 Axles 60-80 Tons low bed semi trailer for sale in dubai\" width=\"650\" height=\"422\" data-src=\"\/\/sc01.alicdn.com\/kf\/HTB1LdFXGXXXXXcEXXXXq6xXFXXXV\/205957178\/HTB1LdFXGXXXXXcEXXXXq6xXFXXXV.jpg\" data-alt=\"Heavy Duty 3 Axles 60-80 Tons low bed semi trailer for sale in dubai\" \/><img decoding=\"async\" src=\"https:\/\/sc01.alicdn.com\/kf\/HTB1dIZ8FVXXXXbDXXXXq6xXFXXX8\/205957178\/HTB1dIZ8FVXXXXbDXXXXq6xXFXXX8.jpg\" alt=\"Heavy Duty 3 Axles 60-80 Tons low bed semi trailer for sale in dubai\" width=\"648\" height=\"467\" data-src=\"\/\/sc01.alicdn.com\/kf\/HTB1dIZ8FVXXXXbDXXXXq6xXFXXX8\/205957178\/HTB1dIZ8FVXXXXbDXXXXq6xXFXXX8.jpg\" data-alt=\"Heavy Duty 3 Axles 60-80 Tons low bed semi trailer for sale in dubai\" \/><\/p>\n<div id=\"ali-anchor-AliPostDhMb-07cla\" class=\"mceSectionContainer\" data-section=\"AliPostDhMb-07cla\" data-section-title=\"Company Information\">\n<div id=\"ali-title-AliPostDhMb-07cla\">Informations sur l'entreprise<\/div>\n<div><strong>Profil de notre entreprise :<\/strong>\u00a0JINAN KUNDA AUTOMOBILE SALES CO.,LTD. est un magasin 4s autoris\u00e9 par China National Heavy Duty Truck Group Co., Ltd (CNHTC) dans la province de Shandong. Fond\u00e9e en 2006, elle est situ\u00e9e \u00e0 Jinan, c\u00e9l\u00e8bre base de production de poids lourds en Chine. Les quatre fonctions principales de notre soci\u00e9t\u00e9 sont la vente de camions, de bus et de remorques, la fourniture de pi\u00e8ces d\u00e9tach\u00e9es, le retour d'informations et le service apr\u00e8s-vente.   L'\u00e9quipe de notre soci\u00e9t\u00e9 peut fournir toutes sortes de camions et de bus r\u00e9pondant aux exigences des clients au meilleur prix. Nous avons de nombreuses ann\u00e9es d'exp\u00e9rience dans la fourniture de camions, d'autobus et de remorques, une gestion stricte de la qualit\u00e9, une voie de livraison rapide et pratique, un contr\u00f4le strict de la qualit\u00e9 et de la quantit\u00e9 des produits, un emballage professionnel, un chargement professionnel et fiable des marchandises dans les conteneurs, une livraison dans les d\u00e9lais et des prix comp\u00e9titifs.   Les produits de notre soci\u00e9t\u00e9 sont vendus dans toute la Chine et sont export\u00e9s vers plus de vingt pays et r\u00e9gions, tels que la Russie, l'Ukraine, le Kazakhstan, l'Alg\u00e9rie, le Nigeria, l'\u00c9thiopie, la Mauritanie, le Ghana, le B\u00e9nin, l'Angola, la Tanzanie, le Congo, l'Asie du Sud-Est et l'Am\u00e9rique latine. En contr\u00f4lant le prix et la qualit\u00e9, nos produits sont tr\u00e8s appr\u00e9ci\u00e9s sur ces march\u00e9s.<\/div>\n<\/div>\n<div id=\"ali-anchor-AliPostDhMb-d1n5o\" class=\"mceSectionContainer\" data-section=\"AliPostDhMb-d1n5o\" data-section-title=\"Packaging &amp; Shipping\">\n<div id=\"ali-title-AliPostDhMb-d1n5o\">Emballage et exp\u00e9dition<\/div>\n<div><img decoding=\"async\" src=\"https:\/\/sc02.alicdn.com\/kf\/HTB1qaA_GVXXXXc8XXXXq6xXFXXX3\/205957178\/HTB1qaA_GVXXXXc8XXXXq6xXFXXX3.jpg\" alt=\"Heavy Duty 3 Axles 60-80 Tons low bed semi trailer for sale in dubai\" width=\"650\" height=\"365.3\" data-src=\"\/\/sc02.alicdn.com\/kf\/HTB1qaA_GVXXXXc8XXXXq6xXFXXX3\/205957178\/HTB1qaA_GVXXXXc8XXXXq6xXFXXX3.jpg\" data-alt=\"Heavy Duty 3 Axles 60-80 Tons low bed semi trailer for sale in dubai\" data-width=\"650\" \/><img decoding=\"async\" src=\"https:\/\/sc02.alicdn.com\/kf\/HTB1YylJHXXXXXbJXFXXq6xXFXXXu\/205957178\/HTB1YylJHXXXXXbJXFXXq6xXFXXXu.jpg\" alt=\"Heavy Duty 3 Axles 60-80 Tons low bed semi trailer for sale in dubai\" width=\"650\" height=\"252.72727272727272\" data-src=\"\/\/sc02.alicdn.com\/kf\/HTB1YylJHXXXXXbJXFXXq6xXFXXXu\/205957178\/HTB1YylJHXXXXXbJXFXXq6xXFXXXu.jpg\" data-alt=\"Heavy Duty 3 Axles 60-80 Tons low bed semi trailer for sale in dubai\" data-width=\"650\" \/><img decoding=\"async\" src=\"https:\/\/sc02.alicdn.com\/kf\/HTB1EPRJHXXXXXbiXFXXq6xXFXXXA\/205957178\/HTB1EPRJHXXXXXbiXFXXq6xXFXXXA.jpg\" alt=\"Heavy Duty 3 Axles 60-80 Tons low bed semi trailer for sale in dubai\" width=\"650\" height=\"338.0372492836676\" data-src=\"\/\/sc02.alicdn.com\/kf\/HTB1EPRJHXXXXXbiXFXXq6xXFXXXA\/205957178\/HTB1EPRJHXXXXXbiXFXXq6xXFXXXA.jpg\" data-alt=\"Heavy Duty 3 Axles 60-80 Tons low bed semi trailer for sale in dubai\" data-width=\"650\" \/><img loading=\"lazy\" decoding=\"async\" src=\"https:\/\/sc02.alicdn.com\/kf\/HTB14klcHFXXXXbTXXXXq6xXFXXXf\/205957178\/HTB14klcHFXXXXbTXXXXq6xXFXXXf.jpg\" alt=\"Heavy Duty 3 Axles 60-80 Tons low bed semi trailer for sale in dubai\" width=\"640\" height=\"480\" data-src=\"\/\/sc02.alicdn.com\/kf\/HTB14klcHFXXXXbTXXXXq6xXFXXXf\/205957178\/HTB14klcHFXXXXbTXXXXq6xXFXXXf.jpg\" data-alt=\"Heavy Duty 3 Axles 60-80 Tons low bed semi trailer for sale in dubai\" \/><\/div>\n<\/div>\n<div id=\"ali-anchor-AliPostDhMb-i5uj0\" class=\"mceSectionContainer\" data-section=\"AliPostDhMb-i5uj0\" data-section-title=\"Our Services\">\n<div id=\"ali-title-AliPostDhMb-i5uj0\">Nos services<\/div>\n<div>\u00a0a.Le produit satisfait avec un standard de haut niveau ; b.Le service complet de la commande \u00e0 l'exp\u00e9dition ; c.Donner au client les conseils les plus appropri\u00e9s lorsque le client a des besoins sp\u00e9ciaux pour votre transport ou construction d.Aider le client \u00e0 obtenir les pi\u00e8ces de rechange connexes de la remorque ou du tracteur si le client en a besoin. Nous attendons que vous obteniez les produits id\u00e9aux et le meilleur service ! \u00a0\u00a0<strong>LES AVANTAGES POUR L'ENTREPRISE :<\/strong><\/p>\n<table>\n<tbody>\n<tr>\n<td valign=\"top\" width=\"21\"><strong>1<\/strong><\/td>\n<td valign=\"top\" width=\"540\"><strong>Riche exp\u00e9rience dans la vente d'\u00e9quipements lourds et de camions Sinotruk.<\/strong><\/td>\n<\/tr>\n<tr>\n<td valign=\"top\" width=\"21\"><strong>2<\/strong><\/td>\n<td valign=\"top\" width=\"540\"><strong>Expert en types de camions lourds et en pi\u00e8ces d\u00e9tach\u00e9es.<\/strong><\/td>\n<\/tr>\n<tr>\n<td valign=\"top\" width=\"21\"><strong>3<\/strong><\/td>\n<td valign=\"top\" width=\"540\"><strong>Personnalisation pour r\u00e9pondre \u00e0 vos exigences de travail.<\/strong><\/td>\n<\/tr>\n<tr>\n<td valign=\"top\" width=\"21\"><strong>4<\/strong><\/td>\n<td valign=\"top\" width=\"540\"><strong>Haute qualit\u00e9 des pi\u00e8ces d'origine et des services OEM.<\/strong><\/td>\n<\/tr>\n<tr>\n<td valign=\"top\" width=\"21\"><strong>5<\/strong><\/td>\n<td valign=\"top\" width=\"540\"><strong>Ing\u00e9nieurs et experts disponibles pour une assistance avant\/apr\u00e8s vente.<\/strong><\/td>\n<\/tr>\n<tr>\n<td valign=\"top\" width=\"21\"><strong>6<\/strong><\/td>\n<td valign=\"top\" width=\"540\"><strong>Un service unique avec des camions lourds, des pi\u00e8ces d\u00e9tach\u00e9es ainsi que des conseils et une assistance en cas de besoin.<\/strong><\/td>\n<\/tr>\n<\/tbody>\n<\/table>\n<\/div>\n<\/div>\n<div id=\"ali-anchor-AliPostDhMb-m2mti\" class=\"mceSectionContainer\" data-section=\"AliPostDhMb-m2mti\" data-section-title=\"FAQ\">\n<div id=\"ali-title-AliPostDhMb-m2mti\">FAQ<\/div>\n<div><strong>Q:COMMENT POUVEZ-VOUS ASSURER LA S\u00c9CURIT\u00c9 DE MON ARGENT ?<\/strong>\u00a0R:Tout d'abord, vous pouvez envoyer l'argent via les assurances commerciales d'Alibaba. Ensuite, nous travaillons dans le domaine de la vente de camions depuis de nombreuses ann\u00e9es, et nous avons servi des centaines d'acheteurs dans le monde entier, nous prenons la r\u00e9putation comme notre vie.\u00a0<strong>Q:QUEL EST VOTRE PRIX ET VOTRE D\u00c9LAI DE LIVRAISON ?<\/strong>\u00a0R : En g\u00e9n\u00e9ral, notre MOQ est de 1 jeu, et notre d\u00e9lai de livraison est de 30 jours pour les nouvelles commandes, et de 5 jours ouvrables pour les camions en stock.\u00a0<strong>Q:PUIS-JE CHOISIR MOI-M\u00caME LE MODE DE TRANSPORT ?<\/strong>\u00a0R:Oui, bien s\u00fbr, mais si CIF, vous choisissez un navire diff\u00e9rent, cela signifie que le prix sera diff\u00e9rent, (par exemple : le prix d'un navire de marchandises en vrac est diff\u00e9rent de celui d'un navire RO-RO), le prix sera donc modifi\u00e9, veuillez en tenir compte.\u00a0<strong>Q:FOURNISSEZ-VOUS DES PI\u00c8CES DE RECHANGE ?<\/strong>\u00a0R:Oui, nous pouvons fournir toutes les pi\u00e8ces du camion, comme les pi\u00e8ces de moteur, les pi\u00e8ces \u00e9lectriques, les pi\u00e8ces de carrosserie et les pi\u00e8ces de cabine.\u00a0<strong>Q:COMMENT POUVONS-NOUS OBTENIR UN SERVICE APR\u00c8S-VENTE ?<\/strong>\u00a0R:Le groupe SINOTRUK dispose de nombreux centres de service apr\u00e8s-vente \u00e0 l'\u00e9tranger, vous pouvez obtenir des services dans ces centres, nous pouvons \u00e9galement vous fournir une assistance technique et des pi\u00e8ces d\u00e9tach\u00e9es, vous ne regretterez jamais d'avoir fait affaire avec nous. \u00a0\u00a0<strong>COMMENT VOUS CONTACTER DIRECTEMENT ?<\/strong>\u00a0\u00a0\u00a0<strong>NOM :<\/strong>JOANNA WANG\u00a0<strong>POSITION :\u00a0<\/strong>GESTIONNAIRE D.P.A. COMMERCE INTERNATIONAL\u00a0<strong>CELLPHONE NO.. :<\/strong>+8618954176889\u00a0<strong>EMAIL :<\/strong>nick(at)haowoqiche.com\u00a0<strong>Whatsapp&amp;wechat&amp;viber&amp;imo&amp;tango&amp;line<\/strong><strong>\u00a0<\/strong><strong>Le compte est le m\u00eame que le num\u00e9ro de t\u00e9l\u00e9phone portable.<\/strong><strong>Vous pouvez ajouter mon num\u00e9ro dans votre liste de num\u00e9ros de t\u00e9l\u00e9phone portable, puis me parler directement via ces outils de conversation.<\/strong><\/div>\n<\/div>","protected":false},"excerpt":{"rendered":"<p>Description du produit Mod\u00e8le de remorque Semi-remorque surbaiss\u00e9e \u00e0 4 essieux Dimension totale (Lx l x H) (mm) 16000*3000*1700 (la hauteur du sol \u00e0 la plate-forme est de 1200mm) Poids de chargement( KG) 80000-150000kg Poids total(KG) 10500 Marque de l'essieu 4x16TON, marque FUWA Nombre d'essieux Syst\u00e8me de suspension commun Suspension m\u00e9canique Ressort en acier -10\/10\/10\/10\/10 Suspension \u00e0 ressort \u00e0 lames Mat\u00e9riau de la poutre principale La hauteur de la poutre est de 500mm, la plaque sup\u00e9rieure est de...<\/p>","protected":false},"featured_media":588,"comment_status":"open","ping_status":"closed","template":"","meta":{"_seopress_robots_primary_cat":"none","_seopress_titles_title":"","_seopress_titles_desc":"","_seopress_robots_index":"","_kad_post_transparent":"default","_kad_post_title":"","_kad_post_layout":"default","_kad_post_sidebar_id":"","_kad_post_content_style":"default","_kad_post_vertical_padding":"default","_kad_post_feature":"","_kad_post_feature_position":"","_kad_post_header":false,"_kad_post_footer":false,"_kad_post_classname":""},"product_brand":[],"product_cat":[23,26],"product_tag":[],"class_list":{"0":"post-226","1":"product","2":"type-product","3":"status-publish","4":"has-post-thumbnail","6":"product_cat-products","7":"product_cat-semi-trailer","9":"first","10":"instock","11":"shipping-taxable","12":"product-type-simple","13":"entry","14":"content-bg","15":"loop-entry"},"_links":{"self":[{"href":"https:\/\/kdzgtruck.com\/fr\/wp-json\/wp\/v2\/product\/226","targetHints":{"allow":["GET"]}}],"collection":[{"href":"https:\/\/kdzgtruck.com\/fr\/wp-json\/wp\/v2\/product"}],"about":[{"href":"https:\/\/kdzgtruck.com\/fr\/wp-json\/wp\/v2\/types\/product"}],"replies":[{"embeddable":true,"href":"https:\/\/kdzgtruck.com\/fr\/wp-json\/wp\/v2\/comments?post=226"}],"wp:featuredmedia":[{"embeddable":true,"href":"https:\/\/kdzgtruck.com\/fr\/wp-json\/wp\/v2\/media\/588"}],"wp:attachment":[{"href":"https:\/\/kdzgtruck.com\/fr\/wp-json\/wp\/v2\/media?parent=226"}],"wp:term":[{"taxonomy":"product_brand","embeddable":true,"href":"https:\/\/kdzgtruck.com\/fr\/wp-json\/wp\/v2\/product_brand?post=226"},{"taxonomy":"product_cat","embeddable":true,"href":"https:\/\/kdzgtruck.com\/fr\/wp-json\/wp\/v2\/product_cat?post=226"},{"taxonomy":"product_tag","embeddable":true,"href":"https:\/\/kdzgtruck.com\/fr\/wp-json\/wp\/v2\/product_tag?post=226"}],"curies":[{"name":"wp","href":"https:\/\/api.w.org\/{rel}","templated":true}]}}