{"id":919,"date":"2024-11-09T16:57:26","date_gmt":"2024-11-09T08:57:26","guid":{"rendered":"https:\/\/kdzgtruck.com\/?post_type=product&#038;p=919"},"modified":"2024-11-09T16:57:26","modified_gmt":"2024-11-09T08:57:26","slug":"stocked-84-drive-31-tons-sinotruk-howo-7-cargo-truck-low-price-for-sale","status":"publish","type":"product","link":"https:\/\/kdzgtruck.com\/es\/producto\/stocked-84-drive-31-tons-sinotruk-howo-7-cargo-truck-low-price-for-sale\/","title":{"rendered":"stock 8 * 4 unidad de 31 toneladas sinotruk howo 7 camiones de carga de bajo precio para la venta"},"content":{"rendered":"<p><img alt=\"\" fetchpriority=\"high\" decoding=\"async\" class=\"alignnone size-full wp-image-920\" src=\"https:\/\/kdzgtruck.com\/wp-content\/uploads\/2024\/11\/11-19.jpg\" width=\"1000\" height=\"750\" srcset=\"https:\/\/kdzgtruck.com\/wp-content\/uploads\/2024\/11\/11-19.jpg 1000w, https:\/\/kdzgtruck.com\/wp-content\/uploads\/2024\/11\/11-19-300x225.jpg 300w, https:\/\/kdzgtruck.com\/wp-content\/uploads\/2024\/11\/11-19-768x576.jpg 768w, https:\/\/kdzgtruck.com\/wp-content\/uploads\/2024\/11\/11-19-16x12.jpg 16w, https:\/\/kdzgtruck.com\/wp-content\/uploads\/2024\/11\/11-19-800x600.jpg 800w\" sizes=\"(max-width: 1000px) 100vw, 1000px\" \/><\/p>\n<table border=\"1\" cellspacing=\"0\">\n<tbody>\n<tr>\n<td colspan=\"2\" valign=\"top\">\n<p align=\"center\" data-spm-anchor-id=\"a2700.details.0.i73.66ce5cca9CZiGO\">ModeL<\/p>\n<\/td>\n<td valign=\"top\">\n<p align=\"center\">ZZ1317N4667C1<\/p>\n<\/td>\n<\/tr>\n<tr>\n<td colspan=\"2\" valign=\"top\">Rated laden\u00a0mass (kg)<\/td>\n<td valign=\"center\">\n<p align=\"center\">19000kg<\/p>\n<\/td>\n<\/tr>\n<tr>\n<td colspan=\"2\" valign=\"top\">Kerb mass (kg)<\/td>\n<td valign=\"center\">\n<p align=\"center\">12000kg<\/p>\n<\/td>\n<\/tr>\n<tr>\n<td colspan=\"2\" valign=\"top\">Max.<span data-spm-anchor-id=\"a2700.details.0.i72.66ce5cca9CZiGO\">\u00a0total mass (kg)<\/span><\/td>\n<td valign=\"center\">\u00a0\u00a0\u00a0\u00a0\u00a0\u00a0\u00a0\u00a0\u00a0\u00a0\u00a0\u00a0\u00a0\u00a0\u00a0\u00a0\u00a0\u00a0\u00a031000kg<\/td>\n<\/tr>\n<tr>\n<td colspan=\"2\" valign=\"top\">Max. speed (km\/h)<\/td>\n<td valign=\"top\">\n<p align=\"center\">120<\/p>\n<\/td>\n<\/tr>\n<tr>\n<td colspan=\"2\" valign=\"top\">Min. turning circle (m)<\/td>\n<td valign=\"top\">\n<p align=\"center\">19<\/p>\n<\/td>\n<\/tr>\n<tr>\n<td colspan=\"2\" valign=\"top\">Min. ground clearance (mm)<\/td>\n<td valign=\"top\">\n<p align=\"center\">314<\/p>\n<\/td>\n<\/tr>\n<tr>\n<td colspan=\"2\" valign=\"top\">Max.grade\u00a0ability(%)<\/td>\n<td valign=\"top\">\n<p align=\"center\">30<\/p>\n<\/td>\n<\/tr>\n<tr>\n<td rowspan=\"3\" valign=\"top\">Appearance dimensions (mm)<\/td>\n<td valign=\"top\">Max. Length<\/td>\n<td valign=\"center\">\n<p align=\"center\">1286<\/p>\n<\/td>\n<\/tr>\n<tr>\n<td valign=\"top\">Max. Width<\/td>\n<td valign=\"center\">\n<p align=\"center\">2496<\/p>\n<\/td>\n<\/tr>\n<tr>\n<td valign=\"top\">Max. Height<\/td>\n<td valign=\"center\">\n<p align=\"center\">3025<\/p>\n<\/td>\n<\/tr>\n<tr>\n<td colspan=\"2\" valign=\"top\">Wheelbase<\/td>\n<td valign=\"top\">\n<p align=\"center\">1800+4600+1350<\/p>\n<\/td>\n<\/tr>\n<tr>\n<td colspan=\"2\" valign=\"top\">Motor<\/td>\n<td valign=\"top\">\n<p align=\"center\">WD615.47\u00a0Erou2<\/p>\n<\/td>\n<\/tr>\n<tr>\n<td colspan=\"2\" valign=\"top\">Rated output power<\/td>\n<td valign=\"top\">\n<p align=\"center\">279kW\/\u00a0371hp<\/p>\n<\/td>\n<\/tr>\n<tr>\n<td colspan=\"2\" valign=\"top\">Torque\u00a0\u00a0N.m r. p. m<\/td>\n<td valign=\"top\">\n<p align=\"center\">1250N.m\u00a0\/ 1400-1600rpm<\/p>\n<\/td>\n<\/tr>\n<tr>\n<td colspan=\"2\" valign=\"top\">Clutch<\/td>\n<td valign=\"top\">\n<p align=\"center\">430 diaphragm type<\/p>\n<\/td>\n<\/tr>\n<tr>\n<td rowspan=\"2\" valign=\"center\">Caja de cambios<\/td>\n<td valign=\"top\">Transmisi\u00f3n<\/td>\n<td valign=\"top\">\n<p align=\"center\">\u00a0HW19712<\/p>\n<\/td>\n<\/tr>\n<tr>\n<td valign=\"top\">Gear ratio<\/td>\n<td valign=\"top\">\n<p align=\"center\">\n<\/td>\n<\/tr>\n<tr>\n<td colspan=\"2\" valign=\"top\">Direcci\u00f3n<\/td>\n<td valign=\"top\">\n<p align=\"center\">ZF technology left\u00a0hand drive<\/p>\n<\/td>\n<\/tr>\n<tr>\n<td colspan=\"2\" valign=\"top\">Cabina<\/td>\n<td valign=\"center\">\n<p align=\"center\">HW79<\/p>\n<\/td>\n<\/tr>\n<tr>\n<td colspan=\"2\" valign=\"center\">Front axle<\/td>\n<td valign=\"center\">\n<p align=\"center\">9T<\/p>\n<\/td>\n<\/tr>\n<tr>\n<td colspan=\"2\" valign=\"top\">Drive axle<\/td>\n<td valign=\"center\">\n<p align=\"center\">HC16T strength<\/p>\n<\/td>\n<\/tr>\n<tr>\n<td colspan=\"2\" valign=\"top\">Tire:<\/td>\n<td valign=\"center\">\n<p align=\"center\">12.00R20 11ps<\/p>\n<\/td>\n<\/tr>\n<tr>\n<td colspan=\"2\" valign=\"top\">Dimensions of lorry body<\/p>\n<p>(L\u00d7W\u00d7H)mm,Front lifting<\/td>\n<td valign=\"top\" data-spm-anchor-id=\"a2700.details.0.i74.66ce5cca9CZiGO\">\n<p align=\"center\"><strong>9520\u00d72400\u00d7<\/strong><strong>8<\/strong><strong>00<\/strong><strong>\u00a0<\/strong><strong>\u00a0<\/strong><\/p>\n<\/td>\n<\/tr>\n<tr>\n<td colspan=\"2\" valign=\"top\">Fuel tank capacity (L)<\/td>\n<td valign=\"top\">\n<p align=\"center\">300\u00a0L\u00a0\u00a0(steel)<\/p>\n<\/td>\n<\/tr>\n<\/tbody>\n<\/table>","protected":false},"excerpt":{"rendered":"<p>ModeL ZZ1317N4667C1 Masa nominal en carga (kg) 19000kg Masa en orden de marcha (kg) 12000kg Masa total m\u00e1x. (kg) 31000kg Velocidad m\u00e1x. (km\/h) 120 Radio de giro m\u00edn. (m) 19 Altura libre al suelo m\u00edn. (mm) 314 Pendiente m\u00e1x. (%) 30 Dimensiones exteriores (mm) Longitud m\u00e1x. 1286 Longitud 1286 Anchura m\u00e1x. Anchura 2496 M\u00e1x. Altura 3025 Batalla 1800+4600+1350 Motor WD615.47 Erou2 Potencia nominal 279kW\/ 371hp Par N.m r. p. m 1250N.m \/...<\/p>","protected":false},"featured_media":921,"comment_status":"open","ping_status":"closed","template":"","meta":{"_seopress_robots_primary_cat":"","_seopress_titles_title":"","_seopress_titles_desc":"","_seopress_robots_index":"","_kad_post_transparent":"default","_kad_post_title":"","_kad_post_layout":"default","_kad_post_sidebar_id":"","_kad_post_content_style":"default","_kad_post_vertical_padding":"default","_kad_post_feature":"","_kad_post_feature_position":"","_kad_post_header":false,"_kad_post_footer":false,"_kad_post_classname":""},"product_brand":[],"product_cat":[36],"product_tag":[],"class_list":{"0":"post-919","1":"product","2":"type-product","3":"status-publish","4":"has-post-thumbnail","6":"product_cat-cargo-truck","8":"first","9":"instock","10":"shipping-taxable","11":"product-type-simple","12":"entry","13":"content-bg","14":"loop-entry"},"_links":{"self":[{"href":"https:\/\/kdzgtruck.com\/es\/wp-json\/wp\/v2\/product\/919","targetHints":{"allow":["GET"]}}],"collection":[{"href":"https:\/\/kdzgtruck.com\/es\/wp-json\/wp\/v2\/product"}],"about":[{"href":"https:\/\/kdzgtruck.com\/es\/wp-json\/wp\/v2\/types\/product"}],"replies":[{"embeddable":true,"href":"https:\/\/kdzgtruck.com\/es\/wp-json\/wp\/v2\/comments?post=919"}],"wp:featuredmedia":[{"embeddable":true,"href":"https:\/\/kdzgtruck.com\/es\/wp-json\/wp\/v2\/media\/921"}],"wp:attachment":[{"href":"https:\/\/kdzgtruck.com\/es\/wp-json\/wp\/v2\/media?parent=919"}],"wp:term":[{"taxonomy":"product_brand","embeddable":true,"href":"https:\/\/kdzgtruck.com\/es\/wp-json\/wp\/v2\/product_brand?post=919"},{"taxonomy":"product_cat","embeddable":true,"href":"https:\/\/kdzgtruck.com\/es\/wp-json\/wp\/v2\/product_cat?post=919"},{"taxonomy":"product_tag","embeddable":true,"href":"https:\/\/kdzgtruck.com\/es\/wp-json\/wp\/v2\/product_tag?post=919"}],"curies":[{"name":"wp","href":"https:\/\/api.w.org\/{rel}","templated":true}]}}