{"id":885,"date":"2024-11-09T16:28:38","date_gmt":"2024-11-09T08:28:38","guid":{"rendered":"https:\/\/kdzgtruck.com\/?post_type=product&#038;p=885"},"modified":"2024-11-09T16:28:38","modified_gmt":"2024-11-09T08:28:38","slug":"factory-shipment-quality-assurance-howo-sinotruk-10m3-water-spraying-truck-water-truck-durable","status":"publish","type":"product","link":"https:\/\/kdzgtruck.com\/es\/producto\/factory-shipment-quality-assurance-howo-sinotruk-10m3-water-spraying-truck-water-truck-durable\/","title":{"rendered":"Env\u00edo de la f\u00e1brica Garant\u00eda de calidad HOWO SINOTRUK 10m3 Cami\u00f3n rociador de agua Cami\u00f3n de agua duradera"},"content":{"rendered":"<p><img alt=\"\" fetchpriority=\"high\" decoding=\"async\" class=\"alignnone size-full wp-image-886\" src=\"https:\/\/kdzgtruck.com\/wp-content\/uploads\/2024\/11\/11-16.jpg\" width=\"1702\" height=\"1276\" srcset=\"https:\/\/kdzgtruck.com\/wp-content\/uploads\/2024\/11\/11-16.jpg 1702w, https:\/\/kdzgtruck.com\/wp-content\/uploads\/2024\/11\/11-16-300x225.jpg 300w, https:\/\/kdzgtruck.com\/wp-content\/uploads\/2024\/11\/11-16-1024x768.jpg 1024w, https:\/\/kdzgtruck.com\/wp-content\/uploads\/2024\/11\/11-16-768x576.jpg 768w, https:\/\/kdzgtruck.com\/wp-content\/uploads\/2024\/11\/11-16-1536x1152.jpg 1536w, https:\/\/kdzgtruck.com\/wp-content\/uploads\/2024\/11\/11-16-16x12.jpg 16w, https:\/\/kdzgtruck.com\/wp-content\/uploads\/2024\/11\/11-16-800x600.jpg 800w\" sizes=\"(max-width: 1702px) 100vw, 1702px\" \/> <img alt=\"\" decoding=\"async\" class=\"alignnone size-full wp-image-887\" src=\"https:\/\/kdzgtruck.com\/wp-content\/uploads\/2024\/11\/12-12.jpg\" width=\"1702\" height=\"1276\" srcset=\"https:\/\/kdzgtruck.com\/wp-content\/uploads\/2024\/11\/12-12.jpg 1702w, https:\/\/kdzgtruck.com\/wp-content\/uploads\/2024\/11\/12-12-300x225.jpg 300w, https:\/\/kdzgtruck.com\/wp-content\/uploads\/2024\/11\/12-12-1024x768.jpg 1024w, https:\/\/kdzgtruck.com\/wp-content\/uploads\/2024\/11\/12-12-768x576.jpg 768w, https:\/\/kdzgtruck.com\/wp-content\/uploads\/2024\/11\/12-12-1536x1152.jpg 1536w, https:\/\/kdzgtruck.com\/wp-content\/uploads\/2024\/11\/12-12-16x12.jpg 16w, https:\/\/kdzgtruck.com\/wp-content\/uploads\/2024\/11\/12-12-800x600.jpg 800w\" sizes=\"(max-width: 1702px) 100vw, 1702px\" \/> <img alt=\"\" decoding=\"async\" class=\"alignnone size-full wp-image-888\" src=\"https:\/\/kdzgtruck.com\/wp-content\/uploads\/2024\/11\/13-8.jpg\" width=\"1702\" height=\"1276\" srcset=\"https:\/\/kdzgtruck.com\/wp-content\/uploads\/2024\/11\/13-8.jpg 1702w, https:\/\/kdzgtruck.com\/wp-content\/uploads\/2024\/11\/13-8-300x225.jpg 300w, https:\/\/kdzgtruck.com\/wp-content\/uploads\/2024\/11\/13-8-1024x768.jpg 1024w, https:\/\/kdzgtruck.com\/wp-content\/uploads\/2024\/11\/13-8-768x576.jpg 768w, https:\/\/kdzgtruck.com\/wp-content\/uploads\/2024\/11\/13-8-1536x1152.jpg 1536w, https:\/\/kdzgtruck.com\/wp-content\/uploads\/2024\/11\/13-8-16x12.jpg 16w, https:\/\/kdzgtruck.com\/wp-content\/uploads\/2024\/11\/13-8-800x600.jpg 800w\" sizes=\"(max-width: 1702px) 100vw, 1702px\" \/> <img alt=\"\" loading=\"lazy\" decoding=\"async\" class=\"alignnone size-full wp-image-889\" src=\"https:\/\/kdzgtruck.com\/wp-content\/uploads\/2024\/11\/14-8.jpg\" width=\"1706\" height=\"1279\" srcset=\"https:\/\/kdzgtruck.com\/wp-content\/uploads\/2024\/11\/14-8.jpg 1706w, https:\/\/kdzgtruck.com\/wp-content\/uploads\/2024\/11\/14-8-300x225.jpg 300w, https:\/\/kdzgtruck.com\/wp-content\/uploads\/2024\/11\/14-8-1024x768.jpg 1024w, https:\/\/kdzgtruck.com\/wp-content\/uploads\/2024\/11\/14-8-768x576.jpg 768w, https:\/\/kdzgtruck.com\/wp-content\/uploads\/2024\/11\/14-8-1536x1152.jpg 1536w, https:\/\/kdzgtruck.com\/wp-content\/uploads\/2024\/11\/14-8-16x12.jpg 16w, https:\/\/kdzgtruck.com\/wp-content\/uploads\/2024\/11\/14-8-800x600.jpg 800w\" sizes=\"(max-width: 1706px) 100vw, 1706px\" \/> <img alt=\"\" loading=\"lazy\" decoding=\"async\" class=\"alignnone size-full wp-image-890\" src=\"https:\/\/kdzgtruck.com\/wp-content\/uploads\/2024\/11\/15-6.jpg\" width=\"1203\" height=\"978\" srcset=\"https:\/\/kdzgtruck.com\/wp-content\/uploads\/2024\/11\/15-6.jpg 1203w, https:\/\/kdzgtruck.com\/wp-content\/uploads\/2024\/11\/15-6-300x244.jpg 300w, https:\/\/kdzgtruck.com\/wp-content\/uploads\/2024\/11\/15-6-1024x832.jpg 1024w, https:\/\/kdzgtruck.com\/wp-content\/uploads\/2024\/11\/15-6-768x624.jpg 768w, https:\/\/kdzgtruck.com\/wp-content\/uploads\/2024\/11\/15-6-15x12.jpg 15w, https:\/\/kdzgtruck.com\/wp-content\/uploads\/2024\/11\/15-6-800x650.jpg 800w\" sizes=\"(max-width: 1203px) 100vw, 1203px\" \/> <img alt=\"\" loading=\"lazy\" decoding=\"async\" class=\"alignnone size-full wp-image-891\" src=\"https:\/\/kdzgtruck.com\/wp-content\/uploads\/2024\/11\/16-4.jpg\" width=\"1706\" height=\"1279\" srcset=\"https:\/\/kdzgtruck.com\/wp-content\/uploads\/2024\/11\/16-4.jpg 1706w, https:\/\/kdzgtruck.com\/wp-content\/uploads\/2024\/11\/16-4-300x225.jpg 300w, https:\/\/kdzgtruck.com\/wp-content\/uploads\/2024\/11\/16-4-1024x768.jpg 1024w, https:\/\/kdzgtruck.com\/wp-content\/uploads\/2024\/11\/16-4-768x576.jpg 768w, https:\/\/kdzgtruck.com\/wp-content\/uploads\/2024\/11\/16-4-1536x1152.jpg 1536w, https:\/\/kdzgtruck.com\/wp-content\/uploads\/2024\/11\/16-4-16x12.jpg 16w, https:\/\/kdzgtruck.com\/wp-content\/uploads\/2024\/11\/16-4-800x600.jpg 800w\" sizes=\"(max-width: 1706px) 100vw, 1706px\" \/><\/p>\n<table class=\"has-title all magic-8\">\n<tbody>\n<tr>\n<td colspan=\"1\" rowspan=\"1\">\n<div class=\"magic-9\" data-spm-anchor-id=\"a2700.details.0.i72.61f6684dUCY9I5\">art\u00edculo<\/div>\n<\/td>\n<td colspan=\"1\" rowspan=\"1\">\n<div class=\"magic-10\">valor<\/div>\n<\/td>\n<\/tr>\n<tr>\n<td colspan=\"1\" rowspan=\"1\">\n<div class=\"magic-9\">Condici\u00f3n<\/div>\n<\/td>\n<td colspan=\"1\" rowspan=\"1\">\n<div class=\"magic-10\">Nuevo<\/div>\n<\/td>\n<\/tr>\n<tr>\n<td colspan=\"1\" rowspan=\"1\">\n<div class=\"magic-9\">Direcci\u00f3n<\/div>\n<\/td>\n<td colspan=\"1\" rowspan=\"1\">\n<div class=\"magic-10\">Izquierda<\/div>\n<\/td>\n<\/tr>\n<tr>\n<td colspan=\"1\" rowspan=\"1\">\n<div class=\"magic-9\">Potencia<\/div>\n<\/td>\n<td colspan=\"1\" rowspan=\"1\">\n<div class=\"magic-10\">420hp<\/div>\n<\/td>\n<\/tr>\n<tr>\n<td colspan=\"1\" rowspan=\"1\">\n<div class=\"magic-9\">Norma de emisiones<\/div>\n<\/td>\n<td colspan=\"1\" rowspan=\"1\">\n<div class=\"magic-10\">Euro 2<\/div>\n<\/td>\n<\/tr>\n<tr>\n<td colspan=\"1\" rowspan=\"1\">\n<div class=\"magic-9\">Marca<\/div>\n<\/td>\n<td colspan=\"1\" rowspan=\"1\">\n<div class=\"magic-10\">SINOTRUK<\/div>\n<\/td>\n<\/tr>\n<tr>\n<td colspan=\"1\" rowspan=\"1\">\n<div class=\"magic-9\">Segmento<\/div>\n<\/td>\n<td colspan=\"1\" rowspan=\"1\">\n<div class=\"magic-10\">Camiones pesados<\/div>\n<\/td>\n<\/tr>\n<tr>\n<td colspan=\"1\" rowspan=\"1\">\n<div class=\"magic-9\">Segmentaci\u00f3n del mercado<\/div>\n<\/td>\n<td colspan=\"1\" rowspan=\"1\">\n<div class=\"magic-10\">Log\u00edstica de transporte<\/div>\n<\/td>\n<\/tr>\n<tr>\n<td colspan=\"1\" rowspan=\"1\">\n<div class=\"magic-9\">Marca del motor<\/div>\n<\/td>\n<td colspan=\"1\" rowspan=\"1\">\n<div class=\"magic-10\">WEICHAI<\/div>\n<\/td>\n<\/tr>\n<tr>\n<td colspan=\"1\" rowspan=\"1\">\n<div class=\"magic-9\">Tipo de combustible<\/div>\n<\/td>\n<td colspan=\"1\" rowspan=\"1\">\n<div class=\"magic-10\">Diesel<\/div>\n<\/td>\n<\/tr>\n<tr>\n<td colspan=\"1\" rowspan=\"1\">\n<div class=\"magic-9\">Cilindrada<\/div>\n<\/td>\n<td colspan=\"1\" rowspan=\"1\">\n<div class=\"magic-10\">&gt; 8L<\/div>\n<\/td>\n<\/tr>\n<tr>\n<td colspan=\"1\" rowspan=\"1\">\n<div class=\"magic-9\">Tipo de transmisi\u00f3n<\/div>\n<\/td>\n<td colspan=\"1\" rowspan=\"1\">\n<div class=\"magic-10\">Manual<\/div>\n<\/td>\n<\/tr>\n<tr>\n<td colspan=\"1\" rowspan=\"1\">\n<div class=\"magic-9\">N\u00famero de cambio hacia delante<\/div>\n<\/td>\n<td colspan=\"1\" rowspan=\"1\">\n<div class=\"magic-10\">10<\/div>\n<\/td>\n<\/tr>\n<tr>\n<td colspan=\"1\" rowspan=\"1\">\n<div class=\"magic-9\">N\u00famero de cambio inverso<\/div>\n<\/td>\n<td colspan=\"1\" rowspan=\"1\">\n<div class=\"magic-10\">2<\/div>\n<\/td>\n<\/tr>\n<tr>\n<td colspan=\"1\" rowspan=\"1\">\n<div class=\"magic-9\">Par m\u00e1ximo (Nm)<\/div>\n<\/td>\n<td colspan=\"1\" rowspan=\"1\">\n<div class=\"magic-10\">1500-2000Nm<\/div>\n<\/td>\n<\/tr>\n<tr>\n<td colspan=\"1\" rowspan=\"1\">\n<div class=\"magic-9\">Talla<\/div>\n<\/td>\n<td colspan=\"1\" rowspan=\"1\">\n<div class=\"magic-10\">6800x2496x2958<\/div>\n<\/td>\n<\/tr>\n<tr>\n<td colspan=\"1\" rowspan=\"1\">\n<div class=\"magic-9\">Peso bruto del veh\u00edculo<\/div>\n<\/td>\n<td colspan=\"1\" rowspan=\"1\">\n<div class=\"magic-10\">25000 kg<\/div>\n<\/td>\n<\/tr>\n<tr>\n<td colspan=\"1\" rowspan=\"1\">\n<div class=\"magic-9\">Capacidad (carga)<\/div>\n<\/td>\n<td colspan=\"1\" rowspan=\"1\">\n<div class=\"magic-10\">&gt; 50T<\/div>\n<\/td>\n<\/tr>\n<tr>\n<td colspan=\"1\" rowspan=\"1\">\n<div class=\"magic-9\">Capacidad del dep\u00f3sito de combustible<\/div>\n<\/td>\n<td colspan=\"1\" rowspan=\"1\">\n<div class=\"magic-10\">400-500L<\/div>\n<\/td>\n<\/tr>\n<tr>\n<td colspan=\"1\" rowspan=\"1\">\n<div class=\"magic-9\">Rueda motriz<\/div>\n<\/td>\n<td colspan=\"1\" rowspan=\"1\">\n<div class=\"magic-10\">6&#215;4<\/div>\n<\/td>\n<\/tr>\n<tr>\n<td colspan=\"1\" rowspan=\"1\">\n<div class=\"magic-9\">Pasajeros<\/div>\n<\/td>\n<td colspan=\"1\" rowspan=\"1\">\n<div class=\"magic-10\">2<\/div>\n<\/td>\n<\/tr>\n<tr>\n<td colspan=\"1\" rowspan=\"1\">\n<div class=\"magic-9\">Asiento del conductor<\/div>\n<\/td>\n<td colspan=\"1\" rowspan=\"1\">\n<div class=\"magic-10\">Normal<\/div>\n<\/td>\n<\/tr>\n<tr>\n<td colspan=\"1\" rowspan=\"1\">\n<div class=\"magic-9\">Filas de asientos<\/div>\n<\/td>\n<td colspan=\"1\" rowspan=\"1\">\n<div class=\"magic-10\">Half a row<\/div>\n<\/td>\n<\/tr>\n<tr>\n<td colspan=\"1\" rowspan=\"1\">\n<div class=\"magic-9\">C\u00e1mara trasera<\/div>\n<\/td>\n<td colspan=\"1\" rowspan=\"1\">\n<div class=\"magic-10\">Ninguno<\/div>\n<\/td>\n<\/tr>\n<tr>\n<td colspan=\"1\" rowspan=\"1\">\n<div class=\"magic-9\">Control de crucero<\/div>\n<\/td>\n<td colspan=\"1\" rowspan=\"1\">\n<div class=\"magic-10\">Ninguno<\/div>\n<\/td>\n<\/tr>\n<tr>\n<td colspan=\"1\" rowspan=\"1\">\n<div class=\"magic-9\">ABS (sistema antibloqueo de frenos)<\/div>\n<\/td>\n<td colspan=\"1\" rowspan=\"1\">\n<div class=\"magic-10\">Ninguno<\/div>\n<\/td>\n<\/tr>\n<tr>\n<td colspan=\"1\" rowspan=\"1\">\n<div class=\"magic-9\">ESC (sistema electr\u00f3nico de control de estabilidad)<\/div>\n<\/td>\n<td colspan=\"1\" rowspan=\"1\">\n<div class=\"magic-10\">Ninguno<\/div>\n<\/td>\n<\/tr>\n<tr>\n<td colspan=\"1\" rowspan=\"1\">\n<div class=\"magic-9\">Pantalla t\u00e1ctil<\/div>\n<\/td>\n<td colspan=\"1\" rowspan=\"1\">\n<div class=\"magic-10\">Ninguno<\/div>\n<\/td>\n<\/tr>\n<tr>\n<td colspan=\"1\" rowspan=\"1\">\n<div class=\"magic-9\">Sistema multimedia<\/div>\n<\/td>\n<td colspan=\"1\" rowspan=\"1\">\n<div class=\"magic-10\">Ninguno<\/div>\n<\/td>\n<\/tr>\n<tr>\n<td colspan=\"1\" rowspan=\"1\">\n<div class=\"magic-9\">Ventana<\/div>\n<\/td>\n<td colspan=\"1\" rowspan=\"1\">\n<div class=\"magic-10\">Manual<\/div>\n<\/td>\n<\/tr>\n<tr>\n<td colspan=\"1\" rowspan=\"1\">\n<div class=\"magic-9\">Aire acondicionado<\/div>\n<\/td>\n<td colspan=\"1\" rowspan=\"1\">\n<div class=\"magic-10\">Manual<\/div>\n<\/td>\n<\/tr>\n<tr>\n<td colspan=\"1\" rowspan=\"1\">\n<div class=\"magic-9\">N\u00famero de neum\u00e1tico<\/div>\n<\/td>\n<td colspan=\"1\" rowspan=\"1\">\n<div class=\"magic-10\">10<\/div>\n<\/td>\n<\/tr>\n<tr>\n<td colspan=\"1\" rowspan=\"1\">\n<div class=\"magic-9\">Servicio posventa<\/div>\n<\/td>\n<td colspan=\"1\" rowspan=\"1\">\n<div class=\"magic-10\">No after-sales service<\/div>\n<\/td>\n<\/tr>\n<tr>\n<td colspan=\"1\" rowspan=\"1\">\n<div class=\"magic-9\">Nombre del producto<\/div>\n<\/td>\n<td colspan=\"1\" rowspan=\"1\">\n<div class=\"magic-10\">SINOTRUK HOWO 6*4 TRACTOR TRUCK<\/div>\n<\/td>\n<\/tr>\n<tr>\n<td colspan=\"1\" rowspan=\"1\">\n<div class=\"magic-9\">Motor<\/div>\n<\/td>\n<td colspan=\"1\" rowspan=\"1\">\n<div class=\"magic-10\">WP12.400E201<\/div>\n<\/td>\n<\/tr>\n<tr>\n<td colspan=\"1\" rowspan=\"1\">\n<div class=\"magic-9\">Neum\u00e1tico<\/div>\n<\/td>\n<td colspan=\"1\" rowspan=\"1\">\n<div class=\"magic-10\">12.00R24<\/div>\n<\/td>\n<\/tr>\n<tr>\n<td colspan=\"1\" rowspan=\"1\">\n<div class=\"magic-9\">Driving type<\/div>\n<\/td>\n<td colspan=\"1\" rowspan=\"1\">\n<div class=\"magic-10\">6*4<\/div>\n<\/td>\n<\/tr>\n<tr>\n<td colspan=\"1\" rowspan=\"1\">\n<div class=\"magic-9\">Cabina<\/div>\n<\/td>\n<td colspan=\"1\" rowspan=\"1\">\n<div class=\"magic-10\">Double Sleeper<\/div>\n<\/td>\n<\/tr>\n<tr>\n<td colspan=\"1\" rowspan=\"1\">\n<div class=\"magic-9\">Transmisi\u00f3n<\/div>\n<\/td>\n<td colspan=\"1\" rowspan=\"1\">\n<div class=\"magic-10\">HW19710<\/div>\n<\/td>\n<\/tr>\n<tr>\n<td colspan=\"1\" rowspan=\"1\">\n<div class=\"magic-9\">Certifications<\/div>\n<\/td>\n<td colspan=\"1\" rowspan=\"1\" data-spm-anchor-id=\"a2700.details.0.i73.61f6684dUCY9I5\">\n<div class=\"magic-10\">ISO<\/div>\n<\/td>\n<\/tr>\n<tr>\n<td colspan=\"1\" rowspan=\"1\">\n<div class=\"magic-9\">Marca<\/div>\n<\/td>\n<td colspan=\"1\" rowspan=\"1\">\n<div class=\"magic-10\">SIONTRUK<\/div>\n<\/td>\n<\/tr>\n<tr>\n<td colspan=\"1\" rowspan=\"1\">\n<div class=\"magic-9\">Caballos<\/div>\n<\/td>\n<td colspan=\"1\" rowspan=\"1\">\n<div class=\"magic-10\">420hp<\/div>\n<\/td>\n<\/tr>\n<tr>\n<td colspan=\"1\" rowspan=\"1\">\n<div class=\"magic-9\">Rear axle<\/div>\n<\/td>\n<td colspan=\"1\" rowspan=\"1\">\n<div class=\"magic-10\">HC16<\/div>\n<\/td>\n<\/tr>\n<\/tbody>\n<\/table>","protected":false},"excerpt":{"rendered":"<p>valor del art\u00edculo Condici\u00f3n Nuevo Direcci\u00f3n Izquierda Caballos de fuerza 420hp Emisi\u00f3n Norma Euro 2 Marca SINOTRUK Segmento Cami\u00f3n pesado Segmento de mercado Log\u00edstica de transporte Motor Marca WEICHAI Tipo de combustible Diesel Cilindrada &gt; 8L Tipo de transmisi\u00f3n Manual N\u00famero de cambio hacia adelante 10 N\u00famero de cambio hacia atr\u00e1s 2 Par m\u00e1ximo (Nm) 1500-2000Nm Tama\u00f1o 6800x2496x2958 Peso bruto del veh\u00edculo 25000 kg Capacidad (carga)...<\/p>","protected":false},"featured_media":892,"comment_status":"open","ping_status":"closed","template":"","meta":{"_seopress_robots_primary_cat":"","_seopress_titles_title":"","_seopress_titles_desc":"","_seopress_robots_index":"","_kad_post_transparent":"default","_kad_post_title":"","_kad_post_layout":"default","_kad_post_sidebar_id":"","_kad_post_content_style":"default","_kad_post_vertical_padding":"default","_kad_post_feature":"","_kad_post_feature_position":"","_kad_post_header":false,"_kad_post_footer":false,"_kad_post_classname":""},"product_brand":[],"product_cat":[37],"product_tag":[],"class_list":{"0":"post-885","1":"product","2":"type-product","3":"status-publish","4":"has-post-thumbnail","6":"product_cat-fuel-tank-truck","8":"first","9":"instock","10":"shipping-taxable","11":"product-type-simple","12":"entry","13":"content-bg","14":"loop-entry"},"_links":{"self":[{"href":"https:\/\/kdzgtruck.com\/es\/wp-json\/wp\/v2\/product\/885","targetHints":{"allow":["GET"]}}],"collection":[{"href":"https:\/\/kdzgtruck.com\/es\/wp-json\/wp\/v2\/product"}],"about":[{"href":"https:\/\/kdzgtruck.com\/es\/wp-json\/wp\/v2\/types\/product"}],"replies":[{"embeddable":true,"href":"https:\/\/kdzgtruck.com\/es\/wp-json\/wp\/v2\/comments?post=885"}],"wp:featuredmedia":[{"embeddable":true,"href":"https:\/\/kdzgtruck.com\/es\/wp-json\/wp\/v2\/media\/892"}],"wp:attachment":[{"href":"https:\/\/kdzgtruck.com\/es\/wp-json\/wp\/v2\/media?parent=885"}],"wp:term":[{"taxonomy":"product_brand","embeddable":true,"href":"https:\/\/kdzgtruck.com\/es\/wp-json\/wp\/v2\/product_brand?post=885"},{"taxonomy":"product_cat","embeddable":true,"href":"https:\/\/kdzgtruck.com\/es\/wp-json\/wp\/v2\/product_cat?post=885"},{"taxonomy":"product_tag","embeddable":true,"href":"https:\/\/kdzgtruck.com\/es\/wp-json\/wp\/v2\/product_tag?post=885"}],"curies":[{"name":"wp","href":"https:\/\/api.w.org\/{rel}","templated":true}]}}