{"id":864,"date":"2024-11-09T15:57:12","date_gmt":"2024-11-09T07:57:12","guid":{"rendered":"https:\/\/kdzgtruck.com\/?post_type=product&#038;p=864"},"modified":"2024-11-09T15:57:12","modified_gmt":"2024-11-09T07:57:12","slug":"howo-fuel-tanker-truck-with-25000l-fuel-storage-tanker","status":"publish","type":"product","link":"https:\/\/kdzgtruck.com\/es\/producto\/howo-fuel-tanker-truck-with-25000l-fuel-storage-tanker\/","title":{"rendered":"howo cami\u00f3n cisterna de combustible con 25000L cisterna de almacenamiento de combustible"},"content":{"rendered":"<p data-spm-anchor-id=\"a2700.details.0.i76.35813e67fHGPZj\">\u00a020m3 China famous brand Sinotruk howo 6&#215;4 water tanker truck for sale<\/p>\n<p>\u00a0Main parameter.<\/p>\n<table border=\"1\" cellspacing=\"0\" cellpadding=\"0\">\n<tbody>\n<tr align=\"left\">\n<td>Peso<\/td>\n<td><\/td>\n<\/tr>\n<tr align=\"left\">\n<td>Capacidad de carga admisible (kg)<\/td>\n<td align=\"center\">32000<\/td>\n<\/tr>\n<tr align=\"left\">\n<td>Peso muerto del chasis (kg)<\/td>\n<td align=\"center\">13400<\/td>\n<\/tr>\n<tr align=\"left\">\n<td>Peso de carga del eje delantero (kg)<\/td>\n<td align=\"center\">7000<\/td>\n<\/tr>\n<tr align=\"left\">\n<td>Peso de carga del eje trasero (kg)<\/td>\n<td align=\"center\">13000&#215;3<\/td>\n<\/tr>\n<tr align=\"left\">\n<td>Dimensi\u00f3n<\/td>\n<td align=\"center\">12290x2516x3410<\/td>\n<\/tr>\n<tr align=\"left\">\n<td colspan=\"2\">Rendimiento del chasis<\/td>\n<\/tr>\n<tr align=\"left\">\n<td>Modelo<\/td>\n<td align=\"center\">ZZ1317N4667W<\/td>\n<\/tr>\n<tr align=\"left\">\n<td>Direcci\u00f3n<\/td>\n<td align=\"center\">Volante a la izquierda<\/td>\n<\/tr>\n<tr align=\"left\">\n<td>Cabina<\/td>\n<td align=\"center\">HW76, con una litera y aire acondicionado<\/td>\n<\/tr>\n<tr align=\"left\">\n<td>Direcci\u00f3n<\/td>\n<td align=\"center\">ZF8098, direcci\u00f3n hidr\u00e1ulica con asistencia el\u00e9ctrica Relaci\u00f3n: 26,2<\/td>\n<\/tr>\n<tr align=\"left\">\n<td>Neum\u00e1tico<\/td>\n<td align=\"center\">295\/80R22.5, 13 (con un neum\u00e1tico de repuesto)<\/td>\n<\/tr>\n<tr align=\"left\">\n<td>Caja de cambios<\/td>\n<td align=\"center\">Manual ,HW19710<\/td>\n<\/tr>\n<tr align=\"left\">\n<td>Eje delantero<\/td>\n<td align=\"center\">HF7, carga 7ton,<\/td>\n<\/tr>\n<tr align=\"left\">\n<td>Eje motriz<\/td>\n<td align=\"center\">\u00a0HC16, doble reducci\u00f3n<\/td>\n<\/tr>\n<tr align=\"left\">\n<td>Electricidad<\/td>\n<td align=\"center\">24V, negative grounded; Batteries<br \/>\n2x12V, 165Ah<\/td>\n<\/tr>\n<tr align=\"left\">\n<td>Freno<\/td>\n<td align=\"center\">Freno de aire comprimido de doble circuito<\/td>\n<\/tr>\n<tr align=\"left\">\n<td>Freno auxiliar<\/td>\n<td align=\"center\" valign=\"top\">Freno de escape del motor<\/td>\n<\/tr>\n<tr align=\"left\">\n<td>Distancia entre ejes (mm)<\/td>\n<td align=\"center\">1800+4575+1400<\/td>\n<\/tr>\n<tr align=\"left\">\n<td>Motor<\/td>\n<td><\/td>\n<\/tr>\n<tr align=\"left\">\n<td>Modelo<\/td>\n<td align=\"center\">WD615.69, 336cv 247Kw\/2200rpm<\/td>\n<\/tr>\n<tr align=\"left\">\n<td>Especificaci\u00f3n<\/td>\n<td align=\"center\">\n<p data-spm-anchor-id=\"a2700.details.0.i77.35813e67fHGPZj\">6 cilindros en l\u00ednea refrigerados por agua, turboalimentaci\u00f3n e intercooler<\/p>\n<\/td>\n<\/tr>\n<tr align=\"left\">\n<td>Emisi\u00f3n<\/td>\n<td align=\"center\">EUOR II<\/td>\n<\/tr>\n<tr align=\"left\">\n<td>N\u00famero de cilindros<\/td>\n<td align=\"center\">6<\/td>\n<\/tr>\n<tr align=\"left\">\n<td>Desplazamiento (L)<\/td>\n<td align=\"center\">9.726<\/td>\n<\/tr>\n<tr align=\"left\">\n<td>Masa de agua<\/td>\n<td valign=\"top\"><\/td>\n<\/tr>\n<tr align=\"left\">\n<td>Capacidad del dep\u00f3sito de agua (M3)<\/td>\n<td align=\"center\">20-24<\/td>\n<\/tr>\n<tr align=\"left\">\n<td>Velocidad de trabajo (Km\/h)<\/td>\n<td align=\"center\">5-10<\/td>\n<\/tr>\n<tr align=\"left\">\n<td valign=\"top\">Caudal de la bomba de agua (M3\/h)<\/td>\n<td align=\"center\">60<\/td>\n<\/tr>\n<tr align=\"left\">\n<td valign=\"top\">Anchura de aspersi\u00f3n (m)<\/td>\n<td align=\"center\">\u226514-18<\/td>\n<\/tr>\n<tr align=\"left\">\n<td valign=\"top\">Alcance vetical (m)<\/td>\n<td align=\"center\">\u226526<\/td>\n<\/tr>\n<tr align=\"left\">\n<td>Especificaci\u00f3n<\/td>\n<td align=\"center\">Rociador delantero y aspersor trasero, pistola de agua, cisterna de agua anticorrosiva<\/td>\n<\/tr>\n<\/tbody>\n<\/table>\n<p><img alt=\"\" fetchpriority=\"high\" decoding=\"async\" class=\"alignnone size-full wp-image-865\" src=\"https:\/\/kdzgtruck.com\/wp-content\/uploads\/2024\/11\/11-14.jpg\" width=\"1060\" height=\"1000\" srcset=\"https:\/\/kdzgtruck.com\/wp-content\/uploads\/2024\/11\/11-14.jpg 1060w, https:\/\/kdzgtruck.com\/wp-content\/uploads\/2024\/11\/11-14-300x283.jpg 300w, https:\/\/kdzgtruck.com\/wp-content\/uploads\/2024\/11\/11-14-1024x966.jpg 1024w, https:\/\/kdzgtruck.com\/wp-content\/uploads\/2024\/11\/11-14-768x725.jpg 768w, https:\/\/kdzgtruck.com\/wp-content\/uploads\/2024\/11\/11-14-13x12.jpg 13w, https:\/\/kdzgtruck.com\/wp-content\/uploads\/2024\/11\/11-14-800x755.jpg 800w\" sizes=\"(max-width: 1060px) 100vw, 1060px\" \/> <img alt=\"\" decoding=\"async\" class=\"alignnone size-full wp-image-866\" src=\"https:\/\/kdzgtruck.com\/wp-content\/uploads\/2024\/11\/12-10.jpg\" width=\"829\" height=\"803\" srcset=\"https:\/\/kdzgtruck.com\/wp-content\/uploads\/2024\/11\/12-10.jpg 829w, https:\/\/kdzgtruck.com\/wp-content\/uploads\/2024\/11\/12-10-300x291.jpg 300w, https:\/\/kdzgtruck.com\/wp-content\/uploads\/2024\/11\/12-10-768x744.jpg 768w, https:\/\/kdzgtruck.com\/wp-content\/uploads\/2024\/11\/12-10-12x12.jpg 12w, https:\/\/kdzgtruck.com\/wp-content\/uploads\/2024\/11\/12-10-800x775.jpg 800w\" sizes=\"(max-width: 829px) 100vw, 829px\" \/> <img alt=\"\" decoding=\"async\" class=\"alignnone size-full wp-image-867\" src=\"https:\/\/kdzgtruck.com\/wp-content\/uploads\/2024\/11\/13-7.jpg\" width=\"812\" height=\"803\" srcset=\"https:\/\/kdzgtruck.com\/wp-content\/uploads\/2024\/11\/13-7.jpg 812w, https:\/\/kdzgtruck.com\/wp-content\/uploads\/2024\/11\/13-7-300x297.jpg 300w, https:\/\/kdzgtruck.com\/wp-content\/uploads\/2024\/11\/13-7-768x759.jpg 768w, https:\/\/kdzgtruck.com\/wp-content\/uploads\/2024\/11\/13-7-12x12.jpg 12w, https:\/\/kdzgtruck.com\/wp-content\/uploads\/2024\/11\/13-7-800x791.jpg 800w, https:\/\/kdzgtruck.com\/wp-content\/uploads\/2024\/11\/13-7-100x100.jpg 100w\" sizes=\"(max-width: 812px) 100vw, 812px\" \/> <img alt=\"\" loading=\"lazy\" decoding=\"async\" class=\"alignnone size-full wp-image-868\" src=\"https:\/\/kdzgtruck.com\/wp-content\/uploads\/2024\/11\/14-7.jpg\" width=\"537\" height=\"701\" srcset=\"https:\/\/kdzgtruck.com\/wp-content\/uploads\/2024\/11\/14-7.jpg 537w, https:\/\/kdzgtruck.com\/wp-content\/uploads\/2024\/11\/14-7-230x300.jpg 230w, https:\/\/kdzgtruck.com\/wp-content\/uploads\/2024\/11\/14-7-9x12.jpg 9w\" sizes=\"(max-width: 537px) 100vw, 537px\" \/> <img alt=\"\" loading=\"lazy\" decoding=\"async\" class=\"alignnone size-full wp-image-869\" src=\"https:\/\/kdzgtruck.com\/wp-content\/uploads\/2024\/11\/15-5.jpg\" width=\"799\" height=\"777\" srcset=\"https:\/\/kdzgtruck.com\/wp-content\/uploads\/2024\/11\/15-5.jpg 799w, https:\/\/kdzgtruck.com\/wp-content\/uploads\/2024\/11\/15-5-300x292.jpg 300w, https:\/\/kdzgtruck.com\/wp-content\/uploads\/2024\/11\/15-5-768x747.jpg 768w, https:\/\/kdzgtruck.com\/wp-content\/uploads\/2024\/11\/15-5-12x12.jpg 12w\" sizes=\"(max-width: 799px) 100vw, 799px\" \/><\/p>","protected":false},"excerpt":{"rendered":"<p>\u00a020m3 China marca famosa Sinotruk howo 6\u00d74 cami\u00f3n cisterna de agua para la venta Par\u00e1metro principal. Peso Capacidad de carga admisible (kg) 32000 Peso muerto del chasis (kg) 13400 Peso de carga del eje delantero (kg) 7000 Peso de carga del eje trasero (kg) 13000\u00d73 Dimensi\u00f3n 12290x2516x3410 Rendimiento del chasis Modelo ZZ1317N4667W Direcci\u00f3n Volante a la izquierda Cabina HW76, con una cama y A\/C Direcci\u00f3n ZF8098, direcci\u00f3n hidr\u00e1ulica con...<\/p>","protected":false},"featured_media":870,"comment_status":"open","ping_status":"closed","template":"","meta":{"_seopress_robots_primary_cat":"","_seopress_titles_title":"","_seopress_titles_desc":"","_seopress_robots_index":"","_kad_post_transparent":"default","_kad_post_title":"","_kad_post_layout":"default","_kad_post_sidebar_id":"","_kad_post_content_style":"default","_kad_post_vertical_padding":"default","_kad_post_feature":"","_kad_post_feature_position":"","_kad_post_header":false,"_kad_post_footer":false,"_kad_post_classname":""},"product_brand":[],"product_cat":[37],"product_tag":[],"class_list":{"0":"post-864","1":"product","2":"type-product","3":"status-publish","4":"has-post-thumbnail","6":"product_cat-fuel-tank-truck","8":"first","9":"instock","10":"shipping-taxable","11":"product-type-simple","12":"entry","13":"content-bg","14":"loop-entry"},"_links":{"self":[{"href":"https:\/\/kdzgtruck.com\/es\/wp-json\/wp\/v2\/product\/864","targetHints":{"allow":["GET"]}}],"collection":[{"href":"https:\/\/kdzgtruck.com\/es\/wp-json\/wp\/v2\/product"}],"about":[{"href":"https:\/\/kdzgtruck.com\/es\/wp-json\/wp\/v2\/types\/product"}],"replies":[{"embeddable":true,"href":"https:\/\/kdzgtruck.com\/es\/wp-json\/wp\/v2\/comments?post=864"}],"wp:featuredmedia":[{"embeddable":true,"href":"https:\/\/kdzgtruck.com\/es\/wp-json\/wp\/v2\/media\/870"}],"wp:attachment":[{"href":"https:\/\/kdzgtruck.com\/es\/wp-json\/wp\/v2\/media?parent=864"}],"wp:term":[{"taxonomy":"product_brand","embeddable":true,"href":"https:\/\/kdzgtruck.com\/es\/wp-json\/wp\/v2\/product_brand?post=864"},{"taxonomy":"product_cat","embeddable":true,"href":"https:\/\/kdzgtruck.com\/es\/wp-json\/wp\/v2\/product_cat?post=864"},{"taxonomy":"product_tag","embeddable":true,"href":"https:\/\/kdzgtruck.com\/es\/wp-json\/wp\/v2\/product_tag?post=864"}],"curies":[{"name":"wp","href":"https:\/\/api.w.org\/{rel}","templated":true}]}}