{"id":853,"date":"2024-11-09T15:26:52","date_gmt":"2024-11-09T07:26:52","guid":{"rendered":"https:\/\/kdzgtruck.com\/?post_type=product&#038;p=853"},"modified":"2024-11-09T15:26:52","modified_gmt":"2024-11-09T07:26:52","slug":"40000-litre-fuel-tank-truck-truck-fuel-tank-size-jet-fuel-truck-for-sale-with-howo-6x4-chassis","status":"publish","type":"product","link":"https:\/\/kdzgtruck.com\/es\/producto\/40000-litre-fuel-tank-truck-truck-fuel-tank-size-jet-fuel-truck-for-sale-with-howo-6x4-chassis\/","title":{"rendered":"40000 litros de combustible del tanque de camiones de tama\u00f1o del tanque de combustible Jet Fuel Truck para la venta con chasis HOWO 6X4"},"content":{"rendered":"<p><img alt=\"\" fetchpriority=\"high\" decoding=\"async\" class=\"alignnone size-full wp-image-854\" src=\"https:\/\/kdzgtruck.com\/wp-content\/uploads\/2024\/11\/11-13.jpg\" width=\"1702\" height=\"1276\" srcset=\"https:\/\/kdzgtruck.com\/wp-content\/uploads\/2024\/11\/11-13.jpg 1702w, https:\/\/kdzgtruck.com\/wp-content\/uploads\/2024\/11\/11-13-300x225.jpg 300w, https:\/\/kdzgtruck.com\/wp-content\/uploads\/2024\/11\/11-13-1024x768.jpg 1024w, https:\/\/kdzgtruck.com\/wp-content\/uploads\/2024\/11\/11-13-768x576.jpg 768w, https:\/\/kdzgtruck.com\/wp-content\/uploads\/2024\/11\/11-13-1536x1152.jpg 1536w, https:\/\/kdzgtruck.com\/wp-content\/uploads\/2024\/11\/11-13-16x12.jpg 16w, https:\/\/kdzgtruck.com\/wp-content\/uploads\/2024\/11\/11-13-800x600.jpg 800w\" sizes=\"(max-width: 1702px) 100vw, 1702px\" \/> <img alt=\"\" decoding=\"async\" class=\"alignnone size-full wp-image-855\" src=\"https:\/\/kdzgtruck.com\/wp-content\/uploads\/2024\/11\/12-9.jpg\" width=\"1702\" height=\"1276\" srcset=\"https:\/\/kdzgtruck.com\/wp-content\/uploads\/2024\/11\/12-9.jpg 1702w, https:\/\/kdzgtruck.com\/wp-content\/uploads\/2024\/11\/12-9-300x225.jpg 300w, https:\/\/kdzgtruck.com\/wp-content\/uploads\/2024\/11\/12-9-1024x768.jpg 1024w, https:\/\/kdzgtruck.com\/wp-content\/uploads\/2024\/11\/12-9-768x576.jpg 768w, https:\/\/kdzgtruck.com\/wp-content\/uploads\/2024\/11\/12-9-1536x1152.jpg 1536w, https:\/\/kdzgtruck.com\/wp-content\/uploads\/2024\/11\/12-9-16x12.jpg 16w, https:\/\/kdzgtruck.com\/wp-content\/uploads\/2024\/11\/12-9-800x600.jpg 800w\" sizes=\"(max-width: 1702px) 100vw, 1702px\" \/> <img alt=\"\" decoding=\"async\" class=\"alignnone size-full wp-image-856\" src=\"https:\/\/kdzgtruck.com\/wp-content\/uploads\/2024\/11\/13-6.jpg\" width=\"1702\" height=\"1276\" srcset=\"https:\/\/kdzgtruck.com\/wp-content\/uploads\/2024\/11\/13-6.jpg 1702w, https:\/\/kdzgtruck.com\/wp-content\/uploads\/2024\/11\/13-6-300x225.jpg 300w, https:\/\/kdzgtruck.com\/wp-content\/uploads\/2024\/11\/13-6-1024x768.jpg 1024w, https:\/\/kdzgtruck.com\/wp-content\/uploads\/2024\/11\/13-6-768x576.jpg 768w, https:\/\/kdzgtruck.com\/wp-content\/uploads\/2024\/11\/13-6-1536x1152.jpg 1536w, https:\/\/kdzgtruck.com\/wp-content\/uploads\/2024\/11\/13-6-16x12.jpg 16w, https:\/\/kdzgtruck.com\/wp-content\/uploads\/2024\/11\/13-6-800x600.jpg 800w\" sizes=\"(max-width: 1702px) 100vw, 1702px\" \/> <img alt=\"\" loading=\"lazy\" decoding=\"async\" class=\"alignnone size-full wp-image-857\" src=\"https:\/\/kdzgtruck.com\/wp-content\/uploads\/2024\/11\/14-6.jpg\" width=\"1702\" height=\"1276\" srcset=\"https:\/\/kdzgtruck.com\/wp-content\/uploads\/2024\/11\/14-6.jpg 1702w, https:\/\/kdzgtruck.com\/wp-content\/uploads\/2024\/11\/14-6-300x225.jpg 300w, https:\/\/kdzgtruck.com\/wp-content\/uploads\/2024\/11\/14-6-1024x768.jpg 1024w, https:\/\/kdzgtruck.com\/wp-content\/uploads\/2024\/11\/14-6-768x576.jpg 768w, https:\/\/kdzgtruck.com\/wp-content\/uploads\/2024\/11\/14-6-1536x1152.jpg 1536w, https:\/\/kdzgtruck.com\/wp-content\/uploads\/2024\/11\/14-6-16x12.jpg 16w, https:\/\/kdzgtruck.com\/wp-content\/uploads\/2024\/11\/14-6-800x600.jpg 800w\" sizes=\"(max-width: 1702px) 100vw, 1702px\" \/><\/p>\n<table class=\"has-title all magic-10\">\n<tbody>\n<tr>\n<td colspan=\"1\" rowspan=\"1\">\n<div class=\"magic-11\" data-spm-anchor-id=\"a2700.details.0.i76.74932c7bUTSsS1\">Peso<\/div>\n<\/td>\n<td colspan=\"1\" rowspan=\"1\">\n<div class=\"magic-12\"><\/div>\n<\/td>\n<\/tr>\n<tr>\n<td colspan=\"1\" rowspan=\"1\">\n<div class=\"magic-11\">Capacidad de carga admisible (kg)<\/div>\n<\/td>\n<td colspan=\"1\" rowspan=\"1\">\n<div class=\"magic-12\">32000<\/div>\n<\/td>\n<\/tr>\n<tr>\n<td colspan=\"1\" rowspan=\"1\">\n<div class=\"magic-11\">Peso muerto del chasis (kg)<\/div>\n<\/td>\n<td colspan=\"1\" rowspan=\"1\">\n<div class=\"magic-12\">13400<\/div>\n<\/td>\n<\/tr>\n<tr>\n<td colspan=\"1\" rowspan=\"1\">\n<div class=\"magic-11\">Peso de carga del eje delantero (kg)<\/div>\n<\/td>\n<td colspan=\"1\" rowspan=\"1\">\n<div class=\"magic-12\">9000<\/div>\n<\/td>\n<\/tr>\n<tr>\n<td colspan=\"1\" rowspan=\"1\">\n<div class=\"magic-11\">Peso de carga del eje trasero (kg)<\/div>\n<\/td>\n<td colspan=\"1\" rowspan=\"1\">\n<div class=\"magic-12\">16000&#215;2<\/div>\n<\/td>\n<\/tr>\n<tr>\n<td colspan=\"1\" rowspan=\"1\">\n<div class=\"magic-11\">Dimensi\u00f3n<\/div>\n<\/td>\n<td colspan=\"1\" rowspan=\"1\">\n<div class=\"magic-12\">12290x2516x3410<\/div>\n<\/td>\n<\/tr>\n<tr>\n<td colspan=\"2\" rowspan=\"1\">\n<div class=\"magic-13\">Rendimiento del chasis<\/div>\n<\/td>\n<\/tr>\n<tr>\n<td colspan=\"1\" rowspan=\"1\">\n<div class=\"magic-11\">Modelo<\/div>\n<\/td>\n<td colspan=\"1\" rowspan=\"1\">\n<div class=\"magic-12\">ZZ1257N4647B<\/div>\n<\/td>\n<\/tr>\n<tr>\n<td colspan=\"1\" rowspan=\"1\">\n<div class=\"magic-11\">Direcci\u00f3n<\/div>\n<\/td>\n<td colspan=\"1\" rowspan=\"1\">\n<div class=\"magic-12\">Volante a la izquierda<\/div>\n<\/td>\n<\/tr>\n<tr>\n<td colspan=\"1\" rowspan=\"1\">\n<div class=\"magic-11\">Cabina<\/div>\n<\/td>\n<td colspan=\"1\" rowspan=\"1\">\n<div class=\"magic-12\">HW76, con una litera y aire acondicionado<\/div>\n<\/td>\n<\/tr>\n<tr>\n<td colspan=\"1\" rowspan=\"1\">\n<div class=\"magic-11\">Direcci\u00f3n<\/div>\n<\/td>\n<td colspan=\"1\" rowspan=\"1\">\n<div class=\"magic-12\">BOSCH, direcci\u00f3n hidr\u00e1ulica con asistencia el\u00e9ctrica Relaci\u00f3n: 26,2<\/div>\n<\/td>\n<\/tr>\n<tr>\n<td colspan=\"1\" rowspan=\"1\">\n<div class=\"magic-11\">Neum\u00e1tico<\/div>\n<\/td>\n<td colspan=\"1\" rowspan=\"1\">\n<div class=\"magic-12\">295\/80R22.5, 13 (con un neum\u00e1tico de repuesto)<\/div>\n<\/td>\n<\/tr>\n<tr>\n<td colspan=\"1\" rowspan=\"1\">\n<div class=\"magic-11\">Caja de cambios<\/div>\n<\/td>\n<td colspan=\"1\" rowspan=\"1\">\n<div class=\"magic-12\">Manual ,HW19710<\/div>\n<\/td>\n<\/tr>\n<tr>\n<td colspan=\"1\" rowspan=\"1\">\n<div class=\"magic-11\">Eje delantero<\/div>\n<\/td>\n<td colspan=\"1\" rowspan=\"1\">\n<div class=\"magic-12\">VGD 95, carga 9,5 toneladas,<\/div>\n<\/td>\n<\/tr>\n<tr>\n<td colspan=\"1\" rowspan=\"1\">\n<div class=\"magic-11\">Eje motriz<\/div>\n<\/td>\n<td colspan=\"1\" rowspan=\"1\">\n<div class=\"magic-12\">HC16, doble reducci\u00f3n<\/div>\n<\/td>\n<\/tr>\n<tr>\n<td colspan=\"1\" rowspan=\"1\">\n<div class=\"magic-11\">Electricidad<\/div>\n<\/td>\n<td colspan=\"1\" rowspan=\"1\">\n<div class=\"magic-12\">24V, negative grounded; Batteries<br \/>\n2x12V, 165Ah<\/div>\n<\/td>\n<\/tr>\n<tr>\n<td colspan=\"1\" rowspan=\"1\">\n<div class=\"magic-11\">Freno<\/div>\n<\/td>\n<td colspan=\"1\" rowspan=\"1\">\n<div class=\"magic-12\">Freno de aire comprimido de doble circuito<\/div>\n<\/td>\n<\/tr>\n<tr>\n<td colspan=\"1\" rowspan=\"1\">\n<div class=\"magic-11\">Freno auxiliar<\/div>\n<\/td>\n<td colspan=\"1\" rowspan=\"1\">\n<div class=\"magic-12\">Freno de escape del motor<\/div>\n<\/td>\n<\/tr>\n<tr>\n<td colspan=\"1\" rowspan=\"1\">\n<div class=\"magic-11\">Distancia entre ejes (mm)<\/div>\n<\/td>\n<td colspan=\"1\" rowspan=\"1\">\n<div class=\"magic-12\">4575+1400<\/div>\n<\/td>\n<\/tr>\n<tr>\n<td colspan=\"1\" rowspan=\"1\">\n<div class=\"magic-11\">Motor<\/div>\n<\/td>\n<td colspan=\"1\" rowspan=\"1\">\n<div class=\"magic-12\"><\/div>\n<\/td>\n<\/tr>\n<tr>\n<td colspan=\"1\" rowspan=\"1\">\n<div class=\"magic-11\">Modelo<\/div>\n<\/td>\n<td colspan=\"1\" rowspan=\"1\">\n<div class=\"magic-12\">WP10.34E201, 340cv 247Kw\/2200rpm<\/div>\n<\/td>\n<\/tr>\n<tr>\n<td colspan=\"1\" rowspan=\"1\">\n<div class=\"magic-11\">Especificaci\u00f3n<\/div>\n<\/td>\n<td colspan=\"1\" rowspan=\"1\">\n<div class=\"magic-12\">6 cilindros en l\u00ednea refrigerados por agua, turboalimentaci\u00f3n e intercooler<\/div>\n<\/td>\n<\/tr>\n<tr>\n<td colspan=\"1\" rowspan=\"1\">\n<div class=\"magic-11\">Emisi\u00f3n<\/div>\n<\/td>\n<td colspan=\"1\" rowspan=\"1\">\n<div class=\"magic-12\">EUOR II<\/div>\n<\/td>\n<\/tr>\n<tr>\n<td colspan=\"1\" rowspan=\"1\">\n<div class=\"magic-11\">N\u00famero de cilindros<\/div>\n<\/td>\n<td colspan=\"1\" rowspan=\"1\">\n<div class=\"magic-12\">6<\/div>\n<\/td>\n<\/tr>\n<tr>\n<td colspan=\"1\" rowspan=\"1\">\n<div class=\"magic-11\">Desplazamiento (L)<\/div>\n<\/td>\n<td colspan=\"1\" rowspan=\"1\">\n<div class=\"magic-12\">9.726<\/div>\n<\/td>\n<\/tr>\n<tr>\n<td colspan=\"1\" rowspan=\"1\">\n<div class=\"magic-11\">Masa de agua<\/div>\n<\/td>\n<td colspan=\"1\" rowspan=\"1\">\n<div class=\"magic-12\"><\/div>\n<\/td>\n<\/tr>\n<tr>\n<td colspan=\"1\" rowspan=\"1\">\n<div class=\"magic-11\">Capacidad del dep\u00f3sito de agua (M3)<\/div>\n<\/td>\n<td colspan=\"1\" rowspan=\"1\">\n<div class=\"magic-12\">20-24<\/div>\n<\/td>\n<\/tr>\n<tr>\n<td colspan=\"1\" rowspan=\"1\">\n<div class=\"magic-11\">Velocidad de trabajo (Km\/h)<\/div>\n<\/td>\n<td colspan=\"1\" rowspan=\"1\">\n<div class=\"magic-12\">5-10<\/div>\n<\/td>\n<\/tr>\n<tr>\n<td colspan=\"1\" rowspan=\"1\">\n<div class=\"magic-11\">Caudal de la bomba de agua (M3\/h)<\/div>\n<\/td>\n<td colspan=\"1\" rowspan=\"1\">\n<div class=\"magic-12\">60<\/div>\n<\/td>\n<\/tr>\n<tr>\n<td colspan=\"1\" rowspan=\"1\">\n<div class=\"magic-11\">Anchura de aspersi\u00f3n (m)<\/div>\n<\/td>\n<td colspan=\"1\" rowspan=\"1\">\n<div class=\"magic-12\">\u226514-18<\/div>\n<\/td>\n<\/tr>\n<tr>\n<td colspan=\"1\" rowspan=\"1\">\n<div class=\"magic-11\">Alcance vetical (m)<\/div>\n<\/td>\n<td colspan=\"1\" rowspan=\"1\">\n<div class=\"magic-12\">\u226526<\/div>\n<\/td>\n<\/tr>\n<tr>\n<td colspan=\"1\" rowspan=\"1\">\n<div class=\"magic-11\">Especificaci\u00f3n<\/div>\n<\/td>\n<td colspan=\"1\" rowspan=\"1\">\n<div class=\"magic-12\" data-spm-anchor-id=\"a2700.details.0.i77.74932c7bUTSsS1\">20000L cuerpo del tanque de acero al carbono, 3 espacios\uff0cV\u00e1lvula submarina, pistola de repostaje, medidor de flujo.<\/div>\n<\/td>\n<\/tr>\n<\/tbody>\n<\/table>","protected":false},"excerpt":{"rendered":"<p>Peso Capacidad de carga admisible (kg) 32000 Peso muerto del chasis (kg) 13400 Peso de carga del eje delantero (kg) 9000 Peso de carga del eje trasero (kg) 16000\u00d72 Dimensiones 12290x2516x3410 Prestaciones del chasis Modelo ZZ1257N4647B Direcci\u00f3n Volante a la izquierda Cabina HW76, con una litera y A\/C Direcci\u00f3n BOSCH, direcci\u00f3n hidr\u00e1ulica con asistencia el\u00e9ctrica Relaci\u00f3n: 26,2 Neum\u00e1ticos 295\/80R22,5, 13 (con una rueda de repuesto) Caja de cambios Manual ,HW19710...<\/p>","protected":false},"featured_media":858,"comment_status":"open","ping_status":"closed","template":"","meta":{"_seopress_robots_primary_cat":"","_seopress_titles_title":"","_seopress_titles_desc":"","_seopress_robots_index":"","_kad_post_transparent":"default","_kad_post_title":"","_kad_post_layout":"default","_kad_post_sidebar_id":"","_kad_post_content_style":"default","_kad_post_vertical_padding":"default","_kad_post_feature":"","_kad_post_feature_position":"","_kad_post_header":false,"_kad_post_footer":false,"_kad_post_classname":""},"product_brand":[],"product_cat":[37],"product_tag":[],"class_list":{"0":"post-853","1":"product","2":"type-product","3":"status-publish","4":"has-post-thumbnail","6":"product_cat-fuel-tank-truck","8":"first","9":"instock","10":"shipping-taxable","11":"product-type-simple","12":"entry","13":"content-bg","14":"loop-entry"},"_links":{"self":[{"href":"https:\/\/kdzgtruck.com\/es\/wp-json\/wp\/v2\/product\/853","targetHints":{"allow":["GET"]}}],"collection":[{"href":"https:\/\/kdzgtruck.com\/es\/wp-json\/wp\/v2\/product"}],"about":[{"href":"https:\/\/kdzgtruck.com\/es\/wp-json\/wp\/v2\/types\/product"}],"replies":[{"embeddable":true,"href":"https:\/\/kdzgtruck.com\/es\/wp-json\/wp\/v2\/comments?post=853"}],"wp:featuredmedia":[{"embeddable":true,"href":"https:\/\/kdzgtruck.com\/es\/wp-json\/wp\/v2\/media\/858"}],"wp:attachment":[{"href":"https:\/\/kdzgtruck.com\/es\/wp-json\/wp\/v2\/media?parent=853"}],"wp:term":[{"taxonomy":"product_brand","embeddable":true,"href":"https:\/\/kdzgtruck.com\/es\/wp-json\/wp\/v2\/product_brand?post=853"},{"taxonomy":"product_cat","embeddable":true,"href":"https:\/\/kdzgtruck.com\/es\/wp-json\/wp\/v2\/product_cat?post=853"},{"taxonomy":"product_tag","embeddable":true,"href":"https:\/\/kdzgtruck.com\/es\/wp-json\/wp\/v2\/product_tag?post=853"}],"curies":[{"name":"wp","href":"https:\/\/api.w.org\/{rel}","templated":true}]}}