{"id":823,"date":"2024-11-09T12:59:11","date_gmt":"2024-11-09T04:59:11","guid":{"rendered":"https:\/\/kdzgtruck.com\/?post_type=product&#038;p=823"},"modified":"2024-11-09T12:59:11","modified_gmt":"2024-11-09T04:59:11","slug":"kunda-sinotruk-howo-water-tanker-truck-25cmb-6x4-371-336-290hp-20m3-water-spray-bowser-tanker-sprinkler-tank-truck","status":"publish","type":"product","link":"https:\/\/kdzgtruck.com\/es\/producto\/kunda-sinotruk-howo-water-tanker-truck-25cmb-6x4-371-336-290hp-20m3-water-spray-bowser-tanker-sprinkler-tank-truck\/","title":{"rendered":"Kunda Sinotruk Howo Cami\u00f3n Cisterna de Agua 25Cmb 6\u00d74 371 336 290hp 20m3 agua spray cisterna aspersor cami\u00f3n cisterna"},"content":{"rendered":"<p><img alt=\"\" fetchpriority=\"high\" decoding=\"async\" class=\"alignnone size-full wp-image-815\" src=\"https:\/\/kdzgtruck.com\/wp-content\/uploads\/2024\/11\/11-9.jpg\" width=\"720\" height=\"1250\" srcset=\"https:\/\/kdzgtruck.com\/wp-content\/uploads\/2024\/11\/11-9.jpg 720w, https:\/\/kdzgtruck.com\/wp-content\/uploads\/2024\/11\/11-9-173x300.jpg 173w, https:\/\/kdzgtruck.com\/wp-content\/uploads\/2024\/11\/11-9-590x1024.jpg 590w, https:\/\/kdzgtruck.com\/wp-content\/uploads\/2024\/11\/11-9-7x12.jpg 7w\" sizes=\"(max-width: 720px) 100vw, 720px\" \/><\/p>\n<table border=\"1\" cellspacing=\"0\" cellpadding=\"0\">\n<tbody>\n<tr align=\"left\">\n<td>\n<p data-spm-anchor-id=\"a2700.details.0.i69.77607739fA0BL8\">Peso<\/p>\n<\/td>\n<td><\/td>\n<\/tr>\n<tr align=\"left\">\n<td>Capacidad de carga admisible (kg)<\/td>\n<td align=\"center\">32000<\/td>\n<\/tr>\n<tr align=\"left\">\n<td>Peso muerto del chasis (kg)<\/td>\n<td align=\"center\">13400<\/td>\n<\/tr>\n<tr align=\"left\">\n<td>Peso de carga del eje delantero (kg)<\/td>\n<td align=\"center\">7000<\/td>\n<\/tr>\n<tr align=\"left\">\n<td>Peso de carga del eje trasero (kg)<\/td>\n<td align=\"center\">13000&#215;3<\/td>\n<\/tr>\n<tr align=\"left\">\n<td>Dimensi\u00f3n<\/td>\n<td align=\"center\">12290x2516x3410<\/td>\n<\/tr>\n<tr align=\"left\">\n<td colspan=\"2\">Rendimiento del chasis<\/td>\n<\/tr>\n<tr align=\"left\">\n<td>Modelo<\/td>\n<td align=\"center\">ZZ1317N4667W<\/td>\n<\/tr>\n<tr align=\"left\">\n<td>Direcci\u00f3n<\/td>\n<td align=\"center\">Volante a la izquierda<\/td>\n<\/tr>\n<tr align=\"left\">\n<td>Cabina<\/td>\n<td align=\"center\">HW76, con una litera y aire acondicionado<\/td>\n<\/tr>\n<tr align=\"left\">\n<td>Direcci\u00f3n<\/td>\n<td align=\"center\">ZF8098, direcci\u00f3n hidr\u00e1ulica con asistencia el\u00e9ctrica Relaci\u00f3n: 26,2<\/td>\n<\/tr>\n<tr align=\"left\">\n<td>Neum\u00e1tico<\/td>\n<td align=\"center\">295\/80R22.5, 13 (con un neum\u00e1tico de repuesto)<\/td>\n<\/tr>\n<tr align=\"left\">\n<td>Caja de cambios<\/td>\n<td align=\"center\">Manual ,HW19710<\/td>\n<\/tr>\n<tr align=\"left\">\n<td>Eje delantero<\/td>\n<td align=\"center\">HF7, carga 7ton,<\/td>\n<\/tr>\n<tr align=\"left\">\n<td>Eje motriz<\/td>\n<td align=\"center\">\u00a0HC16, doble reducci\u00f3n<\/td>\n<\/tr>\n<tr align=\"left\">\n<td>Electricidad<\/td>\n<td align=\"center\">24V, negative grounded; Batteries<br \/>\n2x12V, 165Ah<\/td>\n<\/tr>\n<tr align=\"left\">\n<td>Freno<\/td>\n<td align=\"center\">Freno de aire comprimido de doble circuito<\/td>\n<\/tr>\n<tr align=\"left\">\n<td>Freno auxiliar<\/td>\n<td align=\"center\" valign=\"top\">Freno de escape del motor<\/td>\n<\/tr>\n<tr align=\"left\">\n<td>Distancia entre ejes (mm)<\/td>\n<td align=\"center\">1800+4575+1400<\/td>\n<\/tr>\n<tr align=\"left\">\n<td>Motor<\/td>\n<td><\/td>\n<\/tr>\n<tr align=\"left\">\n<td>Modelo<\/td>\n<td align=\"center\">WD615.69, 336cv 247Kw\/2200rpm<\/td>\n<\/tr>\n<tr align=\"left\">\n<td>Especificaci\u00f3n<\/td>\n<td align=\"center\">6 cilindros en l\u00ednea refrigerados por agua, turboalimentaci\u00f3n e intercooler<\/td>\n<\/tr>\n<tr align=\"left\">\n<td>Emisi\u00f3n<\/td>\n<td align=\"center\">EUOR II<\/td>\n<\/tr>\n<tr align=\"left\">\n<td>N\u00famero de cilindros<\/td>\n<td align=\"center\">6<\/td>\n<\/tr>\n<tr align=\"left\">\n<td>Desplazamiento (L)<\/td>\n<td align=\"center\">9.726<\/td>\n<\/tr>\n<tr align=\"left\">\n<td>Masa de agua<\/td>\n<td valign=\"top\"><\/td>\n<\/tr>\n<tr align=\"left\">\n<td>Capacidad del dep\u00f3sito de agua (M3)<\/td>\n<td align=\"center\">20-24<\/td>\n<\/tr>\n<tr align=\"left\">\n<td>Velocidad de trabajo (Km\/h)<\/td>\n<td align=\"center\">5-10<\/td>\n<\/tr>\n<tr align=\"left\">\n<td valign=\"top\">Caudal de la bomba de agua (M3\/h)<\/td>\n<td align=\"center\">60<\/td>\n<\/tr>\n<tr align=\"left\">\n<td valign=\"top\">Anchura de aspersi\u00f3n (m)<\/td>\n<td align=\"center\">\u226514-18<\/td>\n<\/tr>\n<tr align=\"left\">\n<td valign=\"top\">Alcance vetical (m)<\/td>\n<td align=\"center\">\u226526<\/td>\n<\/tr>\n<tr align=\"left\">\n<td>Especificaci\u00f3n<\/td>\n<td align=\"center\">\n<p data-spm-anchor-id=\"a2700.details.0.i70.77607739fA0BL8\">Rociador delantero y aspersor trasero, pistola de agua, cisterna de agua anticorrosiva<\/p>\n<\/td>\n<\/tr>\n<\/tbody>\n<\/table>","protected":false},"excerpt":{"rendered":"<p>Peso Capacidad de carga admisible (kg) 32000 Peso muerto del chasis (kg) 13400 Peso de carga del eje delantero (kg) 7000 Peso de carga del eje trasero (kg) 13000\u00d73 Dimensiones 12290x2516x3410 Prestaciones del chasis Modelo ZZ1317N4667W Direcci\u00f3n Volante a la izquierda Cabina HW76, con una litera y A\/C Direcci\u00f3n ZF8098, direcci\u00f3n hidr\u00e1ulica con asistencia el\u00e9ctrica Relaci\u00f3n: 26.2 Neum\u00e1ticos 295\/80R22.5, 13 (con una rueda de repuesto) Caja de cambios Manual ,HW19710...<\/p>","protected":false},"featured_media":825,"comment_status":"open","ping_status":"closed","template":"","meta":{"_seopress_robots_primary_cat":"","_seopress_titles_title":"","_seopress_titles_desc":"","_seopress_robots_index":"","_kad_post_transparent":"default","_kad_post_title":"","_kad_post_layout":"default","_kad_post_sidebar_id":"","_kad_post_content_style":"default","_kad_post_vertical_padding":"default","_kad_post_feature":"","_kad_post_feature_position":"","_kad_post_header":false,"_kad_post_footer":false,"_kad_post_classname":""},"product_brand":[],"product_cat":[38],"product_tag":[],"class_list":{"0":"post-823","1":"product","2":"type-product","3":"status-publish","4":"has-post-thumbnail","6":"product_cat-water-tank-truck","8":"first","9":"instock","10":"shipping-taxable","11":"product-type-simple","12":"entry","13":"content-bg","14":"loop-entry"},"_links":{"self":[{"href":"https:\/\/kdzgtruck.com\/es\/wp-json\/wp\/v2\/product\/823","targetHints":{"allow":["GET"]}}],"collection":[{"href":"https:\/\/kdzgtruck.com\/es\/wp-json\/wp\/v2\/product"}],"about":[{"href":"https:\/\/kdzgtruck.com\/es\/wp-json\/wp\/v2\/types\/product"}],"replies":[{"embeddable":true,"href":"https:\/\/kdzgtruck.com\/es\/wp-json\/wp\/v2\/comments?post=823"}],"wp:featuredmedia":[{"embeddable":true,"href":"https:\/\/kdzgtruck.com\/es\/wp-json\/wp\/v2\/media\/825"}],"wp:attachment":[{"href":"https:\/\/kdzgtruck.com\/es\/wp-json\/wp\/v2\/media?parent=823"}],"wp:term":[{"taxonomy":"product_brand","embeddable":true,"href":"https:\/\/kdzgtruck.com\/es\/wp-json\/wp\/v2\/product_brand?post=823"},{"taxonomy":"product_cat","embeddable":true,"href":"https:\/\/kdzgtruck.com\/es\/wp-json\/wp\/v2\/product_cat?post=823"},{"taxonomy":"product_tag","embeddable":true,"href":"https:\/\/kdzgtruck.com\/es\/wp-json\/wp\/v2\/product_tag?post=823"}],"curies":[{"name":"wp","href":"https:\/\/api.w.org\/{rel}","templated":true}]}}