{"id":794,"date":"2024-11-09T12:04:25","date_gmt":"2024-11-09T04:04:25","guid":{"rendered":"https:\/\/kdzgtruck.com\/?post_type=product&#038;p=794"},"modified":"2024-11-09T12:04:25","modified_gmt":"2024-11-09T04:04:25","slug":"hot-selling-6-cbm-42-concrete-mixer-truck-for-sale","status":"publish","type":"product","link":"https:\/\/kdzgtruck.com\/es\/producto\/hot-selling-6-cbm-42-concrete-mixer-truck-for-sale\/","title":{"rendered":"Venta caliente 6 cbm 4 * 2 cami\u00f3n hormigonera para la venta"},"content":{"rendered":"<p data-spm-anchor-id=\"a2700.details.0.i69.3aa477585jGnW6\">Beston series concrete mixer trucks include many models such as 3m3, 4m3, 5m3, 6m3, 7m3, 8m3, 9m3,10m3,12m3,14m3 and can choose any trailor-made-for-mixer-truck special chasis both at home and abroad as supporting part according to customers\u2019\u00a0choices. The stirring vat driving system adopts America and Germany closed circuit hydraulic system pump, motor, and reducer technology, and supporting hydraulic parts such as oil tank, radiator, filter, hose connector all adopt imported parts in order to ensure hydraulic system with long using life.<\/p>","protected":false},"excerpt":{"rendered":"<p>Los camiones mezcladores de concreto de la serie Beston incluyen muchos modelos como 3m3, 4m3, 5m3, 6m3, 7m3, 8m3, 9m3,10m3,12m3,14m3 y pueden elegir cualquier chasis especial hecho para camiones mezcladores tanto en el pa\u00eds como en el extranjero como parte de soporte de acuerdo a las elecciones de los clientes. El sistema de conducci\u00f3n de la cuba de agitaci\u00f3n adopta la tecnolog\u00eda de bomba, motor y reductor del sistema hidr\u00e1ulico de circuito cerrado de Estados Unidos y Alemania, y...<\/p>","protected":false},"featured_media":795,"comment_status":"open","ping_status":"closed","template":"","meta":{"_seopress_robots_primary_cat":"","_seopress_titles_title":"","_seopress_titles_desc":"","_seopress_robots_index":"","_kad_post_transparent":"default","_kad_post_title":"","_kad_post_layout":"default","_kad_post_sidebar_id":"","_kad_post_content_style":"default","_kad_post_vertical_padding":"default","_kad_post_feature":"","_kad_post_feature_position":"","_kad_post_header":false,"_kad_post_footer":false,"_kad_post_classname":""},"product_brand":[],"product_cat":[39],"product_tag":[],"class_list":{"0":"post-794","1":"product","2":"type-product","3":"status-publish","4":"has-post-thumbnail","6":"product_cat-conerete-mixer-truck","8":"first","9":"instock","10":"shipping-taxable","11":"product-type-simple","12":"entry","13":"content-bg","14":"loop-entry"},"_links":{"self":[{"href":"https:\/\/kdzgtruck.com\/es\/wp-json\/wp\/v2\/product\/794","targetHints":{"allow":["GET"]}}],"collection":[{"href":"https:\/\/kdzgtruck.com\/es\/wp-json\/wp\/v2\/product"}],"about":[{"href":"https:\/\/kdzgtruck.com\/es\/wp-json\/wp\/v2\/types\/product"}],"replies":[{"embeddable":true,"href":"https:\/\/kdzgtruck.com\/es\/wp-json\/wp\/v2\/comments?post=794"}],"wp:featuredmedia":[{"embeddable":true,"href":"https:\/\/kdzgtruck.com\/es\/wp-json\/wp\/v2\/media\/795"}],"wp:attachment":[{"href":"https:\/\/kdzgtruck.com\/es\/wp-json\/wp\/v2\/media?parent=794"}],"wp:term":[{"taxonomy":"product_brand","embeddable":true,"href":"https:\/\/kdzgtruck.com\/es\/wp-json\/wp\/v2\/product_brand?post=794"},{"taxonomy":"product_cat","embeddable":true,"href":"https:\/\/kdzgtruck.com\/es\/wp-json\/wp\/v2\/product_cat?post=794"},{"taxonomy":"product_tag","embeddable":true,"href":"https:\/\/kdzgtruck.com\/es\/wp-json\/wp\/v2\/product_tag?post=794"}],"curies":[{"name":"wp","href":"https:\/\/api.w.org\/{rel}","templated":true}]}}