{"id":781,"date":"2024-11-08T20:07:29","date_gmt":"2024-11-08T12:07:29","guid":{"rendered":"https:\/\/kdzgtruck.com\/?post_type=product&#038;p=781"},"modified":"2024-11-08T20:07:29","modified_gmt":"2024-11-08T12:07:29","slug":"brand-new-heavy-haohan-tractor-trucks-right-hand-drive-howo-nx-6x4-trailer-truck-tractor-380-horse-power-truck-head-price","status":"publish","type":"product","link":"https:\/\/kdzgtruck.com\/es\/producto\/brand-new-heavy-haohan-tractor-trucks-right-hand-drive-howo-nx-6x4-trailer-truck-tractor-380-horse-power-truck-head-price\/","title":{"rendered":"Nuevo pesado Haohan Tractor Camiones volante a la derecha HOWO Nx 6X4 Remolque Cami\u00f3n Tractor 380 caballos de fuerza Precio de la cabeza del cami\u00f3n"},"content":{"rendered":"<div class=\"J_module\">\n<div id=\"ali-anchor-AliMagic-2ahxvd\" class=\"magic-0\" data-section=\"AliMagic-2ahxvd\" data-section-title=\"Specification\">Especificaci\u00f3n<\/div>\n<\/div>\n<div class=\"J_module\">\n<div class=\"ife-detail-decorate-table\">\n<table class=\"has-title all magic-12\">\n<tbody>\n<tr>\n<td colspan=\"1\" rowspan=\"1\">\n<div class=\"magic-13\">art\u00edculo<\/div>\n<\/td>\n<td colspan=\"1\" rowspan=\"1\">\n<div class=\"magic-14\">valor<\/div>\n<\/td>\n<\/tr>\n<tr>\n<td colspan=\"1\" rowspan=\"1\">\n<div class=\"magic-13\">Condici\u00f3n<\/div>\n<\/td>\n<td colspan=\"1\" rowspan=\"1\">\n<div class=\"magic-14\">Nuevo<\/div>\n<\/td>\n<\/tr>\n<tr>\n<td colspan=\"1\" rowspan=\"1\">\n<div class=\"magic-13\">Potencia<\/div>\n<\/td>\n<td colspan=\"1\" rowspan=\"1\">\n<div class=\"magic-14\">351 - 450cv<\/div>\n<\/td>\n<\/tr>\n<tr>\n<td colspan=\"1\" rowspan=\"1\">\n<div class=\"magic-13\">Norma de emisiones<\/div>\n<\/td>\n<td colspan=\"1\" rowspan=\"1\">\n<div class=\"magic-14\">Euro 2<\/div>\n<\/td>\n<\/tr>\n<tr>\n<td colspan=\"1\" rowspan=\"1\">\n<div class=\"magic-13\">Marca<\/div>\n<\/td>\n<td colspan=\"1\" rowspan=\"1\">\n<div class=\"magic-14\">Sinotruk<\/div>\n<\/td>\n<\/tr>\n<tr>\n<td colspan=\"1\" rowspan=\"1\">\n<div class=\"magic-13\">Marca del motor<\/div>\n<\/td>\n<td colspan=\"1\" rowspan=\"1\">\n<div class=\"magic-14\">WEICHAI<\/div>\n<\/td>\n<\/tr>\n<tr>\n<td colspan=\"1\" rowspan=\"1\">\n<div class=\"magic-13\">Tipo de combustible<\/div>\n<\/td>\n<td colspan=\"1\" rowspan=\"1\">\n<div class=\"magic-14\">Diesel<\/div>\n<\/td>\n<\/tr>\n<tr>\n<td colspan=\"1\" rowspan=\"1\">\n<div class=\"magic-13\">Cilindrada<\/div>\n<\/td>\n<td colspan=\"1\" rowspan=\"1\">\n<div class=\"magic-14\">&gt; 8L<\/div>\n<\/td>\n<\/tr>\n<tr>\n<td colspan=\"1\" rowspan=\"1\">\n<div class=\"magic-13\">Tipo de transmisi\u00f3n<\/div>\n<\/td>\n<td colspan=\"1\" rowspan=\"1\">\n<div class=\"magic-14\">Manual<\/div>\n<\/td>\n<\/tr>\n<tr>\n<td colspan=\"1\" rowspan=\"1\">\n<div class=\"magic-13\">N\u00famero de cambio hacia delante<\/div>\n<\/td>\n<td colspan=\"1\" rowspan=\"1\">\n<div class=\"magic-14\">10<\/div>\n<\/td>\n<\/tr>\n<tr>\n<td colspan=\"1\" rowspan=\"1\">\n<div class=\"magic-13\">N\u00famero de cambio inverso<\/div>\n<\/td>\n<td colspan=\"1\" rowspan=\"1\">\n<div class=\"magic-14\">2<\/div>\n<\/td>\n<\/tr>\n<tr>\n<td colspan=\"1\" rowspan=\"1\">\n<div class=\"magic-13\">Par m\u00e1ximo (Nm)<\/div>\n<\/td>\n<td colspan=\"1\" rowspan=\"1\">\n<div class=\"magic-14\">1500-2000Nm<\/div>\n<\/td>\n<\/tr>\n<tr>\n<td colspan=\"1\" rowspan=\"1\">\n<div class=\"magic-13\">Talla<\/div>\n<\/td>\n<td colspan=\"1\" rowspan=\"1\">\n<div class=\"magic-14\">6800*2496*3250<\/div>\n<\/td>\n<\/tr>\n<tr>\n<td colspan=\"1\" rowspan=\"1\">\n<div class=\"magic-13\">Peso bruto del veh\u00edculo<\/div>\n<\/td>\n<td colspan=\"1\" rowspan=\"1\">\n<div class=\"magic-14\">8800 kg<\/div>\n<\/td>\n<\/tr>\n<tr>\n<td colspan=\"1\" rowspan=\"1\">\n<div class=\"magic-13\">Capacidad (carga)<\/div>\n<\/td>\n<td colspan=\"1\" rowspan=\"1\">\n<div class=\"magic-14\">31 &#8211; 40T<\/div>\n<\/td>\n<\/tr>\n<tr>\n<td colspan=\"1\" rowspan=\"1\">\n<div class=\"magic-13\">Rueda motriz<\/div>\n<\/td>\n<td colspan=\"1\" rowspan=\"1\">\n<div class=\"magic-14\">6&#215;4<\/div>\n<\/td>\n<\/tr>\n<tr>\n<td colspan=\"1\" rowspan=\"1\">\n<div class=\"magic-13\">Filas de asientos<\/div>\n<\/td>\n<td colspan=\"1\" rowspan=\"1\">\n<div class=\"magic-14\">Double row<\/div>\n<\/td>\n<\/tr>\n<tr>\n<td colspan=\"1\" rowspan=\"1\">\n<div class=\"magic-13\">C\u00e1mara trasera<\/div>\n<\/td>\n<td colspan=\"1\" rowspan=\"1\">\n<div class=\"magic-14\">Camera<\/div>\n<\/td>\n<\/tr>\n<tr>\n<td colspan=\"1\" rowspan=\"1\">\n<div class=\"magic-13\">Control de crucero<\/div>\n<\/td>\n<td colspan=\"1\" rowspan=\"1\">\n<div class=\"magic-14\">Normal<\/div>\n<\/td>\n<\/tr>\n<tr>\n<td colspan=\"1\" rowspan=\"1\">\n<div class=\"magic-13\">ABS (sistema antibloqueo de frenos)<\/div>\n<\/td>\n<td colspan=\"1\" rowspan=\"1\">\n<div class=\"magic-14\">S\u00ed<\/div>\n<\/td>\n<\/tr>\n<tr>\n<td colspan=\"1\" rowspan=\"1\">\n<div class=\"magic-13\">ESC (sistema electr\u00f3nico de control de estabilidad)<\/div>\n<\/td>\n<td colspan=\"1\" rowspan=\"1\">\n<div class=\"magic-14\">S\u00ed<\/div>\n<\/td>\n<\/tr>\n<tr>\n<td colspan=\"1\" rowspan=\"1\">\n<div class=\"magic-13\">Pantalla t\u00e1ctil<\/div>\n<\/td>\n<td colspan=\"1\" rowspan=\"1\">\n<div class=\"magic-14\">Ninguno<\/div>\n<\/td>\n<\/tr>\n<tr>\n<td colspan=\"1\" rowspan=\"1\">\n<div class=\"magic-13\">Sistema multimedia<\/div>\n<\/td>\n<td colspan=\"1\" rowspan=\"1\">\n<div class=\"magic-14\">S\u00ed<\/div>\n<\/td>\n<\/tr>\n<tr>\n<td colspan=\"1\" rowspan=\"1\">\n<div class=\"magic-13\">Ventana<\/div>\n<\/td>\n<td colspan=\"1\" rowspan=\"1\">\n<div class=\"magic-14\">Autom\u00e1tico<\/div>\n<\/td>\n<\/tr>\n<tr>\n<td colspan=\"1\" rowspan=\"1\">\n<div class=\"magic-13\">Aire acondicionado<\/div>\n<\/td>\n<td colspan=\"1\" rowspan=\"1\">\n<div class=\"magic-14\">Manual<\/div>\n<\/td>\n<\/tr>\n<tr>\n<td colspan=\"1\" rowspan=\"1\">\n<div class=\"magic-13\">N\u00famero de neum\u00e1tico<\/div>\n<\/td>\n<td colspan=\"1\" rowspan=\"1\">\n<div class=\"magic-14\">10<\/div>\n<\/td>\n<\/tr>\n<tr>\n<td colspan=\"1\" rowspan=\"1\">\n<div class=\"magic-13\">Servicio posventa<\/div>\n<\/td>\n<td colspan=\"1\" rowspan=\"1\">\n<div class=\"magic-14\">Online support<\/div>\n<\/td>\n<\/tr>\n<tr>\n<td colspan=\"1\" rowspan=\"1\">\n<div class=\"magic-13\">Driving type<\/div>\n<\/td>\n<td colspan=\"1\" rowspan=\"1\">\n<div class=\"magic-14\">Left\/Right Hand Driving<\/div>\n<\/td>\n<\/tr>\n<tr>\n<td colspan=\"1\" rowspan=\"1\">\n<div class=\"magic-13\">Motor<\/div>\n<\/td>\n<td colspan=\"1\" rowspan=\"1\">\n<div class=\"magic-14\">WP12.400E201<\/div>\n<\/td>\n<\/tr>\n<tr>\n<td colspan=\"1\" rowspan=\"1\">\n<div class=\"magic-13\">Color<\/div>\n<\/td>\n<td colspan=\"1\" rowspan=\"1\">\n<div class=\"magic-14\">Customer&#8217;s Requirement<\/div>\n<\/td>\n<\/tr>\n<tr>\n<td colspan=\"1\" rowspan=\"1\">\n<div class=\"magic-13\">Neum\u00e1tico<\/div>\n<\/td>\n<td colspan=\"1\" rowspan=\"1\">\n<div class=\"magic-14\">315\/80R22.5<\/div>\n<\/td>\n<\/tr>\n<tr>\n<td colspan=\"1\" rowspan=\"1\">\n<div class=\"magic-13\">Transmisi\u00f3n<\/div>\n<\/td>\n<td colspan=\"1\" rowspan=\"1\">\n<div class=\"magic-14\">HW19710 Manual Transmission<\/div>\n<\/td>\n<\/tr>\n<tr>\n<td colspan=\"1\" rowspan=\"1\">\n<div class=\"magic-13\">Cabina<\/div>\n<\/td>\n<td colspan=\"1\" rowspan=\"1\">\n<div class=\"magic-14\">HW76<\/div>\n<\/td>\n<\/tr>\n<\/tbody>\n<\/table>\n<\/div>\n<\/div>\n<div class=\"J_module\">\n<div id=\"ali-anchor-AliMagic-okszhj\" class=\"magic-0\" data-section=\"AliMagic-okszhj\" data-section-title=\"Packing &amp; Delivery\">Embalaje y entrega<\/div>\n<\/div>\n<div class=\"J_module\">\n<div class=\"icbu-pc-images magic-15\">\n<div>\n<div class=\"flex-layout-v\">\n<div class=\"flex-layout-h magic-15\">\n<div class=\"magic-16\"><img decoding=\"async\" class=\"magic-17\" src=\"https:\/\/sc04.alicdn.com\/kf\/Ab0cb0069f84d4fb08609f31ef360a759c\/205957178\/Ab0cb0069f84d4fb08609f31ef360a759c.jpg\" data-src=\"\/\/sc04.alicdn.com\/kf\/Ab0cb0069f84d4fb08609f31ef360a759c\/205957178\/Ab0cb0069f84d4fb08609f31ef360a759c.jpg\" \/><\/div>\n<div class=\"magic-18\"><img decoding=\"async\" class=\"magic-19\" src=\"https:\/\/sc04.alicdn.com\/kf\/HTB1gnPLQVXXXXbPXpXXq6xXFXXXP\/205957178\/HTB1gnPLQVXXXXbPXpXXq6xXFXXXP.jpg\" data-src=\"\/\/sc04.alicdn.com\/kf\/HTB1gnPLQVXXXXbPXpXXq6xXFXXXP\/205957178\/HTB1gnPLQVXXXXbPXpXXq6xXFXXXP.jpg\" \/><\/div>\n<\/div>\n<\/div>\n<\/div>\n<\/div>\n<\/div>\n<div class=\"J_module\">\n<div class=\"detail-decorate-json-renderer-container\">\n<div class=\"magic-20\">\n<div class=\"magic-21\">\n<div class=\"magic-22\">\n<div class=\"magic-23\">To better ensure the safety of your goods, professional, environmentally friendly, convenient and efficient packaging services will be provided.<\/div>\n<\/div>\n<\/div>\n<\/div>\n<\/div>\n<\/div>\n<div class=\"J_module\">\n<div id=\"ali-anchor-AliMagic-w1881z\" class=\"magic-0\" data-section=\"AliMagic-w1881z\" data-section-title=\"Company Profile\">Perfil de la empresa<\/div>\n<\/div>\n<div class=\"J_module\">\n<div class=\"icbu-pc-detailVideoShow magic-24 J_module\" data-magic=\" \" data-magic-status=\"done\">\n<div class=\"icbu-pc-detailVideoShow\" data-reactroot=\"\">\n<div class=\"bc-react-video-player singleton undefined venus-component-video\" data-spm-anchor-id=\"a2700.details.0.i23.5fbb2913ravIiD\">\n<div class=\"bc-video-player\">\n<div class=\"center-control\">\n<div class=\"center-wrapper\"><\/div>\n<\/div>\n<div class=\"control-bar\"><button class=\"bar-item play-button\" tabindex=\"0\">\u00a0<\/button><\/div>\n<\/div>\n<\/div>\n<\/div>\n<\/div>\n<\/div>\n<div class=\"J_module\">\n<div class=\"detail-decorate-json-renderer-container\">\n<div class=\"magic-20\">\n<div class=\"magic-21\">\n<div class=\"magic-22\">\n<div class=\"magic-23\">Jinan Kunda Automobile Sales Co., Ltd. was established in 2010 and is located in the China National Heavy Duty Truck Departure Area, Shizhong District, Jinan City, Shandong Province, specializing in the sales of light and heavy trucks and accessories. The main products are the brand new HOWO produced by Sinotruk and SHCMAN brand 6&#215;4, 4&#215;2 short, medium and long-distance tractors, 4&#215;2,6&#215;4, 8&#215;4 dump trucks, 4&#215;2, 6&#215;4, 8&#215;4, cargo circulation transport trucks, 10 Square, 20, 25 square sprinkler trucks, fuel trucks,6&#215;4 8&#215;4 concrete cement mixer trucks, and can also provide high-quality chassis for drilling machines, fire trucks and other special vehicles. There are many cooperative customers in Africa, Central Asia, Southeast Asia and South America. Welcome friends to contact us for win-win cooperation.<\/div>\n<\/div>\n<\/div>\n<\/div>\n<\/div>\n<\/div>\n<div class=\"J_module\">\n<div class=\"detail-decorate-json-renderer-container\">\n<div class=\"magic-20\">\n<div class=\"magic-21\">\n<div class=\"magic-22\">\n<div class=\"magic-23\"><\/div>\n<\/div>\n<\/div>\n<\/div>\n<\/div>\n<\/div>\n<div class=\"J_module\">\n<div id=\"ali-anchor-AliMagic-23vyc8\" class=\"magic-0\" data-section=\"AliMagic-23vyc8\" data-section-title=\"FAQ\">PREGUNTAS FRECUENTES<\/div>\n<\/div>\n<div class=\"J_module\">\n<div class=\"detail-decorate-json-renderer-container\">\n<div class=\"magic-20\">\n<div class=\"magic-21\">\n<div class=\"magic-22\">\n<div class=\"magic-23\"><b><\/b>P: \u00bfCu\u00e1l es el medio de transporte?<\/p>\n<div>A\uff1aBulk.<\/p>\n<p>Q:Can it be shipped by container?<br \/>\nA: Sure.But we need to take apart the truck.You should reinstall it in your country.<\/p>\n<p>Q:How about your product quality?<br \/>\nA: All our spare parts are sourced from the original manufacturers with original part numbers and anti-fake labels. Our suppliers have passed the TS16949 qualification certification, ensuring 100% guaranteed quality.<\/p>\n<p>Q:What can you buy from us?<br \/>\nA:Truck, Howo Truck, Dump Truck, Tractor Truck, Concrete Mixer Truck, Cargo Truck, Semi Trailer, Flat Bed Trailer, Water Tank Truck,Oil Tank Truck, Crane Truck, Wheel loader, Truck, Howo Truck, Dump Truck, Cargo Truck, Semi Trailer, Flat Bed Trailer, Water Tank Truck, Oil Tank Truck, Crane Truck and ect.<\/p>\n<p>Q:Why should you buy from us not from other suppliers?<br \/>\nA:Jinan Kunda Heavy Truck Sales Co., Ltd. is located in Jinan and is specialized in manufacturing heavy trucks. With an<br \/>\nexperienced and professional team, we have exported our products to many countries and regions all over the world.<\/p>\n<p>Q:What services can we provide?<br \/>\nA:Accepted Delivery Terms: FOB,CFR,CIF,EXW,FAS,CIP,DDP,DAF;<br \/>\nDivisa de pago aceptada: USD, EUR, HKD, CNY;<br \/>\nTipo de pago aceptado: T\/T,L\/C,D\/P D\/A,MoneyGram,Tarjeta de cr\u00e9dito,Western Union,Efectivo;<br \/>\nIdioma que habla:Ingl\u00e9s,Chino,Espa\u00f1ol,Portugu\u00e9s,\u00c1rabe,Franc\u00e9s,Ruso<\/p>\n<p>Q:How can contact us directly?<br \/>\nA:Name: Avery<br \/>\nMobile phone: +86 189 5317 9826<br \/>\nWechat\/Whatsapp: + 86 1895317 9826<br \/>\nEmail: kunda @haowozhongka.com<br \/>\nFax:+86 0531 62312699<\/p><\/div>\n<\/div>\n<\/div>\n<\/div>\n<\/div>\n<\/div>\n<\/div>","protected":false},"excerpt":{"rendered":"<p>Especificaci\u00f3n valor del art\u00edculo Condici\u00f3n Nuevo Caballos de fuerza 351 - 450hp Emisi\u00f3n Est\u00e1ndar Euro 2 Marca Sinotruk Marca del motor WEICHAI Tipo de combustible Diesel Cilindrada &gt; 8L Tipo de transmisi\u00f3n Manual N\u00famero de cambios hacia adelante 10 N\u00famero de cambios hacia atr\u00e1s 2 Par m\u00e1ximo (Nm) 1500-2000Nm Tama\u00f1o 6800*2496*3250 Peso bruto del veh\u00edculo 8800 kg Capacidad (Carga) 31 - 40T Rueda motriz 6\u00d74....<\/p>","protected":false},"featured_media":782,"comment_status":"open","ping_status":"closed","template":"","meta":{"_seopress_robots_primary_cat":"","_seopress_titles_title":"","_seopress_titles_desc":"","_seopress_robots_index":"","_kad_post_transparent":"default","_kad_post_title":"","_kad_post_layout":"default","_kad_post_sidebar_id":"","_kad_post_content_style":"default","_kad_post_vertical_padding":"default","_kad_post_feature":"","_kad_post_feature_position":"","_kad_post_header":false,"_kad_post_footer":false,"_kad_post_classname":""},"product_brand":[],"product_cat":[35],"product_tag":[],"class_list":{"0":"post-781","1":"product","2":"type-product","3":"status-publish","4":"has-post-thumbnail","6":"product_cat-tractor-truck","8":"first","9":"instock","10":"shipping-taxable","11":"product-type-simple","12":"entry","13":"content-bg","14":"loop-entry"},"_links":{"self":[{"href":"https:\/\/kdzgtruck.com\/es\/wp-json\/wp\/v2\/product\/781","targetHints":{"allow":["GET"]}}],"collection":[{"href":"https:\/\/kdzgtruck.com\/es\/wp-json\/wp\/v2\/product"}],"about":[{"href":"https:\/\/kdzgtruck.com\/es\/wp-json\/wp\/v2\/types\/product"}],"replies":[{"embeddable":true,"href":"https:\/\/kdzgtruck.com\/es\/wp-json\/wp\/v2\/comments?post=781"}],"wp:featuredmedia":[{"embeddable":true,"href":"https:\/\/kdzgtruck.com\/es\/wp-json\/wp\/v2\/media\/782"}],"wp:attachment":[{"href":"https:\/\/kdzgtruck.com\/es\/wp-json\/wp\/v2\/media?parent=781"}],"wp:term":[{"taxonomy":"product_brand","embeddable":true,"href":"https:\/\/kdzgtruck.com\/es\/wp-json\/wp\/v2\/product_brand?post=781"},{"taxonomy":"product_cat","embeddable":true,"href":"https:\/\/kdzgtruck.com\/es\/wp-json\/wp\/v2\/product_cat?post=781"},{"taxonomy":"product_tag","embeddable":true,"href":"https:\/\/kdzgtruck.com\/es\/wp-json\/wp\/v2\/product_tag?post=781"}],"curies":[{"name":"wp","href":"https:\/\/api.w.org\/{rel}","templated":true}]}}