{"id":775,"date":"2024-11-08T19:57:41","date_gmt":"2024-11-08T11:57:41","guid":{"rendered":"https:\/\/kdzgtruck.com\/?post_type=product&#038;p=775"},"modified":"2024-11-08T19:57:41","modified_gmt":"2024-11-08T11:57:41","slug":"zz3257n3847b1-new-sinotruk-manufacture-6x4-howo-400hp-430hp-tipper-dump-truck-for-sale","status":"publish","type":"product","link":"https:\/\/kdzgtruck.com\/es\/producto\/zz3257n3847b1-new-sinotruk-manufacture-6x4-howo-400hp-430hp-tipper-dump-truck-for-sale\/","title":{"rendered":"ZZ3257N3847B1 New Sinotruk manufacture 6&#215;4 Howo 400hp 430hp Tipper Dump Truck For sale"},"content":{"rendered":"<div id=\"ali-anchor-AliPostDhMb-t9r7e\" class=\"mceSectionContainer\" data-section=\"AliPostDhMb-t9r7e\" data-section-title=\"Product Description\">\n<div id=\"ali-title-AliPostDhMb-t9r7e\"><span data-spm-anchor-id=\"a2700.details.0.i41.2f8527e01iOBQJ\">Descripci\u00f3n del producto<\/span><\/div>\n<div>\n<p>&nbsp;<\/p>\n<table>\n<tbody>\n<tr>\n<td height=\"19\">Modelo<\/td>\n<td height=\"19\">ZZ3257N3847A<\/td>\n<td height=\"19\"><\/td>\n<td height=\"19\"><\/td>\n<\/tr>\n<tr>\n<td height=\"19\">Marca<\/td>\n<td height=\"19\">HOWO<\/td>\n<td height=\"19\">Nombre<\/td>\n<td height=\"19\">Dump\u00a0Truck<\/td>\n<\/tr>\n<tr>\n<td height=\"19\">Rated\u00a0quality<\/td>\n<td height=\"19\">1,260,012,410<\/td>\n<td height=\"19\">Total\u00a0mass<\/td>\n<td height=\"19\">25000kg<\/td>\n<\/tr>\n<tr>\n<td height=\"19\">Curb\u00a0weight<\/td>\n<td height=\"19\">1,227,012,460<\/td>\n<td height=\"19\">Fuel<\/td>\n<td height=\"19\">diesel<\/td>\n<\/tr>\n<tr>\n<td height=\"34\">Emission\u00a0standard<\/td>\n<td height=\"34\">Euro\u00a02<\/td>\n<td height=\"34\">Axis\u00a0number<\/td>\n<td height=\"34\">3<\/td>\n<\/tr>\n<tr>\n<td height=\"19\">Wheelbase<\/td>\n<td height=\"19\">3825+1350<\/td>\n<td height=\"19\">Axle\u00a0load<\/td>\n<td height=\"19\">7000\/18000(2\u00a0axle)<\/td>\n<\/tr>\n<tr>\n<td height=\"34\">Number\u00a0of\u00a0tires<\/td>\n<td height=\"34\">10<\/td>\n<td height=\"34\">Tire\u00a0specification<\/td>\n<td height=\"34\">12.00R20;\u00a012R22.5<\/td>\n<\/tr>\n<tr>\n<td height=\"34\">Front\/Rear\u00a0hang<\/td>\n<td height=\"34\">1500\/1870<\/td>\n<td height=\"34\">Vehicle\u00a0length<\/td>\n<td height=\"34\">8545mm<\/td>\n<\/tr>\n<tr>\n<td height=\"19\">Vehicle\u00a0width<\/td>\n<td height=\"19\">2496mm<\/td>\n<td height=\"19\">Vehicle\u00a0hight<\/td>\n<td height=\"19\">3170mm<\/td>\n<\/tr>\n<tr>\n<td height=\"19\">Cargo\u00a0length<\/td>\n<td height=\"19\">5800\/5600mm<\/td>\n<td height=\"19\">Cargo\u00a0width<\/td>\n<td height=\"19\">2300mm<\/td>\n<\/tr>\n<tr>\n<td height=\"19\">Cargo\u00a0hight<\/td>\n<td height=\"19\">1500mm<\/td>\n<td height=\"19\"><\/td>\n<td height=\"19\"><\/td>\n<\/tr>\n<tr>\n<td height=\"34\">Max\u00a0speed<\/td>\n<td height=\"34\">75<\/td>\n<td height=\"34\">Rated\u00a0passenger<\/td>\n<td height=\"34\">2<\/td>\n<\/tr>\n<\/tbody>\n<\/table>\n<p><img fetchpriority=\"high\" decoding=\"async\" src=\"https:\/\/sc04.alicdn.com\/kf\/H0d29687f435a4fce8bf967da8dff66e3j\/205957178\/H0d29687f435a4fce8bf967da8dff66e3j.jpg\" alt=\"ZZ3257N3847B1 New Sinotruk manufacture 6x4 Howo   400hp 430hp Tipper Dump Truck For sale\" width=\"750\" height=\"708\" data-src=\"\/\/sc04.alicdn.com\/kf\/H0d29687f435a4fce8bf967da8dff66e3j\/205957178\/H0d29687f435a4fce8bf967da8dff66e3j.jpg\" data-alt=\"ZZ3257N3847B1 New Sinotruk manufacture 6x4 Howo   400hp 430hp Tipper Dump Truck For sale\" data-width=\"750\" data-height=\"708\" \/><img decoding=\"async\" src=\"https:\/\/sc04.alicdn.com\/kf\/H9708eb4eeb524762ab412ff9767eac23c\/205957178\/H9708eb4eeb524762ab412ff9767eac23c.jpg\" alt=\"ZZ3257N3847B1 New Sinotruk manufacture 6x4 Howo   400hp 430hp Tipper Dump Truck For sale\" width=\"750\" height=\"669\" data-src=\"\/\/sc04.alicdn.com\/kf\/H9708eb4eeb524762ab412ff9767eac23c\/205957178\/H9708eb4eeb524762ab412ff9767eac23c.jpg\" data-alt=\"ZZ3257N3847B1 New Sinotruk manufacture 6x4 Howo   400hp 430hp Tipper Dump Truck For sale\" data-width=\"750\" data-height=\"669\" \/><\/p>\n<\/div>\n<\/div>\n<div id=\"ali-anchor-AliPostDhMb-u3cn1\" class=\"mceSectionContainer\" data-section=\"AliPostDhMb-u3cn1\" data-section-title=\"Company Information\">\n<div id=\"ali-title-AliPostDhMb-u3cn1\">Company Information<\/div>\n<div>\n<p>\u00a0 \u00a0 \u00a0 \u00a0 \u00a0 \u00a0 \u00a0 \u00a0\u00a0\u00a0\u00a0Sinotruk Jinan Kunda Heavy Truck Sales Co., Ltd. is located in Jinan and is specialized in manufacturing heavy trucks. With an experienced and professional team, we have exported our products to many countries and regions all over the world. Our products enjoy a good reputation among our customers. We welcome customers, business associations and friends from all parts of the world to contact us and seek cooperation for mutual benefits.<img decoding=\"async\" src=\"https:\/\/sc04.alicdn.com\/kf\/Hdd74649d6e134befbaf704aa7311243d7\/205957178\/Hdd74649d6e134befbaf704aa7311243d7.jpg\" alt=\"ZZ3257N3847B1 New Sinotruk manufacture 6x4 Howo   400hp 430hp Tipper Dump Truck For sale\" width=\"750\" height=\"28.30188679245283\" data-src=\"\/\/sc04.alicdn.com\/kf\/Hdd74649d6e134befbaf704aa7311243d7\/205957178\/Hdd74649d6e134befbaf704aa7311243d7.jpg\" data-alt=\"ZZ3257N3847B1 New Sinotruk manufacture 6x4 Howo   400hp 430hp Tipper Dump Truck For sale\" data-width=\"769\" data-height=\"29\" \/><\/p>\n<p>We only provide new trucks and trailers with excellent quality, and do not sell second-hand trucks, scrapped trucks or trucks illegally restructured. High quality trucks, affordable prices, safe funds and good faith are the basis of our business.<\/p>\n<p><img decoding=\"async\" src=\"https:\/\/sc04.alicdn.com\/kf\/Hc8e303d4d1154a86bfb5162a5219212aJ\/205957178\/Hc8e303d4d1154a86bfb5162a5219212aJ.jpg\" width=\"750\" height=\"1781\" data-src=\"\/\/sc04.alicdn.com\/kf\/Hc8e303d4d1154a86bfb5162a5219212aJ\/205957178\/Hc8e303d4d1154a86bfb5162a5219212aJ.jpg\" data-width=\"750\" data-height=\"1781\" \/><\/p>\n<p>&nbsp;<\/p>\n<p><img decoding=\"async\" src=\"https:\/\/sc04.alicdn.com\/kf\/He3857bc488c1453081fc88db6057c71dY\/205957178\/He3857bc488c1453081fc88db6057c71dY.jpg\" alt=\"ZZ3257N3847B1 New Sinotruk manufacture 6x4 Howo   400hp 430hp Tipper Dump Truck For sale\" width=\"750\" height=\"28.30188679245283\" data-src=\"\/\/sc04.alicdn.com\/kf\/He3857bc488c1453081fc88db6057c71dY\/205957178\/He3857bc488c1453081fc88db6057c71dY.jpg\" data-alt=\"ZZ3257N3847B1 New Sinotruk manufacture 6x4 Howo   400hp 430hp Tipper Dump Truck For sale\" data-width=\"769\" data-height=\"29\" \/>\u00a0 \u00a0 \u00a0 \u00a0 \u00a0 \u00a0 \u00a0 \u00a0 \u00a0We provide truck accessories of original quality; The parts market has many prices and different quality of parts; We only sell high-quality accessories of original factory quality. If you want to buy high-quality accessories, please contact us. If you don&#8217;t care about the quality but only the low price, sorry, please don&#8217;t contact us.<img decoding=\"async\" src=\"https:\/\/sc04.alicdn.com\/kf\/H7a2a042224484b1fb66e4717dc1d7eb4j\/205957178\/H7a2a042224484b1fb66e4717dc1d7eb4j.jpg\" alt=\"ZZ3257N3847B1 New Sinotruk manufacture 6x4 Howo   400hp 430hp Tipper Dump Truck For sale\" width=\"750\" height=\"1781.25\" data-src=\"\/\/sc04.alicdn.com\/kf\/H7a2a042224484b1fb66e4717dc1d7eb4j\/205957178\/H7a2a042224484b1fb66e4717dc1d7eb4j.jpg\" data-alt=\"ZZ3257N3847B1 New Sinotruk manufacture 6x4 Howo   400hp 430hp Tipper Dump Truck For sale\" data-width=\"751\" data-height=\"1784\" \/><\/p>\n<p>&nbsp;<\/p>\n<p><img decoding=\"async\" src=\"https:\/\/sc04.alicdn.com\/kf\/H7b357ab010154eabae823c396a6455d7j\/205957178\/H7b357ab010154eabae823c396a6455d7j.jpg\" alt=\"ZZ3257N3847B1 New Sinotruk manufacture 6x4 Howo   400hp 430hp Tipper Dump Truck For sale\" width=\"750\" height=\"28.30188679245283\" data-src=\"\/\/sc04.alicdn.com\/kf\/H7b357ab010154eabae823c396a6455d7j\/205957178\/H7b357ab010154eabae823c396a6455d7j.jpg\" data-alt=\"ZZ3257N3847B1 New Sinotruk manufacture 6x4 Howo   400hp 430hp Tipper Dump Truck For sale\" data-width=\"769\" data-height=\"29\" \/>\u00a0 \u00a0 \u00a0 \u00a0 \u00a0 \u00a0 \u00a0 \u00a0 \u00a0 \u00a0We have many customers from Africa, the Middle East, South America, Southeast Asia, Central Asia, Mongolia and Russia. We have a long and pleasant cooperation. Welcome to be our partner<img loading=\"lazy\" decoding=\"async\" src=\"https:\/\/sc04.alicdn.com\/kf\/H321a726284fd4f1788bce53029743237a\/205957178\/H321a726284fd4f1788bce53029743237a.jpg\" alt=\"ZZ3257N3847B1 New Sinotruk manufacture 6x4 Howo   400hp 430hp Tipper Dump Truck For sale\" width=\"750\" height=\"788\" data-src=\"\/\/sc04.alicdn.com\/kf\/H321a726284fd4f1788bce53029743237a\/205957178\/H321a726284fd4f1788bce53029743237a.jpg\" data-alt=\"ZZ3257N3847B1 New Sinotruk manufacture 6x4 Howo   400hp 430hp Tipper Dump Truck For sale\" data-width=\"750\" data-height=\"788\" \/><\/p>\n<p>&nbsp;<\/p>\n<p><img decoding=\"async\" src=\"https:\/\/sc04.alicdn.com\/kf\/H4da4e416278545998a8e246c6655262fV\/205957178\/H4da4e416278545998a8e246c6655262fV.jpg\" alt=\"ZZ3257N3847B1 New Sinotruk manufacture 6x4 Howo   400hp 430hp Tipper Dump Truck For sale\" width=\"750\" height=\"37.5\" data-src=\"\/\/sc04.alicdn.com\/kf\/H4da4e416278545998a8e246c6655262fV\/205957178\/H4da4e416278545998a8e246c6655262fV.jpg\" data-alt=\"ZZ3257N3847B1 New Sinotruk manufacture 6x4 Howo   400hp 430hp Tipper Dump Truck For sale\" \/><\/p>\n<p>Contamos con un equipo profesional de declaraci\u00f3n de aduanas y entrega; puede realizar transporte terrestre, transporte de contenedores, transporte de carga a granel, transporte de buques ro ro y otros modos de transporte de mercanc\u00edas. Proporcionamos servicios de env\u00edo profesionales, r\u00e1pidos y de alta calidad, as\u00ed como servicios de liquidaci\u00f3n de reclamaciones de seguros seguros seguros y r\u00e1pidos. Dejarle tranquilo es la m\u00e1xima aspiraci\u00f3n de nuestro equipo.<\/p>\n<p><img loading=\"lazy\" decoding=\"async\" src=\"https:\/\/sc04.alicdn.com\/kf\/Hab533883782f44feb478e0825242386aJ\/205957178\/Hab533883782f44feb478e0825242386aJ.jpg\" alt=\"ZZ3257N3847B1 New Sinotruk manufacture 6x4 Howo   400hp 430hp Tipper Dump Truck For sale\" width=\"750\" height=\"938\" data-src=\"\/\/sc04.alicdn.com\/kf\/Hab533883782f44feb478e0825242386aJ\/205957178\/Hab533883782f44feb478e0825242386aJ.jpg\" data-alt=\"ZZ3257N3847B1 New Sinotruk manufacture 6x4 Howo   400hp 430hp Tipper Dump Truck For sale\" data-width=\"750\" data-height=\"938\" \/><\/p>\n<p>&nbsp;<\/p>\n<p><img decoding=\"async\" src=\"https:\/\/sc04.alicdn.com\/kf\/H005caf67e3e1410a820a9a656bd86682A\/205957178\/H005caf67e3e1410a820a9a656bd86682A.jpg\" alt=\"ZZ3257N3847B1 New Sinotruk manufacture 6x4 Howo   400hp 430hp Tipper Dump Truck For sale\" width=\"750\" height=\"37.5\" data-src=\"\/\/sc04.alicdn.com\/kf\/H005caf67e3e1410a820a9a656bd86682A\/205957178\/H005caf67e3e1410a820a9a656bd86682A.jpg\" data-alt=\"ZZ3257N3847B1 New Sinotruk manufacture 6x4 Howo   400hp 430hp Tipper Dump Truck For sale\" data-width=\"760\" data-height=\"38\" \/><\/p>\n<\/div>\n<\/div>\n<p><strong>1. \u00bfqui\u00e9nes somos?<\/strong><\/p>\n<div>\n<div>\n<div>\n<div>\n<div>\n<div>We are based in Shandong, China, start from 2010,sell to Domestic Market(50.00%),Africa(20.00%),Eastern Asia(8.00%),Mid East(6.00%),South Asia(5.00%),Oceania(5.00%),Southeast Asia(4.00%),South America(1.00%),Central America(1.00%). There are total about 301-500 people in our office.<\/p>\n<p><strong>2. \u00bfc\u00f3mo podemos garantizar la calidad?<\/strong><br \/>\nSiempre una muestra de preproducci\u00f3n antes de la producci\u00f3n en serie;<br \/>\nSiempre Inspecci\u00f3n final antes del env\u00edo;<\/p>\n<p><strong>3.\u00bfqu\u00e9 puede comprarnos?<\/strong><br \/>\nDump truck,mixer truck,tractor truck,cargo truck,mini excavator<\/p>\n<p><strong>4. \u00bfpor qu\u00e9 comprarnos a nosotros y no a otros proveedores?<\/strong><br \/>\nJinan Kunda Heavy Truck Sales Co., Ltd. est\u00e1 ubicada en Jinan y est\u00e1 especializada en la fabricaci\u00f3n de camiones pesados. Con un equipo experimentado y profesional, hemos exportado nuestros productos a muchos pa\u00edses y regiones de todo el mundo.<\/p>\n<p><strong>5. \u00bfqu\u00e9 servicios podemos prestar?<\/strong><br \/>\nCondiciones de entrega aceptadas: FOB,CFR,CIF,EXW,FAS,CIP,DDP,DAF;<br \/>\nDivisa de pago aceptada: USD, EUR, HKD, CNY;<br \/>\nTipo de pago aceptado: T\/T,L\/C,D\/P D\/A,MoneyGram,Tarjeta de cr\u00e9dito,Western Union,Efectivo;<br \/>\nIdioma que habla:Ingl\u00e9s,Chino,Espa\u00f1ol,Portugu\u00e9s,\u00c1rabe,Franc\u00e9s,Ruso<\/div>\n<\/div>\n<\/div>\n<\/div>\n<\/div>\n<\/div>","protected":false},"excerpt":{"rendered":"<p>Descripci\u00f3n del producto Modelo ZZ3257N3847A Marca HOWO Nombre Cami\u00f3n volquete Calidad nominal 1,260,012,410 Masa total 25000kg Peso en vac\u00edo 1,227,012,460 Combustible diesel Est\u00e1ndar de emisi\u00f3n Euro 2 N\u00famero de ejes 3 Distancia entre ejes 3825+1350 Carga por eje 7000\/18000(2 ejes) N\u00famero de neum\u00e1ticos 10 Especificaci\u00f3n de los neum\u00e1ticos 12. 00R20; 12R22,5 Longitud del veh\u00edculo 8545mm Ancho del veh\u00edculo 2496mm Altura del veh\u00edculo 3170mm Longitud de carga 5800\/5600mm Ancho de carga 2300mm Altura de carga 1500mm00R20; 12R22.5 Delanteros\/Traseros cuelgan 1500\/1870 Longitud del veh\u00edculo 8545mm Anchura del veh\u00edculo 2496mm Altura del veh\u00edculo 3170mm Longitud de carga 5800\/5600mm Anchura de carga 2300mm Altura de carga 1500mm Velocidad m\u00e1xima 75 Pasajero nominal 2 Informaci\u00f3n de la empresa ...<\/p>","protected":false},"featured_media":776,"comment_status":"open","ping_status":"closed","template":"","meta":{"_seopress_robots_primary_cat":"","_seopress_titles_title":"","_seopress_titles_desc":"","_seopress_robots_index":"","_kad_post_transparent":"default","_kad_post_title":"","_kad_post_layout":"default","_kad_post_sidebar_id":"","_kad_post_content_style":"default","_kad_post_vertical_padding":"default","_kad_post_feature":"","_kad_post_feature_position":"","_kad_post_header":false,"_kad_post_footer":false,"_kad_post_classname":""},"product_brand":[],"product_cat":[34],"product_tag":[],"class_list":{"0":"post-775","1":"product","2":"type-product","3":"status-publish","4":"has-post-thumbnail","6":"product_cat-dump-truck","8":"first","9":"instock","10":"shipping-taxable","11":"product-type-simple","12":"entry","13":"content-bg","14":"loop-entry"},"_links":{"self":[{"href":"https:\/\/kdzgtruck.com\/es\/wp-json\/wp\/v2\/product\/775","targetHints":{"allow":["GET"]}}],"collection":[{"href":"https:\/\/kdzgtruck.com\/es\/wp-json\/wp\/v2\/product"}],"about":[{"href":"https:\/\/kdzgtruck.com\/es\/wp-json\/wp\/v2\/types\/product"}],"replies":[{"embeddable":true,"href":"https:\/\/kdzgtruck.com\/es\/wp-json\/wp\/v2\/comments?post=775"}],"wp:featuredmedia":[{"embeddable":true,"href":"https:\/\/kdzgtruck.com\/es\/wp-json\/wp\/v2\/media\/776"}],"wp:attachment":[{"href":"https:\/\/kdzgtruck.com\/es\/wp-json\/wp\/v2\/media?parent=775"}],"wp:term":[{"taxonomy":"product_brand","embeddable":true,"href":"https:\/\/kdzgtruck.com\/es\/wp-json\/wp\/v2\/product_brand?post=775"},{"taxonomy":"product_cat","embeddable":true,"href":"https:\/\/kdzgtruck.com\/es\/wp-json\/wp\/v2\/product_cat?post=775"},{"taxonomy":"product_tag","embeddable":true,"href":"https:\/\/kdzgtruck.com\/es\/wp-json\/wp\/v2\/product_tag?post=775"}],"curies":[{"name":"wp","href":"https:\/\/api.w.org\/{rel}","templated":true}]}}