{"id":764,"date":"2024-11-08T19:43:07","date_gmt":"2024-11-08T11:43:07","guid":{"rendered":"https:\/\/kdzgtruck.com\/?post_type=product&#038;p=764"},"modified":"2024-11-08T19:43:07","modified_gmt":"2024-11-08T11:43:07","slug":"sino-truck-12-wheeler-howo-8x4-sinotruck-new-and-used-howo-dump-truck-tipper-truck","status":"publish","type":"product","link":"https:\/\/kdzgtruck.com\/es\/producto\/sino-truck-12-wheeler-howo-8x4-sinotruck-new-and-used-howo-dump-truck-tipper-truck\/","title":{"rendered":"SINO TRUCK 12 Wheeler HOWO 8\u00d74 Sinotruck NUEVO Y USADO HOWO Dump Truck Tipper Truck"},"content":{"rendered":"<div class=\"module_product_packaging_and_quick_detail\">\n<div class=\"widget-detail-overview\">\n<div class=\"do-title\" data-spm-anchor-id=\"a2700.details.0.i44.16c373141pu0pz\">Visi\u00f3n general<\/div>\n<div id=\"car-parts-model\"><\/div>\n<\/div>\n<\/div>\n<div class=\"module_detail_video\"><\/div>\n<div class=\"module_product_specification\">\n<div id=\"J-rich-text-description\" class=\"richtext richtext-detail rich-text-description\">\n<div id=\"ali-anchor-AliPostDhMb-x47d1\" class=\"mceSectionContainer\" data-section-title=\"Product Description\" data-section=\"AliPostDhMb-x47d1\">\n<div id=\"ali-title-AliPostDhMb-x47d1\">Descripci\u00f3n del producto<\/div>\n<div data-spm-anchor-id=\"a2700.details.0.i45.16c373141pu0pz\">\n<p>&nbsp;<\/p>\n<table width=\"365\">\n<tbody>\n<tr>\n<td colspan=\"2\">\u00a0HOWO\u00a0\u00a0\u00a0\u00a06&#215;4\u00a0Dump\u00a0Truck<\/td>\n<\/tr>\n<tr>\n<td>Tipo de conducci\u00f3n<\/td>\n<td>Conducir por la izquierda<\/td>\n<\/tr>\n<tr>\n<td>Cabina<\/td>\n<td>HW76<\/td>\n<\/tr>\n<tr>\n<td>Motor<\/td>\n<td>Marca: SINOTRUK wd615.47<\/td>\n<\/tr>\n<tr>\n<td>Transmisi\u00f3n<\/td>\n<td>HW19712, 12F y 2R, con toma de fuerza<\/td>\n<\/tr>\n<tr>\n<td>Direcci\u00f3n<\/td>\n<td>Direcci\u00f3n asistida ZF, modelo ZF8118, direcci\u00f3n hidr\u00e1ulica con asistencia el\u00e9ctrica<\/td>\n<\/tr>\n<tr>\n<td>Eje delantero<\/td>\n<td>HF9 x2 Direcci\u00f3n con viga de secci\u00f3n transversal dobleT<\/td>\n<\/tr>\n<tr>\n<td>Eje trasero<\/td>\n<td>HC16,\u00a02&#215;16000\u00a0KGSPressed\u00a0axle\u00a0housing,\u00a0central\u00a0single\u00a0reduction\u00a0with\u00a0hub<\/p>\n<p>reduction\u00a0and\u00a0with\u00a0differential\u00a0locks\u00a0between\u00a0wheels\u00a0and\u00a0axles.Ratio:5.73<\/td>\n<\/tr>\n<tr>\n<td>Eje de la h\u00e9lice<\/td>\n<td>Eje de h\u00e9lice de doble junta universal con brida de acoplamiento en forma de engranaje<\/td>\n<\/tr>\n<tr>\n<td>Chasis<\/td>\n<td>Frame:\u00a0U-profile\u00a0parallel\u00a0ladder\u00a0frame\u00a0with\u00a0section\u00a0of\u00a0300x80x8mm,\u00a0and\u00a0reinforced<\/p>\n<p>sub-frame\u00a0all\u00a0cold\u00a0riveted\u00a0cross\u00a0members\u00a0 Front\u00a0suspension:10\u00a0semi-elliptic\u00a0leaf<\/p>\n<p>springs,\u00a0hydraulic\u00a0telescopic\u00a0double-action\u00a0shock\u00a0absorbers\u00a0and\u00a0stabilizer Rear<\/p>\n<p>suspension:12\u00a0leaf\u00a0semi-elliptic\u00a0springs,\u00a0bogie\u00a0spring\u00a0and\u00a0stabilizer<\/td>\n<\/tr>\n<tr>\n<td>Freno<\/td>\n<td>Service\u00a0brake:\u00a0dual\u00a0circuit\u00a0compressed\u00a0air\u00a0brakeParking\u00a0brake\u00a0(emergency\u00a0brake):<\/p>\n<p>spring\u00a0energy,\u00a0compressed\u00a0air\u00a0operating\u00a0on\u00a0front\u00a0shaft\u00a0and\u00a0rear\u00a0wheelsAuxiliary<\/p>\n<p>brake:\u00a0engine\u00a0exhaust\u00a0brake<\/td>\n<\/tr>\n<tr>\n<td>Electricidad<\/td>\n<td>Tensi\u00f3n de funcionamiento: 24 V, negativo a tierra Arranque: 24 V,<\/p>\n<p data-spm-anchor-id=\"a2700.details.0.i46.16c373141pu0pz\">Alternador de 5,4 Kw: Trif\u00e1sico, 28 V, 1500 W Bater\u00edas: 2 x 12 V, 165 Ah Encendedor, claxon, faros, faros antiniebla, luces de freno, intermitentes y luz de marcha atr\u00e1s<\/p>\n<\/td>\n<\/tr>\n<tr>\n<td>Neum\u00e1ticos<\/td>\n<td>12.00r20, neum\u00e1ticos radiales con una rueda de repuesto.<\/td>\n<\/tr>\n<tr>\n<td>Dep\u00f3sito de combustible<\/td>\n<td>300 L<\/td>\n<\/tr>\n<tr>\n<td>Cuerpo de carga<\/td>\n<td>7600*2300*1500 mm, Suelo 8 mm y lateral 6 mm,<\/td>\n<\/tr>\n<tr>\n<td>Dimensi\u00f3n general<\/td>\n<td>11200*2550*3500 mm<\/td>\n<\/tr>\n<\/tbody>\n<\/table>\n<\/div>\n<\/div>\n<div id=\"ali-anchor-AliPostDhMb-8acxo\" class=\"mceSectionContainer\" data-section-title=\"Our Services\" data-section=\"AliPostDhMb-8acxo\">\n<div id=\"ali-title-AliPostDhMb-8acxo\">Nuestros servicios<\/div>\n<div>\n<p>\u00a0<img fetchpriority=\"high\" decoding=\"async\" src=\"https:\/\/sc04.alicdn.com\/kf\/Hbc04fbc3fc994366af3e81ad9781113aQ\/205957178\/Hbc04fbc3fc994366af3e81ad9781113aQ.jpg\" alt=\"SINO TRUCK 12 Wheeler  HOWO  8x4  Sinotruck NEW AND USED HOWO Dump Truck Tipper Truck\" width=\"699\" height=\"786\" data-src=\"\/\/sc04.alicdn.com\/kf\/Hbc04fbc3fc994366af3e81ad9781113aQ\/205957178\/Hbc04fbc3fc994366af3e81ad9781113aQ.jpg\" data-alt=\"SINO TRUCK 12 Wheeler  HOWO  8x4  Sinotruck NEW AND USED HOWO Dump Truck Tipper Truck\" data-width=\"699\" data-height=\"786\" \/><img decoding=\"async\" src=\"https:\/\/sc04.alicdn.com\/kf\/Hd427248499e945e4a08640745c75aaf0b\/205957178\/Hd427248499e945e4a08640745c75aaf0b.jpg\" alt=\"SINO TRUCK 12 Wheeler  HOWO  8x4  Sinotruck NEW AND USED HOWO Dump Truck Tipper Truck\" width=\"698\" height=\"785\" data-src=\"\/\/sc04.alicdn.com\/kf\/Hd427248499e945e4a08640745c75aaf0b\/205957178\/Hd427248499e945e4a08640745c75aaf0b.jpg\" data-alt=\"SINO TRUCK 12 Wheeler  HOWO  8x4  Sinotruck NEW AND USED HOWO Dump Truck Tipper Truck\" data-width=\"698\" data-height=\"785\" \/><\/p>\n<\/div>\n<\/div>\n<div id=\"ali-anchor-AliPostDhMb-4pexm\" class=\"mceSectionContainer\" data-section-title=\"Packaging &amp; Shipping\" data-section=\"AliPostDhMb-4pexm\">\n<div id=\"ali-title-AliPostDhMb-4pexm\"><\/div>\n<\/div>\n<\/div>\n<\/div>","protected":false},"excerpt":{"rendered":"<p>Descripci\u00f3n del producto Cami\u00f3n volquete HOWO 6\u00d74 Tipo de conducci\u00f3n Mano izquierda Cabina HW76 Motor Marca: SINOTRUK wd615.47 Transmisi\u00f3n HW19712, 12F &amp; 2R, con toma de fuerza Direcci\u00f3n Direcci\u00f3n asistida ZF, modelo ZF8118, direcci\u00f3n hidr\u00e1ulica con asistencia el\u00e9ctrica Eje delantero HF9 x2 Direcci\u00f3n con viga de secci\u00f3n transversal dobleT Eje trasero HC16, 2\u00d716000 KGCarcasa de eje presionada, reducci\u00f3n central simple con reducci\u00f3n de cubo y con bloqueos diferenciales entre ruedas y ejes.Ratio:5.73 Eje de la h\u00e9lice Eje de la h\u00e9lice de junta universal doble con brida de acoplamiento en forma de engranaje Chasis Marco: Bastidor de escalera paralela de perfil en U con secci\u00f3n de 300x80x8mm, y sub-bastidor reforzado todos los travesa\u00f1os remachados en fr\u00edo Suspensi\u00f3n delantera:10 ballestas semiel\u00edpticas, amortiguadores hidr\u00e1ulicos telesc\u00f3picos de doble acci\u00f3n y estabilizador Suspensi\u00f3n trasera:12 ballestas semiel\u00edpticas, muelle de bogie y estabilizador Freno Freno de servicio: freno de aire comprimido de doble circuitoFreno de estacionamiento (freno de emergencia): energ\u00eda de muelle, aire comprimido que act\u00faa sobre el eje delantero y las ruedas traserasFreno auxiliar: freno de escape del motor Electricidad Tensi\u00f3n de funcionamiento: 24 V, negativo a tierra Motor de arranque: 24 V, 5.4 Kw Alternador: Trif\u00e1sico, 28 V, 1500 W Bater\u00edas: 2 x 12 V, 165 Ah Encendedor de cigarros, claxon, faros, luces antiniebla, luces de freno, intermitentes y luz de marcha atr\u00e1s Neum\u00e1ticos 12.00r20, radiales con un neum\u00e1tico de repuesto....<\/p>","protected":false},"featured_media":765,"comment_status":"open","ping_status":"closed","template":"","meta":{"_seopress_robots_primary_cat":"","_seopress_titles_title":"","_seopress_titles_desc":"","_seopress_robots_index":"","_kad_post_transparent":"default","_kad_post_title":"","_kad_post_layout":"default","_kad_post_sidebar_id":"","_kad_post_content_style":"default","_kad_post_vertical_padding":"default","_kad_post_feature":"","_kad_post_feature_position":"","_kad_post_header":false,"_kad_post_footer":false,"_kad_post_classname":""},"product_brand":[],"product_cat":[34],"product_tag":[],"class_list":{"0":"post-764","1":"product","2":"type-product","3":"status-publish","4":"has-post-thumbnail","6":"product_cat-dump-truck","8":"first","9":"instock","10":"shipping-taxable","11":"product-type-simple","12":"entry","13":"content-bg","14":"loop-entry"},"_links":{"self":[{"href":"https:\/\/kdzgtruck.com\/es\/wp-json\/wp\/v2\/product\/764","targetHints":{"allow":["GET"]}}],"collection":[{"href":"https:\/\/kdzgtruck.com\/es\/wp-json\/wp\/v2\/product"}],"about":[{"href":"https:\/\/kdzgtruck.com\/es\/wp-json\/wp\/v2\/types\/product"}],"replies":[{"embeddable":true,"href":"https:\/\/kdzgtruck.com\/es\/wp-json\/wp\/v2\/comments?post=764"}],"wp:featuredmedia":[{"embeddable":true,"href":"https:\/\/kdzgtruck.com\/es\/wp-json\/wp\/v2\/media\/765"}],"wp:attachment":[{"href":"https:\/\/kdzgtruck.com\/es\/wp-json\/wp\/v2\/media?parent=764"}],"wp:term":[{"taxonomy":"product_brand","embeddable":true,"href":"https:\/\/kdzgtruck.com\/es\/wp-json\/wp\/v2\/product_brand?post=764"},{"taxonomy":"product_cat","embeddable":true,"href":"https:\/\/kdzgtruck.com\/es\/wp-json\/wp\/v2\/product_cat?post=764"},{"taxonomy":"product_tag","embeddable":true,"href":"https:\/\/kdzgtruck.com\/es\/wp-json\/wp\/v2\/product_tag?post=764"}],"curies":[{"name":"wp","href":"https:\/\/api.w.org\/{rel}","templated":true}]}}