{"id":757,"date":"2024-11-08T19:33:10","date_gmt":"2024-11-08T11:33:10","guid":{"rendered":"https:\/\/kdzgtruck.com\/?post_type=product&#038;p=757"},"modified":"2024-11-08T19:33:10","modified_gmt":"2024-11-08T11:33:10","slug":"hydraulic-rear-dump-trailer-3-axles-40-cubic-meter-tipper-semi-truck-dumper-trailer-for-sale","status":"publish","type":"product","link":"https:\/\/kdzgtruck.com\/es\/producto\/hydraulic-rear-dump-trailer-3-axles-40-cubic-meter-tipper-semi-truck-dumper-trailer-for-sale\/","title":{"rendered":"Hidr\u00e1ulico trasero Dump remolque de 3 ejes de 40 metros c\u00fabicos Volquete Semi Cami\u00f3n dumper remolque para la venta"},"content":{"rendered":"<div class=\"module_product_packaging_and_quick_detail\">\n<div class=\"widget-detail-overview\">\n<div class=\"do-title\" data-spm-anchor-id=\"a2700.details.0.i38.530112663qgdm8\">Visi\u00f3n general<\/div>\n<div id=\"car-parts-model\"><\/div>\n<\/div>\n<\/div>\n<div class=\"module_detail_video\"><\/div>\n<div class=\"module_product_specification\">\n<div id=\"J-rich-text-description\" class=\"richtext richtext-detail rich-text-description\">\n<p>&nbsp;<\/p>\n<table class=\"aliDataTable\" border=\"1\" cellspacing=\"0\" cellpadding=\"0\">\n<tbody>\n<tr align=\"left\">\n<td valign=\"top\">Peso<\/td>\n<td valign=\"top\">&nbsp;<\/td>\n<\/tr>\n<tr align=\"left\">\n<td valign=\"top\">\u00a0\u00a0 Tare weight<\/td>\n<td valign=\"top\">8.5T-10T<\/td>\n<\/tr>\n<tr align=\"left\">\n<td valign=\"top\">\u00a0\u00a0 Payload<\/td>\n<td valign=\"top\">60T(27m3)<\/td>\n<\/tr>\n<tr align=\"left\">\n<td valign=\"top\">\u00a0\u00a0 Axle weight<\/td>\n<td valign=\"top\">14T\/16T\/20T per axle<\/td>\n<\/tr>\n<tr align=\"left\">\n<td valign=\"top\">Especificaci\u00f3n<\/td>\n<td valign=\"top\">&nbsp;<\/td>\n<\/tr>\n<tr align=\"left\">\n<td valign=\"top\">\u00a0\u00a0 Axle number<\/td>\n<td valign=\"top\">3<\/td>\n<\/tr>\n<tr align=\"left\">\n<td valign=\"top\">\u00a0\u00a0 Axle brand<\/td>\n<td valign=\"top\">Fuwa\/hj\/bpw<\/td>\n<\/tr>\n<tr align=\"left\">\n<td valign=\"top\">Suspension<\/td>\n<td valign=\"top\">Mechanical suspension<\/td>\n<\/tr>\n<tr align=\"left\">\n<td valign=\"top\">Kingpin<\/td>\n<td valign=\"top\">JOST50#\/90# traction pin<\/td>\n<\/tr>\n<tr align=\"left\">\n<td valign=\"top\">Dimensions(L*W*H)<\/td>\n<td valign=\"top\">9500x2500x3000(inner)<\/td>\n<\/tr>\n<tr align=\"left\">\n<td valign=\"top\">Rim<\/td>\n<td valign=\"top\">8.8 12pieces<\/td>\n<\/tr>\n<tr align=\"left\">\n<td valign=\"top\">Lifting system<\/td>\n<td valign=\"top\">hyva international brand<\/td>\n<\/tr>\n<tr align=\"left\">\n<td valign=\"top\">Steel spring<\/td>\n<td valign=\"top\">10pieces<\/td>\n<\/tr>\n<tr align=\"left\">\n<td valign=\"top\">Neum\u00e1tico<\/td>\n<td valign=\"top\">&nbsp;<\/td>\n<\/tr>\n<tr align=\"left\">\n<td valign=\"top\">Tire specs<\/td>\n<td valign=\"top\">12.00-20 \u00a0triangle brand<\/td>\n<\/tr>\n<tr align=\"left\">\n<td valign=\"top\">Number of tire<\/td>\n<td valign=\"top\">12 pieces<\/td>\n<\/tr>\n<tr align=\"left\">\n<td valign=\"top\">Spare tire carriers<\/td>\n<td valign=\"top\">2 pieces<\/td>\n<\/tr>\n<tr align=\"left\">\n<td valign=\"top\">Frame<\/td>\n<td valign=\"top\">&nbsp;<\/td>\n<\/tr>\n<tr align=\"left\">\n<td valign=\"top\">Frame beam<\/td>\n<td valign=\"top\">Upper and lower plate is 20mm.middle is 10mm(double\/three plate) height is 500mm<\/td>\n<\/tr>\n<tr align=\"left\">\n<td valign=\"top\">Frame floor<\/td>\n<td valign=\"top\">The thickness is 3mm flat bed<\/td>\n<\/tr>\n<tr align=\"left\">\n<td valign=\"top\">Freno<\/td>\n<td valign=\"top\">&nbsp;<\/td>\n<\/tr>\n<tr align=\"left\">\n<td valign=\"top\">Brake brand<\/td>\n<td valign=\"top\">Kemi brand of china<\/td>\n<\/tr>\n<tr align=\"left\">\n<td valign=\"top\">Brake chamber<\/td>\n<td valign=\"top\">Two double and two single chamber(TKL brand)<\/td>\n<\/tr>\n<tr align=\"left\">\n<td valign=\"top\">ABS<\/td>\n<td valign=\"top\">Kemi brand of china (4s\/2m)<\/td>\n<\/tr>\n<tr align=\"left\">\n<td valign=\"top\">Electrical system<\/td>\n<td valign=\"top\">&nbsp;<\/td>\n<\/tr>\n<tr align=\"left\">\n<td valign=\"top\">Voltage<\/td>\n<td valign=\"top\">24v<\/td>\n<\/tr>\n<tr align=\"left\">\n<td valign=\"top\">Receptacle<\/td>\n<td valign=\"top\">7ways(7wire harness)<\/td>\n<\/tr>\n<tr align=\"left\">\n<td valign=\"top\">Light color<\/td>\n<td valign=\"top\">&nbsp;<\/td>\n<\/tr>\n<tr align=\"left\">\n<td valign=\"top\">Side marker lamp<\/td>\n<td valign=\"top\">orange<\/td>\n<\/tr>\n<tr align=\"left\">\n<td valign=\"top\">Rear lamp<\/td>\n<td valign=\"top\">red<\/td>\n<\/tr>\n<tr align=\"left\">\n<td valign=\"top\">Turn signal lamp<\/td>\n<td valign=\"top\">orange<\/td>\n<\/tr>\n<tr align=\"left\">\n<td valign=\"top\">Support leg<\/td>\n<td valign=\"top\">JOST D200T<\/td>\n<\/tr>\n<\/tbody>\n<\/table>\n<p>&nbsp;<\/p>\n<p>our\u00a0products:<\/p>\n<p>&nbsp;<\/p>\n<p><strong>box semi trailer<\/strong>:side wall semi trailer, stake semi trailer, fence semi trailer, van semi trailer, cargo \u00a0semi trailer<\/p>\n<p>&nbsp;<\/p>\n<p><strong>flatbed semi trailer<\/strong>: lowbed semi trailer, lowbed semi trailer with ladder stand, flat bed semi trailer for container<\/p>\n<p>&nbsp;<\/p>\n<p>&nbsp;<\/p>\n<p><strong>tanker semi trailer<\/strong>: fuel tanker semi trailer,\u00a0bulk cement tanker semi trailer<\/p>\n<p><strong>dump semi trailer<\/strong>: end dump trailer, side dump trailer, flatbed dump trailer, semi van trailer dump<\/p>\n<p>&nbsp;<\/p>\n<div id=\"ali-anchor-AliPostDhMb-svise\" class=\"mceSectionContainer\" data-section=\"AliPostDhMb-svise\" data-section-title=\"Packaging &amp; Shipping\">\n<div id=\"ali-title-AliPostDhMb-svise\">Packaging &amp; Shipping<\/div>\n<div>\n<p>\u00a0<img decoding=\"async\" src=\"https:\/\/sc04.alicdn.com\/kf\/Hab533883782f44feb478e0825242386aJ\/205957178\/Hab533883782f44feb478e0825242386aJ.jpg\" alt=\"Hydraulic Rear Dump trailer 3 Axles 40 cubic meter Tipper Semi Truck dumper Trailer For Sale\" width=\"750\" height=\"937.5\" data-src=\"\/\/sc04.alicdn.com\/kf\/Hab533883782f44feb478e0825242386aJ\/205957178\/Hab533883782f44feb478e0825242386aJ.jpg\" data-alt=\"Hydraulic Rear Dump trailer 3 Axles 40 cubic meter Tipper Semi Truck dumper Trailer For Sale\" \/><\/p>\n<\/div>\n<\/div>\n<p>&nbsp;<\/p>\n<p>&nbsp;<\/p>\n<div id=\"ali-anchor-AliPostDhMb-iasd6\" class=\"mceSectionContainer\" data-section=\"AliPostDhMb-iasd6\" data-section-title=\"Company Information\">\n<div id=\"ali-title-AliPostDhMb-iasd6\">Company Information<\/div>\n<div>\n<p>&nbsp;<\/p>\n<\/div>\n<\/div>\n<p>&nbsp;<\/p>\n<p>&nbsp;<\/p>\n<p><img decoding=\"async\" src=\"https:\/\/sc04.alicdn.com\/kf\/H8d892f1b61fd477dacd7cdb76e0313c6Z\/205957178\/H8d892f1b61fd477dacd7cdb76e0313c6Z.jpg\" alt=\"Hydraulic Rear Dump trailer 3 Axles 40 cubic meter Tipper Semi Truck dumper Trailer For Sale\" width=\"750\" height=\"1415.0943396226414\" data-src=\"\/\/sc04.alicdn.com\/kf\/H8d892f1b61fd477dacd7cdb76e0313c6Z\/205957178\/H8d892f1b61fd477dacd7cdb76e0313c6Z.jpg\" data-alt=\"Hydraulic Rear Dump trailer 3 Axles 40 cubic meter Tipper Semi Truck dumper Trailer For Sale\" data-spm-anchor-id=\"a2700.details.0.i39.530112663qgdm8\" \/><\/p>\n<div id=\"ali-anchor-AliPostDhMb-enbcr\" class=\"mceSectionContainer\" data-section=\"AliPostDhMb-enbcr\" data-section-title=\"Our Services\">\n<div id=\"ali-title-AliPostDhMb-enbcr\">Nuestros servicios<\/div>\n<div>\n<p>&nbsp;<\/p>\n<\/div>\n<\/div>\n<p><img fetchpriority=\"high\" decoding=\"async\" src=\"https:\/\/sc04.alicdn.com\/kf\/H695f70ede0304aa4b620892c156a80fcJ\/205957178\/H695f70ede0304aa4b620892c156a80fcJ.jpg\" alt=\"Hydraulic Rear Dump trailer 3 Axles 40 cubic meter Tipper Semi Truck dumper Trailer For Sale\" width=\"750\" height=\"1250\" data-src=\"\/\/sc04.alicdn.com\/kf\/H695f70ede0304aa4b620892c156a80fcJ\/205957178\/H695f70ede0304aa4b620892c156a80fcJ.jpg\" data-alt=\"Hydraulic Rear Dump trailer 3 Axles 40 cubic meter Tipper Semi Truck dumper Trailer For Sale\" \/><\/p>\n<\/div>\n<\/div>","protected":false},"excerpt":{"rendered":"<p>Visi\u00f3n general Peso Peso en tara 8.5T-10T Carga \u00fatil 60T(27m3) Peso por eje 14T\/16T\/20T por eje Especificaci\u00f3n N\u00famero de ejes 3 Eje marca Fuwa\/hj\/bpw Suspensi\u00f3n Suspensi\u00f3n mec\u00e1nica Kingpin JOST50#\/90# pasador de tracci\u00f3n Dimensiones(L*W*H) 9500x2500x3000(interior) Llanta 8.8 12piezas Sistema de elevaci\u00f3n hyva marca internacional Muelle de acero 10piezas Neum\u00e1tico Especificaciones de los neum\u00e1ticos 12.00-20 tri\u00e1ngulo marca N\u00famero...<\/p>","protected":false},"featured_media":758,"comment_status":"open","ping_status":"closed","template":"","meta":{"_seopress_robots_primary_cat":"","_seopress_titles_title":"","_seopress_titles_desc":"","_seopress_robots_index":"","_kad_post_transparent":"default","_kad_post_title":"","_kad_post_layout":"default","_kad_post_sidebar_id":"","_kad_post_content_style":"default","_kad_post_vertical_padding":"default","_kad_post_feature":"","_kad_post_feature_position":"","_kad_post_header":false,"_kad_post_footer":false,"_kad_post_classname":""},"product_brand":[],"product_cat":[33],"product_tag":[],"class_list":{"0":"post-757","1":"product","2":"type-product","3":"status-publish","4":"has-post-thumbnail","6":"product_cat-dump-trailer","8":"first","9":"instock","10":"shipping-taxable","11":"product-type-simple","12":"entry","13":"content-bg","14":"loop-entry"},"_links":{"self":[{"href":"https:\/\/kdzgtruck.com\/es\/wp-json\/wp\/v2\/product\/757","targetHints":{"allow":["GET"]}}],"collection":[{"href":"https:\/\/kdzgtruck.com\/es\/wp-json\/wp\/v2\/product"}],"about":[{"href":"https:\/\/kdzgtruck.com\/es\/wp-json\/wp\/v2\/types\/product"}],"replies":[{"embeddable":true,"href":"https:\/\/kdzgtruck.com\/es\/wp-json\/wp\/v2\/comments?post=757"}],"wp:featuredmedia":[{"embeddable":true,"href":"https:\/\/kdzgtruck.com\/es\/wp-json\/wp\/v2\/media\/758"}],"wp:attachment":[{"href":"https:\/\/kdzgtruck.com\/es\/wp-json\/wp\/v2\/media?parent=757"}],"wp:term":[{"taxonomy":"product_brand","embeddable":true,"href":"https:\/\/kdzgtruck.com\/es\/wp-json\/wp\/v2\/product_brand?post=757"},{"taxonomy":"product_cat","embeddable":true,"href":"https:\/\/kdzgtruck.com\/es\/wp-json\/wp\/v2\/product_cat?post=757"},{"taxonomy":"product_tag","embeddable":true,"href":"https:\/\/kdzgtruck.com\/es\/wp-json\/wp\/v2\/product_tag?post=757"}],"curies":[{"name":"wp","href":"https:\/\/api.w.org\/{rel}","templated":true}]}}