{"id":735,"date":"2024-11-08T17:15:10","date_gmt":"2024-11-08T09:15:10","guid":{"rendered":"https:\/\/kdzgtruck.com\/?post_type=product&#038;p=735"},"modified":"2024-11-08T17:15:10","modified_gmt":"2024-11-08T09:15:10","slug":"low-bed-semi-trailer-truck-50ton-machine-transport-capacity","status":"publish","type":"product","link":"https:\/\/kdzgtruck.com\/es\/producto\/low-bed-semi-trailer-truck-50ton-machine-transport-capacity\/","title":{"rendered":"Cami\u00f3n semirremolque de plataforma baja con capacidad de transporte de maquinaria de 50 toneladas"},"content":{"rendered":"<div class=\"J_module\">\n<div id=\"ali-anchor-AliMagic-5whgem\" class=\"magic-0\" data-section=\"AliMagic-5whgem\" data-section-title=\"Specification\">Especificaci\u00f3n<\/div>\n<\/div>\n<div class=\"J_module\">\n<div class=\"ife-detail-decorate-table\">\n<table class=\"has-title all magic-10\">\n<tbody>\n<tr>\n<td colspan=\"1\" rowspan=\"1\">\n<div class=\"magic-11\">Nombre del producto<\/div>\n<\/td>\n<td colspan=\"1\" rowspan=\"1\">\n<div class=\"magic-12\">Lowbed Semi Truck Trailer<\/div>\n<\/td>\n<\/tr>\n<tr>\n<td colspan=\"1\" rowspan=\"1\">\n<div class=\"magic-11\">Talla<\/div>\n<\/td>\n<td colspan=\"1\" rowspan=\"1\">\n<div class=\"magic-12\">12500-16500mm*2500mm-3500mm*3300mm<\/div>\n<\/td>\n<\/tr>\n<tr>\n<td colspan=\"1\" rowspan=\"1\">\n<div class=\"magic-11\">Tare weight<\/div>\n<\/td>\n<td colspan=\"1\" rowspan=\"1\">\n<div class=\"magic-12\">About 8.5T-13T<\/div>\n<\/td>\n<\/tr>\n<tr>\n<td colspan=\"1\" rowspan=\"1\">\n<div class=\"magic-11\">Payload<\/div>\n<\/td>\n<td colspan=\"1\" rowspan=\"1\">\n<div class=\"magic-12\">40T-100T<\/div>\n<\/td>\n<\/tr>\n<tr>\n<td colspan=\"1\" rowspan=\"1\">\n<div class=\"magic-11\">Eje<\/div>\n<\/td>\n<td colspan=\"1\" rowspan=\"1\">\n<div class=\"magic-12\">13T\/16T\/20T, FUWA\/BPW\/YUETONG Brand<\/div>\n<\/td>\n<\/tr>\n<tr>\n<td colspan=\"1\" rowspan=\"1\">\n<div class=\"magic-11\">Neum\u00e1tico<\/div>\n<\/td>\n<td colspan=\"1\" rowspan=\"1\">\n<div class=\"magic-12\">12.00R22.5\/315 80R22.5\/11.00R20\/12.00R20 Brand can be optional<\/div>\n<\/td>\n<\/tr>\n<\/tbody>\n<\/table>\n<\/div>\n<\/div>\n<div class=\"J_module\">\n<div id=\"ali-anchor-AliMagic-tbksmn\" class=\"magic-0\" data-section=\"AliMagic-tbksmn\" data-section-title=\"Packing &amp; Delivery\">Embalaje y entrega<\/div>\n<\/div>\n<div class=\"J_module\">\n<div class=\"icbu-pc-images magic-13\">\n<div>\n<div class=\"flex-layout-v\">\n<div class=\"flex-layout-h magic-13\">\n<div class=\"magic-14\"><img decoding=\"async\" class=\"magic-15\" src=\"https:\/\/sc04.alicdn.com\/kf\/HTB1NC0oOVXXXXXxaXXXq6xXFXXXE\/205957178\/HTB1NC0oOVXXXXXxaXXXq6xXFXXXE.jpg\" data-src=\"\/\/sc04.alicdn.com\/kf\/HTB1NC0oOVXXXXXxaXXXq6xXFXXXE\/205957178\/HTB1NC0oOVXXXXXxaXXXq6xXFXXXE.jpg\" \/><\/div>\n<div class=\"magic-16\"><img decoding=\"async\" class=\"magic-17\" src=\"https:\/\/sc04.alicdn.com\/kf\/HTB1JTTxNVXXXXbraXXXq6xXFXXXD\/205957178\/HTB1JTTxNVXXXXbraXXXq6xXFXXXD.jpg\" data-src=\"\/\/sc04.alicdn.com\/kf\/HTB1JTTxNVXXXXbraXXXq6xXFXXXD\/205957178\/HTB1JTTxNVXXXXbraXXXq6xXFXXXD.jpg\" \/><\/div>\n<\/div>\n<\/div>\n<\/div>\n<\/div>\n<\/div>\n<div class=\"J_module\">\n<div id=\"ali-anchor-AliMagic-7mks0b\" class=\"magic-0\" data-section=\"AliMagic-7mks0b\" data-section-title=\"Company Profile\">Perfil de la empresa<\/div>\n<div data-section=\"AliMagic-7mks0b\" data-section-title=\"Company Profile\">\n<div class=\"J_module\">\n<div class=\"detail-decorate-json-renderer-container\">\n<div class=\"magic-19\">\n<div class=\"magic-20\">\n<div class=\"magic-21\">\n<div class=\"magic-22\" data-spm-anchor-id=\"a2700.details.0.i45.2a9278f4FhHjLC\"><span data-spm-anchor-id=\"a2700.details.0.i46.2a9278f4FhHjLC\">Jinan Kunda Automobile Sales Co., Ltd. se estableci\u00f3 en 2010 y se encuentra en el \u00c1rea Nacional de Salida de Camiones Pesados de China, Distrito de Shizhong, Ciudad de Jinan, Provincia de Shandong, especializada en la venta de camiones ligeros y pesados y accesorios. Los productos principales son la nueva marca HOWO producida por Sinotruk y la marca SHCMAN 6\u00d74, 4\u00d72 tractores de corta, media y larga distancia,4\u00d72,6\u00d74, 8\u00d74 camiones volquetes, 4\u00d72, 6\u00d74, 8\u00d74, camiones de transporte de circulaci\u00f3n de carga, 10 Square, 20, 25 square camiones de riego, camiones de combustible, 6\u00d74 8\u00d74 camiones hormigonera de cemento, y tambi\u00e9n puede proporcionar chasis de alta calidad para m\u00e1quinas de perforaci\u00f3n, camiones de bomberos y otros veh\u00edculos especiales. Hay muchos clientes cooperativos en \u00c1frica, Asia Central, Sudeste Asi\u00e1tico y Sudam\u00e9rica. Invitamos a nuestros amigos a contactarnos para una cooperaci\u00f3n ganar-ganar.<\/span><\/div>\n<\/div>\n<\/div>\n<\/div>\n<\/div>\n<\/div>\n<div class=\"J_module\">\n<div id=\"ali-anchor-AliMagic-s9u1l6\" class=\"magic-0\" data-section=\"AliMagic-s9u1l6\" data-section-title=\"Customer Photos\">Fotos de clientes<\/div>\n<\/div>\n<div class=\"J_module\">\n<div class=\"icbu-pc-images magic-13\">\n<div>\n<div class=\"flex-layout-v\">\n<div class=\"flex-layout-h magic-13\">\n<div class=\"magic-23\"><img decoding=\"async\" class=\"magic-24\" src=\"https:\/\/sc04.alicdn.com\/kf\/Hf8000e59b77b49bc994ea41e6b9405a4m\/205957178\/Hf8000e59b77b49bc994ea41e6b9405a4m.jpg\" data-src=\"\/\/sc04.alicdn.com\/kf\/Hf8000e59b77b49bc994ea41e6b9405a4m\/205957178\/Hf8000e59b77b49bc994ea41e6b9405a4m.jpg\" \/><\/div>\n<\/div>\n<\/div>\n<\/div>\n<\/div>\n<\/div>\n<div class=\"J_module\">\n<div id=\"ali-anchor-AliMagic-wwp9rc\" class=\"magic-0\" data-section=\"AliMagic-wwp9rc\" data-section-title=\"FAQ\">PREGUNTAS FRECUENTES<\/div>\n<\/div>\n<div class=\"J_module\">\n<div class=\"detail-decorate-json-renderer-container\">\n<div class=\"magic-19\">\n<div class=\"magic-20\">\n<div class=\"magic-21\">\n<div class=\"magic-22\">P: \u00bfCu\u00e1l es el medio de transporte?<\/p>\n<div>A\uff1aBulk.<\/p>\n<p>Q:Can it be shipped by container?<br \/>\nA: Sure.But we need to take apart the truck.You should reinstall it in your country.<\/p>\n<p>Q:How about your product quality?<br \/>\nA: All our spare parts are sourced from the original manufacturers with original part numbers and anti-fake labels. Our suppliers have passed the TS16949 qualification certification, ensuring 100% guaranteed quality.<\/p>\n<p>Q:What can you buy from us?<br \/>\nA:Truck, Howo Truck, Dump Truck, Tractor Truck, Concrete Mixer Truck, Cargo Truck, Semi Trailer, Flat Bed Trailer, Water Tank Truck,Oil Tank Truck, Crane Truck, Wheel loader, Truck, Howo Truck, Dump Truck, Cargo Truck, Semi Trailer, Flat Bed Trailer, Water Tank Truck, Oil Tank Truck, Crane Truck and ect.<\/p>\n<p>Q:Why should you buy from us not from other suppliers?<br \/>\nA:Jinan Kunda Heavy Truck Sales Co., Ltd. is located in Jinan and is specialized in manufacturing heavy trucks. With an<br \/>\nexperienced and professional team, we have exported our products to many countries and regions all over the world.<\/p>\n<p>Q:What services can we provide?<br \/>\nA:Accepted Delivery Terms: FOB,CFR,CIF,EXW,FAS,CIP,DDP,DAF;<br \/>\nDivisa de pago aceptada: USD, EUR, HKD, CNY;<br \/>\nTipo de pago aceptado: T\/T,L\/C,D\/P D\/A,MoneyGram,Tarjeta de cr\u00e9dito,Western Union,Efectivo;<br \/>\nIdioma que habla:Ingl\u00e9s,Chino,Espa\u00f1ol,Portugu\u00e9s,\u00c1rabe,Franc\u00e9s,Ruso<\/p><\/div>\n<\/div>\n<\/div>\n<\/div>\n<\/div>\n<\/div>\n<\/div>\n<\/div>\n<\/div>","protected":false},"excerpt":{"rendered":"<p>Especificaci\u00f3n Nombre del producto Semirremolque de plataforma baja Tama\u00f1o 12500-16500mm*2500mm-3500mm*3300mm Peso en vac\u00edo Alrededor de 8.5T-13T Carga \u00fatil 40T-100T Eje 13T\/16T\/20T, FUWA\/BPW\/YUETONG Marca Neum\u00e1tico 12.00R22.5\/315 80R22.5\/11.00R20\/12.00R20 La marca puede ser opcional Embalaje y entrega Perfil de la empresa Jinan Kunda Automobile Sales Co.., Ltd. se estableci\u00f3 en 2010 y se encuentra en la zona de salida de camiones pesados de China Nacional, Distrito de Shizhong,...<\/p>","protected":false},"featured_media":736,"comment_status":"open","ping_status":"closed","template":"","meta":{"_seopress_robots_primary_cat":"","_seopress_titles_title":"","_seopress_titles_desc":"","_seopress_robots_index":"","_kad_post_transparent":"default","_kad_post_title":"","_kad_post_layout":"default","_kad_post_sidebar_id":"","_kad_post_content_style":"default","_kad_post_vertical_padding":"default","_kad_post_feature":"","_kad_post_feature_position":"","_kad_post_header":false,"_kad_post_footer":false,"_kad_post_classname":""},"product_brand":[],"product_cat":[32],"product_tag":[],"class_list":{"0":"post-735","1":"product","2":"type-product","3":"status-publish","4":"has-post-thumbnail","6":"product_cat-lowbed-trailer","8":"first","9":"instock","10":"shipping-taxable","11":"product-type-simple","12":"entry","13":"content-bg","14":"loop-entry"},"_links":{"self":[{"href":"https:\/\/kdzgtruck.com\/es\/wp-json\/wp\/v2\/product\/735","targetHints":{"allow":["GET"]}}],"collection":[{"href":"https:\/\/kdzgtruck.com\/es\/wp-json\/wp\/v2\/product"}],"about":[{"href":"https:\/\/kdzgtruck.com\/es\/wp-json\/wp\/v2\/types\/product"}],"replies":[{"embeddable":true,"href":"https:\/\/kdzgtruck.com\/es\/wp-json\/wp\/v2\/comments?post=735"}],"wp:featuredmedia":[{"embeddable":true,"href":"https:\/\/kdzgtruck.com\/es\/wp-json\/wp\/v2\/media\/736"}],"wp:attachment":[{"href":"https:\/\/kdzgtruck.com\/es\/wp-json\/wp\/v2\/media?parent=735"}],"wp:term":[{"taxonomy":"product_brand","embeddable":true,"href":"https:\/\/kdzgtruck.com\/es\/wp-json\/wp\/v2\/product_brand?post=735"},{"taxonomy":"product_cat","embeddable":true,"href":"https:\/\/kdzgtruck.com\/es\/wp-json\/wp\/v2\/product_cat?post=735"},{"taxonomy":"product_tag","embeddable":true,"href":"https:\/\/kdzgtruck.com\/es\/wp-json\/wp\/v2\/product_tag?post=735"}],"curies":[{"name":"wp","href":"https:\/\/api.w.org\/{rel}","templated":true}]}}