{"id":722,"date":"2024-11-08T16:55:56","date_gmt":"2024-11-08T08:55:56","guid":{"rendered":"https:\/\/kdzgtruck.com\/?post_type=product&#038;p=722"},"modified":"2024-11-08T16:55:56","modified_gmt":"2024-11-08T08:55:56","slug":"china-3-axle-40ton-50ton-fence-semi-cargo-trailer-side-wall-trailers-price","status":"publish","type":"product","link":"https:\/\/kdzgtruck.com\/es\/producto\/china-3-axle-40ton-50ton-fence-semi-cargo-trailer-side-wall-trailers-price\/","title":{"rendered":"China 3 Eje 40ton 50ton Cerca Semi Remolque de Carga Remolques Pared Lateral Precio"},"content":{"rendered":"<div class=\"J_module\">\n<div id=\"ali-anchor-AliMagic-b9xh3i\" class=\"magic-0\" data-section=\"AliMagic-b9xh3i\" data-section-title=\"Specification\" data-spm-anchor-id=\"a2700.details.0.i45.15484785woRWnZ\">Especificaci\u00f3n<\/div>\n<\/div>\n<div class=\"J_module\">\n<div class=\"ife-detail-decorate-table\">\n<table class=\"has-title all magic-14\">\n<tbody>\n<tr>\n<td colspan=\"1\" rowspan=\"1\">\n<div class=\"magic-15\">art\u00edculo<\/div>\n<\/td>\n<td colspan=\"1\" rowspan=\"1\">\n<div class=\"magic-16\">valor<\/div>\n<\/td>\n<\/tr>\n<tr>\n<td colspan=\"1\" rowspan=\"1\">\n<div class=\"magic-15\">Utilice<\/div>\n<\/td>\n<td colspan=\"1\" rowspan=\"1\">\n<div class=\"magic-16\">Remolque de cami\u00f3n<\/div>\n<\/td>\n<\/tr>\n<tr>\n<td colspan=\"1\" rowspan=\"1\">\n<div class=\"magic-15\">Tipo<\/div>\n<\/td>\n<td colspan=\"1\" rowspan=\"1\">\n<div class=\"magic-16\">Semirremolque<\/div>\n<\/td>\n<\/tr>\n<tr>\n<td colspan=\"1\" rowspan=\"1\">\n<div class=\"magic-15\">Material<\/div>\n<\/td>\n<td colspan=\"1\" rowspan=\"1\">\n<div class=\"magic-16\">Acero<\/div>\n<\/td>\n<\/tr>\n<tr>\n<td colspan=\"1\" rowspan=\"1\">\n<div class=\"magic-15\">Carga \u00fatil m\u00e1xima<\/div>\n<\/td>\n<td colspan=\"1\" rowspan=\"1\">\n<div class=\"magic-16\">50 toneladas<\/div>\n<\/td>\n<\/tr>\n<tr>\n<td colspan=\"1\" rowspan=\"1\">\n<div class=\"magic-15\">Lugar de origen<\/div>\n<\/td>\n<td colspan=\"1\" rowspan=\"1\">\n<div class=\"magic-16\">shandong<\/div>\n<\/td>\n<\/tr>\n<tr>\n<td colspan=\"1\" rowspan=\"1\">\n<div class=\"magic-15\">Marca<\/div>\n<\/td>\n<td colspan=\"1\" rowspan=\"1\">\n<div class=\"magic-16\">kunda<\/div>\n<\/td>\n<\/tr>\n<tr>\n<td colspan=\"1\" rowspan=\"1\">\n<div class=\"magic-15\">Nombre del producto<\/div>\n<\/td>\n<td colspan=\"1\" rowspan=\"1\">\n<div class=\"magic-16\">Semirremolque vallado<\/div>\n<\/td>\n<\/tr>\n<tr>\n<td colspan=\"1\" rowspan=\"1\">\n<div class=\"magic-15\">Eje<\/div>\n<\/td>\n<td colspan=\"1\" rowspan=\"1\">\n<div class=\"magic-16\">13 Ton Marca Fuwa<\/div>\n<\/td>\n<\/tr>\n<tr>\n<td colspan=\"1\" rowspan=\"1\">\n<div class=\"magic-15\">Neum\u00e1tico<\/div>\n<\/td>\n<td colspan=\"1\" rowspan=\"1\">\n<div class=\"magic-16\">12R22.5<\/div>\n<\/td>\n<\/tr>\n<tr>\n<td colspan=\"1\" rowspan=\"1\">\n<div class=\"magic-15\">Dimensi\u00f3n<\/div>\n<\/td>\n<td colspan=\"1\" rowspan=\"1\">\n<div class=\"magic-16\">14000*2500*3700<\/div>\n<\/td>\n<\/tr>\n<tr>\n<td colspan=\"1\" rowspan=\"1\">\n<div class=\"magic-15\">suelo<\/div>\n<\/td>\n<td colspan=\"1\" rowspan=\"1\">\n<div class=\"magic-16\">4 mm<\/div>\n<\/td>\n<\/tr>\n<tr>\n<td colspan=\"1\" rowspan=\"1\">\n<div class=\"magic-15\">Viga principal<\/div>\n<\/td>\n<td colspan=\"1\" rowspan=\"1\">\n<div class=\"magic-16\">500 mm<\/div>\n<\/td>\n<\/tr>\n<tr>\n<td colspan=\"1\" rowspan=\"1\">\n<div class=\"magic-15\">Sistema de suspensi\u00f3n<\/div>\n<\/td>\n<td colspan=\"1\" rowspan=\"1\">\n<div class=\"magic-16\">4 ejes en ballesta<\/div>\n<\/td>\n<\/tr>\n<tr>\n<td colspan=\"1\" rowspan=\"1\">\n<div class=\"magic-15\">Capacidad de carga<\/div>\n<\/td>\n<td colspan=\"1\" rowspan=\"1\">\n<div class=\"magic-16\">30T ~ 100T<\/div>\n<\/td>\n<\/tr>\n<tr>\n<td colspan=\"1\" rowspan=\"1\">\n<div class=\"magic-15\">lado de carga<\/div>\n<\/td>\n<td colspan=\"1\" rowspan=\"1\">\n<div class=\"magic-16\">900mm+valla 800mm<\/div>\n<\/td>\n<\/tr>\n<tr>\n<td colspan=\"1\" rowspan=\"1\">\n<div class=\"magic-15\">Pasador de tracci\u00f3n<\/div>\n<\/td>\n<td colspan=\"1\" rowspan=\"1\">\n<div class=\"magic-16\">90#<\/div>\n<\/td>\n<\/tr>\n<\/tbody>\n<\/table>\n<\/div>\n<\/div>\n<p>&nbsp;<\/p>\n<div class=\"J_module\">\n<div id=\"ali-anchor-AliMagic-xsijf4\" class=\"magic-0\" data-section=\"AliMagic-xsijf4\" data-section-title=\"Packing &amp; Delivery\">Embalaje y entrega<\/div>\n<\/div>\n<div class=\"J_module\">\n<div class=\"icbu-pc-images magic-18\">\n<div>\n<div class=\"flex-layout-v\">\n<div class=\"flex-layout-h magic-18\">\n<div class=\"magic-30\"><img decoding=\"async\" class=\"magic-31\" src=\"https:\/\/sc04.alicdn.com\/kf\/H910cc55cac7445cda4a55cef4d4324580\/205957178\/H910cc55cac7445cda4a55cef4d4324580.jpg\" data-src=\"\/\/sc04.alicdn.com\/kf\/H910cc55cac7445cda4a55cef4d4324580\/205957178\/H910cc55cac7445cda4a55cef4d4324580.jpg\" \/><\/div>\n<div class=\"magic-32\"><img decoding=\"async\" class=\"magic-31\" src=\"https:\/\/sc04.alicdn.com\/kf\/H806daa517e0d4cef8129a6ece05234f8P\/205957178\/H806daa517e0d4cef8129a6ece05234f8P.jpg\" data-src=\"\/\/sc04.alicdn.com\/kf\/H806daa517e0d4cef8129a6ece05234f8P\/205957178\/H806daa517e0d4cef8129a6ece05234f8P.jpg\" \/><\/div>\n<\/div>\n<\/div>\n<\/div>\n<\/div>\n<\/div>\n<div class=\"J_module\">\n<div class=\"detail-decorate-json-renderer-container\">\n<div class=\"magic-25\">\n<div class=\"magic-26\">\n<div class=\"magic-27\">\n<div class=\"magic-28\"><span class=\"magic-29\">We have a professional customs declaration and delivery team; It can undertake land transportation, container transportation, bulk<br \/>\ncargo transportation, ro ro ship transportation and other freight transport modes. Provide professional, fast and high-quality<br \/>\nshipping services and safe and fast insurance claim settlement services. Let you rest assured is our team&#8217;s highest pursuit.<\/span><\/div>\n<\/div>\n<\/div>\n<\/div>\n<\/div>\n<\/div>\n<div class=\"J_module\">\n<div id=\"ali-anchor-AliMagic-ljevvr\" class=\"magic-0\" data-section=\"AliMagic-ljevvr\" data-section-title=\"Customer Photos\">Fotos de clientes<\/div>\n<\/div>\n<div class=\"J_module\">\n<div class=\"icbu-pc-images magic-18\">\n<div>\n<div class=\"flex-layout-v\">\n<div class=\"flex-layout-h magic-18\">\n<div class=\"magic-33\"><img decoding=\"async\" class=\"magic-34\" src=\"https:\/\/sc04.alicdn.com\/kf\/H695f70ede0304aa4b620892c156a80fcJ\/205957178\/H695f70ede0304aa4b620892c156a80fcJ.jpg\" data-src=\"\/\/sc04.alicdn.com\/kf\/H695f70ede0304aa4b620892c156a80fcJ\/205957178\/H695f70ede0304aa4b620892c156a80fcJ.jpg\" \/><\/div>\n<\/div>\n<\/div>\n<\/div>\n<\/div>\n<\/div>\n<div class=\"J_module\">\n<div class=\"detail-decorate-json-renderer-container\">\n<div class=\"magic-25\">\n<h3 class=\"magic-35\"><\/h3>\n<div class=\"magic-26\">\n<div class=\"magic-27\">\n<div class=\"magic-28\"><span class=\"magic-29\">Tenemos muchos clientes de \u00c1frica, Oriente Medio, Sudam\u00e9rica, Sudeste Asi\u00e1tico, Asia Central, Mongolia y Rusia. Tenemos una cooperaci\u00f3n larga y agradable. Bienvenido a ser nuestro socio.<\/span><\/div>\n<\/div>\n<\/div>\n<\/div>\n<\/div>\n<\/div>\n<div class=\"J_module\">\n<div id=\"ali-anchor-AliMagic-e090ur\" class=\"magic-0\" data-section=\"AliMagic-e090ur\" data-section-title=\"FAQ\">PREGUNTAS FRECUENTES<\/div>\n<\/div>\n<div class=\"J_module\">\n<div class=\"detail-decorate-json-renderer-container\">\n<div class=\"magic-25\">\n<div class=\"magic-26\">\n<div class=\"magic-27\">\n<div class=\"magic-28\"><span class=\"magic-29\"><b>1. \u00bfqui\u00e9nes somos?<\/b><br \/>\nTenemos nuestra sede en Shandong, China, comenzamos en 2010, vendemos a \u00c1frica (35.00%), Am\u00e9rica del Sur (15.00%), Sudeste Asi\u00e1tico (15.00%), Asia Meridional (5.00%), Ocean\u00eda (5.00%), Asia Oriental (5.00%), Am\u00e9rica Central (5.00%), Europa Oriental (5.00%), Mercado Nacional (5.00%), Oriente Medio (5.00%). En nuestra oficina trabajan en total entre 11 y 50 personas.<\/p>\n<p><b>2. \u00bfc\u00f3mo podemos garantizar la calidad?<\/b><br \/>\nSiempre una muestra de preproducci\u00f3n antes de la producci\u00f3n en serie;<br \/>\nSiempre Inspecci\u00f3n final antes del env\u00edo;<\/p>\n<p><b>3.\u00bfqu\u00e9 puede comprarnos?<\/b><br \/>\nCami\u00f3n, Cami\u00f3n Howo, Cami\u00f3n volquete, Tractocami\u00f3n, Cami\u00f3n hormigonera, Cami\u00f3n de carga, Semirremolque, Cami\u00f3n plataforma, Cami\u00f3n cisterna de agua, Cami\u00f3n cisterna de aceite, Cami\u00f3n gr\u00faa, Cargador de ruedas<\/p>\n<p><b>4. \u00bfpor qu\u00e9 comprarnos a nosotros y no a otros proveedores?<\/b><br \/>\nJinan Kunda Heavy Truck Sales Co., Ltd. est\u00e1 ubicada en Jinan y est\u00e1 especializada en la fabricaci\u00f3n de camiones pesados. Con un equipo experimentado y profesional, hemos exportado nuestros productos a muchos pa\u00edses y regiones de todo el mundo.<\/p>\n<p><b>5. \u00bfqu\u00e9 servicios podemos prestar?<\/b><br \/>\nCondiciones de entrega aceptadas: FOB,CFR,CIF,EXW,FAS,CIP,DDP,DAF\uff1b<br \/>\nDivisa de pago aceptada: USD, EUR, HKD, CNY;<br \/>\nTipo de pago aceptado: T\/T,L\/C,D\/P D\/A,MoneyGram,Tarjeta de cr\u00e9dito,Western Union,Efectivo;<br \/>\nIdioma que habla:Ingl\u00e9s,Chino,Espa\u00f1ol,Portugu\u00e9s,\u00c1rabe,Franc\u00e9s,Ruso<\/span><\/div>\n<\/div>\n<\/div>\n<\/div>\n<\/div>\n<\/div>\n<p>&nbsp;<\/p>\n<p>&nbsp;<\/p>","protected":false},"excerpt":{"rendered":"<p>Especificaci\u00f3n valor del art\u00edculo Uso Cami\u00f3n Remolque Tipo Semirremolque Material Acero Carga \u00fatil m\u00e1xima 50ton Lugar de origen shandong Marca kunda Nombre del producto Cerca Semi Remolque Eje 13 Ton Fuwa Marca Neum\u00e1tico 12R22.5 Dimensi\u00f3n 14000*2500*3700 piso 4mm Viga principal 500mm Sistema de suspensi\u00f3n 4 ejes en hoja de resorte Capacidad de carga 30T ~ 100T lado de carga 900mm+valla 800mm...<\/p>","protected":false},"featured_media":723,"comment_status":"open","ping_status":"closed","template":"","meta":{"_seopress_robots_primary_cat":"","_seopress_titles_title":"","_seopress_titles_desc":"","_seopress_robots_index":"","_kad_post_transparent":"default","_kad_post_title":"","_kad_post_layout":"default","_kad_post_sidebar_id":"","_kad_post_content_style":"default","_kad_post_vertical_padding":"default","_kad_post_feature":"","_kad_post_feature_position":"","_kad_post_header":false,"_kad_post_footer":false,"_kad_post_classname":""},"product_brand":[],"product_cat":[31],"product_tag":[],"class_list":{"0":"post-722","1":"product","2":"type-product","3":"status-publish","4":"has-post-thumbnail","6":"product_cat-fence-trailer","8":"first","9":"instock","10":"shipping-taxable","11":"product-type-simple","12":"entry","13":"content-bg","14":"loop-entry"},"_links":{"self":[{"href":"https:\/\/kdzgtruck.com\/es\/wp-json\/wp\/v2\/product\/722","targetHints":{"allow":["GET"]}}],"collection":[{"href":"https:\/\/kdzgtruck.com\/es\/wp-json\/wp\/v2\/product"}],"about":[{"href":"https:\/\/kdzgtruck.com\/es\/wp-json\/wp\/v2\/types\/product"}],"replies":[{"embeddable":true,"href":"https:\/\/kdzgtruck.com\/es\/wp-json\/wp\/v2\/comments?post=722"}],"wp:featuredmedia":[{"embeddable":true,"href":"https:\/\/kdzgtruck.com\/es\/wp-json\/wp\/v2\/media\/723"}],"wp:attachment":[{"href":"https:\/\/kdzgtruck.com\/es\/wp-json\/wp\/v2\/media?parent=722"}],"wp:term":[{"taxonomy":"product_brand","embeddable":true,"href":"https:\/\/kdzgtruck.com\/es\/wp-json\/wp\/v2\/product_brand?post=722"},{"taxonomy":"product_cat","embeddable":true,"href":"https:\/\/kdzgtruck.com\/es\/wp-json\/wp\/v2\/product_cat?post=722"},{"taxonomy":"product_tag","embeddable":true,"href":"https:\/\/kdzgtruck.com\/es\/wp-json\/wp\/v2\/product_tag?post=722"}],"curies":[{"name":"wp","href":"https:\/\/api.w.org\/{rel}","templated":true}]}}