{"id":670,"date":"2024-11-08T16:23:13","date_gmt":"2024-11-08T08:23:13","guid":{"rendered":"https:\/\/kdzgtruck.com\/?post_type=product&#038;p=670"},"modified":"2024-11-08T16:23:13","modified_gmt":"2024-11-08T08:23:13","slug":"sinotruk-howo-4x4-off-road-light-column-plate-cargo-truck-for-sale-2","status":"publish","type":"product","link":"https:\/\/kdzgtruck.com\/es\/producto\/sinotruk-howo-4x4-off-road-light-column-plate-cargo-truck-for-sale-2\/","title":{"rendered":"sinotruk howo 4\u00d74 fuera de la placa de la columna de luz de carretera cami\u00f3n de carga para la venta"},"content":{"rendered":"<p><img alt=\"\" fetchpriority=\"high\" decoding=\"async\" class=\"alignnone size-full wp-image-679\" src=\"https:\/\/kdzgtruck.com\/wp-content\/uploads\/2024\/11\/11-3.jpg\" width=\"1110\" height=\"725\" srcset=\"https:\/\/kdzgtruck.com\/wp-content\/uploads\/2024\/11\/11-3.jpg 1110w, https:\/\/kdzgtruck.com\/wp-content\/uploads\/2024\/11\/11-3-300x196.jpg 300w, https:\/\/kdzgtruck.com\/wp-content\/uploads\/2024\/11\/11-3-1024x669.jpg 1024w, https:\/\/kdzgtruck.com\/wp-content\/uploads\/2024\/11\/11-3-768x502.jpg 768w, https:\/\/kdzgtruck.com\/wp-content\/uploads\/2024\/11\/11-3-18x12.jpg 18w, https:\/\/kdzgtruck.com\/wp-content\/uploads\/2024\/11\/11-3-800x523.jpg 800w\" sizes=\"(max-width: 1110px) 100vw, 1110px\" \/> <img alt=\"\" decoding=\"async\" class=\"alignnone size-full wp-image-680\" src=\"https:\/\/kdzgtruck.com\/wp-content\/uploads\/2024\/11\/12-3.jpg\" width=\"1213\" height=\"724\" srcset=\"https:\/\/kdzgtruck.com\/wp-content\/uploads\/2024\/11\/12-3.jpg 1213w, https:\/\/kdzgtruck.com\/wp-content\/uploads\/2024\/11\/12-3-300x179.jpg 300w, https:\/\/kdzgtruck.com\/wp-content\/uploads\/2024\/11\/12-3-1024x611.jpg 1024w, https:\/\/kdzgtruck.com\/wp-content\/uploads\/2024\/11\/12-3-768x458.jpg 768w, https:\/\/kdzgtruck.com\/wp-content\/uploads\/2024\/11\/12-3-18x12.jpg 18w, https:\/\/kdzgtruck.com\/wp-content\/uploads\/2024\/11\/12-3-800x477.jpg 800w\" sizes=\"(max-width: 1213px) 100vw, 1213px\" \/><\/p>\n<table>\n<tbody>\n<tr>\n<td height=\"19\" data-spm-anchor-id=\"a2700.details.0.i74.420b5258OQHodP\">Modelo<\/td>\n<td height=\"19\">ZZ5047XXYG3314C145<\/td>\n<td height=\"19\"><\/td>\n<td height=\"19\"><\/td>\n<\/tr>\n<tr>\n<td height=\"19\">Marca<\/td>\n<td height=\"19\">HOWO<\/td>\n<td height=\"19\">Nombre<\/td>\n<td height=\"19\">VAN Cargo Truck<\/td>\n<\/tr>\n<tr>\n<td height=\"19\">Rated\u00a0quality<\/td>\n<td height=\"19\">1,560kg<\/td>\n<td height=\"19\">Total\u00a0mass<\/td>\n<td height=\"19\">5000kg<\/td>\n<\/tr>\n<tr>\n<td height=\"19\">Curb\u00a0weight<\/td>\n<td height=\"19\"><\/td>\n<td height=\"19\">Fuel<\/td>\n<td height=\"19\">diesel<\/td>\n<\/tr>\n<tr>\n<td height=\"34\">Emission\u00a0standard<\/td>\n<td height=\"34\">Euro 3<\/td>\n<td height=\"34\">Axis\u00a0number<\/td>\n<td height=\"34\">2<\/td>\n<\/tr>\n<tr>\n<td height=\"19\">Wheelbase<\/td>\n<td height=\"19\">3280<\/td>\n<td height=\"19\">Axle\u00a0load<\/td>\n<td height=\"19\" data-spm-anchor-id=\"a2700.details.0.i75.420b5258OQHodP\">2.5\/7.5(2\u00a0axle)<\/td>\n<\/tr>\n<tr>\n<td height=\"34\">Number\u00a0of\u00a0tires<\/td>\n<td height=\"34\">6<\/td>\n<td height=\"34\">Tire\u00a0specification<\/td>\n<td height=\"34\">85.00R16LT<\/td>\n<\/tr>\n<tr>\n<td height=\"34\">Front\/Rear\u00a0hang<\/td>\n<td height=\"34\">1160\/1555<\/td>\n<td height=\"34\">Vehicle\u00a0length<\/td>\n<td height=\"34\">5995mm<\/td>\n<\/tr>\n<tr>\n<td height=\"19\">Vehicle\u00a0width<\/td>\n<td height=\"19\">2496mm<\/td>\n<td height=\"19\">Vehicle\u00a0hight<\/td>\n<td height=\"19\">3170mm<\/td>\n<\/tr>\n<tr>\n<td height=\"19\">Cargo\u00a0length<\/td>\n<td height=\"19\">3850mm<\/td>\n<td height=\"19\">Cargo\u00a0width<\/td>\n<td height=\"19\">2300mm<\/td>\n<\/tr>\n<tr>\n<td height=\"19\">Cargo\u00a0hight<\/td>\n<td height=\"19\">2050mm<\/td>\n<td height=\"19\"><\/td>\n<td height=\"19\"><\/td>\n<\/tr>\n<tr>\n<td height=\"34\">Max\u00a0speed<\/td>\n<td height=\"34\">95<\/td>\n<td height=\"34\">Rated\u00a0passenger<\/td>\n<td height=\"34\">2\/3<\/td>\n<\/tr>\n<\/tbody>\n<\/table>","protected":false},"excerpt":{"rendered":"<p>Modelo ZZ5047XXYG3314C145 Marca HOWO Nombre VAN Cami\u00f3n de carga Calidad nominal 1,560kg Masa total 5000kg Peso en vac\u00edo Combustible diesel Emisi\u00f3n est\u00e1ndar Euro 3 N\u00famero de ejes 2 Distancia entre ejes 3280 Carga por eje 2.5\/7.5(2 ejes) N\u00famero de neum\u00e1ticos 6 Especificaci\u00f3n de neum\u00e1ticos 85.00R16LT Delanteros\/Traseros cuelgan 1160\/1555 Longitud del veh\u00edculo 5995mm Ancho del veh\u00edculo 2496mm Altura del veh\u00edculo 3170mm Longitud de carga 3850mm Ancho de carga 2300mm Altura de carga 2050mm Velocidad m\u00e1xima 95 \u00cdndice de pasajeros 2\/3<\/p>","protected":false},"featured_media":671,"comment_status":"open","ping_status":"closed","template":"","meta":{"_seopress_robots_primary_cat":"","_seopress_titles_title":"","_seopress_titles_desc":"","_seopress_robots_index":"","_kad_post_transparent":"default","_kad_post_title":"","_kad_post_layout":"default","_kad_post_sidebar_id":"","_kad_post_content_style":"default","_kad_post_vertical_padding":"default","_kad_post_feature":"","_kad_post_feature_position":"","_kad_post_header":false,"_kad_post_footer":false,"_kad_post_classname":""},"product_brand":[],"product_cat":[40],"product_tag":[],"class_list":{"0":"post-670","1":"product","2":"type-product","3":"status-publish","4":"has-post-thumbnail","6":"product_cat-light-truck","8":"first","9":"instock","10":"shipping-taxable","11":"product-type-simple","12":"entry","13":"content-bg","14":"loop-entry"},"_links":{"self":[{"href":"https:\/\/kdzgtruck.com\/es\/wp-json\/wp\/v2\/product\/670","targetHints":{"allow":["GET"]}}],"collection":[{"href":"https:\/\/kdzgtruck.com\/es\/wp-json\/wp\/v2\/product"}],"about":[{"href":"https:\/\/kdzgtruck.com\/es\/wp-json\/wp\/v2\/types\/product"}],"replies":[{"embeddable":true,"href":"https:\/\/kdzgtruck.com\/es\/wp-json\/wp\/v2\/comments?post=670"}],"wp:featuredmedia":[{"embeddable":true,"href":"https:\/\/kdzgtruck.com\/es\/wp-json\/wp\/v2\/media\/671"}],"wp:attachment":[{"href":"https:\/\/kdzgtruck.com\/es\/wp-json\/wp\/v2\/media?parent=670"}],"wp:term":[{"taxonomy":"product_brand","embeddable":true,"href":"https:\/\/kdzgtruck.com\/es\/wp-json\/wp\/v2\/product_brand?post=670"},{"taxonomy":"product_cat","embeddable":true,"href":"https:\/\/kdzgtruck.com\/es\/wp-json\/wp\/v2\/product_cat?post=670"},{"taxonomy":"product_tag","embeddable":true,"href":"https:\/\/kdzgtruck.com\/es\/wp-json\/wp\/v2\/product_tag?post=670"}],"curies":[{"name":"wp","href":"https:\/\/api.w.org\/{rel}","templated":true}]}}