{"id":648,"date":"2024-11-08T16:15:17","date_gmt":"2024-11-08T08:15:17","guid":{"rendered":"https:\/\/kdzgtruck.com\/?post_type=product&#038;p=648"},"modified":"2024-11-08T16:19:53","modified_gmt":"2024-11-08T08:19:53","slug":"2023-new-howo-light-5-tons-8-tons-10-tons-cargo-truck-dump-truck-for-sale-price-2","status":"publish","type":"product","link":"https:\/\/kdzgtruck.com\/es\/producto\/2023-new-howo-light-5-tons-8-tons-10-tons-cargo-truck-dump-truck-for-sale-price-2\/","title":{"rendered":"2023 Nueva Howo luz 5 toneladas 8 toneladas 10 toneladas de carga cami\u00f3n volquete para la venta de precios"},"content":{"rendered":"<p><img alt=\"\" fetchpriority=\"high\" decoding=\"async\" class=\"alignnone size-full wp-image-657\" src=\"https:\/\/kdzgtruck.com\/wp-content\/uploads\/2024\/11\/11-2.jpg\" width=\"656\" height=\"656\" srcset=\"https:\/\/kdzgtruck.com\/wp-content\/uploads\/2024\/11\/11-2.jpg 656w, https:\/\/kdzgtruck.com\/wp-content\/uploads\/2024\/11\/11-2-300x300.jpg 300w, https:\/\/kdzgtruck.com\/wp-content\/uploads\/2024\/11\/11-2-150x150.jpg 150w, https:\/\/kdzgtruck.com\/wp-content\/uploads\/2024\/11\/11-2-12x12.jpg 12w, https:\/\/kdzgtruck.com\/wp-content\/uploads\/2024\/11\/11-2-100x100.jpg 100w\" sizes=\"(max-width: 656px) 100vw, 656px\" \/> <img alt=\"\" decoding=\"async\" class=\"alignnone size-full wp-image-658\" src=\"https:\/\/kdzgtruck.com\/wp-content\/uploads\/2024\/11\/12-2.jpg\" width=\"599\" height=\"599\" srcset=\"https:\/\/kdzgtruck.com\/wp-content\/uploads\/2024\/11\/12-2.jpg 599w, https:\/\/kdzgtruck.com\/wp-content\/uploads\/2024\/11\/12-2-300x300.jpg 300w, https:\/\/kdzgtruck.com\/wp-content\/uploads\/2024\/11\/12-2-150x150.jpg 150w, https:\/\/kdzgtruck.com\/wp-content\/uploads\/2024\/11\/12-2-12x12.jpg 12w, https:\/\/kdzgtruck.com\/wp-content\/uploads\/2024\/11\/12-2-100x100.jpg 100w\" sizes=\"(max-width: 599px) 100vw, 599px\" \/> <img alt=\"\" decoding=\"async\" class=\"alignnone size-full wp-image-659\" src=\"https:\/\/kdzgtruck.com\/wp-content\/uploads\/2024\/11\/13-1.jpg\" width=\"599\" height=\"599\" srcset=\"https:\/\/kdzgtruck.com\/wp-content\/uploads\/2024\/11\/13-1.jpg 599w, https:\/\/kdzgtruck.com\/wp-content\/uploads\/2024\/11\/13-1-300x300.jpg 300w, https:\/\/kdzgtruck.com\/wp-content\/uploads\/2024\/11\/13-1-150x150.jpg 150w, https:\/\/kdzgtruck.com\/wp-content\/uploads\/2024\/11\/13-1-12x12.jpg 12w, https:\/\/kdzgtruck.com\/wp-content\/uploads\/2024\/11\/13-1-100x100.jpg 100w\" sizes=\"(max-width: 599px) 100vw, 599px\" \/> <img alt=\"\" loading=\"lazy\" decoding=\"async\" class=\"alignnone size-full wp-image-660\" src=\"https:\/\/kdzgtruck.com\/wp-content\/uploads\/2024\/11\/14-1.jpg\" width=\"964\" height=\"659\" srcset=\"https:\/\/kdzgtruck.com\/wp-content\/uploads\/2024\/11\/14-1.jpg 964w, https:\/\/kdzgtruck.com\/wp-content\/uploads\/2024\/11\/14-1-300x205.jpg 300w, https:\/\/kdzgtruck.com\/wp-content\/uploads\/2024\/11\/14-1-768x525.jpg 768w, https:\/\/kdzgtruck.com\/wp-content\/uploads\/2024\/11\/14-1-18x12.jpg 18w, https:\/\/kdzgtruck.com\/wp-content\/uploads\/2024\/11\/14-1-800x547.jpg 800w\" sizes=\"(max-width: 964px) 100vw, 964px\" \/> <img alt=\"\" loading=\"lazy\" decoding=\"async\" class=\"alignnone size-full wp-image-661\" src=\"https:\/\/kdzgtruck.com\/wp-content\/uploads\/2024\/11\/15-1.jpg\" width=\"1049\" height=\"686\" srcset=\"https:\/\/kdzgtruck.com\/wp-content\/uploads\/2024\/11\/15-1.jpg 1049w, https:\/\/kdzgtruck.com\/wp-content\/uploads\/2024\/11\/15-1-300x196.jpg 300w, https:\/\/kdzgtruck.com\/wp-content\/uploads\/2024\/11\/15-1-1024x670.jpg 1024w, https:\/\/kdzgtruck.com\/wp-content\/uploads\/2024\/11\/15-1-768x502.jpg 768w, https:\/\/kdzgtruck.com\/wp-content\/uploads\/2024\/11\/15-1-18x12.jpg 18w, https:\/\/kdzgtruck.com\/wp-content\/uploads\/2024\/11\/15-1-800x523.jpg 800w\" sizes=\"(max-width: 1049px) 100vw, 1049px\" \/> <img alt=\"\" loading=\"lazy\" decoding=\"async\" class=\"alignnone size-full wp-image-662\" src=\"https:\/\/kdzgtruck.com\/wp-content\/uploads\/2024\/11\/16-1.jpg\" width=\"656\" height=\"656\" srcset=\"https:\/\/kdzgtruck.com\/wp-content\/uploads\/2024\/11\/16-1.jpg 656w, https:\/\/kdzgtruck.com\/wp-content\/uploads\/2024\/11\/16-1-300x300.jpg 300w, https:\/\/kdzgtruck.com\/wp-content\/uploads\/2024\/11\/16-1-150x150.jpg 150w, https:\/\/kdzgtruck.com\/wp-content\/uploads\/2024\/11\/16-1-12x12.jpg 12w, https:\/\/kdzgtruck.com\/wp-content\/uploads\/2024\/11\/16-1-100x100.jpg 100w\" sizes=\"(max-width: 656px) 100vw, 656px\" \/><\/p>\n<table class=\"has-title all magic-10\">\n<tbody>\n<tr>\n<td colspan=\"1\" rowspan=\"1\">\n<div class=\"magic-11\" data-spm-anchor-id=\"a2700.details.0.i86.25487e2bOMRQ2O\">art\u00edculo<\/div>\n<\/td>\n<td colspan=\"1\" rowspan=\"1\">\n<div class=\"magic-12\">valor<\/div>\n<\/td>\n<\/tr>\n<tr>\n<td colspan=\"1\" rowspan=\"1\">\n<div class=\"magic-11\">Condici\u00f3n<\/div>\n<\/td>\n<td colspan=\"1\" rowspan=\"1\">\n<div class=\"magic-12\">Nuevo<\/div>\n<\/td>\n<\/tr>\n<tr>\n<td colspan=\"1\" rowspan=\"1\">\n<div class=\"magic-11\">Direcci\u00f3n<\/div>\n<\/td>\n<td colspan=\"1\" rowspan=\"1\">\n<div class=\"magic-12\">Izquierda<\/div>\n<\/td>\n<\/tr>\n<tr>\n<td colspan=\"1\" rowspan=\"1\">\n<div class=\"magic-11\">Norma de emisiones<\/div>\n<\/td>\n<td colspan=\"1\" rowspan=\"1\">\n<div class=\"magic-12\">Euro 2<\/div>\n<\/td>\n<\/tr>\n<tr>\n<td colspan=\"1\" rowspan=\"1\">\n<div class=\"magic-11\">Marca<\/div>\n<\/td>\n<td colspan=\"1\" rowspan=\"1\">\n<div class=\"magic-12\">Sinotruk<\/div>\n<\/td>\n<\/tr>\n<tr>\n<td colspan=\"1\" rowspan=\"1\">\n<div class=\"magic-11\">Lugar de origen<\/div>\n<\/td>\n<td colspan=\"1\" rowspan=\"1\">\n<div class=\"magic-12\">China<\/div>\n<\/td>\n<\/tr>\n<tr>\n<td colspan=\"1\" rowspan=\"1\">\n<div class=\"magic-11\">Segmento<\/div>\n<\/td>\n<td colspan=\"1\" rowspan=\"1\">\n<div class=\"magic-12\">Cami\u00f3n ligero<\/div>\n<\/td>\n<\/tr>\n<tr>\n<td colspan=\"1\" rowspan=\"1\">\n<div class=\"magic-11\">Segmentaci\u00f3n del mercado<\/div>\n<\/td>\n<td colspan=\"1\" rowspan=\"1\">\n<div class=\"magic-12\">Log\u00edstica de transporte<\/div>\n<\/td>\n<\/tr>\n<tr>\n<td colspan=\"1\" rowspan=\"1\">\n<div class=\"magic-11\">Marca del motor<\/div>\n<\/td>\n<td colspan=\"1\" rowspan=\"1\">\n<div class=\"magic-12\">YUCHAI<\/div>\n<\/td>\n<\/tr>\n<tr>\n<td colspan=\"1\" rowspan=\"1\">\n<div class=\"magic-11\">Tipo de combustible<\/div>\n<\/td>\n<td colspan=\"1\" rowspan=\"1\">\n<div class=\"magic-12\">Diesel<\/div>\n<\/td>\n<\/tr>\n<tr>\n<td colspan=\"1\" rowspan=\"1\">\n<div class=\"magic-11\">Cilindrada<\/div>\n<\/td>\n<td colspan=\"1\" rowspan=\"1\">\n<div class=\"magic-12\">4 &#8211; 6L<\/div>\n<\/td>\n<\/tr>\n<tr>\n<td colspan=\"1\" rowspan=\"1\">\n<div class=\"magic-11\">Cilindros<\/div>\n<\/td>\n<td colspan=\"1\" rowspan=\"1\">\n<div class=\"magic-12\">4<\/div>\n<\/td>\n<\/tr>\n<tr>\n<td colspan=\"1\" rowspan=\"1\">\n<div class=\"magic-11\">Potencia<\/div>\n<\/td>\n<td colspan=\"1\" rowspan=\"1\">\n<div class=\"magic-12\">&lt; 150hp<\/div>\n<\/td>\n<\/tr>\n<tr>\n<td colspan=\"1\" rowspan=\"1\">\n<div class=\"magic-11\">Marca de la caja de cambios<\/div>\n<\/td>\n<td colspan=\"1\" rowspan=\"1\">\n<div class=\"magic-12\">yuchai<\/div>\n<\/td>\n<\/tr>\n<tr>\n<td colspan=\"1\" rowspan=\"1\">\n<div class=\"magic-11\">Tipo de transmisi\u00f3n<\/div>\n<\/td>\n<td colspan=\"1\" rowspan=\"1\">\n<div class=\"magic-12\">Manual<\/div>\n<\/td>\n<\/tr>\n<tr>\n<td colspan=\"1\" rowspan=\"1\">\n<div class=\"magic-11\">N\u00famero de cambio hacia delante<\/div>\n<\/td>\n<td colspan=\"1\" rowspan=\"1\">\n<div class=\"magic-12\">6<\/div>\n<\/td>\n<\/tr>\n<tr>\n<td colspan=\"1\" rowspan=\"1\">\n<div class=\"magic-11\">N\u00famero de cambio inverso<\/div>\n<\/td>\n<td colspan=\"1\" rowspan=\"1\">\n<div class=\"magic-12\">1<\/div>\n<\/td>\n<\/tr>\n<tr>\n<td colspan=\"1\" rowspan=\"1\">\n<div class=\"magic-11\">Par m\u00e1ximo (Nm)<\/div>\n<\/td>\n<td colspan=\"1\" rowspan=\"1\">\n<div class=\"magic-12\">500-1000Nm<\/div>\n<\/td>\n<\/tr>\n<tr>\n<td colspan=\"1\" rowspan=\"1\">\n<div class=\"magic-11\">Talla<\/div>\n<\/td>\n<td colspan=\"1\" rowspan=\"1\">\n<div class=\"magic-12\">5995X2170X2170mm<\/div>\n<\/td>\n<\/tr>\n<tr>\n<td colspan=\"1\" rowspan=\"1\">\n<div class=\"magic-11\">Dimensi\u00f3n del tanque de carga<\/div>\n<\/td>\n<td colspan=\"1\" rowspan=\"1\">\n<div class=\"magic-12\">4200x2050x500mm<\/div>\n<\/td>\n<\/tr>\n<tr>\n<td colspan=\"1\" rowspan=\"1\">\n<div class=\"magic-11\">Longitud del tanque de carga<\/div>\n<\/td>\n<td colspan=\"1\" rowspan=\"1\">\n<div class=\"magic-12\">\u22644.2m<\/div>\n<\/td>\n<\/tr>\n<tr>\n<td colspan=\"1\" rowspan=\"1\">\n<div class=\"magic-11\">Tipo de tanque de carga<\/div>\n<\/td>\n<td colspan=\"1\" rowspan=\"1\">\n<div class=\"magic-12\">Placa de columna<\/div>\n<\/td>\n<\/tr>\n<tr>\n<td colspan=\"1\" rowspan=\"1\">\n<div class=\"magic-11\">Peso bruto del veh\u00edculo<\/div>\n<\/td>\n<td colspan=\"1\" rowspan=\"1\">\n<div class=\"magic-12\">&lt;=5000 kg<\/div>\n<\/td>\n<\/tr>\n<tr>\n<td colspan=\"1\" rowspan=\"1\">\n<div class=\"magic-11\">Capacidad (carga)<\/div>\n<\/td>\n<td colspan=\"1\" rowspan=\"1\">\n<div class=\"magic-12\">1 &#8211; 10t<\/div>\n<\/td>\n<\/tr>\n<tr>\n<td colspan=\"1\" rowspan=\"1\">\n<div class=\"magic-11\">Capacidad del dep\u00f3sito de combustible<\/div>\n<\/td>\n<td colspan=\"1\" rowspan=\"1\">\n<div class=\"magic-12\">100-200L<\/div>\n<\/td>\n<\/tr>\n<tr>\n<td colspan=\"1\" rowspan=\"1\">\n<div class=\"magic-11\">Rueda motriz<\/div>\n<\/td>\n<td colspan=\"1\" rowspan=\"1\">\n<div class=\"magic-12\">4X2<\/div>\n<\/td>\n<\/tr>\n<tr>\n<td colspan=\"1\" rowspan=\"1\">\n<div class=\"magic-11\">Pasajeros<\/div>\n<\/td>\n<td colspan=\"1\" rowspan=\"1\">\n<div class=\"magic-12\">2<\/div>\n<\/td>\n<\/tr>\n<tr>\n<td colspan=\"1\" rowspan=\"1\">\n<div class=\"magic-11\">Asiento del conductor<\/div>\n<\/td>\n<td colspan=\"1\" rowspan=\"1\">\n<div class=\"magic-12\">Normal<\/div>\n<\/td>\n<\/tr>\n<tr>\n<td colspan=\"1\" rowspan=\"1\">\n<div class=\"magic-11\">Filas de asientos<\/div>\n<\/td>\n<td colspan=\"1\" rowspan=\"1\">\n<div class=\"magic-12\">Una fila<\/div>\n<\/td>\n<\/tr>\n<tr>\n<td colspan=\"1\" rowspan=\"1\">\n<div class=\"magic-11\">C\u00e1mara trasera<\/div>\n<\/td>\n<td colspan=\"1\" rowspan=\"1\">\n<div class=\"magic-12\">Ninguno<\/div>\n<\/td>\n<\/tr>\n<tr>\n<td colspan=\"1\" rowspan=\"1\">\n<div class=\"magic-11\">Control de crucero<\/div>\n<\/td>\n<td colspan=\"1\" rowspan=\"1\">\n<div class=\"magic-12\">Ninguno<\/div>\n<\/td>\n<\/tr>\n<tr>\n<td colspan=\"1\" rowspan=\"1\">\n<div class=\"magic-11\">ABS (sistema antibloqueo de frenos)<\/div>\n<\/td>\n<td colspan=\"1\" rowspan=\"1\">\n<div class=\"magic-12\">Ninguno<\/div>\n<\/td>\n<\/tr>\n<tr>\n<td colspan=\"1\" rowspan=\"1\">\n<div class=\"magic-11\">ESC (sistema electr\u00f3nico de control de estabilidad)<\/div>\n<\/td>\n<td colspan=\"1\" rowspan=\"1\">\n<div class=\"magic-12\">Ninguno<\/div>\n<\/td>\n<\/tr>\n<tr>\n<td colspan=\"1\" rowspan=\"1\">\n<div class=\"magic-11\">Pantalla t\u00e1ctil<\/div>\n<\/td>\n<td colspan=\"1\" rowspan=\"1\">\n<div class=\"magic-12\">Ninguno<\/div>\n<\/td>\n<\/tr>\n<tr>\n<td colspan=\"1\" rowspan=\"1\">\n<div class=\"magic-11\">Sistema multimedia<\/div>\n<\/td>\n<td colspan=\"1\" rowspan=\"1\">\n<div class=\"magic-12\">Ninguno<\/div>\n<\/td>\n<\/tr>\n<tr>\n<td colspan=\"1\" rowspan=\"1\">\n<div class=\"magic-11\">Aire acondicionado<\/div>\n<\/td>\n<td colspan=\"1\" rowspan=\"1\">\n<div class=\"magic-12\">Autom\u00e1tico<\/div>\n<\/td>\n<\/tr>\n<tr>\n<td colspan=\"1\" rowspan=\"1\">\n<div class=\"magic-11\">N\u00famero de neum\u00e1tico<\/div>\n<\/td>\n<td colspan=\"1\" rowspan=\"1\">\n<div class=\"magic-12\">6<\/div>\n<\/td>\n<\/tr>\n<tr>\n<td colspan=\"1\" rowspan=\"1\">\n<div class=\"magic-11\">Servicio posventa<\/div>\n<\/td>\n<td colspan=\"1\" rowspan=\"1\">\n<div class=\"magic-12\">Instalaci\u00f3n in situ, sin servicio posventa<\/div>\n<\/td>\n<\/tr>\n<tr>\n<td colspan=\"1\" rowspan=\"1\">\n<div class=\"magic-11\">Engine model<\/div>\n<\/td>\n<td colspan=\"1\" rowspan=\"1\">\n<div class=\"magic-12\">YN4100QBZL<\/div>\n<\/td>\n<\/tr>\n<tr>\n<td colspan=\"1\" rowspan=\"1\">\n<div class=\"magic-11\">Emisi\u00f3n<\/div>\n<\/td>\n<td colspan=\"1\" rowspan=\"1\">\n<div class=\"magic-12\">WLY6TS40<\/div>\n<\/td>\n<\/tr>\n<tr>\n<td colspan=\"1\" rowspan=\"1\">\n<div class=\"magic-11\">Capacidad de carga<\/div>\n<\/td>\n<td colspan=\"1\" rowspan=\"1\">\n<div class=\"magic-12\">3940KG<\/div>\n<\/td>\n<\/tr>\n<tr>\n<td colspan=\"1\" rowspan=\"1\">\n<div class=\"magic-11\">Cabina<\/div>\n<\/td>\n<td colspan=\"1\" rowspan=\"1\">\n<div class=\"magic-12\">2080<\/div>\n<\/td>\n<\/tr>\n<tr>\n<td colspan=\"1\" rowspan=\"1\">\n<div class=\"magic-11\">Wheelbase<\/div>\n<\/td>\n<td colspan=\"1\" rowspan=\"1\">\n<div class=\"magic-12\">3400mm<\/div>\n<\/td>\n<\/tr>\n<tr>\n<td colspan=\"1\" rowspan=\"1\">\n<div class=\"magic-11\">Neum\u00e1tico<\/div>\n<\/td>\n<td colspan=\"1\" rowspan=\"1\">\n<div class=\"magic-12\">8.25R20<\/div>\n<\/td>\n<\/tr>\n<tr>\n<td colspan=\"1\" rowspan=\"1\">\n<div class=\"magic-11\">Rear axle<\/div>\n<\/td>\n<td colspan=\"1\" rowspan=\"1\">\n<div class=\"magic-12\">7.2 ton<\/div>\n<\/td>\n<\/tr>\n<tr>\n<td colspan=\"1\" rowspan=\"1\">\n<div class=\"magic-11\">Front axle<\/div>\n<\/td>\n<td colspan=\"1\" rowspan=\"1\">\n<div class=\"magic-12\" data-spm-anchor-id=\"a2700.details.0.i87.25487e2bOMRQ2O\">2.7 ton<\/div>\n<\/td>\n<\/tr>\n<tr>\n<td colspan=\"1\" rowspan=\"1\">\n<div class=\"magic-11\">Caballos<\/div>\n<\/td>\n<td colspan=\"1\" rowspan=\"1\">\n<div class=\"magic-12\">115-160hp<\/div>\n<\/td>\n<\/tr>\n<tr>\n<td colspan=\"1\" rowspan=\"1\">\n<div class=\"magic-11\">G.V.W<\/div>\n<\/td>\n<td colspan=\"1\" rowspan=\"1\">\n<div class=\"magic-12\">2250KG<\/div>\n<\/td>\n<\/tr>\n<\/tbody>\n<\/table>","protected":false},"excerpt":{"rendered":"<p>Valor del art\u00edculo Condici\u00f3n Nuevo Direcci\u00f3n Izquierda Emisi\u00f3n Est\u00e1ndar Euro 2 Marca Sinotruk Lugar de Origen China Segmento Cami\u00f3n Ligero Segmento de Mercado Transporte Log\u00edstico Motor Marca YUCHAI Tipo de Combustible Diesel Cilindrada 4 - 6L Cilindros 4 Caballos de fuerza &lt; 150hp Caja de cambios Marca yuchai Tipo de transmisi\u00f3n Manual N\u00famero de cambios hacia adelante 6 N\u00famero de cambios hacia atr\u00e1s 1 ...<\/p>","protected":false},"featured_media":652,"comment_status":"open","ping_status":"closed","template":"","meta":{"_seopress_robots_primary_cat":"","_seopress_titles_title":"","_seopress_titles_desc":"","_seopress_robots_index":"","_kad_post_transparent":"default","_kad_post_title":"","_kad_post_layout":"default","_kad_post_sidebar_id":"","_kad_post_content_style":"default","_kad_post_vertical_padding":"default","_kad_post_feature":"","_kad_post_feature_position":"","_kad_post_header":false,"_kad_post_footer":false,"_kad_post_classname":""},"product_brand":[],"product_cat":[40],"product_tag":[],"class_list":{"0":"post-648","1":"product","2":"type-product","3":"status-publish","4":"has-post-thumbnail","6":"product_cat-light-truck","8":"first","9":"instock","10":"shipping-taxable","11":"product-type-simple","12":"entry","13":"content-bg","14":"loop-entry"},"_links":{"self":[{"href":"https:\/\/kdzgtruck.com\/es\/wp-json\/wp\/v2\/product\/648","targetHints":{"allow":["GET"]}}],"collection":[{"href":"https:\/\/kdzgtruck.com\/es\/wp-json\/wp\/v2\/product"}],"about":[{"href":"https:\/\/kdzgtruck.com\/es\/wp-json\/wp\/v2\/types\/product"}],"replies":[{"embeddable":true,"href":"https:\/\/kdzgtruck.com\/es\/wp-json\/wp\/v2\/comments?post=648"}],"wp:featuredmedia":[{"embeddable":true,"href":"https:\/\/kdzgtruck.com\/es\/wp-json\/wp\/v2\/media\/652"}],"wp:attachment":[{"href":"https:\/\/kdzgtruck.com\/es\/wp-json\/wp\/v2\/media?parent=648"}],"wp:term":[{"taxonomy":"product_brand","embeddable":true,"href":"https:\/\/kdzgtruck.com\/es\/wp-json\/wp\/v2\/product_brand?post=648"},{"taxonomy":"product_cat","embeddable":true,"href":"https:\/\/kdzgtruck.com\/es\/wp-json\/wp\/v2\/product_cat?post=648"},{"taxonomy":"product_tag","embeddable":true,"href":"https:\/\/kdzgtruck.com\/es\/wp-json\/wp\/v2\/product_tag?post=648"}],"curies":[{"name":"wp","href":"https:\/\/api.w.org\/{rel}","templated":true}]}}