{"id":632,"date":"2024-11-08T16:04:23","date_gmt":"2024-11-08T08:04:23","guid":{"rendered":"https:\/\/kdzgtruck.com\/?post_type=product&#038;p=632"},"modified":"2024-11-08T16:04:23","modified_gmt":"2024-11-08T08:04:23","slug":"manufacturer-3-axle-fuel-tank-trailer-30000-50000-liters-liquid-oil-palm-fuel-tanker-tank-trailer","status":"publish","type":"product","link":"https:\/\/kdzgtruck.com\/es\/producto\/manufacturer-3-axle-fuel-tank-trailer-30000-50000-liters-liquid-oil-palm-fuel-tanker-tank-trailer\/","title":{"rendered":"Fabricante de 3 ejes de combustible del tanque del remolque 30000- 50000 litros de aceite l\u00edquido de palma de combustible cisterna remolque cisterna"},"content":{"rendered":"<div class=\"J_module\">\n<div id=\"ali-anchor-AliMagic-on9w54\" class=\"magic-0\" data-section=\"AliMagic-on9w54\" data-section-title=\"Specification\">Especificaci\u00f3n<\/div>\n<\/div>\n<div class=\"J_module\">\n<div class=\"icbu-pc-images magic-1\">\n<div>\n<div class=\"flex-layout-v\">\n<div class=\"flex-layout-h magic-1\">\n<div class=\"magic-5\"><img decoding=\"async\" class=\"magic-6\" src=\"https:\/\/sc04.alicdn.com\/kf\/H1498b81f416d4f8ba16b9890c7202b6bW\/205957178\/H1498b81f416d4f8ba16b9890c7202b6bW.png\" data-src=\"\/\/sc04.alicdn.com\/kf\/H1498b81f416d4f8ba16b9890c7202b6bW\/205957178\/H1498b81f416d4f8ba16b9890c7202b6bW.png\" \/><\/div>\n<div>\n<div class=\"J_module\">\n<div id=\"ali-anchor-AliMagic-sotif8\" class=\"magic-0\" data-section=\"AliMagic-sotif8\" data-section-title=\"Packing &amp; Delivery\">Embalaje y entrega<\/div>\n<\/div>\n<div class=\"J_module\">\n<div class=\"icbu-pc-images magic-1\">\n<div>\n<div class=\"flex-layout-v\">\n<div class=\"flex-layout-h magic-1\">\n<div class=\"magic-13\"><img decoding=\"async\" class=\"magic-14\" src=\"https:\/\/sc04.alicdn.com\/kf\/Hab533883782f44feb478e0825242386aJ\/205957178\/Hab533883782f44feb478e0825242386aJ.jpg\" data-src=\"\/\/sc04.alicdn.com\/kf\/Hab533883782f44feb478e0825242386aJ\/205957178\/Hab533883782f44feb478e0825242386aJ.jpg\" \/><\/div>\n<\/div>\n<\/div>\n<\/div>\n<\/div>\n<\/div>\n<div class=\"J_module\">\n<div class=\"detail-decorate-json-renderer-container\">\n<div class=\"magic-8\">\n<h3 class=\"magic-15\"><\/h3>\n<div class=\"magic-9\">\n<div class=\"magic-10\">\n<div class=\"magic-11\"><span class=\"magic-12\">Contamos con un equipo profesional de declaraci\u00f3n de aduanas y entrega; puede realizar transporte terrestre, transporte de contenedores, transporte de carga a granel, transporte de buques ro ro y otros modos de transporte de mercanc\u00edas. Proporcionamos servicios de env\u00edo profesionales, r\u00e1pidos y de alta calidad, as\u00ed como servicios de liquidaci\u00f3n de reclamaciones de seguros seguros seguros y r\u00e1pidos. Dejarle tranquilo es la m\u00e1xima aspiraci\u00f3n de nuestro equipo.<\/span><\/div>\n<\/div>\n<\/div>\n<\/div>\n<\/div>\n<\/div>\n<div class=\"J_module\">\n<div id=\"ali-anchor-AliMagic-a3l48i\" class=\"magic-0\" data-section=\"AliMagic-a3l48i\" data-section-title=\"Customer Photos\">Fotos de clientes<\/div>\n<\/div>\n<div class=\"J_module\">\n<div class=\"icbu-pc-images magic-1\">\n<div>\n<div class=\"flex-layout-v\">\n<div class=\"flex-layout-h magic-1\">\n<div class=\"magic-16\"><img decoding=\"async\" class=\"magic-17\" src=\"https:\/\/sc04.alicdn.com\/kf\/H5326ed5c028b45f9a4fa8405cbeac032L\/205957178\/H5326ed5c028b45f9a4fa8405cbeac032L.jpg\" data-src=\"\/\/sc04.alicdn.com\/kf\/H5326ed5c028b45f9a4fa8405cbeac032L\/205957178\/H5326ed5c028b45f9a4fa8405cbeac032L.jpg\" \/><\/div>\n<div class=\"magic-18\"><img decoding=\"async\" class=\"magic-17\" src=\"https:\/\/sc04.alicdn.com\/kf\/Hde7ff98caa3c4f829358601686b99f2ar\/205957178\/Hde7ff98caa3c4f829358601686b99f2ar.jpg\" data-src=\"\/\/sc04.alicdn.com\/kf\/Hde7ff98caa3c4f829358601686b99f2ar\/205957178\/Hde7ff98caa3c4f829358601686b99f2ar.jpg\" \/><\/div>\n<\/div>\n<\/div>\n<\/div>\n<\/div>\n<\/div>\n<div class=\"J_module\">\n<div class=\"icbu-pc-images magic-1\">\n<div>\n<div class=\"flex-layout-v\">\n<div class=\"flex-layout-h magic-1\">\n<div class=\"magic-19\"><img decoding=\"async\" class=\"magic-20\" src=\"https:\/\/sc04.alicdn.com\/kf\/H9aa263e8c65b40caa610c09dd8dd740bA\/205957178\/H9aa263e8c65b40caa610c09dd8dd740bA.jpg\" data-src=\"\/\/sc04.alicdn.com\/kf\/H9aa263e8c65b40caa610c09dd8dd740bA\/205957178\/H9aa263e8c65b40caa610c09dd8dd740bA.jpg\" \/><\/div>\n<div class=\"magic-21\"><img decoding=\"async\" class=\"magic-22\" src=\"https:\/\/sc04.alicdn.com\/kf\/H8d892f1b61fd477dacd7cdb76e0313c6Z\/205957178\/H8d892f1b61fd477dacd7cdb76e0313c6Z.jpg\" data-src=\"\/\/sc04.alicdn.com\/kf\/H8d892f1b61fd477dacd7cdb76e0313c6Z\/205957178\/H8d892f1b61fd477dacd7cdb76e0313c6Z.jpg\" \/><\/div>\n<\/div>\n<\/div>\n<\/div>\n<\/div>\n<\/div>\n<div class=\"J_module\">\n<div id=\"ali-anchor-AliMagic-q82ik3\" class=\"magic-0\" data-section=\"AliMagic-q82ik3\" data-section-title=\"FAQ\">PREGUNTAS FRECUENTES<\/div>\n<\/div>\n<div class=\"J_module\">\n<div class=\"detail-decorate-json-renderer-container\">\n<div class=\"magic-8\">\n<div class=\"magic-9\">\n<div class=\"magic-10\">\n<div class=\"magic-11\"><b>1. \u00bfqui\u00e9nes somos?<\/b><br \/>\nTenemos nuestra sede en Shandong, China, comenzamos en 2010, vendemos a \u00c1frica (35.00%), Am\u00e9rica del Sur (15.00%), Sudeste Asi\u00e1tico (15.00%), Asia Meridional (5.00%), Ocean\u00eda (5.00%), Asia Oriental (5.00%), Am\u00e9rica Central (5.00%), Europa Oriental (5.00%), Mercado Nacional (5.00%), Oriente Medio (5.00%). En nuestra oficina trabajan en total entre 11 y 50 personas.<\/p>\n<p><b>2. \u00bfc\u00f3mo podemos garantizar la calidad?<\/b><br \/>\nSiempre una muestra de preproducci\u00f3n antes de la producci\u00f3n en serie;<br \/>\nSiempre Inspecci\u00f3n final antes del env\u00edo;<\/p>\n<p><b>3.\u00bfqu\u00e9 puede comprarnos?<\/b><br \/>\nCami\u00f3n, Cami\u00f3n Howo, Cami\u00f3n volquete, Tractocami\u00f3n, Cami\u00f3n hormigonera, Cami\u00f3n de carga, Semirremolque, Cami\u00f3n plataforma, Cami\u00f3n cisterna de agua, Cami\u00f3n cisterna de aceite, Cami\u00f3n gr\u00faa, Cargador de ruedas<\/p>\n<p><b>4. \u00bfpor qu\u00e9 comprarnos a nosotros y no a otros proveedores?<\/b><br \/>\nJinan Kunda Heavy Truck Sales Co., Ltd. est\u00e1 ubicada en Jinan y est\u00e1 especializada en la fabricaci\u00f3n de camiones pesados. Con un equipo experimentado y profesional, hemos exportado nuestros productos a muchos pa\u00edses y regiones de todo el mundo.<\/p>\n<p><b>5. \u00bfqu\u00e9 servicios podemos prestar?<\/b><br \/>\nCondiciones de entrega aceptadas: FOB,CFR,CIF,EXW,FAS,CIP,DDP,DAF\uff1b<br \/>\nDivisa de pago aceptada: USD, EUR, HKD, CNY;<br \/>\nTipo de pago aceptado: T\/T,L\/C,D\/P D\/A,MoneyGram,Tarjeta de cr\u00e9dito,Western Union,Efectivo;<br \/>\nIdioma que habla:Ingl\u00e9s,Chino,Espa\u00f1ol,Portugu\u00e9s,\u00c1rabe,Franc\u00e9s,Ruso<\/div>\n<\/div>\n<\/div>\n<\/div>\n<\/div>\n<\/div>\n<\/div>\n<\/div>\n<\/div>\n<\/div>\n<\/div>\n<\/div>","protected":false},"excerpt":{"rendered":"<p>Especificaci\u00f3n Embalaje y entrega Contamos con un equipo profesional de declaraci\u00f3n de aduanas y entrega; Puede realizar transporte terrestre, transporte de contenedores, transporte de carga a granel, transporte de buques ro ro y otros modos de transporte de mercanc\u00edas. Proporcionamos servicios de env\u00edo profesionales, r\u00e1pidos y de alta calidad, as\u00ed como servicios seguros y r\u00e1pidos de liquidaci\u00f3n de reclamaciones de seguros. Dejarle tranquilo es la m\u00e1xima de nuestro equipo...<\/p>","protected":false},"featured_media":633,"comment_status":"open","ping_status":"closed","template":"","meta":{"_seopress_robots_primary_cat":"","_seopress_titles_title":"","_seopress_titles_desc":"","_seopress_robots_index":"","_kad_post_transparent":"default","_kad_post_title":"","_kad_post_layout":"default","_kad_post_sidebar_id":"","_kad_post_content_style":"default","_kad_post_vertical_padding":"default","_kad_post_feature":"","_kad_post_feature_position":"","_kad_post_header":false,"_kad_post_footer":false,"_kad_post_classname":""},"product_brand":[],"product_cat":[29],"product_tag":[],"class_list":{"0":"post-632","1":"product","2":"type-product","3":"status-publish","4":"has-post-thumbnail","6":"product_cat-fuel-tank-trailer-semi-trailer","8":"first","9":"instock","10":"shipping-taxable","11":"product-type-simple","12":"entry","13":"content-bg","14":"loop-entry"},"_links":{"self":[{"href":"https:\/\/kdzgtruck.com\/es\/wp-json\/wp\/v2\/product\/632","targetHints":{"allow":["GET"]}}],"collection":[{"href":"https:\/\/kdzgtruck.com\/es\/wp-json\/wp\/v2\/product"}],"about":[{"href":"https:\/\/kdzgtruck.com\/es\/wp-json\/wp\/v2\/types\/product"}],"replies":[{"embeddable":true,"href":"https:\/\/kdzgtruck.com\/es\/wp-json\/wp\/v2\/comments?post=632"}],"wp:featuredmedia":[{"embeddable":true,"href":"https:\/\/kdzgtruck.com\/es\/wp-json\/wp\/v2\/media\/633"}],"wp:attachment":[{"href":"https:\/\/kdzgtruck.com\/es\/wp-json\/wp\/v2\/media?parent=632"}],"wp:term":[{"taxonomy":"product_brand","embeddable":true,"href":"https:\/\/kdzgtruck.com\/es\/wp-json\/wp\/v2\/product_brand?post=632"},{"taxonomy":"product_cat","embeddable":true,"href":"https:\/\/kdzgtruck.com\/es\/wp-json\/wp\/v2\/product_cat?post=632"},{"taxonomy":"product_tag","embeddable":true,"href":"https:\/\/kdzgtruck.com\/es\/wp-json\/wp\/v2\/product_tag?post=632"}],"curies":[{"name":"wp","href":"https:\/\/api.w.org\/{rel}","templated":true}]}}