{"id":626,"date":"2024-11-08T15:59:29","date_gmt":"2024-11-08T07:59:29","guid":{"rendered":"https:\/\/kdzgtruck.com\/?post_type=product&#038;p=626"},"modified":"2024-11-08T15:59:29","modified_gmt":"2024-11-08T07:59:29","slug":"sell-transport-truck-semi-trailer-axle-5000l-fuel-tank-oil-tank-trailer","status":"publish","type":"product","link":"https:\/\/kdzgtruck.com\/es\/producto\/sell-transport-truck-semi-trailer-axle-5000l-fuel-tank-oil-tank-trailer\/","title":{"rendered":"Venta de Camiones de Transporte Semirremolque Eje 5000L Tanque de Combustible Tanque de Aceite Remolque"},"content":{"rendered":"<div class=\"J_module\">\n<div id=\"ali-anchor-AliMagic-h32ouv\" class=\"magic-0\" data-section=\"AliMagic-h32ouv\" data-section-title=\"Specification\">Especificaci\u00f3n<\/div>\n<\/div>\n<div class=\"J_module\">\n<div class=\"icbu-pc-images magic-1\">\n<div>\n<div class=\"flex-layout-v\">\n<div class=\"flex-layout-h magic-1\">\n<div class=\"magic-5\"><img decoding=\"async\" class=\"magic-6\" src=\"https:\/\/sc04.alicdn.com\/kf\/H1498b81f416d4f8ba16b9890c7202b6bW\/205957178\/H1498b81f416d4f8ba16b9890c7202b6bW.png\" data-src=\"\/\/sc04.alicdn.com\/kf\/H1498b81f416d4f8ba16b9890c7202b6bW\/205957178\/H1498b81f416d4f8ba16b9890c7202b6bW.png\" \/><\/div>\n<div>Contamos con un equipo profesional de declaraci\u00f3n de aduanas y entrega; puede realizar transporte terrestre, transporte de contenedores, transporte de carga a granel, transporte de buques ro ro y otros modos de transporte de mercanc\u00edas. Proporcionamos servicios de env\u00edo profesionales, r\u00e1pidos y de alta calidad, as\u00ed como servicios de liquidaci\u00f3n de reclamaciones de seguros seguros seguros y r\u00e1pidos. Dejarle tranquilo es la m\u00e1xima aspiraci\u00f3n de nuestro equipo.<\/div>\n<div>\n<div class=\"J_module\">\n<div id=\"ali-anchor-AliMagic-z16f4n\" class=\"magic-0\" data-section=\"AliMagic-z16f4n\" data-section-title=\"FAQ\" data-spm-anchor-id=\"a2700.details.0.i47.5b0f202de2zUhM\">PREGUNTAS FRECUENTES<\/div>\n<\/div>\n<div class=\"J_module\">\n<div class=\"detail-decorate-json-renderer-container\">\n<div class=\"magic-8\">\n<div class=\"magic-9\">\n<div class=\"magic-10\">\n<div class=\"magic-11\"><b>1. \u00bfqui\u00e9nes somos?<\/b><br \/>\nTenemos nuestra sede en Shandong, China, comenzamos en 2010, vendemos a \u00c1frica (35.00%), Am\u00e9rica del Sur (15.00%), Sudeste Asi\u00e1tico (15.00%), Asia Meridional (5.00%), Ocean\u00eda (5.00%), Asia Oriental (5.00%), Am\u00e9rica Central (5.00%), Europa Oriental (5.00%), Mercado Nacional (5.00%), Oriente Medio (5.00%). En nuestra oficina trabajan en total entre 11 y 50 personas.<\/p>\n<p><b>2. \u00bfc\u00f3mo podemos garantizar la calidad?<\/b><br \/>\nSiempre una muestra de preproducci\u00f3n antes de la producci\u00f3n en serie;<br \/>\nSiempre Inspecci\u00f3n final antes del env\u00edo;<\/p>\n<p><b>3.\u00bfqu\u00e9 puede comprarnos?<\/b><br \/>\nCami\u00f3n, Cami\u00f3n Howo, Cami\u00f3n volquete, Tractocami\u00f3n, Cami\u00f3n hormigonera, Cami\u00f3n de carga, Semirremolque, Cami\u00f3n plataforma, Cami\u00f3n cisterna de agua, Cami\u00f3n cisterna de aceite, Cami\u00f3n gr\u00faa, Cargador de ruedas<\/p>\n<p><b>4. \u00bfpor qu\u00e9 comprarnos a nosotros y no a otros proveedores?<\/b><br \/>\nJinan Kunda Heavy Truck Sales Co., Ltd. est\u00e1 ubicada en Jinan y est\u00e1 especializada en la fabricaci\u00f3n de camiones pesados. Con un equipo experimentado y profesional, hemos exportado nuestros productos a muchos pa\u00edses y regiones de todo el mundo.<\/p>\n<p><b>5. \u00bfqu\u00e9 servicios podemos prestar?<\/b><br \/>\nCondiciones de entrega aceptadas: FOB,CFR,CIF,EXW,FAS,CIP,DDP,DAF\uff1b<br \/>\nDivisa de pago aceptada: USD, EUR, HKD, CNY;<br \/>\nTipo de pago aceptado: T\/T,L\/C,D\/P D\/A,MoneyGram,Tarjeta de cr\u00e9dito,Western Union,Efectivo;<br \/>\nIdioma que habla:Ingl\u00e9s,Chino,Espa\u00f1ol,Portugu\u00e9s,\u00c1rabe,Franc\u00e9s,Ruso<\/div>\n<\/div>\n<\/div>\n<\/div>\n<\/div>\n<\/div>\n<\/div>\n<\/div>\n<\/div>\n<\/div>\n<\/div>\n<\/div>","protected":false},"excerpt":{"rendered":"<p>Especificaci\u00f3n Contamos con un equipo profesional de declaraci\u00f3n de aduanas y entrega; Puede realizar transporte terrestre, transporte de contenedores, transporte de carga a granel, transporte de buques ro ro y otros modos de transporte de mercanc\u00edas. Proporcionamos servicios de env\u00edo profesionales, r\u00e1pidos y de alta calidad, as\u00ed como servicios seguros y r\u00e1pidos de liquidaci\u00f3n de reclamaciones de seguros. Dejarle tranquilo es la m\u00e1xima aspiraci\u00f3n de nuestro equipo. PREGUNTAS FRECUENTES 1....<\/p>","protected":false},"featured_media":628,"comment_status":"open","ping_status":"closed","template":"","meta":{"_seopress_robots_primary_cat":"","_seopress_titles_title":"","_seopress_titles_desc":"","_seopress_robots_index":"","_kad_post_transparent":"default","_kad_post_title":"","_kad_post_layout":"default","_kad_post_sidebar_id":"","_kad_post_content_style":"default","_kad_post_vertical_padding":"default","_kad_post_feature":"","_kad_post_feature_position":"","_kad_post_header":false,"_kad_post_footer":false,"_kad_post_classname":""},"product_brand":[],"product_cat":[29,23,26],"product_tag":[],"class_list":{"0":"post-626","1":"product","2":"type-product","3":"status-publish","4":"has-post-thumbnail","6":"product_cat-fuel-tank-trailer-semi-trailer","7":"product_cat-products","8":"product_cat-semi-trailer","10":"first","11":"instock","12":"shipping-taxable","13":"product-type-simple","14":"entry","15":"content-bg","16":"loop-entry"},"_links":{"self":[{"href":"https:\/\/kdzgtruck.com\/es\/wp-json\/wp\/v2\/product\/626","targetHints":{"allow":["GET"]}}],"collection":[{"href":"https:\/\/kdzgtruck.com\/es\/wp-json\/wp\/v2\/product"}],"about":[{"href":"https:\/\/kdzgtruck.com\/es\/wp-json\/wp\/v2\/types\/product"}],"replies":[{"embeddable":true,"href":"https:\/\/kdzgtruck.com\/es\/wp-json\/wp\/v2\/comments?post=626"}],"wp:featuredmedia":[{"embeddable":true,"href":"https:\/\/kdzgtruck.com\/es\/wp-json\/wp\/v2\/media\/628"}],"wp:attachment":[{"href":"https:\/\/kdzgtruck.com\/es\/wp-json\/wp\/v2\/media?parent=626"}],"wp:term":[{"taxonomy":"product_brand","embeddable":true,"href":"https:\/\/kdzgtruck.com\/es\/wp-json\/wp\/v2\/product_brand?post=626"},{"taxonomy":"product_cat","embeddable":true,"href":"https:\/\/kdzgtruck.com\/es\/wp-json\/wp\/v2\/product_cat?post=626"},{"taxonomy":"product_tag","embeddable":true,"href":"https:\/\/kdzgtruck.com\/es\/wp-json\/wp\/v2\/product_tag?post=626"}],"curies":[{"name":"wp","href":"https:\/\/api.w.org\/{rel}","templated":true}]}}