{"id":619,"date":"2024-11-08T15:51:03","date_gmt":"2024-11-08T07:51:03","guid":{"rendered":"https:\/\/kdzgtruck.com\/?post_type=product&#038;p=619"},"modified":"2024-11-08T15:54:48","modified_gmt":"2024-11-08T07:54:48","slug":"china-manufacturing-4-axle-80000-liters-water-tank-trailer-fuel-tanker-trailer-for-sale","status":"publish","type":"product","link":"https:\/\/kdzgtruck.com\/es\/producto\/china-manufacturing-4-axle-80000-liters-water-tank-trailer-fuel-tanker-trailer-for-sale\/","title":{"rendered":"China Fabricaci\u00f3n de 4 ejes 80000 litros de agua remolque cisterna de combustible remolque cisterna para la venta"},"content":{"rendered":"<div class=\"J_module\">\n<div class=\"ife-detail-decorate-table\">\n<table class=\"has-title all magic-12\">\n<tbody>\n<tr>\n<td colspan=\"1\" rowspan=\"1\" data-spm-anchor-id=\"a2700.details.0.i42.4c2e407bTecxlw\">\n<div class=\"magic-13\">art\u00edculo<\/div>\n<\/td>\n<td colspan=\"1\" rowspan=\"1\">\n<div class=\"magic-14\">valor<\/div>\n<\/td>\n<\/tr>\n<tr>\n<td colspan=\"1\" rowspan=\"1\">\n<div class=\"magic-13\">Utilice<\/div>\n<\/td>\n<td colspan=\"1\" rowspan=\"1\">\n<div class=\"magic-14\">Remolque de cami\u00f3n<\/div>\n<\/td>\n<\/tr>\n<tr>\n<td colspan=\"1\" rowspan=\"1\">\n<div class=\"magic-13\">Tipo<\/div>\n<\/td>\n<td colspan=\"1\" rowspan=\"1\">\n<div class=\"magic-14\">Semirremolque<\/div>\n<\/td>\n<\/tr>\n<tr>\n<td colspan=\"1\" rowspan=\"1\">\n<div class=\"magic-13\">Material<\/div>\n<\/td>\n<td colspan=\"1\" rowspan=\"1\">\n<div class=\"magic-14\">aluminum alloy Steel<\/div>\n<\/td>\n<\/tr>\n<tr>\n<td colspan=\"1\" rowspan=\"1\">\n<div class=\"magic-13\">Talla<\/div>\n<\/td>\n<td colspan=\"1\" rowspan=\"1\">\n<div class=\"magic-14\">14900*2550*3850mm<\/div>\n<\/td>\n<\/tr>\n<tr>\n<td colspan=\"1\" rowspan=\"1\">\n<div class=\"magic-13\">Carga \u00fatil m\u00e1xima<\/div>\n<\/td>\n<td colspan=\"1\" rowspan=\"1\">\n<div class=\"magic-14\">80T<\/div>\n<\/td>\n<\/tr>\n<tr>\n<td colspan=\"1\" rowspan=\"1\">\n<div class=\"magic-15\">80Capacity<\/div>\n<\/td>\n<td colspan=\"1\" rowspan=\"1\">\n<div class=\"magic-16\">80000L<\/div>\n<\/td>\n<\/tr>\n<tr>\n<td colspan=\"1\" rowspan=\"1\">\n<div class=\"magic-15\">compartments<\/div>\n<\/td>\n<td colspan=\"1\" rowspan=\"1\">\n<div class=\"magic-16\">5<\/div>\n<\/td>\n<\/tr>\n<tr>\n<td colspan=\"1\" rowspan=\"1\">\n<div class=\"magic-13\">Lugar de origen<\/div>\n<\/td>\n<td colspan=\"1\" rowspan=\"1\">\n<div class=\"magic-14\">China<\/div>\n<\/td>\n<\/tr>\n<tr>\n<td colspan=\"1\" rowspan=\"1\">\n<div class=\"magic-13\"><\/div>\n<\/td>\n<td colspan=\"1\" rowspan=\"1\">\n<div class=\"magic-14\">Shandong<\/div>\n<\/td>\n<\/tr>\n<tr>\n<td colspan=\"1\" rowspan=\"1\">\n<div class=\"magic-13\">Marca<\/div>\n<\/td>\n<td colspan=\"1\" rowspan=\"1\">\n<div class=\"magic-14\">kunda<\/div>\n<\/td>\n<\/tr>\n<tr>\n<td colspan=\"1\" rowspan=\"1\">\n<div class=\"magic-13\"><\/div>\n<\/td>\n<td colspan=\"1\" rowspan=\"1\">\n<div class=\"magic-14\"><\/div>\n<\/td>\n<\/tr>\n<\/tbody>\n<\/table>\n<\/div>\n<\/div>\n<div class=\"J_module\">\n<div id=\"ali-anchor-AliMagic-usm8no\" class=\"magic-0\" data-section=\"AliMagic-usm8no\" data-section-title=\"Company Profile\">Perfil de la empresa<\/div>\n<div data-section=\"AliMagic-usm8no\" data-section-title=\"Company Profile\">\n<div class=\"J_module\">\n<div class=\"detail-decorate-json-renderer-container\">\n<div class=\"magic-18\">\n<div class=\"magic-19\">\n<div class=\"magic-20\">\n<div class=\"magic-21\" data-spm-anchor-id=\"a2700.details.0.i43.4c2e407bTecxlw\"><span data-spm-anchor-id=\"a2700.details.0.i44.4c2e407bTecxlw\">Jinan Kunda Automobile Sales Co., Ltd. was established in 2010 and is located in Sinotruk Departure Area,Shizhong District, Jinan City, Shandong Province, specializing in the sales of light and heavy trucks and accessories. The main products are the brand new HOWO produced by Sinotruk and SHCMAN brand 6&#215;4,4&#215;2 short, medium and long-distance tractors, 4&#215;2, 6&#215;4, 8&#215;4 dump trucks, 4&#215;2, 6&#215;4, 8&#215;4, cargo circulation transport trucks, 10 Square, 20, 25 square sprinkler trucks, fuel trucks, 6&#215;4 8&#215;4 concrete cement mixer trucks,and can also provide high-quality chassis for drilling machines, fire trucks and other special vehicles. There are many cooperative customers in Africa, Central Asia, Southeast Asia and South America. Welcome friends to contact us for win-win cooperation<\/span><\/div>\n<\/div>\n<\/div>\n<\/div>\n<\/div>\n<\/div>\n<div class=\"J_module\">\n<div class=\"icbu-pc-images magic-22\">\n<div>\n<div class=\"flex-layout-v\">\n<div class=\"flex-layout-h magic-22\">\n<div class=\"magic-23\"><img decoding=\"async\" class=\"magic-24\" src=\"https:\/\/sc04.alicdn.com\/kf\/Hdd74649d6e134befbaf704aa7311243d7\/205957178\/Hdd74649d6e134befbaf704aa7311243d7.jpg\" data-src=\"\/\/sc04.alicdn.com\/kf\/Hdd74649d6e134befbaf704aa7311243d7\/205957178\/Hdd74649d6e134befbaf704aa7311243d7.jpg\" \/><\/div>\n<\/div>\n<\/div>\n<\/div>\n<\/div>\n<\/div>\n<div class=\"J_module\">\n<div class=\"detail-decorate-json-renderer-container\">\n<div class=\"magic-18\">\n<div class=\"magic-19\">\n<div class=\"magic-20\">\n<div class=\"magic-21\">We provide new trucks and trailers with excellent quality, and second-hand trucks within 5 year, scrapped trucks or trucks illegally restructured. High quality trucks, affordable prices, safe funds and good faith are the basis of our business.<\/div>\n<\/div>\n<\/div>\n<\/div>\n<\/div>\n<\/div>\n<div class=\"J_module\">\n<div class=\"icbu-pc-images magic-22\">\n<div>\n<div class=\"flex-layout-v\">\n<div class=\"flex-layout-h magic-22\">\n<div class=\"magic-25\"><img decoding=\"async\" class=\"magic-26\" src=\"https:\/\/sc04.alicdn.com\/kf\/Hc8e303d4d1154a86bfb5162a5219212aJ\/205957178\/Hc8e303d4d1154a86bfb5162a5219212aJ.jpg\" data-src=\"\/\/sc04.alicdn.com\/kf\/Hc8e303d4d1154a86bfb5162a5219212aJ\/205957178\/Hc8e303d4d1154a86bfb5162a5219212aJ.jpg\" \/><\/div>\n<\/div>\n<\/div>\n<\/div>\n<\/div>\n<\/div>\n<div class=\"J_module\">\n<div class=\"icbu-pc-images magic-22\">\n<div>\n<div class=\"flex-layout-v\">\n<div class=\"flex-layout-h magic-22\">\n<div class=\"magic-23\"><img decoding=\"async\" class=\"magic-24\" src=\"https:\/\/sc04.alicdn.com\/kf\/He3857bc488c1453081fc88db6057c71dY\/205957178\/He3857bc488c1453081fc88db6057c71dY.jpg\" data-src=\"\/\/sc04.alicdn.com\/kf\/He3857bc488c1453081fc88db6057c71dY\/205957178\/He3857bc488c1453081fc88db6057c71dY.jpg\" \/><\/div>\n<\/div>\n<\/div>\n<\/div>\n<\/div>\n<\/div>\n<div class=\"J_module\">\n<div class=\"detail-decorate-json-renderer-container\">\n<div class=\"magic-18\">\n<div class=\"magic-19\">\n<div class=\"magic-20\">\n<div class=\"magic-21\">We provide truck accessories of original quality; The parts market has many prices and different quality of parts; We only sell high-quality accessories of original factory quality. If you want to buy high-quality accessories, please contact us. If you don&#8217;t care about the quality but only the low price, sorry, please don&#8217;t contact us.<\/div>\n<\/div>\n<\/div>\n<\/div>\n<\/div>\n<\/div>\n<div class=\"J_module\">\n<div class=\"icbu-pc-images magic-22\">\n<div>\n<div class=\"flex-layout-v\">\n<div class=\"flex-layout-h magic-22\">\n<div class=\"magic-25\"><img decoding=\"async\" class=\"magic-26\" src=\"https:\/\/sc04.alicdn.com\/kf\/H7a2a042224484b1fb66e4717dc1d7eb4j\/205957178\/H7a2a042224484b1fb66e4717dc1d7eb4j.jpg\" data-src=\"\/\/sc04.alicdn.com\/kf\/H7a2a042224484b1fb66e4717dc1d7eb4j\/205957178\/H7a2a042224484b1fb66e4717dc1d7eb4j.jpg\" \/><\/div>\n<\/div>\n<\/div>\n<\/div>\n<\/div>\n<\/div>\n<div class=\"J_module\">\n<div class=\"icbu-pc-images magic-22\">\n<div>\n<div class=\"flex-layout-v\">\n<div class=\"flex-layout-h magic-22\">\n<div class=\"magic-23\"><img decoding=\"async\" class=\"magic-24\" src=\"https:\/\/sc04.alicdn.com\/kf\/H7b357ab010154eabae823c396a6455d7j\/205957178\/H7b357ab010154eabae823c396a6455d7j.jpg\" data-src=\"\/\/sc04.alicdn.com\/kf\/H7b357ab010154eabae823c396a6455d7j\/205957178\/H7b357ab010154eabae823c396a6455d7j.jpg\" \/><\/div>\n<\/div>\n<\/div>\n<\/div>\n<\/div>\n<\/div>\n<div class=\"J_module\">\n<div class=\"detail-decorate-json-renderer-container\">\n<div class=\"magic-18\">\n<div class=\"magic-19\">\n<div class=\"magic-20\">\n<div class=\"magic-21\">After more than ten years of operation ,we have many customers from Africa, the Middle East, South America, Southeast Asia, Central Asia, Mongolia and Russia. We have a long and pleasant cooperation. Welcome to be our partner<\/div>\n<\/div>\n<\/div>\n<\/div>\n<\/div>\n<\/div>\n<div class=\"J_module\">\n<div class=\"icbu-pc-images magic-22\">\n<div>\n<div class=\"flex-layout-v\">\n<div class=\"flex-layout-h magic-22\">\n<div class=\"magic-27\"><img decoding=\"async\" class=\"magic-28\" src=\"https:\/\/sc04.alicdn.com\/kf\/H321a726284fd4f1788bce53029743237a\/205957178\/H321a726284fd4f1788bce53029743237a.jpg\" data-src=\"\/\/sc04.alicdn.com\/kf\/H321a726284fd4f1788bce53029743237a\/205957178\/H321a726284fd4f1788bce53029743237a.jpg\" \/><\/div>\n<\/div>\n<\/div>\n<\/div>\n<\/div>\n<\/div>\n<div class=\"J_module\">\n<div class=\"icbu-pc-images magic-22\">\n<div>\n<div class=\"flex-layout-v\">\n<div class=\"flex-layout-h magic-22\">\n<div class=\"magic-29\"><img decoding=\"async\" class=\"magic-30\" src=\"https:\/\/sc04.alicdn.com\/kf\/H4da4e416278545998a8e246c6655262fV\/205957178\/H4da4e416278545998a8e246c6655262fV.jpg\" data-src=\"\/\/sc04.alicdn.com\/kf\/H4da4e416278545998a8e246c6655262fV\/205957178\/H4da4e416278545998a8e246c6655262fV.jpg\" \/><\/div>\n<\/div>\n<\/div>\n<\/div>\n<\/div>\n<\/div>\n<div class=\"J_module\">\n<div class=\"detail-decorate-json-renderer-container\">\n<div class=\"magic-18\">\n<div class=\"magic-19\">\n<div class=\"magic-20\">\n<div class=\"magic-21\">Shipping is a very important link in international trade to ensure the safety of goods,We have a professional customs declaration and delivery team; It can undertake land transportation, container transportation, bulk cargo transportation, ro ro ship transportation and other freight transport modes. Provide professional, fast and high-quality shipping services and safe and fast insurance claim settlement services. Let you rest assured is our team&#8217;s highest pursuit<\/div>\n<\/div>\n<\/div>\n<\/div>\n<\/div>\n<\/div>\n<div class=\"J_module\">\n<div class=\"icbu-pc-images magic-22\">\n<div>\n<div class=\"flex-layout-v\">\n<div class=\"flex-layout-h magic-22\">\n<div class=\"magic-31\"><img decoding=\"async\" class=\"magic-32\" src=\"https:\/\/sc04.alicdn.com\/kf\/Hab533883782f44feb478e0825242386aJ\/205957178\/Hab533883782f44feb478e0825242386aJ.jpg\" data-src=\"\/\/sc04.alicdn.com\/kf\/Hab533883782f44feb478e0825242386aJ\/205957178\/Hab533883782f44feb478e0825242386aJ.jpg\" \/><\/div>\n<\/div>\n<\/div>\n<\/div>\n<\/div>\n<\/div>\n<div class=\"J_module\">\n<div id=\"ali-anchor-AliMagic-keyxa0\" class=\"magic-0\" data-section=\"AliMagic-keyxa0\" data-section-title=\"FAQ\">PREGUNTAS FRECUENTES<\/div>\n<\/div>\n<div class=\"J_module\">\n<div class=\"detail-decorate-json-renderer-container\">\n<div class=\"magic-18\">\n<div class=\"magic-19\">\n<div class=\"magic-20\">\n<div class=\"magic-21\"><b>1. \u00bfqui\u00e9nes somos?<\/b><br \/>\nWe are based in Shandong, China, start from 2010,sell to Africa(35.00%),Africa(35.00%),Southeast Asia(15.00%),South America(15.00%),Southeast Asia(15.00%),Eastern Asia(5.00%),Central America(5.00%),Eastern Europe(5.00%),Domestic Market(5.00%),Mid East(5.00%),South Asia(5.00%),Oceania(5.00%),Eastern Asia(5.00%),Central America(5.00%),Eastern Europe(5.00%),Domestic Market(5.00%),Mid East(5.00%). There are total about 11-50 people in our office.<b>2. \u00bfc\u00f3mo podemos garantizar la calidad?<\/b><br \/>\nSiempre una muestra de preproducci\u00f3n antes de la producci\u00f3n en serie;<br \/>\nSiempre Inspecci\u00f3n final antes del env\u00edo;<b>3.\u00bfqu\u00e9 puede comprarnos?<\/b><br \/>\nTruck, Howo Truck, Dump Truck, Tractor Truck, Concrete Mixer Truck, Cargo Truck, Semi Trailer, Flat Bed Trailer, Water Tank Truck, Oil Tank Truck, Crane Truck, Wheel loader, Truck, Howo Truck, Dump Truck, Cargo Truck, Semi Trailer, Flat Bed Trailer, Water Tank Truck, Oil Tank Truck, Crane Truck<\/p>\n<p><b>4. \u00bfpor qu\u00e9 comprarnos a nosotros y no a otros proveedores?<\/b><br \/>\nJinan Kunda Heavy Truck Sales Co., Ltd. est\u00e1 ubicada en Jinan y est\u00e1 especializada en la fabricaci\u00f3n de camiones pesados. Con un equipo experimentado y profesional, hemos exportado nuestros productos a muchos pa\u00edses y regiones de todo el mundo.<\/p>\n<p><b>5. \u00bfqu\u00e9 servicios podemos prestar?<\/b><br \/>\nCondiciones de entrega aceptadas: FOB,CFR,CIF,EXW,FAS,CIP,DDP,DAF\uff1b<br \/>\nDivisa de pago aceptada: USD, EUR, HKD, CNY;<br \/>\nTipo de pago aceptado: T\/T,L\/C,D\/P D\/A,MoneyGram,Tarjeta de cr\u00e9dito,Western Union,Efectivo;<br \/>\nIdioma que habla:Ingl\u00e9s,Chino,Espa\u00f1ol,Portugu\u00e9s,\u00c1rabe,Franc\u00e9s,Ruso<\/p>\n<div><sup class=\"magic-33\"><b><span class=\"magic-34\">6\u3001How can contact you directly ?<\/span><\/b><\/sup><\/div>\n<div><sup><b><span class=\"magic-34\"> Name: Oscar<\/span><\/b><\/sup><\/div>\n<div><sup><b><span class=\"magic-34\"> Phone:+86 18953179828<\/span><\/b><\/sup><\/div>\n<div><sup><b><span class=\"magic-34\"> whatsapp:+86 18953179828<\/span><\/b><\/sup><\/div>\n<div><sup><b><span class=\"magic-34\"> wechat:+8618953179828<\/span><\/b><\/sup><\/div>\n<div><sup class=\"magic-33\"><b><span class=\"magic-34\"> Email: kunda@haowozhongka.com<\/span><\/b><\/sup><\/div>\n<\/div>\n<\/div>\n<\/div>\n<\/div>\n<\/div>\n<\/div>\n<\/div>\n<\/div>","protected":false},"excerpt":{"rendered":"<p>valor del art\u00edculo Uso Cami\u00f3n Remolque Tipo Semirremolque Material aleaci\u00f3n de aluminio Acero Tama\u00f1o 14900*2550*3850mm Carga \u00fatil m\u00e1xima 80T 80Capacidad 80000L compartimentos 5 Lugar de origen China Shandong Marca kunda Perfil de la empresa Jinan Kunda Automobile Sales Co., Ltd. se estableci\u00f3 en 2010 y se encuentra en Sinotruk Departure Area,Shizhong District, Jinan City, provincia de Shandong, especializada en la...<\/p>","protected":false},"featured_media":622,"comment_status":"open","ping_status":"closed","template":"","meta":{"_seopress_robots_primary_cat":"","_seopress_titles_title":"","_seopress_titles_desc":"","_seopress_robots_index":"","_kad_post_transparent":"default","_kad_post_title":"","_kad_post_layout":"default","_kad_post_sidebar_id":"","_kad_post_content_style":"default","_kad_post_vertical_padding":"default","_kad_post_feature":"","_kad_post_feature_position":"","_kad_post_header":false,"_kad_post_footer":false,"_kad_post_classname":""},"product_brand":[],"product_cat":[29],"product_tag":[],"class_list":{"0":"post-619","1":"product","2":"type-product","3":"status-publish","4":"has-post-thumbnail","6":"product_cat-fuel-tank-trailer-semi-trailer","8":"first","9":"instock","10":"shipping-taxable","11":"product-type-simple","12":"entry","13":"content-bg","14":"loop-entry"},"_links":{"self":[{"href":"https:\/\/kdzgtruck.com\/es\/wp-json\/wp\/v2\/product\/619","targetHints":{"allow":["GET"]}}],"collection":[{"href":"https:\/\/kdzgtruck.com\/es\/wp-json\/wp\/v2\/product"}],"about":[{"href":"https:\/\/kdzgtruck.com\/es\/wp-json\/wp\/v2\/types\/product"}],"replies":[{"embeddable":true,"href":"https:\/\/kdzgtruck.com\/es\/wp-json\/wp\/v2\/comments?post=619"}],"wp:featuredmedia":[{"embeddable":true,"href":"https:\/\/kdzgtruck.com\/es\/wp-json\/wp\/v2\/media\/622"}],"wp:attachment":[{"href":"https:\/\/kdzgtruck.com\/es\/wp-json\/wp\/v2\/media?parent=619"}],"wp:term":[{"taxonomy":"product_brand","embeddable":true,"href":"https:\/\/kdzgtruck.com\/es\/wp-json\/wp\/v2\/product_brand?post=619"},{"taxonomy":"product_cat","embeddable":true,"href":"https:\/\/kdzgtruck.com\/es\/wp-json\/wp\/v2\/product_cat?post=619"},{"taxonomy":"product_tag","embeddable":true,"href":"https:\/\/kdzgtruck.com\/es\/wp-json\/wp\/v2\/product_tag?post=619"}],"curies":[{"name":"wp","href":"https:\/\/api.w.org\/{rel}","templated":true}]}}