{"id":568,"date":"2024-11-06T14:44:43","date_gmt":"2024-11-06T06:44:43","guid":{"rendered":"https:\/\/kdzgtruck.com\/?post_type=product&#038;p=568"},"modified":"2024-11-14T15:46:39","modified_gmt":"2024-11-14T07:46:39","slug":"conerete-mixer-truck","status":"publish","type":"product","link":"https:\/\/kdzgtruck.com\/es\/producto\/conerete-mixer-truck\/","title":{"rendered":"Cami\u00f3n hormigonera Conerete"},"content":{"rendered":"<p><span data-spm-anchor-id=\"a2700.details.0.i73.20a5b17cjmPokC\">venta de camiones hormigonera howo<\/span><img alt=\"\" fetchpriority=\"high\" decoding=\"async\" class=\"alignnone size-full wp-image-719\" src=\"https:\/\/kdzgtruck.com\/wp-content\/uploads\/2024\/11\/6-3.jpg\" width=\"800\" height=\"452\" srcset=\"https:\/\/kdzgtruck.com\/wp-content\/uploads\/2024\/11\/6-3.jpg 800w, https:\/\/kdzgtruck.com\/wp-content\/uploads\/2024\/11\/6-3-300x170.jpg 300w, https:\/\/kdzgtruck.com\/wp-content\/uploads\/2024\/11\/6-3-768x434.jpg 768w, https:\/\/kdzgtruck.com\/wp-content\/uploads\/2024\/11\/6-3-18x10.jpg 18w\" sizes=\"(max-width: 800px) 100vw, 800px\" \/><\/p>\n<p data-spm-anchor-id=\"a2700.details.0.i76.20a5b17cjmPokC\">1.Emisi\u00f3n:Euro2 2.Color : Opcional 3.Motor: WD615.96E 4.Transmission:HW15710<\/p>\n<table class=\"aliDataTable\" border=\"1\" cellspacing=\"0\" cellpadding=\"0\">\n<tbody>\n<tr align=\"left\">\n<td colspan=\"2\" align=\"center\">\n<p align=\"center\">venta de camiones hormigonera howo<\/p>\n<\/td>\n<td><\/td>\n<\/tr>\n<tr align=\"left\">\n<td colspan=\"2\">Modelo de chasis<\/td>\n<td align=\"center\"><strong>ZZ1257M3647C \/ T1BA<\/strong><\/td>\n<\/tr>\n<tr align=\"left\">\n<td colspan=\"2\">Velocidad m\u00e1xima (km\/h)<\/td>\n<td align=\"center\">90,102<\/td>\n<\/tr>\n<tr align=\"left\">\n<td colspan=\"2\">Sistema de accionamiento<\/td>\n<td align=\"center\">6\u00d74<\/td>\n<\/tr>\n<tr align=\"left\">\n<td colspan=\"2\">Peso en orden de marcha (kg)<\/td>\n<td align=\"center\">13060<\/td>\n<\/tr>\n<tr align=\"left\">\n<td colspan=\"2\">Masa total (kg)<\/td>\n<td align=\"center\">25000<\/td>\n<\/tr>\n<tr align=\"left\">\n<td rowspan=\"4\">\u00a0 \u00a0 Dimensiones totales (mm)<\/td>\n<td>Longitud<\/td>\n<td align=\"center\">8715<\/td>\n<\/tr>\n<tr align=\"left\">\n<td>Anchura<\/td>\n<td align=\"center\">2496<\/td>\n<\/tr>\n<tr align=\"left\">\n<td>Altura<\/td>\n<td align=\"center\">\u00a03850<\/td>\n<\/tr>\n<tr align=\"left\">\n<td>Capacidad (CBM)<\/td>\n<td align=\"center\">9<\/td>\n<\/tr>\n<tr align=\"left\">\n<td colspan=\"2\">Distancia entre ejes (mm)<\/td>\n<td align=\"center\">3625+1350,3600+1400<\/td>\n<\/tr>\n<tr align=\"left\">\n<td colspan=\"2\">Voladizo (mm) (F\/R)<\/td>\n<td align=\"center\">1500\/2240,1500\/2215<\/td>\n<\/tr>\n<tr align=\"left\">\n<td colspan=\"2\">Ancho de v\u00eda (mm) (F\/R)<\/td>\n<td align=\"center\">\u00a01939 \/ 1830<\/td>\n<\/tr>\n<tr align=\"left\">\n<td colspan=\"2\">Motor<\/td>\n<td align=\"center\"><strong>WD615\u00a0<\/strong><strong>Motor diesel<\/strong>\u00a0Euro3<\/td>\n<\/tr>\n<tr align=\"left\">\n<td colspan=\"2\">Potencia nominal<\/td>\n<td align=\"center\">300 CV<\/td>\n<\/tr>\n<tr align=\"left\">\n<td colspan=\"2\">Caja de cambios<\/td>\n<td align=\"center\">HW15710<\/td>\n<\/tr>\n<tr align=\"left\">\n<td colspan=\"2\">Direcci\u00f3n<\/td>\n<td align=\"center\">ZF 8089<\/td>\n<\/tr>\n<tr align=\"left\">\n<td colspan=\"2\">Cabina<\/td>\n<td align=\"center\">Cabina HOWO con aire acondicionado y cama individual<\/td>\n<\/tr>\n<tr align=\"left\">\n<td colspan=\"2\">Eje<\/td>\n<td align=\"center\"><span data-spm-anchor-id=\"a2700.details.0.i79.20a5b17cjmPokC\">7000\/18000 (Doble eje de carga conjunta)<\/span><\/td>\n<\/tr>\n<tr align=\"left\">\n<td colspan=\"2\">Neum\u00e1tico(RADIAL TYRE)<\/td>\n<td align=\"center\">11.00-20,11.00R20, 12.00-20,12.00R20<\/td>\n<\/tr>\n<\/tbody>\n<\/table>","protected":false},"excerpt":{"rendered":"<p>howo cami\u00f3n mezclador para la venta 1.Emission:Euro2 2.Color : Opcional 3.Engine: WD615.96E 4.Transmisi\u00f3n:HW15710 Cami\u00f3n hormigonera howo en venta Modelo de chasis ZZ1257M3647C \/ T1BA Velocidad m\u00e1x. de marcha(km\/h) 90,102 Sistema de tracci\u00f3n 6\u00d74 Peso en orden de marcha(kg) 13060 Masa total(kg) 25000 Dimensiones generales (mm) Longitud 8715 Anchura 2496 Altura 3850 Capacidad (CBM) 9 Distancia entre ejes (mm) 3625+1350,3600+1400 Voladizo (mm) ...<\/p>","protected":false},"featured_media":569,"comment_status":"open","ping_status":"closed","template":"","meta":{"_seopress_robots_primary_cat":"none","_seopress_titles_title":"","_seopress_titles_desc":"","_seopress_robots_index":"","_kad_post_transparent":"default","_kad_post_title":"","_kad_post_layout":"default","_kad_post_sidebar_id":"","_kad_post_content_style":"default","_kad_post_vertical_padding":"default","_kad_post_feature":"","_kad_post_feature_position":"","_kad_post_header":false,"_kad_post_footer":false,"_kad_post_classname":""},"product_brand":[],"product_cat":[27],"product_tag":[],"class_list":{"0":"post-568","1":"product","2":"type-product","3":"status-publish","4":"has-post-thumbnail","6":"product_cat-truck","8":"first","9":"instock","10":"shipping-taxable","11":"product-type-simple","12":"entry","13":"content-bg","14":"loop-entry"},"_links":{"self":[{"href":"https:\/\/kdzgtruck.com\/es\/wp-json\/wp\/v2\/product\/568","targetHints":{"allow":["GET"]}}],"collection":[{"href":"https:\/\/kdzgtruck.com\/es\/wp-json\/wp\/v2\/product"}],"about":[{"href":"https:\/\/kdzgtruck.com\/es\/wp-json\/wp\/v2\/types\/product"}],"replies":[{"embeddable":true,"href":"https:\/\/kdzgtruck.com\/es\/wp-json\/wp\/v2\/comments?post=568"}],"wp:featuredmedia":[{"embeddable":true,"href":"https:\/\/kdzgtruck.com\/es\/wp-json\/wp\/v2\/media\/569"}],"wp:attachment":[{"href":"https:\/\/kdzgtruck.com\/es\/wp-json\/wp\/v2\/media?parent=568"}],"wp:term":[{"taxonomy":"product_brand","embeddable":true,"href":"https:\/\/kdzgtruck.com\/es\/wp-json\/wp\/v2\/product_brand?post=568"},{"taxonomy":"product_cat","embeddable":true,"href":"https:\/\/kdzgtruck.com\/es\/wp-json\/wp\/v2\/product_cat?post=568"},{"taxonomy":"product_tag","embeddable":true,"href":"https:\/\/kdzgtruck.com\/es\/wp-json\/wp\/v2\/product_tag?post=568"}],"curies":[{"name":"wp","href":"https:\/\/api.w.org\/{rel}","templated":true}]}}