{"id":228,"date":"2024-10-23T21:14:42","date_gmt":"2024-10-23T13:14:42","guid":{"rendered":"http:\/\/kdzgtruck.com\/?post_type=product&#038;p=228"},"modified":"2024-11-14T15:20:37","modified_gmt":"2024-11-14T07:20:37","slug":"dump-truck","status":"publish","type":"product","link":"https:\/\/kdzgtruck.com\/es\/producto\/dump-truck\/","title":{"rendered":"Cami\u00f3n ligero"},"content":{"rendered":"<p><img alt=\"\" fetchpriority=\"high\" decoding=\"async\" class=\"alignnone size-full wp-image-696\" src=\"https:\/\/kdzgtruck.com\/wp-content\/uploads\/2024\/11\/1-6.jpg\" width=\"946\" height=\"734\" srcset=\"https:\/\/kdzgtruck.com\/wp-content\/uploads\/2024\/11\/1-6.jpg 946w, https:\/\/kdzgtruck.com\/wp-content\/uploads\/2024\/11\/1-6-300x233.jpg 300w, https:\/\/kdzgtruck.com\/wp-content\/uploads\/2024\/11\/1-6-768x596.jpg 768w, https:\/\/kdzgtruck.com\/wp-content\/uploads\/2024\/11\/1-6-15x12.jpg 15w, https:\/\/kdzgtruck.com\/wp-content\/uploads\/2024\/11\/1-6-800x621.jpg 800w\" sizes=\"(max-width: 946px) 100vw, 946px\" \/><img alt=\"\" decoding=\"async\" class=\"alignnone size-full wp-image-697\" src=\"https:\/\/kdzgtruck.com\/wp-content\/uploads\/2024\/11\/2-5.jpg\" width=\"964\" height=\"659\" srcset=\"https:\/\/kdzgtruck.com\/wp-content\/uploads\/2024\/11\/2-5.jpg 964w, https:\/\/kdzgtruck.com\/wp-content\/uploads\/2024\/11\/2-5-300x205.jpg 300w, https:\/\/kdzgtruck.com\/wp-content\/uploads\/2024\/11\/2-5-768x525.jpg 768w, https:\/\/kdzgtruck.com\/wp-content\/uploads\/2024\/11\/2-5-18x12.jpg 18w, https:\/\/kdzgtruck.com\/wp-content\/uploads\/2024\/11\/2-5-800x547.jpg 800w\" sizes=\"(max-width: 964px) 100vw, 964px\" \/><img alt=\"\" decoding=\"async\" class=\"alignnone size-full wp-image-698\" src=\"https:\/\/kdzgtruck.com\/wp-content\/uploads\/2024\/11\/3-5.jpg\" width=\"782\" height=\"689\" srcset=\"https:\/\/kdzgtruck.com\/wp-content\/uploads\/2024\/11\/3-5.jpg 782w, https:\/\/kdzgtruck.com\/wp-content\/uploads\/2024\/11\/3-5-300x264.jpg 300w, https:\/\/kdzgtruck.com\/wp-content\/uploads\/2024\/11\/3-5-768x677.jpg 768w, https:\/\/kdzgtruck.com\/wp-content\/uploads\/2024\/11\/3-5-14x12.jpg 14w\" sizes=\"(max-width: 782px) 100vw, 782px\" \/><img alt=\"\" loading=\"lazy\" decoding=\"async\" class=\"alignnone size-full wp-image-699\" src=\"https:\/\/kdzgtruck.com\/wp-content\/uploads\/2024\/11\/4-5.jpg\" width=\"1049\" height=\"686\" srcset=\"https:\/\/kdzgtruck.com\/wp-content\/uploads\/2024\/11\/4-5.jpg 1049w, https:\/\/kdzgtruck.com\/wp-content\/uploads\/2024\/11\/4-5-300x196.jpg 300w, https:\/\/kdzgtruck.com\/wp-content\/uploads\/2024\/11\/4-5-1024x670.jpg 1024w, https:\/\/kdzgtruck.com\/wp-content\/uploads\/2024\/11\/4-5-768x502.jpg 768w, https:\/\/kdzgtruck.com\/wp-content\/uploads\/2024\/11\/4-5-18x12.jpg 18w, https:\/\/kdzgtruck.com\/wp-content\/uploads\/2024\/11\/4-5-800x523.jpg 800w\" sizes=\"(max-width: 1049px) 100vw, 1049px\" \/><img alt=\"\" loading=\"lazy\" decoding=\"async\" class=\"alignnone size-full wp-image-700\" src=\"https:\/\/kdzgtruck.com\/wp-content\/uploads\/2024\/11\/5-5.jpg\" width=\"915\" height=\"619\" srcset=\"https:\/\/kdzgtruck.com\/wp-content\/uploads\/2024\/11\/5-5.jpg 915w, https:\/\/kdzgtruck.com\/wp-content\/uploads\/2024\/11\/5-5-300x203.jpg 300w, https:\/\/kdzgtruck.com\/wp-content\/uploads\/2024\/11\/5-5-768x520.jpg 768w, https:\/\/kdzgtruck.com\/wp-content\/uploads\/2024\/11\/5-5-18x12.jpg 18w, https:\/\/kdzgtruck.com\/wp-content\/uploads\/2024\/11\/5-5-800x541.jpg 800w\" sizes=\"(max-width: 915px) 100vw, 915px\" \/><img alt=\"\" loading=\"lazy\" decoding=\"async\" class=\"alignnone size-full wp-image-701\" src=\"https:\/\/kdzgtruck.com\/wp-content\/uploads\/2024\/11\/6-2.jpg\" width=\"1049\" height=\"686\" srcset=\"https:\/\/kdzgtruck.com\/wp-content\/uploads\/2024\/11\/6-2.jpg 1049w, https:\/\/kdzgtruck.com\/wp-content\/uploads\/2024\/11\/6-2-300x196.jpg 300w, https:\/\/kdzgtruck.com\/wp-content\/uploads\/2024\/11\/6-2-1024x670.jpg 1024w, https:\/\/kdzgtruck.com\/wp-content\/uploads\/2024\/11\/6-2-768x502.jpg 768w, https:\/\/kdzgtruck.com\/wp-content\/uploads\/2024\/11\/6-2-18x12.jpg 18w, https:\/\/kdzgtruck.com\/wp-content\/uploads\/2024\/11\/6-2-800x523.jpg 800w\" sizes=\"(max-width: 1049px) 100vw, 1049px\" \/><\/p>\n<table class=\"has-title all magic-12\">\n<tbody>\n<tr>\n<td colspan=\"1\" rowspan=\"1\">\n<div class=\"magic-13\" data-spm-anchor-id=\"a2700.details.0.i60.74b742caxcf4gG\">art\u00edculo<\/div>\n<\/td>\n<td colspan=\"1\" rowspan=\"1\">\n<div class=\"magic-14\">valor<\/div>\n<\/td>\n<\/tr>\n<tr>\n<td colspan=\"1\" rowspan=\"1\">\n<div class=\"magic-13\">Condici\u00f3n<\/div>\n<\/td>\n<td colspan=\"1\" rowspan=\"1\">\n<div class=\"magic-14\">Nuevo<\/div>\n<\/td>\n<\/tr>\n<tr>\n<td colspan=\"1\" rowspan=\"1\">\n<div class=\"magic-13\">Direcci\u00f3n<\/div>\n<\/td>\n<td colspan=\"1\" rowspan=\"1\">\n<div class=\"magic-14\">Izquierda<\/div>\n<\/td>\n<\/tr>\n<tr>\n<td colspan=\"1\" rowspan=\"1\">\n<div class=\"magic-13\">Norma de emisiones<\/div>\n<\/td>\n<td colspan=\"1\" rowspan=\"1\">\n<div class=\"magic-14\">Euro 2<\/div>\n<\/td>\n<\/tr>\n<tr>\n<td colspan=\"1\" rowspan=\"1\">\n<div class=\"magic-13\">Marca<\/div>\n<\/td>\n<td colspan=\"1\" rowspan=\"1\">\n<div class=\"magic-14\">sinotruck howo<\/div>\n<\/td>\n<\/tr>\n<tr>\n<td colspan=\"1\" rowspan=\"1\">\n<div class=\"magic-13\">Lugar de origen<\/div>\n<\/td>\n<td colspan=\"1\" rowspan=\"1\">\n<div class=\"magic-14\">China<\/div>\n<\/td>\n<\/tr>\n<tr>\n<td colspan=\"1\" rowspan=\"1\">\n<div class=\"magic-13\"><\/div>\n<\/td>\n<td colspan=\"1\" rowspan=\"1\">\n<div class=\"magic-14\">Shandong<\/div>\n<\/td>\n<\/tr>\n<tr>\n<td colspan=\"1\" rowspan=\"1\">\n<div class=\"magic-13\">Segmento<\/div>\n<\/td>\n<td colspan=\"1\" rowspan=\"1\">\n<div class=\"magic-14\">Camiones pesados<\/div>\n<\/td>\n<\/tr>\n<tr>\n<td colspan=\"1\" rowspan=\"1\">\n<div class=\"magic-13\">Segmentaci\u00f3n del mercado<\/div>\n<\/td>\n<td colspan=\"1\" rowspan=\"1\">\n<div class=\"magic-14\">Log\u00edstica de transporte<\/div>\n<\/td>\n<\/tr>\n<tr>\n<td colspan=\"1\" rowspan=\"1\">\n<div class=\"magic-13\">Tipo de combustible<\/div>\n<\/td>\n<td colspan=\"1\" rowspan=\"1\">\n<div class=\"magic-14\">Diesel<\/div>\n<\/td>\n<\/tr>\n<tr>\n<td colspan=\"1\" rowspan=\"1\">\n<div class=\"magic-13\">Cilindrada<\/div>\n<\/td>\n<td colspan=\"1\" rowspan=\"1\">\n<div class=\"magic-14\">&lt; 4L<\/div>\n<\/td>\n<\/tr>\n<tr>\n<td colspan=\"1\" rowspan=\"1\">\n<div class=\"magic-13\">Potencia<\/div>\n<\/td>\n<td colspan=\"1\" rowspan=\"1\">\n<div class=\"magic-14\">150 - 250 CV<\/div>\n<\/td>\n<\/tr>\n<tr>\n<td colspan=\"1\" rowspan=\"1\">\n<div class=\"magic-13\">Tipo de transmisi\u00f3n<\/div>\n<\/td>\n<td colspan=\"1\" rowspan=\"1\">\n<div class=\"magic-14\">Manual<\/div>\n<\/td>\n<\/tr>\n<tr>\n<td colspan=\"1\" rowspan=\"1\">\n<div class=\"magic-13\">N\u00famero de cambio hacia delante<\/div>\n<\/td>\n<td colspan=\"1\" rowspan=\"1\">\n<div class=\"magic-14\">10<\/div>\n<\/td>\n<\/tr>\n<tr>\n<td colspan=\"1\" rowspan=\"1\">\n<div class=\"magic-13\">N\u00famero de cambio inverso<\/div>\n<\/td>\n<td colspan=\"1\" rowspan=\"1\">\n<div class=\"magic-14\">2<\/div>\n<\/td>\n<\/tr>\n<tr>\n<td colspan=\"1\" rowspan=\"1\">\n<div class=\"magic-13\">Par m\u00e1ximo (Nm)<\/div>\n<\/td>\n<td colspan=\"1\" rowspan=\"1\">\n<div class=\"magic-14\">1500-2000Nm<\/div>\n<\/td>\n<\/tr>\n<tr>\n<td colspan=\"1\" rowspan=\"1\">\n<div class=\"magic-13\">Talla<\/div>\n<\/td>\n<td colspan=\"1\" rowspan=\"1\">\n<div class=\"magic-14\">4080mmx1485mmx1850mm<\/div>\n<\/td>\n<\/tr>\n<tr>\n<td colspan=\"1\" rowspan=\"1\">\n<div class=\"magic-13\">Dimensi\u00f3n del tanque de carga<\/div>\n<\/td>\n<td colspan=\"1\" rowspan=\"1\">\n<div class=\"magic-14\">4080<\/div>\n<\/td>\n<\/tr>\n<tr>\n<td colspan=\"1\" rowspan=\"1\">\n<div class=\"magic-13\">Longitud del tanque de carga<\/div>\n<\/td>\n<td colspan=\"1\" rowspan=\"1\">\n<div class=\"magic-14\">\u22644.2m<\/div>\n<\/td>\n<\/tr>\n<tr>\n<td colspan=\"1\" rowspan=\"1\">\n<div class=\"magic-13\">Tipo de tanque de carga<\/div>\n<\/td>\n<td colspan=\"1\" rowspan=\"1\">\n<div class=\"magic-14\">Placa de columna<\/div>\n<\/td>\n<\/tr>\n<tr>\n<td colspan=\"1\" rowspan=\"1\">\n<div class=\"magic-13\">Peso bruto del veh\u00edculo<\/div>\n<\/td>\n<td colspan=\"1\" rowspan=\"1\">\n<div class=\"magic-14\">1000<\/div>\n<\/td>\n<\/tr>\n<tr>\n<td colspan=\"1\" rowspan=\"1\">\n<div class=\"magic-13\">Capacidad (carga)<\/div>\n<\/td>\n<td colspan=\"1\" rowspan=\"1\">\n<div class=\"magic-14\">1 - 10t<\/div>\n<\/td>\n<\/tr>\n<tr>\n<td colspan=\"1\" rowspan=\"1\">\n<div class=\"magic-13\">Rueda motriz<\/div>\n<\/td>\n<td colspan=\"1\" rowspan=\"1\">\n<div class=\"magic-14\">4X2<\/div>\n<\/td>\n<\/tr>\n<tr>\n<td colspan=\"1\" rowspan=\"1\">\n<div class=\"magic-13\">Pasajeros<\/div>\n<\/td>\n<td colspan=\"1\" rowspan=\"1\">\n<div class=\"magic-14\">2<\/div>\n<\/td>\n<\/tr>\n<tr>\n<td colspan=\"1\" rowspan=\"1\">\n<div class=\"magic-13\">Asiento del conductor<\/div>\n<\/td>\n<td colspan=\"1\" rowspan=\"1\">\n<div class=\"magic-14\">Suspensi\u00f3n neum\u00e1tica<\/div>\n<\/td>\n<\/tr>\n<tr>\n<td colspan=\"1\" rowspan=\"1\">\n<div class=\"magic-13\">Filas de asientos<\/div>\n<\/td>\n<td colspan=\"1\" rowspan=\"1\">\n<div class=\"magic-14\">Una fila<\/div>\n<\/td>\n<\/tr>\n<tr>\n<td colspan=\"1\" rowspan=\"1\">\n<div class=\"magic-13\">C\u00e1mara trasera<\/div>\n<\/td>\n<td colspan=\"1\" rowspan=\"1\">\n<div class=\"magic-14\">Ninguno<\/div>\n<\/td>\n<\/tr>\n<tr>\n<td colspan=\"1\" rowspan=\"1\">\n<div class=\"magic-13\">ABS (sistema antibloqueo de frenos)<\/div>\n<\/td>\n<td colspan=\"1\" rowspan=\"1\">\n<div class=\"magic-14\">Ninguno<\/div>\n<\/td>\n<\/tr>\n<tr>\n<td colspan=\"1\" rowspan=\"1\">\n<div class=\"magic-13\">ESC (sistema electr\u00f3nico de control de estabilidad)<\/div>\n<\/td>\n<td colspan=\"1\" rowspan=\"1\">\n<div class=\"magic-14\">Ninguno<\/div>\n<\/td>\n<\/tr>\n<tr>\n<td colspan=\"1\" rowspan=\"1\">\n<div class=\"magic-13\">Pantalla t\u00e1ctil<\/div>\n<\/td>\n<td colspan=\"1\" rowspan=\"1\">\n<div class=\"magic-14\">Ninguno<\/div>\n<\/td>\n<\/tr>\n<tr>\n<td colspan=\"1\" rowspan=\"1\">\n<div class=\"magic-13\">Sistema multimedia<\/div>\n<\/td>\n<td colspan=\"1\" rowspan=\"1\">\n<div class=\"magic-14\">S\u00ed<\/div>\n<\/td>\n<\/tr>\n<tr>\n<td colspan=\"1\" rowspan=\"1\">\n<div class=\"magic-13\">Ventana<\/div>\n<\/td>\n<td colspan=\"1\" rowspan=\"1\">\n<div class=\"magic-14\">Manual<\/div>\n<\/td>\n<\/tr>\n<tr>\n<td colspan=\"1\" rowspan=\"1\">\n<div class=\"magic-13\">Aire acondicionado<\/div>\n<\/td>\n<td colspan=\"1\" rowspan=\"1\">\n<div class=\"magic-14\">Manual<\/div>\n<\/td>\n<\/tr>\n<tr>\n<td colspan=\"1\" rowspan=\"1\">\n<div class=\"magic-13\">N\u00famero de neum\u00e1tico<\/div>\n<\/td>\n<td colspan=\"1\" rowspan=\"1\">\n<div class=\"magic-14\">6<\/div>\n<\/td>\n<\/tr>\n<tr>\n<td colspan=\"1\" rowspan=\"1\">\n<div class=\"magic-13\">Servicio posventa<\/div>\n<\/td>\n<td colspan=\"1\" rowspan=\"1\">\n<div class=\"magic-14\">Instalaci\u00f3n in situ, Asistencia t\u00e9cnica por v\u00eddeo, Sin servicio posventa, Asistencia en l\u00ednea<\/div>\n<\/td>\n<\/tr>\n<tr>\n<td colspan=\"1\" rowspan=\"1\">\n<div class=\"magic-13\">Tipo de accionamiento<\/div>\n<\/td>\n<td colspan=\"1\" rowspan=\"1\">\n<div class=\"magic-14\">4*2<\/div>\n<\/td>\n<\/tr>\n<tr>\n<td colspan=\"1\" rowspan=\"1\">\n<div class=\"magic-13\">Motor<\/div>\n<\/td>\n<td colspan=\"1\" rowspan=\"1\">\n<div class=\"magic-14\">100 CV<\/div>\n<\/td>\n<\/tr>\n<tr>\n<td colspan=\"1\" rowspan=\"1\">\n<div class=\"magic-13\">Caja de la carrocer\u00eda<\/div>\n<\/td>\n<td colspan=\"1\" rowspan=\"1\">\n<div class=\"magic-14\">2800 *1650*370mm<\/div>\n<\/td>\n<\/tr>\n<tr>\n<td colspan=\"1\" rowspan=\"1\">\n<div class=\"magic-13\">color<\/div>\n<\/td>\n<td colspan=\"1\" rowspan=\"1\">\n<div class=\"magic-14\">Optioinal<\/div>\n<\/td>\n<\/tr>\n<tr>\n<td colspan=\"1\" rowspan=\"1\">\n<div class=\"magic-13\">Capacidad de carga<\/div>\n<\/td>\n<td colspan=\"1\" rowspan=\"1\">\n<div class=\"magic-14\">5 toneladas<\/div>\n<\/td>\n<\/tr>\n<tr>\n<td colspan=\"1\" rowspan=\"1\">\n<div class=\"magic-13\">Marca del chasis<\/div>\n<\/td>\n<td colspan=\"1\" rowspan=\"1\">\n<div class=\"magic-14\">Chasis SINOTRUK<\/div>\n<\/td>\n<\/tr>\n<tr>\n<td colspan=\"1\" rowspan=\"1\">\n<div class=\"magic-13\">Aplicaci\u00f3n<\/div>\n<\/td>\n<td colspan=\"1\" rowspan=\"1\">\n<div class=\"magic-14\" data-spm-anchor-id=\"a2700.details.0.i61.74b742caxcf4gG\">Transporte de mercanc\u00edas embaladas<\/div>\n<\/td>\n<\/tr>\n<tr>\n<td colspan=\"1\" rowspan=\"1\">\n<div class=\"magic-13\">Marca<\/div>\n<\/td>\n<td colspan=\"1\" rowspan=\"1\">\n<div class=\"magic-14\">SINOTUK HOWO<\/div>\n<\/td>\n<\/tr>\n<\/tbody>\n<\/table>","protected":false},"excerpt":{"rendered":"<p>item value Condition New Steering Left Emission Standard Euro 2 Brand Name sinotruck howo Place of Origin China Shandong Segement Heavy truck Market Segement Logistics transportation Fuel Type Diesel Engine Capacity &lt; 4L Horsepower 150 \u2013 250hp Transmission Type Manual Forward Shift Number 10 Reverse Shift Number 2 Maximum Torque(Nm) 1500-2000Nm Size 4080mmx1485mmx1850mm Cargo Tank&#8230;<\/p>","protected":false},"featured_media":763,"comment_status":"open","ping_status":"closed","template":"","meta":{"_seopress_robots_primary_cat":"none","_seopress_titles_title":"","_seopress_titles_desc":"","_seopress_robots_index":"","_kad_post_transparent":"default","_kad_post_title":"","_kad_post_layout":"default","_kad_post_sidebar_id":"","_kad_post_content_style":"default","_kad_post_vertical_padding":"default","_kad_post_feature":"","_kad_post_feature_position":"","_kad_post_header":false,"_kad_post_footer":false,"_kad_post_classname":""},"product_brand":[],"product_cat":[23,27],"product_tag":[],"class_list":{"0":"post-228","1":"product","2":"type-product","3":"status-publish","4":"has-post-thumbnail","6":"product_cat-products","7":"product_cat-truck","9":"first","10":"instock","11":"shipping-taxable","12":"product-type-simple","13":"entry","14":"content-bg","15":"loop-entry"},"_links":{"self":[{"href":"https:\/\/kdzgtruck.com\/es\/wp-json\/wp\/v2\/product\/228","targetHints":{"allow":["GET"]}}],"collection":[{"href":"https:\/\/kdzgtruck.com\/es\/wp-json\/wp\/v2\/product"}],"about":[{"href":"https:\/\/kdzgtruck.com\/es\/wp-json\/wp\/v2\/types\/product"}],"replies":[{"embeddable":true,"href":"https:\/\/kdzgtruck.com\/es\/wp-json\/wp\/v2\/comments?post=228"}],"wp:featuredmedia":[{"embeddable":true,"href":"https:\/\/kdzgtruck.com\/es\/wp-json\/wp\/v2\/media\/763"}],"wp:attachment":[{"href":"https:\/\/kdzgtruck.com\/es\/wp-json\/wp\/v2\/media?parent=228"}],"wp:term":[{"taxonomy":"product_brand","embeddable":true,"href":"https:\/\/kdzgtruck.com\/es\/wp-json\/wp\/v2\/product_brand?post=228"},{"taxonomy":"product_cat","embeddable":true,"href":"https:\/\/kdzgtruck.com\/es\/wp-json\/wp\/v2\/product_cat?post=228"},{"taxonomy":"product_tag","embeddable":true,"href":"https:\/\/kdzgtruck.com\/es\/wp-json\/wp\/v2\/product_tag?post=228"}],"curies":[{"name":"wp","href":"https:\/\/api.w.org\/{rel}","templated":true}]}}