{"id":234,"date":"2024-10-23T21:16:45","date_gmt":"2024-10-23T13:16:45","guid":{"rendered":"http:\/\/kdzgtruck.com\/?post_type=product&#038;p=234"},"modified":"2024-11-14T15:37:03","modified_gmt":"2024-11-14T07:37:03","slug":"fuel-tank-trailer","status":"publish","type":"product","link":"https:\/\/kdzgtruck.com\/ar\/product\/fuel-tank-trailer\/","title":{"rendered":"\u0645\u0642\u0637\u0648\u0631\u0629 \u062e\u0632\u0627\u0646 \u0627\u0644\u0648\u0642\u0648\u062f"},"content":{"rendered":"<div class=\"J_module\">\n<div class=\"ife-detail-decorate-table\">\n<table class=\"has-title all magic-12\">\n<tbody>\n<tr>\n<td colspan=\"1\" rowspan=\"1\" data-spm-anchor-id=\"a2700.details.0.i42.4c2e407bTecxlw\">\n<div class=\"magic-13\">\u0627\u0644\u0635\u0646\u0641<\/div>\n<\/td>\n<td colspan=\"1\" rowspan=\"1\">\n<div class=\"magic-14\">\u0627\u0644\u0642\u064a\u0645\u0629<\/div>\n<\/td>\n<\/tr>\n<tr>\n<td colspan=\"1\" rowspan=\"1\">\n<div class=\"magic-13\">\u0627\u0644\u0627\u0633\u062a\u062e\u062f\u0627\u0645<\/div>\n<\/td>\n<td colspan=\"1\" rowspan=\"1\">\n<div class=\"magic-14\">\u0645\u0642\u0637\u0648\u0631\u0629 \u0627\u0644\u0634\u0627\u062d\u0646\u0629<\/div>\n<\/td>\n<\/tr>\n<tr>\n<td colspan=\"1\" rowspan=\"1\">\n<div class=\"magic-13\">\u0627\u0644\u0646\u0648\u0639<\/div>\n<\/td>\n<td colspan=\"1\" rowspan=\"1\">\n<div class=\"magic-14\">\u0646\u0635\u0641 \u0645\u0642\u0637\u0648\u0631\u0629<\/div>\n<\/td>\n<\/tr>\n<tr>\n<td colspan=\"1\" rowspan=\"1\">\n<div class=\"magic-13\">\u0627\u0644\u0645\u0648\u0627\u062f<\/div>\n<\/td>\n<td colspan=\"1\" rowspan=\"1\">\n<div class=\"magic-14\">\u0633\u0628\u0627\u0626\u0643 \u0627\u0644\u0623\u0644\u0648\u0645\u0646\u064a\u0648\u0645 \u0627\u0644\u0635\u0644\u0628<\/div>\n<\/td>\n<\/tr>\n<tr>\n<td colspan=\"1\" rowspan=\"1\">\n<div class=\"magic-13\">\u0627\u0644\u062d\u062c\u0645<\/div>\n<\/td>\n<td colspan=\"1\" rowspan=\"1\">\n<div class=\"magic-14\">14900*2550*3850 \u0645\u0645<\/div>\n<\/td>\n<\/tr>\n<tr>\n<td colspan=\"1\" rowspan=\"1\">\n<div class=\"magic-13\">\u0627\u0644\u062d\u0645\u0648\u0644\u0629 \u0627\u0644\u0642\u0635\u0648\u0649<\/div>\n<\/td>\n<td colspan=\"1\" rowspan=\"1\">\n<div class=\"magic-14\">80T<\/div>\n<\/td>\n<\/tr>\n<tr>\n<td colspan=\"1\" rowspan=\"1\">\n<div class=\"magic-15\">80\u0627\u0644\u0633\u0639\u0629<\/div>\n<\/td>\n<td colspan=\"1\" rowspan=\"1\">\n<div class=\"magic-16\">80000L<\/div>\n<\/td>\n<\/tr>\n<tr>\n<td colspan=\"1\" rowspan=\"1\">\n<div class=\"magic-15\">\u0627\u0644\u0645\u0642\u0635\u0648\u0631\u0627\u062a<\/div>\n<\/td>\n<td colspan=\"1\" rowspan=\"1\">\n<div class=\"magic-16\">5<\/div>\n<\/td>\n<\/tr>\n<tr>\n<td colspan=\"1\" rowspan=\"1\">\n<div class=\"magic-13\">\u0645\u0643\u0627\u0646 \u0627\u0644\u0645\u0646\u0634\u0623<\/div>\n<\/td>\n<td colspan=\"1\" rowspan=\"1\">\n<div class=\"magic-14\">\u0627\u0644\u0635\u064a\u0646<\/div>\n<\/td>\n<\/tr>\n<tr>\n<td colspan=\"1\" rowspan=\"1\">\n<div class=\"magic-13\"><\/div>\n<\/td>\n<td colspan=\"1\" rowspan=\"1\">\n<div class=\"magic-14\">\u0634\u0627\u0646\u062f\u0648\u0646\u063a<\/div>\n<\/td>\n<\/tr>\n<tr>\n<td colspan=\"1\" rowspan=\"1\">\n<div class=\"magic-13\">\u0627\u0633\u0645 \u0627\u0644\u0639\u0644\u0627\u0645\u0629 \u0627\u0644\u062a\u062c\u0627\u0631\u064a\u0629<\/div>\n<\/td>\n<td colspan=\"1\" rowspan=\"1\">\n<div class=\"magic-14\">\u0643\u0648\u0646\u062f\u0627<\/div>\n<\/td>\n<\/tr>\n<tr>\n<td colspan=\"1\" rowspan=\"1\">\n<div class=\"magic-13\"><\/div>\n<\/td>\n<td colspan=\"1\" rowspan=\"1\">\n<div class=\"magic-14\"><\/div>\n<\/td>\n<\/tr>\n<\/tbody>\n<\/table>\n<\/div>\n<\/div>\n<div class=\"J_module\">\n<div id=\"ali-anchor-AliMagic-usm8no\" class=\"magic-0\" data-section=\"AliMagic-usm8no\" data-section-title=\"Company Profile\">\u0627\u0644\u0645\u0644\u0641 \u0627\u0644\u0634\u062e\u0635\u064a \u0644\u0644\u0634\u0631\u0643\u0629<\/div>\n<div data-section=\"AliMagic-usm8no\" data-section-title=\"Company Profile\">\n<div class=\"J_module\">\n<div class=\"detail-decorate-json-renderer-container\">\n<div class=\"magic-18\">\n<div class=\"magic-19\">\n<div class=\"magic-20\">\n<div class=\"magic-21\" data-spm-anchor-id=\"a2700.details.0.i43.4c2e407bTecxlw\"><span data-spm-anchor-id=\"a2700.details.0.i44.4c2e407bTecxlw\">Jinan Kunda Automobile Sales Co., Ltd. was established in 2010 and is located in Sinotruk Departure Area,Shizhong District, Jinan City, Shandong Province, specializing in the sales of light and heavy trucks and accessories. The main products are the brand new HOWO produced by Sinotruk and SHCMAN brand 6\u00d74,4\u00d72 short, medium and long-distance tractors, 4\u00d72, 6\u00d74, 8\u00d74 dump trucks, 4\u00d72, 6\u00d74, 8\u00d74, cargo circulation transport trucks, 10 Square, 20, 25 square sprinkler trucks, fuel trucks, 6\u00d74 8\u00d74 concrete cement mixer trucks,and can also provide high-quality chassis for drilling machines, fire trucks and other special vehicles. There are many cooperative customers in Africa, Central Asia, Southeast Asia and South America. Welcome friends to contact us for win-win cooperation<\/span><\/div>\n<\/div>\n<\/div>\n<\/div>\n<\/div>\n<\/div>\n<div class=\"J_module\">\n<div class=\"icbu-pc-images magic-22\">\n<div>\n<div class=\"flex-layout-v\">\n<div class=\"flex-layout-h magic-22\">\n<div class=\"magic-23\"><img decoding=\"async\" class=\"magic-24\" src=\"https:\/\/sc04.alicdn.com\/kf\/Hdd74649d6e134befbaf704aa7311243d7\/205957178\/Hdd74649d6e134befbaf704aa7311243d7.jpg\" data-src=\"\/\/sc04.alicdn.com\/kf\/Hdd74649d6e134befbaf704aa7311243d7\/205957178\/Hdd74649d6e134befbaf704aa7311243d7.jpg\" \/><\/div>\n<\/div>\n<\/div>\n<\/div>\n<\/div>\n<\/div>\n<div class=\"J_module\">\n<div class=\"detail-decorate-json-renderer-container\">\n<div class=\"magic-18\">\n<div class=\"magic-19\">\n<div class=\"magic-20\">\n<div class=\"magic-21\">\u0646\u062d\u0646 \u0646\u0648\u0641\u0631 \u0634\u0627\u062d\u0646\u0627\u062a \u0648\u0645\u0642\u0637\u0648\u0631\u0627\u062a \u062c\u062f\u064a\u062f\u0629 \u0630\u0627\u062a \u062c\u0648\u062f\u0629 \u0645\u0645\u062a\u0627\u0632\u0629\u060c \u0648\u0634\u0627\u062d\u0646\u0627\u062a \u0645\u0633\u062a\u0639\u0645\u0644\u0629 \u0641\u064a \u063a\u0636\u0648\u0646 5 \u0633\u0646\u0648\u0627\u062a\u060c \u0648\u0634\u0627\u062d\u0646\u0627\u062a \u062a\u0645 \u062a\u062e\u0631\u064a\u062f\u0647\u0627 \u0623\u0648 \u0634\u0627\u062d\u0646\u0627\u062a \u0623\u0639\u064a\u062f\u062a \u0647\u064a\u0643\u0644\u062a\u0647\u0627 \u0628\u0634\u0643\u0644 \u063a\u064a\u0631 \u0642\u0627\u0646\u0648\u0646\u064a. \u0627\u0644\u0634\u0627\u062d\u0646\u0627\u062a \u0630\u0627\u062a \u0627\u0644\u062c\u0648\u062f\u0629 \u0627\u0644\u0639\u0627\u0644\u064a\u0629 \u0648\u0627\u0644\u0623\u0633\u0639\u0627\u0631 \u0627\u0644\u0645\u0639\u0642\u0648\u0644\u0629 \u0648\u0627\u0644\u0623\u0645\u0648\u0627\u0644 \u0627\u0644\u0622\u0645\u0646\u0629 \u0648\u062d\u0633\u0646 \u0627\u0644\u0646\u064a\u0629 \u0647\u064a \u0623\u0633\u0627\u0633 \u0639\u0645\u0644\u0646\u0627.<\/div>\n<\/div>\n<\/div>\n<\/div>\n<\/div>\n<\/div>\n<div class=\"J_module\">\n<div class=\"icbu-pc-images magic-22\">\n<div>\n<div class=\"flex-layout-v\">\n<div class=\"flex-layout-h magic-22\">\n<div class=\"magic-25\"><img decoding=\"async\" class=\"magic-26\" src=\"https:\/\/sc04.alicdn.com\/kf\/Hc8e303d4d1154a86bfb5162a5219212aJ\/205957178\/Hc8e303d4d1154a86bfb5162a5219212aJ.jpg\" data-src=\"\/\/sc04.alicdn.com\/kf\/Hc8e303d4d1154a86bfb5162a5219212aJ\/205957178\/Hc8e303d4d1154a86bfb5162a5219212aJ.jpg\" \/><\/div>\n<\/div>\n<\/div>\n<\/div>\n<\/div>\n<\/div>\n<div class=\"J_module\">\n<div class=\"icbu-pc-images magic-22\">\n<div>\n<div class=\"flex-layout-v\">\n<div class=\"flex-layout-h magic-22\">\n<div class=\"magic-23\"><img decoding=\"async\" class=\"magic-24\" src=\"https:\/\/sc04.alicdn.com\/kf\/He3857bc488c1453081fc88db6057c71dY\/205957178\/He3857bc488c1453081fc88db6057c71dY.jpg\" data-src=\"\/\/sc04.alicdn.com\/kf\/He3857bc488c1453081fc88db6057c71dY\/205957178\/He3857bc488c1453081fc88db6057c71dY.jpg\" \/><\/div>\n<\/div>\n<\/div>\n<\/div>\n<\/div>\n<\/div>\n<div class=\"J_module\">\n<div class=\"detail-decorate-json-renderer-container\">\n<div class=\"magic-18\">\n<div class=\"magic-19\">\n<div class=\"magic-20\">\n<div class=\"magic-21\">We provide truck accessories of original quality; The parts market has many prices and different quality of parts; We only sell high-quality accessories of original factory quality. If you want to buy high-quality accessories, please contact us. If you don\u2019t care about the quality but only the low price, sorry, please don\u2019t contact us.<\/div>\n<\/div>\n<\/div>\n<\/div>\n<\/div>\n<\/div>\n<div class=\"J_module\">\n<div class=\"icbu-pc-images magic-22\">\n<div>\n<div class=\"flex-layout-v\">\n<div class=\"flex-layout-h magic-22\">\n<div class=\"magic-25\"><img decoding=\"async\" class=\"magic-26\" src=\"https:\/\/sc04.alicdn.com\/kf\/H7a2a042224484b1fb66e4717dc1d7eb4j\/205957178\/H7a2a042224484b1fb66e4717dc1d7eb4j.jpg\" data-src=\"\/\/sc04.alicdn.com\/kf\/H7a2a042224484b1fb66e4717dc1d7eb4j\/205957178\/H7a2a042224484b1fb66e4717dc1d7eb4j.jpg\" \/><\/div>\n<\/div>\n<\/div>\n<\/div>\n<\/div>\n<\/div>\n<div class=\"J_module\">\n<div class=\"icbu-pc-images magic-22\">\n<div>\n<div class=\"flex-layout-v\">\n<div class=\"flex-layout-h magic-22\">\n<div class=\"magic-23\"><img decoding=\"async\" class=\"magic-24\" src=\"https:\/\/sc04.alicdn.com\/kf\/H7b357ab010154eabae823c396a6455d7j\/205957178\/H7b357ab010154eabae823c396a6455d7j.jpg\" data-src=\"\/\/sc04.alicdn.com\/kf\/H7b357ab010154eabae823c396a6455d7j\/205957178\/H7b357ab010154eabae823c396a6455d7j.jpg\" \/><\/div>\n<\/div>\n<\/div>\n<\/div>\n<\/div>\n<\/div>\n<div class=\"J_module\">\n<div class=\"detail-decorate-json-renderer-container\">\n<div class=\"magic-18\">\n<div class=\"magic-19\">\n<div class=\"magic-20\">\n<div class=\"magic-21\">\u0628\u0639\u062f \u0623\u0643\u062b\u0631 \u0645\u0646 \u0639\u0634\u0631 \u0633\u0646\u0648\u0627\u062a \u0645\u0646 \u0627\u0644\u062a\u0634\u063a\u064a\u0644\u060c \u0644\u062f\u064a\u0646\u0627 \u0627\u0644\u0639\u062f\u064a\u062f \u0645\u0646 \u0627\u0644\u0639\u0645\u0644\u0627\u0621 \u0645\u0646 \u0623\u0641\u0631\u064a\u0642\u064a\u0627 \u0648\u0627\u0644\u0634\u0631\u0642 \u0627\u0644\u0623\u0648\u0633\u0637 \u0648\u0623\u0645\u0631\u064a\u0643\u0627 \u0627\u0644\u062c\u0646\u0648\u0628\u064a\u0629 \u0648\u062c\u0646\u0648\u0628 \u0634\u0631\u0642 \u0622\u0633\u064a\u0627 \u0648\u0622\u0633\u064a\u0627 \u0627\u0644\u0648\u0633\u0637\u0649 \u0648\u0645\u0646\u063a\u0648\u0644\u064a\u0627 \u0648\u0631\u0648\u0633\u064a\u0627. \u0644\u062f\u064a\u0646\u0627 \u062a\u0639\u0627\u0648\u0646 \u0637\u0648\u064a\u0644 \u0648\u0645\u0645\u062a\u0639. \u0645\u0631\u062d\u0628\u064b\u0627 \u0628\u0643 \u0644\u062a\u0643\u0648\u0646 \u0634\u0631\u064a\u0643\u064b\u0627 \u0644\u0646\u0627<\/div>\n<\/div>\n<\/div>\n<\/div>\n<\/div>\n<\/div>\n<div class=\"J_module\">\n<div class=\"icbu-pc-images magic-22\">\n<div>\n<div class=\"flex-layout-v\">\n<div class=\"flex-layout-h magic-22\">\n<div class=\"magic-27\"><img decoding=\"async\" class=\"magic-28\" src=\"https:\/\/sc04.alicdn.com\/kf\/H321a726284fd4f1788bce53029743237a\/205957178\/H321a726284fd4f1788bce53029743237a.jpg\" data-src=\"\/\/sc04.alicdn.com\/kf\/H321a726284fd4f1788bce53029743237a\/205957178\/H321a726284fd4f1788bce53029743237a.jpg\" \/><\/div>\n<\/div>\n<\/div>\n<\/div>\n<\/div>\n<\/div>\n<div class=\"J_module\">\n<div class=\"icbu-pc-images magic-22\">\n<div>\n<div class=\"flex-layout-v\">\n<div class=\"flex-layout-h magic-22\">\n<div class=\"magic-29\"><img decoding=\"async\" class=\"magic-30\" src=\"https:\/\/sc04.alicdn.com\/kf\/H4da4e416278545998a8e246c6655262fV\/205957178\/H4da4e416278545998a8e246c6655262fV.jpg\" data-src=\"\/\/sc04.alicdn.com\/kf\/H4da4e416278545998a8e246c6655262fV\/205957178\/H4da4e416278545998a8e246c6655262fV.jpg\" \/><\/div>\n<\/div>\n<\/div>\n<\/div>\n<\/div>\n<\/div>\n<div class=\"J_module\">\n<div class=\"detail-decorate-json-renderer-container\">\n<div class=\"magic-18\">\n<div class=\"magic-19\">\n<div class=\"magic-20\">\n<div class=\"magic-21\">Shipping is a very important link in international trade to ensure the safety of goods,We have a professional customs declaration and delivery team; It can undertake land transportation, container transportation, bulk cargo transportation, ro ro ship transportation and other freight transport modes. Provide professional, fast and high-quality shipping services and safe and fast insurance claim settlement services. Let you rest assured is our team\u2019s highest pursuit<\/div>\n<\/div>\n<\/div>\n<\/div>\n<\/div>\n<\/div>\n<div class=\"J_module\">\n<div class=\"icbu-pc-images magic-22\">\n<div>\n<div class=\"flex-layout-v\">\n<div class=\"flex-layout-h magic-22\">\n<div class=\"magic-31\"><img decoding=\"async\" class=\"magic-32\" src=\"https:\/\/sc04.alicdn.com\/kf\/Hab533883782f44feb478e0825242386aJ\/205957178\/Hab533883782f44feb478e0825242386aJ.jpg\" data-src=\"\/\/sc04.alicdn.com\/kf\/Hab533883782f44feb478e0825242386aJ\/205957178\/Hab533883782f44feb478e0825242386aJ.jpg\" \/><\/div>\n<\/div>\n<\/div>\n<\/div>\n<\/div>\n<\/div>\n<div class=\"J_module\">\n<div id=\"ali-anchor-AliMagic-keyxa0\" class=\"magic-0\" data-section=\"AliMagic-keyxa0\" data-section-title=\"FAQ\">\u0627\u0644\u0623\u0633\u0626\u0644\u0629 \u0627\u0644\u0634\u0627\u0626\u0639\u0629<\/div>\n<\/div>\n<div class=\"J_module\">\n<div class=\"detail-decorate-json-renderer-container\">\n<div class=\"magic-18\">\n<div class=\"magic-19\">\n<div class=\"magic-20\">\n<div class=\"magic-21\"><b>1- \u0645\u0646 \u0646\u062d\u0646\u061f<\/b>\u00a0\u064a\u0642\u0639 \u0645\u0642\u0631\u0646\u0627 \u0641\u064a \u0634\u0627\u0646\u062f\u0648\u0646\u063a\u060c \u0627\u0644\u0635\u064a\u0646\u060c \u0628\u062f\u0621\u064b\u0627 \u0645\u0646 \u0639\u0627\u0645 2010\u060c \u0646\u0628\u064a\u0639 \u0625\u0644\u0649 \u0623\u0641\u0631\u064a\u0642\u064a\u0627 (35.00%)\u060c \u0648\u0623\u0641\u0631\u064a\u0642\u064a\u0627 (35.00%)\u060c \u0648\u062c\u0646\u0648\u0628 \u0634\u0631\u0642 \u0622\u0633\u064a\u0627 (15.00%)\u060c \u0648\u0623\u0645\u0631\u064a\u0643\u0627 \u0627\u0644\u062c\u0646\u0648\u0628\u064a\u0629 (15.00%)\u060c \u0648\u062c\u0646\u0648\u0628 \u0634\u0631\u0642 \u0622\u0633\u064a\u0627 (15.00%)\u060c \u0648\u0634\u0631\u0642 \u0622\u0633\u064a\u0627 (5.00%)\u060c \u0648\u0623\u0645\u0631\u064a\u0643\u0627 \u0627\u0644\u0648\u0633\u0637\u0649 (5.00%)\u060c \u0648\u0623\u0648\u0631\u0648\u0628\u0627 \u0627\u0644\u0634\u0631\u0642\u064a\u0629 (5.00%)\u060c \u0627\u0644\u0633\u0648\u0642 \u0627\u0644\u0645\u062d\u0644\u064a\u0629 (5.00%)\u060c \u0627\u0644\u0634\u0631\u0642 \u0627\u0644\u0623\u0648\u0633\u0637 (5.00%)\u060c \u062c\u0646\u0648\u0628 \u0622\u0633\u064a\u0627 (5.00%)\u060c \u0623\u0648\u0642\u064a\u0627\u0646\u0648\u0633\u064a\u0627 (5.00%)\u060c \u0634\u0631\u0642 \u0622\u0633\u064a\u0627 (5.00%)\u060c \u0623\u0645\u0631\u064a\u0643\u0627 \u0627\u0644\u0648\u0633\u0637\u0649 (5.00%)\u060c \u0623\u0648\u0631\u0648\u0628\u0627 \u0627\u0644\u0634\u0631\u0642\u064a\u0629 (5.00%)\u060c \u0627\u0644\u0633\u0648\u0642 \u0627\u0644\u0645\u062d\u0644\u064a\u0629 (5.00%)\u060c \u0627\u0644\u0634\u0631\u0642 \u0627\u0644\u0623\u0648\u0633\u0637 (5.00%). \u0647\u0646\u0627\u0643 \u0645\u0627 \u0645\u062c\u0645\u0648\u0639\u0647 \u062d\u0648\u0627\u0644\u064a 11-50 \u0634\u062e\u0635\u064b\u0627 \u0641\u064a \u0645\u0643\u062a\u0628\u0646\u0627.<b>2- \u0643\u064a\u0641 \u064a\u0645\u0643\u0646\u0646\u0627 \u0636\u0645\u0627\u0646 \u0627\u0644\u062c\u0648\u062f\u0629\u061f<\/b>\u00a0\u062f\u0627\u0626\u0645\u064b\u0627 \u0639\u064a\u0646\u0629 \u0645\u0627 \u0642\u0628\u0644 \u0627\u0644\u0625\u0646\u062a\u0627\u062c \u0642\u0628\u0644 \u0627\u0644\u0625\u0646\u062a\u0627\u062c \u0628\u0643\u0645\u064a\u0627\u062a \u0643\u0628\u064a\u0631\u0629\u061b \u0648\u062f\u0627\u0626\u0645\u064b\u0627 \u0645\u0627 \u064a\u062a\u0645 \u0627\u0644\u0641\u062d\u0635 \u0627\u0644\u0646\u0647\u0627\u0626\u064a \u0642\u0628\u0644 \u0627\u0644\u0634\u062d\u0646;<b>3- \u0645\u0627\u0630\u0627 \u064a\u0645\u0643\u0646\u0643 \u0623\u0646 \u062a\u0634\u062a\u0631\u064a \u0645\u0646\u0627\u061f<\/b>\u00a0\u0634\u0627\u062d\u0646\u0629\u060c \u0634\u0627\u062d\u0646\u0629 \u0647\u0627\u0648\u060c \u0634\u0627\u062d\u0646\u0629 \u0647\u0627\u0648\u060c \u0634\u0627\u062d\u0646\u0629 \u0642\u0644\u0627\u0628\u0629\u060c \u0634\u0627\u062d\u0646\u0629 \u0642\u0644\u0627\u0628\u0629\u060c \u0634\u0627\u062d\u0646\u0629 \u062c\u0631\u0627\u0631\u060c \u0634\u0627\u062d\u0646\u0629 \u062e\u0644\u0627\u0637\u0629 \u062e\u0631\u0633\u0627\u0646\u0629\u060c \u0634\u0627\u062d\u0646\u0629 \u0634\u062d\u0646\u060c \u0646\u0635\u0641 \u0645\u0642\u0637\u0648\u0631\u0629\u060c \u0645\u0642\u0637\u0648\u0631\u0629 \u0645\u0633\u0637\u062d\u0629\u060c \u0634\u0627\u062d\u0646\u0629 \u0635\u0647\u0631\u064a\u062c \u0645\u0633\u0637\u062d\u0629\u060c \u0634\u0627\u062d\u0646\u0629 \u0635\u0647\u0631\u064a\u062c \u0645\u064a\u0627\u0647\u060c \u0634\u0627\u062d\u0646\u0629 \u0635\u0647\u0631\u064a\u062c \u0632\u064a\u062a\u060c \u0634\u0627\u062d\u0646\u0629 \u0631\u0627\u0641\u0639\u0629\u060c \u0634\u0627\u062d\u0646\u0629 \u0630\u0627\u062a \u0639\u062c\u0644\u0627\u062a\u060c \u0634\u0627\u062d\u0646\u0629\u060c \u0634\u0627\u062d\u0646\u0629 \u0647\u0627\u0648\u060c \u0634\u0627\u062d\u0646\u0629 \u0642\u0644\u0627\u0628\u0629\u060c \u0634\u0627\u062d\u0646\u0629 \u0642\u0644\u0627\u0628\u0629\u060c \u0634\u0627\u062d\u0646\u0629 \u0634\u062d\u0646\u060c \u0646\u0635\u0641 \u0645\u0642\u0637\u0648\u0631\u0629\u060c \u0645\u0642\u0637\u0648\u0631\u0629 \u0645\u0633\u0637\u062d\u0629\u060c \u0634\u0627\u062d\u0646\u0629 \u0635\u0647\u0631\u064a\u062c \u0645\u064a\u0627\u0647\u060c \u0634\u0627\u062d\u0646\u0629 \u0635\u0647\u0631\u064a\u062c \u0632\u064a\u062a\u060c \u0634\u0627\u062d\u0646\u0629 \u0631\u0627\u0641\u0639\u0629\u00a0<b>4- \u0644\u0645\u0627\u0630\u0627 \u064a\u062c\u0628 \u0623\u0646 \u062a\u0634\u062a\u0631\u064a \u0645\u0646\u0627 \u0648\u0644\u064a\u0633 \u0645\u0646 \u0645\u0648\u0631\u062f\u064a\u0646 \u0622\u062e\u0631\u064a\u0646\u061f<\/b>\u00a0\u062a\u0642\u0639 \u0634\u0631\u0643\u0629 \u062c\u064a\u0646\u0627\u0646 \u0643\u0648\u0646\u062f\u0627 \u0644\u0645\u0628\u064a\u0639\u0627\u062a \u0627\u0644\u0634\u0627\u062d\u0646\u0627\u062a \u0627\u0644\u062b\u0642\u064a\u0644\u0629 \u0627\u0644\u0645\u062d\u062f\u0648\u062f\u0629 \u0641\u064a \u062c\u064a\u0646\u0627\u0646 \u0648\u0647\u064a \u0645\u062a\u062e\u0635\u0635\u0629 \u0641\u064a \u062a\u0635\u0646\u064a\u0639 \u0627\u0644\u0634\u0627\u062d\u0646\u0627\u062a \u0627\u0644\u062b\u0642\u064a\u0644\u0629. \u0645\u0639 \u0641\u0631\u064a\u0642 \u0645\u0646 \u0630\u0648\u064a \u0627\u0644\u062e\u0628\u0631\u0629 \u0648\u0627\u0644\u0645\u0647\u0646\u064a\u0629 \u060c \u0642\u0645\u0646\u0627 \u0628\u062a\u0635\u062f\u064a\u0631 \u0645\u0646\u062a\u062c\u0627\u062a\u0646\u0627 \u0625\u0644\u0649 \u0627\u0644\u0639\u062f\u064a\u062f \u0645\u0646 \u0627\u0644\u0628\u0644\u062f\u0627\u0646 \u0648\u0627\u0644\u0645\u0646\u0627\u0637\u0642 \u0641\u064a \u062c\u0645\u064a\u0639 \u0623\u0646\u062d\u0627\u0621 \u0627\u0644\u0639\u0627\u0644\u0645.\u00a0<b>5- \u0645\u0627 \u0647\u064a \u0627\u0644\u062e\u062f\u0645\u0627\u062a \u0627\u0644\u062a\u064a \u064a\u0645\u0643\u0646\u0646\u0627 \u062a\u0642\u062f\u064a\u0645\u0647\u0627\u061f<\/b>\u00a0\u0634\u0631\u0648\u0637 \u0627\u0644\u062a\u0633\u0644\u064a\u0645 \u0627\u0644\u0645\u0642\u0628\u0648\u0644\u0629: \u0641\u0648\u0628 \u060c CFR \u060c CFR \u060c CIF \u060c EXW \u060c FAS \u060c CIP \u060c DDP \u060c DAF \uff1b \u0639\u0645\u0644\u0629 \u0627\u0644\u062f\u0641\u0639 \u0627\u0644\u0645\u0642\u0628\u0648\u0644\u0629: USD \u060c EUR \u060c HKD \u060c CNY \u061b \u0646\u0648\u0639 \u0627\u0644\u062f\u0641\u0639 \u0627\u0644\u0645\u0642\u0628\u0648\u0644: T \/ T\u060c L \/ C\u060c D \/ P D \/ A\u060c MoneyGram\u060c \u0628\u0637\u0627\u0642\u0629 \u0627\u0626\u062a\u0645\u0627\u0646\u060c \u0648\u064a\u0633\u062a\u0631\u0646 \u064a\u0648\u0646\u064a\u0648\u0646\u060c \u0646\u0642\u062f\u0627\u064b\u061b \u0627\u0644\u0644\u063a\u0629 \u0627\u0644\u0645\u062d\u0643\u064a\u0629: \u0627\u0644\u0625\u0646\u062c\u0644\u064a\u0632\u064a\u0629\u060c \u0627\u0644\u0635\u064a\u0646\u064a\u0629\u060c \u0627\u0644\u0625\u0633\u0628\u0627\u0646\u064a\u0629\u060c \u0627\u0644\u0628\u0631\u062a\u063a\u0627\u0644\u064a\u0629\u060c \u0627\u0644\u0639\u0631\u0628\u064a\u0629\u060c \u0627\u0644\u0641\u0631\u0646\u0633\u064a\u0629\u060c \u0627\u0644\u0631\u0648\u0633\u064a\u0629<\/p>\n<div><sup class=\"magic-33\"><b><span class=\"magic-34\">6 \u3001 \u0643\u064a\u0641 \u064a\u0645\u0643\u0646\u0646\u064a \u0627\u0644\u0627\u062a\u0635\u0627\u0644 \u0628\u0643 \u0645\u0628\u0627\u0634\u0631\u0629\u061f<\/span><\/b><\/sup><\/div>\n<div><sup><b><span class=\"magic-34\">\u0627\u0644\u0627\u0633\u0645: \u0623\u0648\u0633\u0643\u0627\u0631<\/span><\/b><\/sup><\/div>\n<div><sup><b><span class=\"magic-34\">\u0627\u0644\u0647\u0627\u062a\u0641:+86 18953179828<\/span><\/b><\/sup><\/div>\n<div><sup><b><span class=\"magic-34\">\u0648\u0627\u062a\u0633\u0627\u0628:+86 18953179828<\/span><\/b><\/sup><\/div>\n<div><sup><b><span class=\"magic-34\">wechat:+8618953179828<\/span><\/b><\/sup><\/div>\n<div><sup class=\"magic-33\"><b><span class=\"magic-34\">\u0627\u0644\u0628\u0631\u064a\u062f \u0627\u0644\u0625\u0644\u0643\u062a\u0631\u0648\u0646\u064a: kunda@haowozhongka.com<\/span><\/b><\/sup><\/div>\n<\/div>\n<\/div>\n<\/div>\n<\/div>\n<\/div>\n<\/div>\n<\/div>\n<\/div>","protected":false},"excerpt":{"rendered":"<p>\u0642\u064a\u0645\u0629 \u0627\u0644\u0635\u0646\u0641 \u0627\u0633\u062a\u062e\u062f\u0627\u0645 \u0634\u0627\u062d\u0646\u0629 \u0645\u0642\u0637\u0648\u0631\u0629 \u0646\u0648\u0639 \u0627\u0644\u0645\u0642\u0637\u0648\u0631\u0629 \u0646\u0635\u0641 \u0645\u0642\u0637\u0648\u0631\u0629 \u0645\u0627\u062f\u0629 \u0633\u0628\u0627\u0626\u0643 \u0627\u0644\u0623\u0644\u0648\u0645\u0646\u064a\u0648\u0645 \u0627\u0644\u0635\u0644\u0628 \u0627\u0644\u062d\u062c\u0645 14900 * 2550 * 3850 \u0645\u0645 \u0627\u0644\u062d\u0645\u0648\u0644\u0629 \u0627\u0644\u0642\u0635\u0648\u0649 80T 80T 80 \u0627\u0644\u0633\u0639\u0629 80000 \u0644\u062a\u0631 \u0627\u0644\u0645\u0642\u0635\u0648\u0631\u0627\u062a 5 \u0645\u0643\u0627\u0646 \u0627\u0644\u0645\u0646\u0634\u0623 \u0627\u0644\u0635\u064a\u0646 \u0634\u0627\u0646\u062f\u0648\u0646\u063a \u0627\u0633\u0645 \u0627\u0644\u0639\u0644\u0627\u0645\u0629 \u0627\u0644\u062a\u062c\u0627\u0631\u064a\u0629 kunda \u0627\u0633\u0645 \u0627\u0644\u0634\u0631\u0643\u0629 \u0627\u0644\u0645\u0644\u0641 \u0627\u0644\u0634\u062e\u0635\u064a \u0634\u0631\u0643\u0629 \u062c\u064a\u0646\u0627\u0646 \u0643\u0648\u0646\u062f\u0627 \u0644\u0645\u0628\u064a\u0639\u0627\u062a \u0627\u0644\u0633\u064a\u0627\u0631\u0627\u062a \u0627\u0644\u0645\u062d\u062f\u0648\u062f\u0629 \u062a\u0623\u0633\u0633\u062a \u0641\u064a \u0639\u0627\u0645 2010 \u0648\u062a\u0642\u0639 \u0641\u064a \u0645\u0646\u0637\u0642\u0629 \u0633\u064a\u0646\u0648\u062a\u0631\u0643 \u0627\u0644\u0645\u063a\u0627\u062f\u0631\u0629\u060c \u0645\u0646\u0637\u0642\u0629 \u0634\u064a\u0632\u0647\u0648\u0646\u063a\u060c \u0645\u062f\u064a\u0646\u0629 \u062c\u064a\u0646\u0627\u0646\u060c \u0645\u0642\u0627\u0637\u0639\u0629 \u0634\u0627\u0646\u062f\u0648\u0646\u063a\u060c \u0645\u062a\u062e\u0635\u0635\u0629 \u0641\u064a ...<\/p>","protected":false},"featured_media":540,"comment_status":"open","ping_status":"closed","template":"","meta":{"_seopress_robots_primary_cat":"none","_seopress_titles_title":"","_seopress_titles_desc":"","_seopress_robots_index":"","_kad_post_transparent":"default","_kad_post_title":"","_kad_post_layout":"default","_kad_post_sidebar_id":"","_kad_post_content_style":"default","_kad_post_vertical_padding":"default","_kad_post_feature":"","_kad_post_feature_position":"","_kad_post_header":false,"_kad_post_footer":false,"_kad_post_classname":""},"product_brand":[],"product_cat":[23,26],"product_tag":[],"class_list":{"0":"post-234","1":"product","2":"type-product","3":"status-publish","4":"has-post-thumbnail","6":"product_cat-products","7":"product_cat-semi-trailer","9":"first","10":"instock","11":"shipping-taxable","12":"product-type-simple","13":"entry","14":"content-bg","15":"loop-entry"},"_links":{"self":[{"href":"https:\/\/kdzgtruck.com\/ar\/wp-json\/wp\/v2\/product\/234","targetHints":{"allow":["GET"]}}],"collection":[{"href":"https:\/\/kdzgtruck.com\/ar\/wp-json\/wp\/v2\/product"}],"about":[{"href":"https:\/\/kdzgtruck.com\/ar\/wp-json\/wp\/v2\/types\/product"}],"replies":[{"embeddable":true,"href":"https:\/\/kdzgtruck.com\/ar\/wp-json\/wp\/v2\/comments?post=234"}],"wp:featuredmedia":[{"embeddable":true,"href":"https:\/\/kdzgtruck.com\/ar\/wp-json\/wp\/v2\/media\/540"}],"wp:attachment":[{"href":"https:\/\/kdzgtruck.com\/ar\/wp-json\/wp\/v2\/media?parent=234"}],"wp:term":[{"taxonomy":"product_brand","embeddable":true,"href":"https:\/\/kdzgtruck.com\/ar\/wp-json\/wp\/v2\/product_brand?post=234"},{"taxonomy":"product_cat","embeddable":true,"href":"https:\/\/kdzgtruck.com\/ar\/wp-json\/wp\/v2\/product_cat?post=234"},{"taxonomy":"product_tag","embeddable":true,"href":"https:\/\/kdzgtruck.com\/ar\/wp-json\/wp\/v2\/product_tag?post=234"}],"curies":[{"name":"wp","href":"https:\/\/api.w.org\/{rel}","templated":true}]}}